{"id":5177,"date":"2021-11-04T10:40:42","date_gmt":"2021-11-04T10:40:42","guid":{"rendered":"https:\/\/www.greenflex.com\/?page_id=5177"},"modified":"2026-01-09T16:21:26","modified_gmt":"2026-01-09T16:21:26","slug":"note-legali","status":"publish","type":"page","link":"https:\/\/www.greenflex.oteis.fr\/it\/note-legali\/","title":{"rendered":"Note legali"},"content":{"rendered":"\n<section id=\"disko-component-header-simple-block_fd81e92f610424261722b070d40745ce\" class=\"disko-component disko-component-header-simple\">\n    <div class=\"header-content\">\n        <div class=\"bread-crumbs-container\">\n            <span><span><a href=\"https:\/\/www.greenflex.oteis.fr\/it\/\">GreenFlex<\/a><\/span><\/span>        <\/div>\n        <h1 class=\"header-title\">\n            Note legali        <\/h1>\n        <div class=\"header-description\">\n            <p>Benvenuti sul sito <a href=\"https:\/\/www.greenflex.oteis.fr\" target=\"_blank\" rel=\"noopener noreferrer\">https:\/\/www.greenflex.oteis.fr<\/a>. Collegandosi o utilizzando il nostro sito web, l\u2019utente riconosce di avere letto, compreso e accettato, senza limitazioni o riserve, le presenti condizioni generali di utilizzo e la nostra <a href=\"https:\/\/www.greenflex.oteis.fr\/it\/policy-in-materia-di-protezione-dei-dati-personali-e-cookie\/\">policy in materia di protezione dei dati personali e cookie<\/a>.<\/p>\n        <\/div>\n        <div class=\"btn-wrapper\">\n                                <\/div>\n    <\/div>\n    <\/section>\n\n\n\n<section id=\"disko-component-wysiwyg-block_bbda80763e2e6ab4e73093c634ed2514\" class=\"disko-component disko-component-wysiwyg light\">\n    <div class=\"wysiwyg-wrapper\">\n        <p><strong>1. Identit\u00e0<\/strong><\/p>\n<p><strong><em>Editore del sito web, <\/em><\/strong>di seguito la \u201cSociet\u00e0\u201d:<\/p>\n<p>GreenFlex<\/p>\n<p>Sede legale: 7-11 boulevard Haussmann \u2013 75009 Paris, Francia<\/p>\n<p>Tipo di societ\u00e0 \u2013 forma giuridica: SAS<\/p>\n<p>Capitale: <span data-teams=\"true\">128.544.825<\/span> \u20ac<\/p>\n<p>Iscrizione all\u2019albo delle imprese e del commercio: R.C.S. Paris 511 840 845<\/p>\n<p>P. Iva\u00a0: FR 34\u00a0511\u00a0840 845<\/p>\n<p>Email: contact@greenflex.com<\/p>\n<p>Telefono: +33 (0)1 40 22 14 60<\/p>\n<p>Direttrice editoriale: Sandra Thevenaz<\/p>\n<p>Host:<\/p>\n<p>Greenshift, 9 rue Campagne Premi\u00e8re 75014 Paris &#8211; Francia &#8211; +33 9 53 54 22 66<\/p>\n<p>Le societ\u00e0 ha una propria esistenza a fini legali e sono dotate di personalit\u00e0 giuridica autonoma. La societ\u00e0 che ha creato questo sito web appartiene al gruppo Oteis. I termini \u201cnoi\u201d, \u201cnostro\u201d e \u201cnostri\u201d si riferiscono alla Societ\u00e0. Dal semplice uso di queste espressioni non si pu\u00f2 dedurre che GreenFlex, o qualsiasi altra sua controllata, sia coinvolta nelle attivit\u00e0 o nella gestione di un\u2019altra societ\u00e0 del gruppo Oteis.<\/p>\n<p><strong>2. Informazioni sulle attivit\u00e0<\/strong><\/p>\n<p>La Societ\u00e0 ha messo online il presente sito web al fine di presentare alcune delle sue attivit\u00e0. Le informazioni sono fornite per finalit\u00e0 di conoscenza generale, senza alcuna garanzia di idoneit\u00e0 a esigenze di utilizzo particolari. La Societ\u00e0 ha la facolt\u00e0 di modificarle o aggiornarle in qualsiasi momento e senza preavviso.<\/p>\n<p><strong>3. Propriet\u00e0 intellettuale<\/strong><\/p>\n<p><strong>\u00a03.1. Principio\u00a0<\/strong>Tutte le informazioni o i documenti (testi, immagini animate o statiche, banche dati, suoni, foto, know-how, prodotti citati) contenuti nel sito web, nonch\u00e9 tutti gli elementi realizzati per il sito e la sua struttura generale, sono di propriet\u00e0 della Societ\u00e0, oppure sono oggetto di diritti di uso, riproduzione e rappresentazione concessi a vantaggio di questi ultimi. Tali informazioni, documenti o elementi sono soggetti alle leggi in materia di copyright a partire dal momento in cui vengono messi a disposizione del pubblico su questo sito web. In relazione ai diritti di propriet\u00e0 intellettuale, non sono concessi in alcun modo licenze n\u00e9 diritti di alcun tipo, fatto salvo per il diritto di consultare il sito web. La riproduzione dei documenti del sito web \u00e8 autorizzata unicamente a scopo informativo per uso personale e privato. Qualsiasi riproduzione o utilizzo di copie effettuate per altri scopi \u00e8 espressamente vietata e soggetta alla previa ed esplicita autorizzazione della Societ\u00e0. In ogni caso, la riproduzione autorizzata delle informazioni contenute in questo sito web dovr\u00e0 indicarne la fonte e dichiararne opportunamente la titolarit\u00e0.<\/p>\n<p><strong>3.2 Segni distintivi<\/strong> Se non diversamente specificato, le denominazioni sociali, i loghi, i prodotti e i marchi citati in questo sito web sono di propriet\u00e0 della Societ\u00e0, oppure sono oggetto di diritti di utilizzo, riproduzione o rappresentazione concessi a loro vantaggio. Non possono essere utilizzati senza la previa autorizzazione scritta della Societ\u00e0.<\/p>\n<p><strong>3.3. <\/strong><strong>Banche dati<\/strong> Le eventuali banche dati messe a disposizione dell\u2019utente sono di propriet\u00e0 della Societ\u00e0, in qualit\u00e0 di produttore di banche dati. \u00c8 vietato estrarre o riutilizzare qualsiasi parte, qualitativamente o quantitativamente sostanziale, di tali banche dati, anche per finalit\u00e0 private.<\/p>\n<p><strong>4. Impegno dell\u2019utente<\/strong><\/p>\n<p><strong>4.1.\u00a0<\/strong>Ciascun utente del sito web che fornisce informazioni concede alla Societ\u00e0 tutti i diritti trasferibili relativi a tali informazioni e la autorizza a utilizzarle. Le informazioni fornite dagli utenti in tal modo saranno ritenute non confidenziali. Tuttavia, quando le informazioni fornite sono dati personali ai sensi delle leggi applicabili, saranno trattate in conformit\u00e0 con la <a href=\"https:\/\/www.greenflex.oteis.fr\/it\/policy-in-materia-di-protezione-dei-dati-personali-e-cookie\/\" target=\"_blank\" rel=\"noopener noreferrer\">policy in materia di protezione dei dati personali e cookie applicabile<\/a> a questo sito web.<\/p>\n<p><strong>4.2.<\/strong>\u00a0Ogni utente del sito web dichiara di conformarsi alle presenti condizioni generali di utilizzo e alle leggi in vigore, e in particolare di:<\/p>\n<ul>\n<li>possedere la competenza e i mezzi necessari per accedere al sito web e utilizzarlo;<\/li>\n<li>aver verificato che il materiale informatico da lui utilizzato non contiene virus e funziona in maniera adeguata;<\/li>\n<li>consentire alla Societ\u00e0 e ai suoi partner, se del caso, il diritto di fare ogni uso delle informazioni fornite (diverse dai dati personali);<\/li>\n<li>avere l\u2019obbligo di mantenere confidenziali, e di conseguenza essere responsabile del loro uso e sicurezza, i codici di accesso e le password che la Societ\u00e0 potrebbe trasmettergli per accedere a determinate sezioni. La Societ\u00e0 si riserva il diritto di sospendere l\u2019accesso al sito web in caso di uso fraudolento o di tentativi di uso fraudolento di tale accesso.<\/li>\n<\/ul>\n<p><strong>5. Collegamenti ipertestuali<\/strong><\/p>\n<p><strong>\u00a05.1.\u00a0Attivazione dei link<\/strong> La Societ\u00e0 declina formalmente qualsiasi responsabilit\u00e0 in relazione al contenuto dei siti verso i quali i link sono indirizzati. Questi link sono proposti agli utenti del presente sito web. Si prega di consultare i termini e le condizioni generali e l\u2019informativa sulla privacy e i cookie di tali siti per conoscerne le relative prassi. La decisione di attivare i link \u00e8 esclusivamente in capo agli utenti del sito. La Societ\u00e0 ha la facolt\u00e0 di modificare o cancellare i link contenuti sul nostro sito web in qualsiasi momento.<\/p>\n<p><strong>Autorizzazione ai link<\/strong> Se si desidera creare un collegamento ipertestuale a questo sito web, \u00e8 necessario ottenere il previo consenso scritto della Societ\u00e0 servendosi delle informazioni di contatto indicate in calce a questo documento.<\/p>\n<p><strong>6. Avvertenze<\/strong><\/p>\n<p><strong>\u00a06.1.\u00a0<\/strong>Le informazioni e le raccomandazioni disponibili su questo sito web (\u201cInformazioni\u201d) vengono fornite in buona fede. Si suppone che siano corrette al momento della loro pubblicazione sul sito. Tuttavia, la Societ\u00e0 non garantisce la completezza e l\u2019accuratezza di tali informazioni. L\u2019utente si assume integralmente i rischi derivanti dal prestarvi fiducia. Queste informazioni sono fornite all\u2019utente a condizione che l\u2019utente stesso o qualsiasi altra persona che le riceve possa determinare il suo interesse per uno scopo specifico prima di utilizzarle. In nessun caso la Societ\u00e0 sar\u00e0 responsabile per eventuali danni che potrebbero derivare dalla fiducia accordata a o dall\u2019uso di tali informazioni. Queste informazioni non devono essere considerate alla stregua di raccomandazioni per l\u2019uso di informazioni, prodotti, procedure, attrezzature o formulazioni che sarebbero in contraddizione con un brevetto, copyright o marchio registrato. La Societ\u00e0 declina ogni responsabilit\u00e0, espressa o implicita, se l\u2019uso di tali informazioni viola qualsiasi brevetto, copyright o marchio depositato.<\/p>\n<p>La Societ\u00e0 rifiuta categoricamente qualsiasi interpretazione che miri ad assimilare il contenuto dei suoi siti web a offerte di acquisto o incentivi per l\u2019acquisto di azioni o altri titoli quotati o non quotati della Societ\u00e0. Nessuna garanzia, esplicita o implicita, viene fornita in relazione alla natura commerciale delle informazioni fornite, n\u00e9 alla loro idoneit\u00e0 a uno scopo particolare, n\u00e9 in merito ai prodotti cui si fa riferimento in tali informazioni. In nessun caso la Societ\u00e0 si impegna ad aggiornare o correggere le Informazioni che saranno pubblicate su Internet o sui server web. La Societ\u00e0 si riserva il diritto di modificare o correggere il contenuto dei propri siti in qualsiasi momento e senza preavviso.<\/p>\n<p><strong>6.2.<\/strong> I documenti proposti su questo sito web possono contenere informazioni previsionali sul Gruppo (in particolare obiettivi e tendenze) oltre che dichiarazioni previsionali (forward-looking statements) ai sensi del Private Securities Litigation Reform Act del 1995, riguardanti in particolare la situazione finanziaria, i risultati operativi, le attivit\u00e0 e la strategia industriale di GreenFlex. Questi dati non costituiscono previsioni ai sensi del regolamento europeo 809\/2004.<\/p>\n<p>Le informazioni e le dichiarazioni previsionali contenute in questi documenti si basano su dati economici e ipotesi formulate in un preciso contesto economico, competitivo e normativo. Esse possono rivelarsi inesatte in futuro e dipendono da fattori di rischio che potrebbero dar luogo a risultati reali sostanzialmente diversi da quelli previsti, quali, in particolare, le variazioni dei tassi di cambio, il prezzo dei prodotti petroliferi, la capacit\u00e0 di ottenere riduzioni dei costi o incrementi di efficienza senza indebite interferenze delle operazioni, le considerazioni in materia di regolamentazione ambientale e le condizioni economiche e finanziarie in generale. Analogamente, alcune informazioni finanziarie si basano su stime, in particolare in caso di valutazione del valore recuperabile degli attivi e l\u2019ammontare di eventuali perdite di valore.<\/p>\n<p>N\u00e9 GreenFlex n\u00e9 alcuna delle sue controllate si impegna a o si assume la responsabilit\u00e0 di, nei confronti degli investitori o di qualsiasi altra parte interessata, aggiornare o rivedere, in particolare a seguito di nuove informazioni o eventi futuri, una o di tutte le dichiarazioni, informazioni prospettiche, tendenze o obiettivi contenuti in questi documenti. Ulteriori informazioni relative a fattori, rischi e incertezze che potrebbero influire sui risultati finanziari o le attivit\u00e0 del Gruppo sono disponibili nelle versioni pi\u00f9 recenti nel Documento di riferimento depositato dalla Societ\u00e0 presso l\u2019Autorit\u00e9 des march\u00e9s financiers e nel Form 20-F depositato dalla stessa presso la United States Securities and Exchange Commission (\u201cSEC\u201d).<\/p>\n<p><strong>6.3.<\/strong>\u00a0La Societ\u00e0 non garantisce, senza che il presente elenco sia esaustivo, che il sito web operi senza interruzioni e che i server che vi danno accesso e\/o i siti terzi verso i quali compaiono collegamenti ipertestuali non contengano virus.<\/p>\n<p><strong>7. Aggiornamenti alle condizioni di utilizzo del sito web e legge applicabile<\/strong><\/p>\n<p>La Societ\u00e0 pu\u00f2 aggiornare le presenti Condizioni di utilizzo in qualsiasi momento. Di conseguenza, l\u2019utente \u00e8 invitato a consultare regolarmente le ultime condizioni di utilizzo vigenti. Le presenti Condizioni di utilizzo sono soggette alla legge applicabile e alla giurisdizione dei tribunali competenti.<\/p>\n<p><strong>8. Informazioni di contatto<\/strong><\/p>\n<p>Per qualsiasi domanda relativa alle condizioni di utilizzo del sito web, invitiamo a contattarci via e-mail tramite il modulo di contatto o a mezzo posta al seguente indirizzo:<\/p>\n<p>7-11 boulevard Haussmann<\/p>\n<p>75009 Paris, Francia<\/p>\n    <\/div>\n<\/section>\n","protected":false},"excerpt":{"rendered":"","protected":false},"author":3,"featured_media":1970,"parent":0,"menu_order":0,"comment_status":"closed","ping_status":"closed","template":"","meta":{"content-type":"","inline_featured_image":false},"sector_type":[],"offer_type":[],"acf":[],"yoast_head":"<!-- This site is optimized with the Yoast SEO Premium plugin v21.8 (Yoast SEO v21.8.1) - https:\/\/yoast.com\/wordpress\/plugins\/seo\/ -->\n<title>Note legali<\/title>\n<meta name=\"robots\" content=\"noindex, nofollow\" \/>\n<meta property=\"og:locale\" content=\"it_IT\" \/>\n<meta property=\"og:type\" content=\"article\" \/>\n<meta property=\"og:title\" content=\"Note legali\" \/>\n<meta property=\"og:url\" content=\"https:\/\/www.greenflex.oteis.fr\/it\/note-legali\/\" \/>\n<meta property=\"og:site_name\" content=\"GreenFlex\" \/>\n<meta property=\"article:modified_time\" content=\"2026-01-09T16:21:26+00:00\" \/>\n<meta property=\"og:image\" content=\"https:\/\/greenflex-origin.greenshift.eu\/wp-content\/uploads\/2021\/10\/Generique-3.jpg\" \/>\n\t<meta property=\"og:image:width\" content=\"1200\" \/>\n\t<meta property=\"og:image:height\" content=\"799\" \/>\n\t<meta property=\"og:image:type\" content=\"image\/jpeg\" \/>\n<meta name=\"twitter:card\" content=\"summary_large_image\" \/>\n<meta name=\"twitter:site\" content=\"@GreenFlex\" \/>\n<meta name=\"twitter:label1\" content=\"Tempo di lettura stimato\" \/>\n\t<meta name=\"twitter:data1\" content=\"1 minuto\" \/>\n<script type=\"application\/ld+json\" class=\"yoast-schema-graph\">{\"@context\":\"https:\/\/schema.org\",\"@graph\":[{\"@type\":\"WebPage\",\"@id\":\"https:\/\/www.greenflex.oteis.fr\/it\/note-legali\/\",\"url\":\"https:\/\/www.greenflex.oteis.fr\/it\/note-legali\/\",\"name\":\"Note legali\",\"isPartOf\":{\"@id\":\"https:\/\/www.greenflex.oteis.fr\/it\/#website\"},\"datePublished\":\"2021-11-04T10:40:42+00:00\",\"dateModified\":\"2026-01-09T16:21:26+00:00\",\"breadcrumb\":{\"@id\":\"https:\/\/www.greenflex.oteis.fr\/it\/note-legali\/#breadcrumb\"},\"inLanguage\":\"it-IT\",\"potentialAction\":[{\"@type\":\"ReadAction\",\"target\":[\"https:\/\/www.greenflex.oteis.fr\/it\/note-legali\/\"]}]},{\"@type\":\"BreadcrumbList\",\"@id\":\"https:\/\/www.greenflex.oteis.fr\/it\/note-legali\/#breadcrumb\",\"itemListElement\":[{\"@type\":\"ListItem\",\"position\":1,\"name\":\"GreenFlex\",\"item\":\"https:\/\/www.greenflex.oteis.fr\/it\/\"},{\"@type\":\"ListItem\",\"position\":2,\"name\":\"Note legali\"}]},{\"@type\":\"WebSite\",\"@id\":\"https:\/\/www.greenflex.oteis.fr\/it\/#website\",\"url\":\"https:\/\/www.greenflex.oteis.fr\/it\/\",\"name\":\"GreenFlex\",\"description\":\"Changeons de trajectoire\",\"potentialAction\":[{\"@type\":\"SearchAction\",\"target\":{\"@type\":\"EntryPoint\",\"urlTemplate\":\"https:\/\/www.greenflex.oteis.fr\/it\/?s={search_term_string}\"},\"query-input\":\"required name=search_term_string\"}],\"inLanguage\":\"it-IT\"}]}<\/script>\n<!-- \/ Yoast SEO Premium plugin. -->","yoast_head_json":{"title":"Note legali","robots":{"index":"noindex","follow":"nofollow"},"og_locale":"it_IT","og_type":"article","og_title":"Note legali","og_url":"https:\/\/www.greenflex.oteis.fr\/it\/note-legali\/","og_site_name":"GreenFlex","article_modified_time":"2026-01-09T16:21:26+00:00","og_image":[{"width":1200,"height":799,"url":"https:\/\/greenflex-origin.greenshift.eu\/wp-content\/uploads\/2021\/10\/Generique-3.jpg","type":"image\/jpeg"}],"twitter_card":"summary_large_image","twitter_site":"@GreenFlex","twitter_misc":{"Tempo di lettura stimato":"1 minuto"},"schema":{"@context":"https:\/\/schema.org","@graph":[{"@type":"WebPage","@id":"https:\/\/www.greenflex.oteis.fr\/it\/note-legali\/","url":"https:\/\/www.greenflex.oteis.fr\/it\/note-legali\/","name":"Note legali","isPartOf":{"@id":"https:\/\/www.greenflex.oteis.fr\/it\/#website"},"datePublished":"2021-11-04T10:40:42+00:00","dateModified":"2026-01-09T16:21:26+00:00","breadcrumb":{"@id":"https:\/\/www.greenflex.oteis.fr\/it\/note-legali\/#breadcrumb"},"inLanguage":"it-IT","potentialAction":[{"@type":"ReadAction","target":["https:\/\/www.greenflex.oteis.fr\/it\/note-legali\/"]}]},{"@type":"BreadcrumbList","@id":"https:\/\/www.greenflex.oteis.fr\/it\/note-legali\/#breadcrumb","itemListElement":[{"@type":"ListItem","position":1,"name":"GreenFlex","item":"https:\/\/www.greenflex.oteis.fr\/it\/"},{"@type":"ListItem","position":2,"name":"Note legali"}]},{"@type":"WebSite","@id":"https:\/\/www.greenflex.oteis.fr\/it\/#website","url":"https:\/\/www.greenflex.oteis.fr\/it\/","name":"GreenFlex","description":"Changeons de trajectoire","potentialAction":[{"@type":"SearchAction","target":{"@type":"EntryPoint","urlTemplate":"https:\/\/www.greenflex.oteis.fr\/it\/?s={search_term_string}"},"query-input":"required name=search_term_string"}],"inLanguage":"it-IT"}]}},"_links":{"self":[{"href":"https:\/\/www.greenflex.oteis.fr\/it\/wp-json\/wp\/v2\/pages\/5177"}],"collection":[{"href":"https:\/\/www.greenflex.oteis.fr\/it\/wp-json\/wp\/v2\/pages"}],"about":[{"href":"https:\/\/www.greenflex.oteis.fr\/it\/wp-json\/wp\/v2\/types\/page"}],"author":[{"embeddable":true,"href":"https:\/\/www.greenflex.oteis.fr\/it\/wp-json\/wp\/v2\/users\/3"}],"replies":[{"embeddable":true,"href":"https:\/\/www.greenflex.oteis.fr\/it\/wp-json\/wp\/v2\/comments?post=5177"}],"version-history":[{"count":6,"href":"https:\/\/www.greenflex.oteis.fr\/it\/wp-json\/wp\/v2\/pages\/5177\/revisions"}],"predecessor-version":[{"id":22633,"href":"https:\/\/www.greenflex.oteis.fr\/it\/wp-json\/wp\/v2\/pages\/5177\/revisions\/22633"}],"wp:featuredmedia":[{"embeddable":true,"href":"https:\/\/www.greenflex.oteis.fr\/it\/wp-json\/wp\/v2\/media\/1970"}],"wp:attachment":[{"href":"https:\/\/www.greenflex.oteis.fr\/it\/wp-json\/wp\/v2\/media?parent=5177"}],"wp:term":[{"taxonomy":"sector_type","embeddable":true,"href":"https:\/\/www.greenflex.oteis.fr\/it\/wp-json\/wp\/v2\/sector_type?post=5177"},{"taxonomy":"offer_type","embeddable":true,"href":"https:\/\/www.greenflex.oteis.fr\/it\/wp-json\/wp\/v2\/offer_type?post=5177"}],"curies":[{"name":"wp","href":"https:\/\/api.w.org\/{rel}","templated":true}]}}