{"id":9729,"date":"2022-05-20T14:52:44","date_gmt":"2022-05-20T14:52:44","guid":{"rendered":"https:\/\/www.greenflex.com\/?page_id=9729"},"modified":"2022-05-20T15:04:05","modified_gmt":"2022-05-20T15:04:05","slug":"certificados-ahorro-energetico-caes","status":"publish","type":"page","link":"https:\/\/www.greenflex.oteis.fr\/es\/certificados-ahorro-energetico-caes\/","title":{"rendered":"Certificados de Ahorro Energ\u00e9tico (CAEs)"},"content":{"rendered":"\n<section id=\"disko-component-header-simple-block_6287a6e523557\" class=\"disko-component disko-component-header-simple\">\n    <div class=\"header-content\">\n        <div class=\"bread-crumbs-container\">\n            <span><span><a href=\"https:\/\/www.greenflex.oteis.fr\/es\/\">GreenFlex<\/a><\/span><\/span>        <\/div>\n        <h1 class=\"header-title\">\n            Los CAEs para desplegar proyectos de eficiencia energ\u00e9tica        <\/h1>\n        <div class=\"header-description\">\n            <p>\u00bfSon los CAEs la guinda del pastel para desplegar proyectos de eficiencia energ\u00e9tica? <span data-contrast=\"auto\">No s\u00e9 si me atrever\u00eda a tanto, pero s\u00ed tengo claro que son un elemento que se debe integrar en cualquier ecuaci\u00f3n en la que la inc\u00f3gnita sea la Eficiencia Energ\u00e9tica<\/span><\/p>\n        <\/div>\n        <div class=\"btn-wrapper\">\n                                <\/div>\n    <\/div>\n    <\/section>\n\n\n\n<section id=\"disko-component-wysiwyg-block_6287a72c23558\" class=\"disko-component disko-component-wysiwyg light\">\n    <div class=\"wysiwyg-wrapper\">\n        <h2>Vayamos por partes\u2026<\/h2>\n<p>Tambi\u00e9n conocidos como certificados blancos, los Certificados de Ahorro Energ\u00e9tico (CAEs) funcionan en varios pa\u00edses europeos desde hace ya varios a\u00f1os con gran \u00e9xito y se pretende su desembarco (\u00a1ya era hora!) en Espa\u00f1a en este 2\u00ba semestre del 2022.<\/p>\n<p>En el contexto global actual tenemos un desgaste medioambiental tal que, incluso en los escenarios m\u00e1s optimistas, nos muestra un futuro descorazonador para nuestro planeta. Afortunadamente cada vez m\u00e1s empresas y particulares dan el paso a actuar, convencidos que ya no pueden quedarse quietos durante m\u00e1s tiempo.<\/p>\n<p>Pero a las motivaciones ecol\u00f3gicas se les a\u00f1aden\u00a0las econ\u00f3micas. La situaci\u00f3n de los mercados energ\u00e9ticos, cualquiera de ellos, con precios disparados y, lo peor, totalmente descontrolados y fuera de cualquier influencia que queramos tener en ellos, adem\u00e1s de una gran dependencia energ\u00e9tica del exterior, nos conduce inexorablemente a tener que afrontar inversiones que nos permitan <strong>consumir menos y consumir mejor<\/strong>. Hablamos de la eficiencia energ\u00e9tica.<\/p>\n<p>A d\u00eda de hoy, existen pocos productos de inversi\u00f3n en el mercado en los que se consiga un retorno de la inversi\u00f3n tan elevado como ofrece la eficiencia energ\u00e9tica; se podr\u00edan contar con los dedos de una mano. Y estamos hablando de invertir en tecnolog\u00edas que suelen ser muy robustas y maduras con lo que el riesgo es muy bajo.<\/p>\n<p>Si a este escenario le a\u00f1adimos la palanca de las ayudas y subvenciones provenientes de fondos europeos, para los que la Sostenibilidad y la Protecci\u00f3n al Medio Ambiente representan un pilar fundamental, nos empieza a quedar ya algo muy pero que muy digno de an\u00e1lisis en toda empresa en la que <strong>sus consumos energ\u00e9ticos representen una parte importante en su balance<\/strong>.<\/p>\n<p><strong>Y aqu\u00ed llega la guinda del pastel, los CAEs.<\/strong><\/p>\n    <\/div>\n<\/section>\n\n\n\n<section id=\"disko-component-image-text-block_6287a75123559\" class=\"disko-component disko-component-image-text dark \">\n    \n    <div class=\"image-text-wrapper\">\n        <div class=\"image-text-col\">\n              <div class=\"image-text-container \">\n                  <img width=\"1439\" height=\"1920\" src=\"https:\/\/www.greenflex.oteis.fr\/wp-content\/uploads\/2022\/05\/cae-eficienza-energetica-greenflex.jpg\" class=\"image-text-image\" alt=\"\" decoding=\"async\" loading=\"lazy\" sizes=\"40vw,(max-width:480px) 80vw\" srcset=\"https:\/\/www.greenflex.oteis.fr\/wp-content\/uploads\/2022\/05\/cae-eficienza-energetica-greenflex.jpg 1439w, https:\/\/www.greenflex.oteis.fr\/wp-content\/uploads\/2022\/05\/cae-eficienza-energetica-greenflex-360x480.jpg 360w, https:\/\/www.greenflex.oteis.fr\/wp-content\/uploads\/2022\/05\/cae-eficienza-energetica-greenflex-767x1024.jpg 767w, https:\/\/www.greenflex.oteis.fr\/wp-content\/uploads\/2022\/05\/cae-eficienza-energetica-greenflex-768x1025.jpg 768w, https:\/\/www.greenflex.oteis.fr\/wp-content\/uploads\/2022\/05\/cae-eficienza-energetica-greenflex-1151x1536.jpg 1151w\" \/>              <\/div>\n        <\/div>\n        <div class=\"image-text-col text-container\">\n            <h2>\u00bfQu\u00e9 se pretende con el sistema de los CAEs?<\/h2>\n<p>Pues por un lado mejorar los indicadores econ\u00f3micos de la inversi\u00f3n haci\u00e9ndola a\u00fan m\u00e1s atractiva (fomentando, por tanto, que se realicen m\u00e1s inversiones similares en sostenibilidad) y, por otro lado, acelerar la llegada de las ayudas econ\u00f3micas externas que completen el ahorro econ\u00f3mico conseguido por la propia inversi\u00f3n tecnol\u00f3gica.<\/p>\n<p>Demos un paso al lado, normalmente para optar y conseguir cualquier ayuda o subvenci\u00f3n que se pueda aplicar a estos proyectos, conlleva unos tiempos muy largos (entre que se dota de los fondos necesarios, se publican las bases, se adjudican las ayudas y, finalmente, se entregan). Adem\u00e1s, los requisitos solicitados comportan que no todo el mundo pueda acceder a esas subvenciones.<\/p>\n<p>Retomamos, <strong>los CAEs reducir\u00e1n esos tiempos de forma muy importante<\/strong> y podr\u00e1n ser utilizados por cualquier persona o empresa que realice proyectos de Eficiencia Energ\u00e9tica. Es, por tanto, una democratizaci\u00f3n de las l\u00edneas de ayudas y subvenciones.<\/p>\n            \n                    <\/div>\n    <\/div>\n\n<\/section>\n\n\n\n<section id=\"disko-component-image-text-block_6287a7822355a\" class=\"disko-component disko-component-image-text light reversed\">\n    \n    <div class=\"image-text-wrapper\">\n        <div class=\"image-text-col\">\n              <div class=\"image-text-container \">\n                  <img width=\"1920\" height=\"1279\" src=\"https:\/\/www.greenflex.oteis.fr\/wp-content\/uploads\/2022\/05\/cae-greenflex-efficienza-energetica.jpg\" class=\"image-text-image\" alt=\"\" decoding=\"async\" loading=\"lazy\" sizes=\"40vw,(max-width:480px) 80vw\" srcset=\"https:\/\/www.greenflex.oteis.fr\/wp-content\/uploads\/2022\/05\/cae-greenflex-efficienza-energetica.jpg 1920w, https:\/\/www.greenflex.oteis.fr\/wp-content\/uploads\/2022\/05\/cae-greenflex-efficienza-energetica-480x320.jpg 480w, https:\/\/www.greenflex.oteis.fr\/wp-content\/uploads\/2022\/05\/cae-greenflex-efficienza-energetica-1024x682.jpg 1024w, https:\/\/www.greenflex.oteis.fr\/wp-content\/uploads\/2022\/05\/cae-greenflex-efficienza-energetica-768x512.jpg 768w, https:\/\/www.greenflex.oteis.fr\/wp-content\/uploads\/2022\/05\/cae-greenflex-efficienza-energetica-1536x1023.jpg 1536w\" \/>              <\/div>\n        <\/div>\n        <div class=\"image-text-col text-container\">\n            <h2>\u00bfY c\u00f3mo van a reducir esos tiempos?<\/h2>\n<p>Pues eliminando, parcialmente, de la ecuaci\u00f3n a las Administraciones y promoviendo un circuito de compraventa de CAEs directamente entre los sujetos Obligados (aquellos que est\u00e1n obligados por ley a realizar aportaciones al Fondo Nacional de Eficiencia Energ\u00e9tica (FNEE) en funci\u00f3n de sus ventas de energ\u00eda) y los Beneficiarios (aquellos que, realizando acciones que consigan ahorros energ\u00e9ticos y reducci\u00f3n de emisiones de CO2 a la atm\u00f3sfera, quieran vender esas reducciones a los sujetos Obligados mediante los CAEs).<\/p>\n<p>Una vez que los Obligados compren esos CAEs a los Beneficiarios podr\u00e1n usarlos para compensar aquellas obligaciones que tienen que afrontar con el FNEE. As\u00ed pues, todas las partes tienen un beneficio claro, directo y r\u00e1pido.<\/p>\n<p>Por tanto, los CAEs son un documento en el que se cuantifica la reducci\u00f3n en consumo energ\u00e9tico conseguida por una determinada actuaci\u00f3n, asign\u00e1ndola a un propietario (sujeto Obligado) de forma \u00fanica (no se permitir\u00e1n duplicidades) y con el fin \u00faltimo de que este sujeto Obligado pueda reducir la cuant\u00eda de sus \u00abobligaciones\u00bb de aportaci\u00f3n econ\u00f3mica al FNEE. Si no es la guinda del pastel&#8230;poco le falta.<\/p>\n<p>Si el sistema funciona, y no tiene porqu\u00e9 no hacerlo, repercutir\u00e1 en un aumento de los proyectos en eficiencia energ\u00e9tica que contribuyen y <strong>son esenciales para el cumplimiento de los objetivos en reducci\u00f3n de emisiones de CO2eq que la UE ha impuesto a nuestro pa\u00eds<\/strong>.<\/p>\n            \n                    <\/div>\n    <\/div>\n\n<\/section>\n\n\n\n<section id=\"disko-component-wysiwyg-block_6287a8022355b\" class=\"disko-component disko-component-wysiwyg dark\">\n    <div class=\"wysiwyg-wrapper\">\n        <p>En Greenflex (actuando como Delegados e intermediando entre Obligados y Beneficiarios) llevamos m\u00e1s de 13 a\u00f1os siendo uno de los principales <em>players <\/em>del mercado de los CAEs en Francia, generando un volumen de CAEs equivalente a casi el 70% del volumen que se prev\u00e9 para el mercado Espa\u00f1ol para el 2023. Tenemos, por tanto, una trayectoria muy importante que queremos utilizar para posicionaros, tambi\u00e9n en Espa\u00f1a, como <strong>uno de los principales Delegados del sector<\/strong>, contribuyendo a arrancar el sistema de la forma m\u00e1s eficiente posible tanto para Obligados como para Beneficiarios.<\/p>\n    <\/div>\n<\/section>\n","protected":false},"excerpt":{"rendered":"","protected":false},"author":3,"featured_media":9734,"parent":0,"menu_order":0,"comment_status":"closed","ping_status":"closed","template":"","meta":{"content-type":"","inline_featured_image":false},"sector_type":[],"offer_type":[],"acf":[],"yoast_head":"<!-- This site is optimized with the Yoast SEO Premium plugin v21.8 (Yoast SEO v21.8.1) - https:\/\/yoast.com\/wordpress\/plugins\/seo\/ -->\n<title>Certificados de Ahorro Energ\u00e9tico (CAEs)<\/title>\n<meta name=\"description\" content=\"Los CAEs se deben integrar en cualquier ecuaci\u00f3n en la que la inc\u00f3gnita sea la Eficiencia Energ\u00e9tica\" \/>\n<meta name=\"robots\" content=\"index, follow, max-snippet:-1, max-image-preview:large, max-video-preview:-1\" \/>\n<link rel=\"canonical\" href=\"https:\/\/www.greenflex.oteis.fr\/es\/certificados-ahorro-energetico-caes\/\" \/>\n<meta property=\"og:locale\" content=\"es_ES\" \/>\n<meta property=\"og:type\" content=\"article\" \/>\n<meta property=\"og:title\" content=\"Certificados de Ahorro Energ\u00e9tico (CAEs)\" \/>\n<meta property=\"og:description\" content=\"Los CAEs se deben integrar en cualquier ecuaci\u00f3n en la que la inc\u00f3gnita sea la Eficiencia Energ\u00e9tica\" \/>\n<meta property=\"og:url\" content=\"https:\/\/www.greenflex.oteis.fr\/es\/certificados-ahorro-energetico-caes\/\" \/>\n<meta property=\"og:site_name\" content=\"GreenFlex\" \/>\n<meta property=\"article:modified_time\" content=\"2022-05-20T15:04:05+00:00\" \/>\n<meta property=\"og:image\" content=\"https:\/\/www.greenflex.oteis.fr\/wp-content\/uploads\/2022\/05\/cae-eficienza-energetica-greenflex.jpg\" \/>\n\t<meta property=\"og:image:width\" content=\"1439\" \/>\n\t<meta property=\"og:image:height\" content=\"1920\" \/>\n\t<meta property=\"og:image:type\" content=\"image\/jpeg\" \/>\n<meta name=\"twitter:card\" content=\"summary_large_image\" \/>\n<meta name=\"twitter:site\" content=\"@GreenFlex\" \/>\n<script type=\"application\/ld+json\" class=\"yoast-schema-graph\">{\"@context\":\"https:\/\/schema.org\",\"@graph\":[{\"@type\":\"WebPage\",\"@id\":\"https:\/\/www.greenflex.oteis.fr\/es\/certificados-ahorro-energetico-caes\/\",\"url\":\"https:\/\/www.greenflex.oteis.fr\/es\/certificados-ahorro-energetico-caes\/\",\"name\":\"Certificados de Ahorro Energ\u00e9tico (CAEs)\",\"isPartOf\":{\"@id\":\"https:\/\/www.greenflex.oteis.fr\/es\/#website\"},\"datePublished\":\"2022-05-20T14:52:44+00:00\",\"dateModified\":\"2022-05-20T15:04:05+00:00\",\"description\":\"Los CAEs se deben integrar en cualquier ecuaci\u00f3n en la que la inc\u00f3gnita sea la Eficiencia Energ\u00e9tica\",\"breadcrumb\":{\"@id\":\"https:\/\/www.greenflex.oteis.fr\/es\/certificados-ahorro-energetico-caes\/#breadcrumb\"},\"inLanguage\":\"es\",\"potentialAction\":[{\"@type\":\"ReadAction\",\"target\":[\"https:\/\/www.greenflex.oteis.fr\/es\/certificados-ahorro-energetico-caes\/\"]}]},{\"@type\":\"BreadcrumbList\",\"@id\":\"https:\/\/www.greenflex.oteis.fr\/es\/certificados-ahorro-energetico-caes\/#breadcrumb\",\"itemListElement\":[{\"@type\":\"ListItem\",\"position\":1,\"name\":\"GreenFlex\",\"item\":\"https:\/\/www.greenflex.oteis.fr\/es\/\"},{\"@type\":\"ListItem\",\"position\":2,\"name\":\"Certificados de Ahorro Energ\u00e9tico (CAEs)\"}]},{\"@type\":\"WebSite\",\"@id\":\"https:\/\/www.greenflex.oteis.fr\/es\/#website\",\"url\":\"https:\/\/www.greenflex.oteis.fr\/es\/\",\"name\":\"GreenFlex\",\"description\":\"Changeons de trajectoire\",\"potentialAction\":[{\"@type\":\"SearchAction\",\"target\":{\"@type\":\"EntryPoint\",\"urlTemplate\":\"https:\/\/www.greenflex.oteis.fr\/es\/?s={search_term_string}\"},\"query-input\":\"required name=search_term_string\"}],\"inLanguage\":\"es\"}]}<\/script>\n<!-- \/ Yoast SEO Premium plugin. -->","yoast_head_json":{"title":"Certificados de Ahorro Energ\u00e9tico (CAEs)","description":"Los CAEs se deben integrar en cualquier ecuaci\u00f3n en la que la inc\u00f3gnita sea la Eficiencia Energ\u00e9tica","robots":{"index":"index","follow":"follow","max-snippet":"max-snippet:-1","max-image-preview":"max-image-preview:large","max-video-preview":"max-video-preview:-1"},"canonical":"https:\/\/www.greenflex.oteis.fr\/es\/certificados-ahorro-energetico-caes\/","og_locale":"es_ES","og_type":"article","og_title":"Certificados de Ahorro Energ\u00e9tico (CAEs)","og_description":"Los CAEs se deben integrar en cualquier ecuaci\u00f3n en la que la inc\u00f3gnita sea la Eficiencia Energ\u00e9tica","og_url":"https:\/\/www.greenflex.oteis.fr\/es\/certificados-ahorro-energetico-caes\/","og_site_name":"GreenFlex","article_modified_time":"2022-05-20T15:04:05+00:00","og_image":[{"width":1439,"height":1920,"url":"https:\/\/www.greenflex.oteis.fr\/wp-content\/uploads\/2022\/05\/cae-eficienza-energetica-greenflex.jpg","type":"image\/jpeg"}],"twitter_card":"summary_large_image","twitter_site":"@GreenFlex","schema":{"@context":"https:\/\/schema.org","@graph":[{"@type":"WebPage","@id":"https:\/\/www.greenflex.oteis.fr\/es\/certificados-ahorro-energetico-caes\/","url":"https:\/\/www.greenflex.oteis.fr\/es\/certificados-ahorro-energetico-caes\/","name":"Certificados de Ahorro Energ\u00e9tico (CAEs)","isPartOf":{"@id":"https:\/\/www.greenflex.oteis.fr\/es\/#website"},"datePublished":"2022-05-20T14:52:44+00:00","dateModified":"2022-05-20T15:04:05+00:00","description":"Los CAEs se deben integrar en cualquier ecuaci\u00f3n en la que la inc\u00f3gnita sea la Eficiencia Energ\u00e9tica","breadcrumb":{"@id":"https:\/\/www.greenflex.oteis.fr\/es\/certificados-ahorro-energetico-caes\/#breadcrumb"},"inLanguage":"es","potentialAction":[{"@type":"ReadAction","target":["https:\/\/www.greenflex.oteis.fr\/es\/certificados-ahorro-energetico-caes\/"]}]},{"@type":"BreadcrumbList","@id":"https:\/\/www.greenflex.oteis.fr\/es\/certificados-ahorro-energetico-caes\/#breadcrumb","itemListElement":[{"@type":"ListItem","position":1,"name":"GreenFlex","item":"https:\/\/www.greenflex.oteis.fr\/es\/"},{"@type":"ListItem","position":2,"name":"Certificados de Ahorro Energ\u00e9tico (CAEs)"}]},{"@type":"WebSite","@id":"https:\/\/www.greenflex.oteis.fr\/es\/#website","url":"https:\/\/www.greenflex.oteis.fr\/es\/","name":"GreenFlex","description":"Changeons de trajectoire","potentialAction":[{"@type":"SearchAction","target":{"@type":"EntryPoint","urlTemplate":"https:\/\/www.greenflex.oteis.fr\/es\/?s={search_term_string}"},"query-input":"required name=search_term_string"}],"inLanguage":"es"}]}},"_links":{"self":[{"href":"https:\/\/www.greenflex.oteis.fr\/es\/wp-json\/wp\/v2\/pages\/9729"}],"collection":[{"href":"https:\/\/www.greenflex.oteis.fr\/es\/wp-json\/wp\/v2\/pages"}],"about":[{"href":"https:\/\/www.greenflex.oteis.fr\/es\/wp-json\/wp\/v2\/types\/page"}],"author":[{"embeddable":true,"href":"https:\/\/www.greenflex.oteis.fr\/es\/wp-json\/wp\/v2\/users\/3"}],"replies":[{"embeddable":true,"href":"https:\/\/www.greenflex.oteis.fr\/es\/wp-json\/wp\/v2\/comments?post=9729"}],"version-history":[{"count":0,"href":"https:\/\/www.greenflex.oteis.fr\/es\/wp-json\/wp\/v2\/pages\/9729\/revisions"}],"wp:featuredmedia":[{"embeddable":true,"href":"https:\/\/www.greenflex.oteis.fr\/es\/wp-json\/wp\/v2\/media\/9734"}],"wp:attachment":[{"href":"https:\/\/www.greenflex.oteis.fr\/es\/wp-json\/wp\/v2\/media?parent=9729"}],"wp:term":[{"taxonomy":"sector_type","embeddable":true,"href":"https:\/\/www.greenflex.oteis.fr\/es\/wp-json\/wp\/v2\/sector_type?post=9729"},{"taxonomy":"offer_type","embeddable":true,"href":"https:\/\/www.greenflex.oteis.fr\/es\/wp-json\/wp\/v2\/offer_type?post=9729"}],"curies":[{"name":"wp","href":"https:\/\/api.w.org\/{rel}","templated":true}]}}