{"id":8412,"date":"2021-11-26T15:55:43","date_gmt":"2021-11-26T15:55:43","guid":{"rendered":"https:\/\/www.greenflex.com\/?page_id=8412"},"modified":"2024-10-11T13:39:14","modified_gmt":"2024-10-11T13:39:14","slug":"financiacion-infografia","status":"publish","type":"page","link":"https:\/\/www.greenflex.oteis.fr\/es\/financiacion-infografia\/","title":{"rendered":"Infografia financiacion transicion"},"content":{"rendered":"\n<section id=\"disko-component-header-simple-block_0908490e5c0cde88c365529bbab0dfb9\" class=\"disko-component disko-component-header-simple\">\n    <div class=\"header-content\">\n        <div class=\"bread-crumbs-container\">\n            <span><span><a href=\"https:\/\/www.greenflex.oteis.fr\/es\/\">GreenFlex<\/a><\/span><\/span>        <\/div>\n        <h1 class=\"header-title\">\n            Infografia financiacion transicion        <\/h1>\n        <div class=\"header-description\">\n            <p>\u00bfC\u00f3mo financiar la transici\u00f3n ambiental de su negocio?<\/p>\n        <\/div>\n        <div class=\"btn-wrapper\">\n                                <\/div>\n    <\/div>\n    <\/section>\n\n\n\n<section id=\"disko-component-wysiwyg-block_73c6c56bc3404f7f3326ca525a4d5a7e\" class=\"disko-component disko-component-wysiwyg light\">\n    <div class=\"wysiwyg-wrapper\">\n        <p>Descubra los 3 pasos esenciales en detalle en nuestra infograf\u00eda a continuaci\u00f3n :<\/p>\n<ol>\n<li>Dise\u00f1amos soluciones sostenibles para <a href=\"https:\/\/www.greenflex.oteis.fr\/es\/ofertas\/financiacion-de-la-transicion-y-gestion-de-activos\/\">financiar y acelerar la transici\u00f3n<\/a> sin tener que aumentar tus presupuestos<\/li>\n<li>Trazamos un plan de financiaci\u00f3n adaptado a la tipolog\u00eda de tus proyectos y a la vida y uso de los equipos<\/li>\n<li>Te acompa\u00f1amos durante todo el ciclo de vida de tus equipos<\/li>\n<\/ol>\n<p><a href=\"https:\/\/www.greenflex.oteis.fr\/wp-content\/uploads\/2023\/06\/infografia-financiamos-vuestra-transicion-energetica-y-medioambiental.pdf\" target=\"_blank\" rel=\"noopener\"><img decoding=\"async\" loading=\"lazy\" class=\"alignnone\" src=\"https:\/\/www.greenflex.oteis.fr\/wp-content\/uploads\/2023\/06\/infografia-financiamos-vuestra-transicion-energetica-y-medioambiental.png\" alt=\"infografia-financiamos-vuestra-transicion-energetica-y-medioambiental\" width=\"4167\" height=\"2709\" \/><\/a><\/p>\n    <\/div>\n<\/section>\n\n\n\n<section id=\"disko-component-slider-crossnav-block_9b7d8466403529e3e7850e3f26ee31da\" class=\"disko-component disko-component-slider-crossnav light-green\">\n    <div class=\"crossnav-title-container\">\n        <h2 class=\"crossnav-title\">\n          Otros art\u00edculos      <\/h2>\n            <\/div> \n                          <div class=\" slider-crossnav article\">\n                <div class=\"swiper-wrapper\">\n                                                  <div class=\"swiper-slide slide-crossnav\">\n                                \n                                <a class=\"slide-crossnav-content\" href=\"https:\/\/www.greenflex.oteis.fr\/es\/que-es-una-politica-de-compra-responsable\/\">\n                                    <span class=\"slide-crossnav-img-container\">\n                                                                                                                 <img decoding=\"async\" class=\"slide-crossnav-img\" src=\"https:\/\/www.greenflex.oteis.fr\/wp-content\/themes\/3.8.1\/assets\/images\/default-img.jpg\" alt=\"Logo GreenFlex\" \/>\n                                                                        <\/span>\n                                    <h3 class=\"slide-crossnav-title\">\n                                        \u00bfQu\u00e9 es una pol\u00edtica de compra responsable?                                    <\/h3>\n                                    <span class=\"slide-crossnav-description\">\n                                                                            <\/span>\n                                <\/a>\n                            <\/div>\n                                                    <div class=\"swiper-slide slide-crossnav\">\n                                \n                                <a class=\"slide-crossnav-content\" href=\"https:\/\/www.greenflex.oteis.fr\/es\/10-consejos-practicos-para-una-empresa-mas-sostenible\/\">\n                                    <span class=\"slide-crossnav-img-container\">\n                                                                                                                 <img decoding=\"async\" class=\"slide-crossnav-img\" src=\"https:\/\/www.greenflex.oteis.fr\/wp-content\/themes\/3.8.1\/assets\/images\/default-img.jpg\" alt=\"Logo GreenFlex\" \/>\n                                                                        <\/span>\n                                    <h3 class=\"slide-crossnav-title\">\n                                        10 consejos pr\u00e1cticos para una empresa m\u00e1s sostenible                                    <\/h3>\n                                    <span class=\"slide-crossnav-description\">\n                                                                            <\/span>\n                                <\/a>\n                            <\/div>\n                                        <\/div>\n                <div class=\"crossnav-pagination-article\"><\/div>\n            <\/div>\n            <\/section>\n\n\n\n<section id=\"disko-component-banner-block_a2f9764748b07f0e19d7a129703555b6\" class=\"disko-component disko-component-banner section-banner green\">\n    <div class=\"line-container\">\n        <svg width=\"100%\" height=\"100%\" viewBox=\"0 0 970 472\" aria-hidden=\"true\" preserveAspectRatio=\"xMinYMin meet\" xmlns=\"http:\/\/www.w3.org\/2000\/svg\"><path d=\"M410 471c-85 0-57.034-.598-123.517-.299S202 443 201.627 390.491V246.059c0-60.246-1.335-120.492-97.47-120.492-96.134 0-102.81 53.674-102.81 107.347 0 53.674 6.676 99.68 102.81 99.68 20.488 0 704.015.407 722.843.407 97 0 140-38 140.003-92.948 4.006-13.145 0-64.052 0-96.914C967.001 112.38 967 64.667 967 0\" stroke=\"#17FA73\" fill=\"none\" fill-rule=\"evenodd\"\/><\/svg>\n    <\/div>\n    <div class=\"banner-container\">\n        <div class=\"banner-title-container\">\n            <div class=\"banner-hover-title\">Cambiemos de rumbo juntos<\/div>\n            <div class=\"cursor\" data-bg=\"\"><\/div>\n        <\/div>\n        <p>\n            \u00bfCu\u00e1l es su problema?        <\/p>\n                    <a href=\"https:\/\/www.greenflex.oteis.fr\/es\/contacto\/\" class=\"btn btn-white\">\n                <div class=\"btn-ico\">\n                    <svg aria-hidden=\"true\" width=\"18\" height=\"15\" xmlns=\"http:\/\/www.w3.org\/2000\/svg\" xmlns:xlink=\"http:\/\/www.w3.org\/1999\/xlink\"><defs><path d=\"M11.455 2.025c-.833.73-.972 1.483-.42 2.255l4.032 4.023H.854a.863.863 0 00-.848.875c0 .483.38.876.848.876h14.213l-3.752 4.026c-.8.88-.761 1.639.114 2.275l6.332-6.557a.859.859 0 00.245-.62.86.86 0 00-.245-.62l-6.306-6.533z\" id=\"a\"\/><\/defs><use class=\"arrow-color\" fill=\"#00A880\" transform=\"rotate(-20 6.17 8.69)\" xlink:href=\"#a\" fill-rule=\"evenodd\"\/><\/svg>\n                <\/div>\n               Contacto            <\/a>\n            <\/div>\n<\/section>\n","protected":false},"excerpt":{"rendered":"","protected":false},"author":3,"featured_media":0,"parent":0,"menu_order":0,"comment_status":"closed","ping_status":"closed","template":"","meta":{"content-type":"","inline_featured_image":false},"sector_type":[],"offer_type":[],"acf":[],"yoast_head":"<!-- This site is optimized with the Yoast SEO Premium plugin v21.8 (Yoast SEO v21.8.1) - https:\/\/yoast.com\/wordpress\/plugins\/seo\/ -->\n<title>\u00bfC\u00f3mo financiar la transici\u00f3n ambiental de su negocio?<\/title>\n<meta name=\"description\" content=\"Financiar su transici\u00f3n ambiental a veces puede parecer un verdadero rompecabezas\" \/>\n<meta name=\"robots\" content=\"index, follow, max-snippet:-1, max-image-preview:large, max-video-preview:-1\" \/>\n<link rel=\"canonical\" href=\"https:\/\/www.greenflex.oteis.fr\/es\/financiacion-infografia\/\" \/>\n<meta property=\"og:locale\" content=\"es_ES\" \/>\n<meta property=\"og:type\" content=\"article\" \/>\n<meta property=\"og:title\" content=\"Infografia financiacion transicion\" \/>\n<meta property=\"og:description\" content=\"Financiar su transici\u00f3n ambiental a veces puede parecer un verdadero rompecabezas\" \/>\n<meta property=\"og:url\" content=\"https:\/\/www.greenflex.oteis.fr\/es\/financiacion-infografia\/\" \/>\n<meta property=\"og:site_name\" content=\"GreenFlex\" \/>\n<meta property=\"article:modified_time\" content=\"2024-10-11T13:39:14+00:00\" \/>\n<meta name=\"twitter:card\" content=\"summary_large_image\" \/>\n<meta name=\"twitter:site\" content=\"@GreenFlex\" \/>\n<script type=\"application\/ld+json\" class=\"yoast-schema-graph\">{\"@context\":\"https:\/\/schema.org\",\"@graph\":[{\"@type\":\"WebPage\",\"@id\":\"https:\/\/www.greenflex.oteis.fr\/es\/financiacion-infografia\/\",\"url\":\"https:\/\/www.greenflex.oteis.fr\/es\/financiacion-infografia\/\",\"name\":\"\u00bfC\u00f3mo financiar la transici\u00f3n ambiental de su negocio?\",\"isPartOf\":{\"@id\":\"https:\/\/www.greenflex.oteis.fr\/es\/#website\"},\"datePublished\":\"2021-11-26T15:55:43+00:00\",\"dateModified\":\"2024-10-11T13:39:14+00:00\",\"description\":\"Financiar su transici\u00f3n ambiental a veces puede parecer un verdadero rompecabezas\",\"breadcrumb\":{\"@id\":\"https:\/\/www.greenflex.oteis.fr\/es\/financiacion-infografia\/#breadcrumb\"},\"inLanguage\":\"es\",\"potentialAction\":[{\"@type\":\"ReadAction\",\"target\":[\"https:\/\/www.greenflex.oteis.fr\/es\/financiacion-infografia\/\"]}]},{\"@type\":\"BreadcrumbList\",\"@id\":\"https:\/\/www.greenflex.oteis.fr\/es\/financiacion-infografia\/#breadcrumb\",\"itemListElement\":[{\"@type\":\"ListItem\",\"position\":1,\"name\":\"GreenFlex\",\"item\":\"https:\/\/www.greenflex.oteis.fr\/es\/\"},{\"@type\":\"ListItem\",\"position\":2,\"name\":\"Infografia financiacion transicion\"}]},{\"@type\":\"WebSite\",\"@id\":\"https:\/\/www.greenflex.oteis.fr\/es\/#website\",\"url\":\"https:\/\/www.greenflex.oteis.fr\/es\/\",\"name\":\"GreenFlex\",\"description\":\"Changeons de trajectoire\",\"potentialAction\":[{\"@type\":\"SearchAction\",\"target\":{\"@type\":\"EntryPoint\",\"urlTemplate\":\"https:\/\/www.greenflex.oteis.fr\/es\/?s={search_term_string}\"},\"query-input\":\"required name=search_term_string\"}],\"inLanguage\":\"es\"}]}<\/script>\n<!-- \/ Yoast SEO Premium plugin. -->","yoast_head_json":{"title":"\u00bfC\u00f3mo financiar la transici\u00f3n ambiental de su negocio?","description":"Financiar su transici\u00f3n ambiental a veces puede parecer un verdadero rompecabezas","robots":{"index":"index","follow":"follow","max-snippet":"max-snippet:-1","max-image-preview":"max-image-preview:large","max-video-preview":"max-video-preview:-1"},"canonical":"https:\/\/www.greenflex.oteis.fr\/es\/financiacion-infografia\/","og_locale":"es_ES","og_type":"article","og_title":"Infografia financiacion transicion","og_description":"Financiar su transici\u00f3n ambiental a veces puede parecer un verdadero rompecabezas","og_url":"https:\/\/www.greenflex.oteis.fr\/es\/financiacion-infografia\/","og_site_name":"GreenFlex","article_modified_time":"2024-10-11T13:39:14+00:00","twitter_card":"summary_large_image","twitter_site":"@GreenFlex","schema":{"@context":"https:\/\/schema.org","@graph":[{"@type":"WebPage","@id":"https:\/\/www.greenflex.oteis.fr\/es\/financiacion-infografia\/","url":"https:\/\/www.greenflex.oteis.fr\/es\/financiacion-infografia\/","name":"\u00bfC\u00f3mo financiar la transici\u00f3n ambiental de su negocio?","isPartOf":{"@id":"https:\/\/www.greenflex.oteis.fr\/es\/#website"},"datePublished":"2021-11-26T15:55:43+00:00","dateModified":"2024-10-11T13:39:14+00:00","description":"Financiar su transici\u00f3n ambiental a veces puede parecer un verdadero rompecabezas","breadcrumb":{"@id":"https:\/\/www.greenflex.oteis.fr\/es\/financiacion-infografia\/#breadcrumb"},"inLanguage":"es","potentialAction":[{"@type":"ReadAction","target":["https:\/\/www.greenflex.oteis.fr\/es\/financiacion-infografia\/"]}]},{"@type":"BreadcrumbList","@id":"https:\/\/www.greenflex.oteis.fr\/es\/financiacion-infografia\/#breadcrumb","itemListElement":[{"@type":"ListItem","position":1,"name":"GreenFlex","item":"https:\/\/www.greenflex.oteis.fr\/es\/"},{"@type":"ListItem","position":2,"name":"Infografia financiacion transicion"}]},{"@type":"WebSite","@id":"https:\/\/www.greenflex.oteis.fr\/es\/#website","url":"https:\/\/www.greenflex.oteis.fr\/es\/","name":"GreenFlex","description":"Changeons de trajectoire","potentialAction":[{"@type":"SearchAction","target":{"@type":"EntryPoint","urlTemplate":"https:\/\/www.greenflex.oteis.fr\/es\/?s={search_term_string}"},"query-input":"required name=search_term_string"}],"inLanguage":"es"}]}},"_links":{"self":[{"href":"https:\/\/www.greenflex.oteis.fr\/es\/wp-json\/wp\/v2\/pages\/8412"}],"collection":[{"href":"https:\/\/www.greenflex.oteis.fr\/es\/wp-json\/wp\/v2\/pages"}],"about":[{"href":"https:\/\/www.greenflex.oteis.fr\/es\/wp-json\/wp\/v2\/types\/page"}],"author":[{"embeddable":true,"href":"https:\/\/www.greenflex.oteis.fr\/es\/wp-json\/wp\/v2\/users\/3"}],"replies":[{"embeddable":true,"href":"https:\/\/www.greenflex.oteis.fr\/es\/wp-json\/wp\/v2\/comments?post=8412"}],"version-history":[{"count":16,"href":"https:\/\/www.greenflex.oteis.fr\/es\/wp-json\/wp\/v2\/pages\/8412\/revisions"}],"predecessor-version":[{"id":18334,"href":"https:\/\/www.greenflex.oteis.fr\/es\/wp-json\/wp\/v2\/pages\/8412\/revisions\/18334"}],"wp:attachment":[{"href":"https:\/\/www.greenflex.oteis.fr\/es\/wp-json\/wp\/v2\/media?parent=8412"}],"wp:term":[{"taxonomy":"sector_type","embeddable":true,"href":"https:\/\/www.greenflex.oteis.fr\/es\/wp-json\/wp\/v2\/sector_type?post=8412"},{"taxonomy":"offer_type","embeddable":true,"href":"https:\/\/www.greenflex.oteis.fr\/es\/wp-json\/wp\/v2\/offer_type?post=8412"}],"curies":[{"name":"wp","href":"https:\/\/api.w.org\/{rel}","templated":true}]}}