{"id":7495,"date":"2021-11-19T09:06:11","date_gmt":"2021-11-19T09:06:11","guid":{"rendered":"https:\/\/www.greenflex.com\/?page_id=7495"},"modified":"2025-01-06T16:08:38","modified_gmt":"2025-01-06T16:08:38","slug":"analisis-controversias-sociales-sector-cosmetica-marca-de-cosmeticos","status":"publish","type":"page","link":"https:\/\/www.greenflex.oteis.fr\/es\/referencias\/analisis-controversias-sociales-sector-cosmetica-marca-de-cosmeticos\/","title":{"rendered":"El an\u00e1lisis de las controversias sociales en el sector de la cosm\u00e9tica \u2013 Marca de cosmeticos"},"content":{"rendered":"\n<section id=\"disko-component-header-projet-block_4ea25efe69299ccbf43cfc12006a3b63\" class=\"disko-component disko-component-header-projet\">\n    <div class=\"bread-crumbs-container\">\n        <span><span><a href=\"https:\/\/www.greenflex.oteis.fr\/es\/\">GreenFlex<\/a><\/span>  <span><a href=\"https:\/\/www.greenflex.oteis.fr\/es\/referencias\/\">Referencias<\/a><\/span><\/span>    <\/div>\n    \n        <h1 class=\"header-title\">\n        El an\u00e1lisis de las controversias sociales en el sector de la cosm\u00e9tica \u2013 Marca de cosmeticos    <\/h1>\n    <div class=\"info-header-container\">\n        <div class=\"info-item\">\n            <div class=\"info-picto-container\">\n                <img decoding=\"async\" class=\"info-picto\" src=\"\"><\/img>\n            <\/div>\n            <div class=\"info-title\">\n                Sector            <\/div>\n            <div class=\"info\">\n                <p>Industria<\/p>\n            <\/div>\n        <\/div>\n        <div class=\"info-item\">\n            <div class=\"info-picto-container\">\n                <img decoding=\"async\" class=\"info-picto\" src=\"\"><\/img>\n            <\/div>\n            <div class=\"info-title\">\n                Experiencia movilizada            <\/div>\n            <div class=\"info\">\n                <p>Desarrollo sostenible<br \/>\nSalud<\/p>\n            <\/div>\n        <\/div>\n        <div class=\"info-item\">\n            <div class=\"info-picto-container\">\n                <img decoding=\"async\" class=\"info-picto\" src=\"\"><\/img>\n            <\/div>\n            <div class=\"info-title\">\n                Servicios prestados            <\/div>\n            <div class=\"info\">\n                <p>An\u00e1lisis socio-ambiental<\/p>\n            <\/div>\n        <\/div>\n    <\/div>\n<\/section>\n\n\n<section id=\"disko-component-wysiwyg-block_aa43adbcda15939f70ee72a28bfe2f40\" class=\"disko-component disko-component-wysiwyg light\">\n    <div class=\"wysiwyg-wrapper\">\n        <h2>Soluci\u00f3n aportada desde 2013<\/h2>\n<ul>\n<li>Estudio de los riesgos emergentes relacionados con la formulaci\u00f3n de los productos<\/li>\n<li>Implementaci\u00f3n de una nueva herramienta para el an\u00e1lisis de las controversias existentes entre las partes interesadas, m\u00e1s all\u00e1 de las \u00e1reas de salud y normativa<\/li>\n<li>Implementaci\u00f3n de un sistema de seguimiento estrat\u00e9gico que permite seguir el desarrollo de las controversias e identificar las novedades, as\u00ed como poner en perspectiva y priorizar los resultados del seguimiento<\/li>\n<\/ul>\n<h2>Creaci\u00f3n de valor<\/h2>\n<p>Seguimiento semanal de las se\u0144ales sociales que afectan al sector de la cosm\u00e9tica y, espec\u00edficamente, los productos de la empresa (a escala mundial):<\/p>\n<ul>\n<li>Identificaci\u00f3n de tendencias emergentes y estructurales<\/li>\n<li>An\u00e1lisis en profundidad de las controversias locales (p. ej., Reino Unido, Nueva Zelanda, etc.)<\/li>\n<li>Cuantificaci\u00f3n del impacto de las controversias (cient\u00edficas, ONG, etc.) que pueden afectar al valor de la empresa<\/li>\n<li>Notas de posici\u00f3n para la toma de decisiones en temas \u00abde riesgo\u00bb<\/li>\n<li>An\u00e1lisis y tratamiento de las reacciones del consumidor<\/li>\n<\/ul>\n    <\/div>\n<\/section>\n\n\n\n<section id=\"disko-component-banner-block_80a97e60090cd6875f3d5510a35c5c91\" class=\"disko-component disko-component-banner section-banner green\">\n    <div class=\"line-container\">\n        <svg width=\"100%\" height=\"100%\" viewBox=\"0 0 970 472\" aria-hidden=\"true\" preserveAspectRatio=\"xMinYMin meet\" xmlns=\"http:\/\/www.w3.org\/2000\/svg\"><path d=\"M410 471c-85 0-57.034-.598-123.517-.299S202 443 201.627 390.491V246.059c0-60.246-1.335-120.492-97.47-120.492-96.134 0-102.81 53.674-102.81 107.347 0 53.674 6.676 99.68 102.81 99.68 20.488 0 704.015.407 722.843.407 97 0 140-38 140.003-92.948 4.006-13.145 0-64.052 0-96.914C967.001 112.38 967 64.667 967 0\" stroke=\"#17FA73\" fill=\"none\" fill-rule=\"evenodd\"\/><\/svg>\n    <\/div>\n    <div class=\"banner-container\">\n        <div class=\"banner-title-container\">\n            <div class=\"banner-hover-title\">Analice su ecosistema<br \/>\r\necosistema<\/div>\n            <div class=\"cursor\" data-bg=\"\"><\/div>\n        <\/div>\n        <p>\n            Nuestros equipos de expertos le ayudar\u00e1n        <\/p>\n                    <a href=\"https:\/\/www.greenflex.oteis.fr\/es\/contacto\/\" class=\"btn btn-white\">\n                <div class=\"btn-ico\">\n                    <svg aria-hidden=\"true\" width=\"18\" height=\"15\" xmlns=\"http:\/\/www.w3.org\/2000\/svg\" xmlns:xlink=\"http:\/\/www.w3.org\/1999\/xlink\"><defs><path d=\"M11.455 2.025c-.833.73-.972 1.483-.42 2.255l4.032 4.023H.854a.863.863 0 00-.848.875c0 .483.38.876.848.876h14.213l-3.752 4.026c-.8.88-.761 1.639.114 2.275l6.332-6.557a.859.859 0 00.245-.62.86.86 0 00-.245-.62l-6.306-6.533z\" id=\"a\"\/><\/defs><use class=\"arrow-color\" fill=\"#00A880\" transform=\"rotate(-20 6.17 8.69)\" xlink:href=\"#a\" fill-rule=\"evenodd\"\/><\/svg>\n                <\/div>\n               Contacto            <\/a>\n            <\/div>\n<\/section>\n","protected":false},"excerpt":{"rendered":"","protected":false},"author":3,"featured_media":5647,"parent":5315,"menu_order":0,"comment_status":"closed","ping_status":"closed","template":"","meta":{"content-type":"","inline_featured_image":false},"sector_type":[],"offer_type":[],"acf":[],"yoast_head":"<!-- This site is optimized with the Yoast SEO Premium plugin v21.8 (Yoast SEO v21.8.1) - https:\/\/yoast.com\/wordpress\/plugins\/seo\/ -->\n<title>An\u00e1lisis de las controversias sociales en la cosm\u00e9tica<\/title>\n<meta name=\"description\" content=\"Para una marca de cosm\u00e9ticos, GreenFlex pidi\u00f3 a sus expertos que realizaran un an\u00e1lisis de las controversias relacionadas con las sustancias\" \/>\n<meta name=\"robots\" content=\"index, follow, max-snippet:-1, max-image-preview:large, max-video-preview:-1\" \/>\n<link rel=\"canonical\" href=\"https:\/\/www.greenflex.oteis.fr\/es\/referencias\/analisis-controversias-sociales-sector-cosmetica-marca-de-cosmeticos\/\" \/>\n<meta property=\"og:locale\" content=\"es_ES\" \/>\n<meta property=\"og:type\" content=\"article\" \/>\n<meta property=\"og:title\" content=\"El an\u00e1lisis de las controversias sociales en el sector de la cosm\u00e9tica \u2013 Marca de cosmeticos\" \/>\n<meta property=\"og:description\" content=\"Para una marca de cosm\u00e9ticos, GreenFlex pidi\u00f3 a sus expertos que realizaran un an\u00e1lisis de las controversias relacionadas con las sustancias\" \/>\n<meta property=\"og:url\" content=\"https:\/\/www.greenflex.oteis.fr\/es\/referencias\/analisis-controversias-sociales-sector-cosmetica-marca-de-cosmeticos\/\" \/>\n<meta property=\"og:site_name\" content=\"GreenFlex\" \/>\n<meta property=\"article:modified_time\" content=\"2025-01-06T16:08:38+00:00\" \/>\n<meta property=\"og:image\" content=\"https:\/\/greenflex-origin.greenshift.eu\/wp-content\/uploads\/2021\/10\/Analyse-socio-environnementale-marque-cosmetiques-GreenFlex-rotated.jpg\" \/>\n\t<meta property=\"og:image:width\" content=\"1920\" \/>\n\t<meta property=\"og:image:height\" content=\"1280\" \/>\n\t<meta property=\"og:image:type\" content=\"image\/jpeg\" \/>\n<meta name=\"twitter:card\" content=\"summary_large_image\" \/>\n<meta name=\"twitter:site\" content=\"@GreenFlex\" \/>\n<meta name=\"twitter:label1\" content=\"Tiempo de lectura\" \/>\n\t<meta name=\"twitter:data1\" content=\"1 minuto\" \/>\n<script type=\"application\/ld+json\" class=\"yoast-schema-graph\">{\"@context\":\"https:\/\/schema.org\",\"@graph\":[{\"@type\":\"WebPage\",\"@id\":\"https:\/\/www.greenflex.oteis.fr\/es\/referencias\/analisis-controversias-sociales-sector-cosmetica-marca-de-cosmeticos\/\",\"url\":\"https:\/\/www.greenflex.oteis.fr\/es\/referencias\/analisis-controversias-sociales-sector-cosmetica-marca-de-cosmeticos\/\",\"name\":\"An\u00e1lisis de las controversias sociales en la cosm\u00e9tica\",\"isPartOf\":{\"@id\":\"https:\/\/www.greenflex.oteis.fr\/es\/#website\"},\"datePublished\":\"2021-11-19T09:06:11+00:00\",\"dateModified\":\"2025-01-06T16:08:38+00:00\",\"description\":\"Para una marca de cosm\u00e9ticos, GreenFlex pidi\u00f3 a sus expertos que realizaran un an\u00e1lisis de las controversias relacionadas con las sustancias\",\"breadcrumb\":{\"@id\":\"https:\/\/www.greenflex.oteis.fr\/es\/referencias\/analisis-controversias-sociales-sector-cosmetica-marca-de-cosmeticos\/#breadcrumb\"},\"inLanguage\":\"es\",\"potentialAction\":[{\"@type\":\"ReadAction\",\"target\":[\"https:\/\/www.greenflex.oteis.fr\/es\/referencias\/analisis-controversias-sociales-sector-cosmetica-marca-de-cosmeticos\/\"]}]},{\"@type\":\"BreadcrumbList\",\"@id\":\"https:\/\/www.greenflex.oteis.fr\/es\/referencias\/analisis-controversias-sociales-sector-cosmetica-marca-de-cosmeticos\/#breadcrumb\",\"itemListElement\":[{\"@type\":\"ListItem\",\"position\":1,\"name\":\"GreenFlex\",\"item\":\"https:\/\/www.greenflex.oteis.fr\/es\/\"},{\"@type\":\"ListItem\",\"position\":2,\"name\":\"Referencias\",\"item\":\"https:\/\/www.greenflex.oteis.fr\/es\/referencias\/\"},{\"@type\":\"ListItem\",\"position\":3,\"name\":\"El an\u00e1lisis de las controversias sociales en el sector de la cosm\u00e9tica \u2013 Marca de cosmeticos\"}]},{\"@type\":\"WebSite\",\"@id\":\"https:\/\/www.greenflex.oteis.fr\/es\/#website\",\"url\":\"https:\/\/www.greenflex.oteis.fr\/es\/\",\"name\":\"GreenFlex\",\"description\":\"Changeons de trajectoire\",\"potentialAction\":[{\"@type\":\"SearchAction\",\"target\":{\"@type\":\"EntryPoint\",\"urlTemplate\":\"https:\/\/www.greenflex.oteis.fr\/es\/?s={search_term_string}\"},\"query-input\":\"required name=search_term_string\"}],\"inLanguage\":\"es\"}]}<\/script>\n<!-- \/ Yoast SEO Premium plugin. -->","yoast_head_json":{"title":"An\u00e1lisis de las controversias sociales en la cosm\u00e9tica","description":"Para una marca de cosm\u00e9ticos, GreenFlex pidi\u00f3 a sus expertos que realizaran un an\u00e1lisis de las controversias relacionadas con las sustancias","robots":{"index":"index","follow":"follow","max-snippet":"max-snippet:-1","max-image-preview":"max-image-preview:large","max-video-preview":"max-video-preview:-1"},"canonical":"https:\/\/www.greenflex.oteis.fr\/es\/referencias\/analisis-controversias-sociales-sector-cosmetica-marca-de-cosmeticos\/","og_locale":"es_ES","og_type":"article","og_title":"El an\u00e1lisis de las controversias sociales en el sector de la cosm\u00e9tica \u2013 Marca de cosmeticos","og_description":"Para una marca de cosm\u00e9ticos, GreenFlex pidi\u00f3 a sus expertos que realizaran un an\u00e1lisis de las controversias relacionadas con las sustancias","og_url":"https:\/\/www.greenflex.oteis.fr\/es\/referencias\/analisis-controversias-sociales-sector-cosmetica-marca-de-cosmeticos\/","og_site_name":"GreenFlex","article_modified_time":"2025-01-06T16:08:38+00:00","og_image":[{"width":1920,"height":1280,"url":"https:\/\/greenflex-origin.greenshift.eu\/wp-content\/uploads\/2021\/10\/Analyse-socio-environnementale-marque-cosmetiques-GreenFlex-rotated.jpg","type":"image\/jpeg"}],"twitter_card":"summary_large_image","twitter_site":"@GreenFlex","twitter_misc":{"Tiempo de lectura":"1 minuto"},"schema":{"@context":"https:\/\/schema.org","@graph":[{"@type":"WebPage","@id":"https:\/\/www.greenflex.oteis.fr\/es\/referencias\/analisis-controversias-sociales-sector-cosmetica-marca-de-cosmeticos\/","url":"https:\/\/www.greenflex.oteis.fr\/es\/referencias\/analisis-controversias-sociales-sector-cosmetica-marca-de-cosmeticos\/","name":"An\u00e1lisis de las controversias sociales en la cosm\u00e9tica","isPartOf":{"@id":"https:\/\/www.greenflex.oteis.fr\/es\/#website"},"datePublished":"2021-11-19T09:06:11+00:00","dateModified":"2025-01-06T16:08:38+00:00","description":"Para una marca de cosm\u00e9ticos, GreenFlex pidi\u00f3 a sus expertos que realizaran un an\u00e1lisis de las controversias relacionadas con las sustancias","breadcrumb":{"@id":"https:\/\/www.greenflex.oteis.fr\/es\/referencias\/analisis-controversias-sociales-sector-cosmetica-marca-de-cosmeticos\/#breadcrumb"},"inLanguage":"es","potentialAction":[{"@type":"ReadAction","target":["https:\/\/www.greenflex.oteis.fr\/es\/referencias\/analisis-controversias-sociales-sector-cosmetica-marca-de-cosmeticos\/"]}]},{"@type":"BreadcrumbList","@id":"https:\/\/www.greenflex.oteis.fr\/es\/referencias\/analisis-controversias-sociales-sector-cosmetica-marca-de-cosmeticos\/#breadcrumb","itemListElement":[{"@type":"ListItem","position":1,"name":"GreenFlex","item":"https:\/\/www.greenflex.oteis.fr\/es\/"},{"@type":"ListItem","position":2,"name":"Referencias","item":"https:\/\/www.greenflex.oteis.fr\/es\/referencias\/"},{"@type":"ListItem","position":3,"name":"El an\u00e1lisis de las controversias sociales en el sector de la cosm\u00e9tica \u2013 Marca de cosmeticos"}]},{"@type":"WebSite","@id":"https:\/\/www.greenflex.oteis.fr\/es\/#website","url":"https:\/\/www.greenflex.oteis.fr\/es\/","name":"GreenFlex","description":"Changeons de trajectoire","potentialAction":[{"@type":"SearchAction","target":{"@type":"EntryPoint","urlTemplate":"https:\/\/www.greenflex.oteis.fr\/es\/?s={search_term_string}"},"query-input":"required name=search_term_string"}],"inLanguage":"es"}]}},"_links":{"self":[{"href":"https:\/\/www.greenflex.oteis.fr\/es\/wp-json\/wp\/v2\/pages\/7495"}],"collection":[{"href":"https:\/\/www.greenflex.oteis.fr\/es\/wp-json\/wp\/v2\/pages"}],"about":[{"href":"https:\/\/www.greenflex.oteis.fr\/es\/wp-json\/wp\/v2\/types\/page"}],"author":[{"embeddable":true,"href":"https:\/\/www.greenflex.oteis.fr\/es\/wp-json\/wp\/v2\/users\/3"}],"replies":[{"embeddable":true,"href":"https:\/\/www.greenflex.oteis.fr\/es\/wp-json\/wp\/v2\/comments?post=7495"}],"version-history":[{"count":1,"href":"https:\/\/www.greenflex.oteis.fr\/es\/wp-json\/wp\/v2\/pages\/7495\/revisions"}],"predecessor-version":[{"id":19197,"href":"https:\/\/www.greenflex.oteis.fr\/es\/wp-json\/wp\/v2\/pages\/7495\/revisions\/19197"}],"up":[{"embeddable":true,"href":"https:\/\/www.greenflex.oteis.fr\/es\/wp-json\/wp\/v2\/pages\/5315"}],"wp:featuredmedia":[{"embeddable":true,"href":"https:\/\/www.greenflex.oteis.fr\/es\/wp-json\/wp\/v2\/media\/5647"}],"wp:attachment":[{"href":"https:\/\/www.greenflex.oteis.fr\/es\/wp-json\/wp\/v2\/media?parent=7495"}],"wp:term":[{"taxonomy":"sector_type","embeddable":true,"href":"https:\/\/www.greenflex.oteis.fr\/es\/wp-json\/wp\/v2\/sector_type?post=7495"},{"taxonomy":"offer_type","embeddable":true,"href":"https:\/\/www.greenflex.oteis.fr\/es\/wp-json\/wp\/v2\/offer_type?post=7495"}],"curies":[{"name":"wp","href":"https:\/\/api.w.org\/{rel}","templated":true}]}}