{"id":7476,"date":"2021-11-19T08:29:12","date_gmt":"2021-11-19T08:29:12","guid":{"rendered":"https:\/\/www.greenflex.com\/?page_id=7476"},"modified":"2025-01-06T14:51:18","modified_gmt":"2025-01-06T14:51:18","slug":"dialogo-con-las-partes-interesadas-y-priorizacion-de-los-temas-bonduelle","status":"publish","type":"page","link":"https:\/\/www.greenflex.oteis.fr\/es\/referencias\/dialogo-con-las-partes-interesadas-y-priorizacion-de-los-temas-bonduelle\/","title":{"rendered":"Di\u00e1logo con las partes interesadas y priorizaci\u00f3n de los temas &#8211; Bonduelle"},"content":{"rendered":"\n<section id=\"disko-component-header-projet-block_97c988c77a9c7d104916f19325cbf751\" class=\"disko-component disko-component-header-projet\">\n    <div class=\"bread-crumbs-container\">\n        <span><span><a href=\"https:\/\/www.greenflex.oteis.fr\/es\/\">GreenFlex<\/a><\/span>  <span><a href=\"https:\/\/www.greenflex.oteis.fr\/es\/referencias\/\">Referencias<\/a><\/span><\/span>    <\/div>\n    \n        <h1 class=\"header-title\">\n        Di\u00e1logo con las partes interesadas y priorizaci\u00f3n de los temas &#8211; Bonduelle    <\/h1>\n    <div class=\"info-header-container\">\n        <div class=\"info-item\">\n            <div class=\"info-picto-container\">\n                <img decoding=\"async\" class=\"info-picto\" src=\"\"><\/img>\n            <\/div>\n            <div class=\"info-title\">\n                Sector            <\/div>\n            <div class=\"info\">\n                <p>Industria alimentaria<\/p>\n            <\/div>\n        <\/div>\n        <div class=\"info-item\">\n            <div class=\"info-picto-container\">\n                <img decoding=\"async\" class=\"info-picto\" src=\"\"><\/img>\n            <\/div>\n            <div class=\"info-title\">\n                Experiencia movilizada            <\/div>\n            <div class=\"info\">\n                <p>Desarrollo sostenible<\/p>\n            <\/div>\n        <\/div>\n        <div class=\"info-item\">\n            <div class=\"info-picto-container\">\n                <img decoding=\"async\" class=\"info-picto\" src=\"\"><\/img>\n            <\/div>\n            <div class=\"info-title\">\n                Servicios prestados            <\/div>\n            <div class=\"info\">\n                <p>RSE y partes interesadas<\/p>\n            <\/div>\n        <\/div>\n    <\/div>\n<\/section>\n\n\n<section id=\"disko-component-wysiwyg-block_21511c603137e75f6619df3849e305a4\" class=\"disko-component disko-component-wysiwyg light\">\n    <div class=\"wysiwyg-wrapper\">\n        <h2>Desaf\u00edos en marcha<\/h2>\n<p>En un contexto interno de redefinici\u00f3n de la visi\u00f3n de la empresa y en un contexto externo de transformaci\u00f3n de las tendencias y expectativas de las partes interesadas, el Grupo Bonduelle ha decidido potenciar su di\u00e1logo con las partes interesadas, as\u00ed como redefinir y priorizar sus retos de desarrollo sostenible.<\/p>\n<h2>Soluci\u00f3n aportada<\/h2>\n<ul>\n<li>Una asistencia a lo largo de varios a\u00f1os para desarrollar el di\u00e1logo con las partes interesadas de la empresa mediante diferentes metodolog\u00edas adaptadas a cada cuesti\u00f3n (entrevistas individuales, sesi\u00f3n de di\u00e1logo con un grupo de partes interesadas, cuestionarios online, etc.)<\/li>\n<li>Elaboraci\u00f3n de una matriz de relevancia, que ha servido de base para redefinir los objetivos de desarrollo sostenible del Grupo: una herramienta pedag\u00f3gica que permite priorizar los retos en funci\u00f3n tanto de las expectativas de las partes interesadas, como de los riesgos y las oportunidades en t\u00e9rminos de negocio y de sostenibilidad de la empresa<\/li>\n<\/ul>\n<h2>Creaci\u00f3n de valor<\/h2>\n<ul>\n<li>3 reuniones en 3 a\u00f1os, con un promedio de quince partes interesadas que vuelven regularmente y que aprecian estos encuentros, en los que participan la direcci\u00f3n y las distintas funciones<\/li>\n<li>M\u00e1s de 250 partes interesadas externas consultadas para elaborar la matriz de relevancia<\/li>\n<li>Objetivo logrado de definici\u00f3n de un nuevo orden de prioridad de los retos<\/li>\n<li>Publicaci\u00f3n de la matriz de relevancia y validaci\u00f3n por el GRI-V4 (Materiality disclosure services)<\/li>\n<li>Una base s\u00f3lida para redefinir y desarrollar la estrategia de RSE<\/li>\n<\/ul>\n<p><em>\u00abDe forma paralela y cruzada con un proceso interno de creaci\u00f3n conjunta que movilizase a los empleados del Grupo, las relaciones establecidas con nuestras partes interesadas nos han permitido redefinir nuestros grandes retos para 2025.\u00bb<\/em><\/p>\n<p><em>Christophe Ch\u00e2teau, Director de comunicaci\u00f3n y marketing corporativos<\/em><\/p>\n    <\/div>\n<\/section>\n\n\n\n<section id=\"disko-component-banner-block_85022d5b044a534a3d4072a4a52ae54d\" class=\"disko-component disko-component-banner section-banner green\">\n    <div class=\"line-container\">\n        <svg width=\"100%\" height=\"100%\" viewBox=\"0 0 970 472\" aria-hidden=\"true\" preserveAspectRatio=\"xMinYMin meet\" xmlns=\"http:\/\/www.w3.org\/2000\/svg\"><path d=\"M410 471c-85 0-57.034-.598-123.517-.299S202 443 201.627 390.491V246.059c0-60.246-1.335-120.492-97.47-120.492-96.134 0-102.81 53.674-102.81 107.347 0 53.674 6.676 99.68 102.81 99.68 20.488 0 704.015.407 722.843.407 97 0 140-38 140.003-92.948 4.006-13.145 0-64.052 0-96.914C967.001 112.38 967 64.667 967 0\" stroke=\"#17FA73\" fill=\"none\" fill-rule=\"evenodd\"\/><\/svg>\n    <\/div>\n    <div class=\"banner-container\">\n        <div class=\"banner-title-container\">\n            <div class=\"banner-hover-title\">Optimizar las relaciones<br \/>\r\ncon las partes interesadas<\/div>\n            <div class=\"cursor\" data-bg=\"\"><\/div>\n        <\/div>\n        <p>\n            Nuestros equipos de expertos le ayudar\u00e1n        <\/p>\n                    <a href=\"https:\/\/www.greenflex.oteis.fr\/es\/contacto\/\" class=\"btn btn-white\">\n                <div class=\"btn-ico\">\n                    <svg aria-hidden=\"true\" width=\"18\" height=\"15\" xmlns=\"http:\/\/www.w3.org\/2000\/svg\" xmlns:xlink=\"http:\/\/www.w3.org\/1999\/xlink\"><defs><path d=\"M11.455 2.025c-.833.73-.972 1.483-.42 2.255l4.032 4.023H.854a.863.863 0 00-.848.875c0 .483.38.876.848.876h14.213l-3.752 4.026c-.8.88-.761 1.639.114 2.275l6.332-6.557a.859.859 0 00.245-.62.86.86 0 00-.245-.62l-6.306-6.533z\" id=\"a\"\/><\/defs><use class=\"arrow-color\" fill=\"#00A880\" transform=\"rotate(-20 6.17 8.69)\" xlink:href=\"#a\" fill-rule=\"evenodd\"\/><\/svg>\n                <\/div>\n               Contacto            <\/a>\n            <\/div>\n<\/section>\n","protected":false},"excerpt":{"rendered":"","protected":false},"author":3,"featured_media":5451,"parent":5315,"menu_order":0,"comment_status":"closed","ping_status":"closed","template":"","meta":{"content-type":"","inline_featured_image":false},"sector_type":[],"offer_type":[],"acf":[],"yoast_head":"<!-- This site is optimized with the Yoast SEO Premium plugin v21.8 (Yoast SEO v21.8.1) - https:\/\/yoast.com\/wordpress\/plugins\/seo\/ -->\n<title>Di\u00e1logo partes interesadas y priorizaci\u00f3n de los temas<\/title>\n<meta name=\"description\" content=\"Bonduelle colabor\u00f3 con GreenFlex para optimizar el di\u00e1logo con sus interlocutores y redefinir sus temas de desarrollo sostenible\" \/>\n<meta name=\"robots\" content=\"index, follow, max-snippet:-1, max-image-preview:large, max-video-preview:-1\" \/>\n<link rel=\"canonical\" href=\"https:\/\/www.greenflex.oteis.fr\/es\/referencias\/dialogo-con-las-partes-interesadas-y-priorizacion-de-los-temas-bonduelle\/\" \/>\n<meta property=\"og:locale\" content=\"es_ES\" \/>\n<meta property=\"og:type\" content=\"article\" \/>\n<meta property=\"og:title\" content=\"Di\u00e1logo con las partes interesadas y priorizaci\u00f3n de los temas - Bonduelle\" \/>\n<meta property=\"og:description\" content=\"Bonduelle colabor\u00f3 con GreenFlex para optimizar el di\u00e1logo con sus interlocutores y redefinir sus temas de desarrollo sostenible\" \/>\n<meta property=\"og:url\" content=\"https:\/\/www.greenflex.oteis.fr\/es\/referencias\/dialogo-con-las-partes-interesadas-y-priorizacion-de-los-temas-bonduelle\/\" \/>\n<meta property=\"og:site_name\" content=\"GreenFlex\" \/>\n<meta property=\"article:modified_time\" content=\"2025-01-06T14:51:18+00:00\" \/>\n<meta property=\"og:image\" content=\"https:\/\/greenflex-origin.greenshift.eu\/wp-content\/uploads\/2021\/10\/Dialogue-parties-prenantes-matrice-Bonduelle-GreenFlex.jpg\" \/>\n\t<meta property=\"og:image:width\" content=\"1920\" \/>\n\t<meta property=\"og:image:height\" content=\"1280\" \/>\n\t<meta property=\"og:image:type\" content=\"image\/jpeg\" \/>\n<meta name=\"twitter:card\" content=\"summary_large_image\" \/>\n<meta name=\"twitter:site\" content=\"@GreenFlex\" \/>\n<meta name=\"twitter:label1\" content=\"Tiempo de lectura\" \/>\n\t<meta name=\"twitter:data1\" content=\"1 minuto\" \/>\n<script type=\"application\/ld+json\" class=\"yoast-schema-graph\">{\"@context\":\"https:\/\/schema.org\",\"@graph\":[{\"@type\":\"WebPage\",\"@id\":\"https:\/\/www.greenflex.oteis.fr\/es\/referencias\/dialogo-con-las-partes-interesadas-y-priorizacion-de-los-temas-bonduelle\/\",\"url\":\"https:\/\/www.greenflex.oteis.fr\/es\/referencias\/dialogo-con-las-partes-interesadas-y-priorizacion-de-los-temas-bonduelle\/\",\"name\":\"Di\u00e1logo partes interesadas y priorizaci\u00f3n de los temas\",\"isPartOf\":{\"@id\":\"https:\/\/www.greenflex.oteis.fr\/es\/#website\"},\"datePublished\":\"2021-11-19T08:29:12+00:00\",\"dateModified\":\"2025-01-06T14:51:18+00:00\",\"description\":\"Bonduelle colabor\u00f3 con GreenFlex para optimizar el di\u00e1logo con sus interlocutores y redefinir sus temas de desarrollo sostenible\",\"breadcrumb\":{\"@id\":\"https:\/\/www.greenflex.oteis.fr\/es\/referencias\/dialogo-con-las-partes-interesadas-y-priorizacion-de-los-temas-bonduelle\/#breadcrumb\"},\"inLanguage\":\"es\",\"potentialAction\":[{\"@type\":\"ReadAction\",\"target\":[\"https:\/\/www.greenflex.oteis.fr\/es\/referencias\/dialogo-con-las-partes-interesadas-y-priorizacion-de-los-temas-bonduelle\/\"]}]},{\"@type\":\"BreadcrumbList\",\"@id\":\"https:\/\/www.greenflex.oteis.fr\/es\/referencias\/dialogo-con-las-partes-interesadas-y-priorizacion-de-los-temas-bonduelle\/#breadcrumb\",\"itemListElement\":[{\"@type\":\"ListItem\",\"position\":1,\"name\":\"GreenFlex\",\"item\":\"https:\/\/www.greenflex.oteis.fr\/es\/\"},{\"@type\":\"ListItem\",\"position\":2,\"name\":\"Referencias\",\"item\":\"https:\/\/www.greenflex.oteis.fr\/es\/referencias\/\"},{\"@type\":\"ListItem\",\"position\":3,\"name\":\"Di\u00e1logo con las partes interesadas y priorizaci\u00f3n de los temas &#8211; Bonduelle\"}]},{\"@type\":\"WebSite\",\"@id\":\"https:\/\/www.greenflex.oteis.fr\/es\/#website\",\"url\":\"https:\/\/www.greenflex.oteis.fr\/es\/\",\"name\":\"GreenFlex\",\"description\":\"Changeons de trajectoire\",\"potentialAction\":[{\"@type\":\"SearchAction\",\"target\":{\"@type\":\"EntryPoint\",\"urlTemplate\":\"https:\/\/www.greenflex.oteis.fr\/es\/?s={search_term_string}\"},\"query-input\":\"required name=search_term_string\"}],\"inLanguage\":\"es\"}]}<\/script>\n<!-- \/ Yoast SEO Premium plugin. -->","yoast_head_json":{"title":"Di\u00e1logo partes interesadas y priorizaci\u00f3n de los temas","description":"Bonduelle colabor\u00f3 con GreenFlex para optimizar el di\u00e1logo con sus interlocutores y redefinir sus temas de desarrollo sostenible","robots":{"index":"index","follow":"follow","max-snippet":"max-snippet:-1","max-image-preview":"max-image-preview:large","max-video-preview":"max-video-preview:-1"},"canonical":"https:\/\/www.greenflex.oteis.fr\/es\/referencias\/dialogo-con-las-partes-interesadas-y-priorizacion-de-los-temas-bonduelle\/","og_locale":"es_ES","og_type":"article","og_title":"Di\u00e1logo con las partes interesadas y priorizaci\u00f3n de los temas - Bonduelle","og_description":"Bonduelle colabor\u00f3 con GreenFlex para optimizar el di\u00e1logo con sus interlocutores y redefinir sus temas de desarrollo sostenible","og_url":"https:\/\/www.greenflex.oteis.fr\/es\/referencias\/dialogo-con-las-partes-interesadas-y-priorizacion-de-los-temas-bonduelle\/","og_site_name":"GreenFlex","article_modified_time":"2025-01-06T14:51:18+00:00","og_image":[{"width":1920,"height":1280,"url":"https:\/\/greenflex-origin.greenshift.eu\/wp-content\/uploads\/2021\/10\/Dialogue-parties-prenantes-matrice-Bonduelle-GreenFlex.jpg","type":"image\/jpeg"}],"twitter_card":"summary_large_image","twitter_site":"@GreenFlex","twitter_misc":{"Tiempo de lectura":"1 minuto"},"schema":{"@context":"https:\/\/schema.org","@graph":[{"@type":"WebPage","@id":"https:\/\/www.greenflex.oteis.fr\/es\/referencias\/dialogo-con-las-partes-interesadas-y-priorizacion-de-los-temas-bonduelle\/","url":"https:\/\/www.greenflex.oteis.fr\/es\/referencias\/dialogo-con-las-partes-interesadas-y-priorizacion-de-los-temas-bonduelle\/","name":"Di\u00e1logo partes interesadas y priorizaci\u00f3n de los temas","isPartOf":{"@id":"https:\/\/www.greenflex.oteis.fr\/es\/#website"},"datePublished":"2021-11-19T08:29:12+00:00","dateModified":"2025-01-06T14:51:18+00:00","description":"Bonduelle colabor\u00f3 con GreenFlex para optimizar el di\u00e1logo con sus interlocutores y redefinir sus temas de desarrollo sostenible","breadcrumb":{"@id":"https:\/\/www.greenflex.oteis.fr\/es\/referencias\/dialogo-con-las-partes-interesadas-y-priorizacion-de-los-temas-bonduelle\/#breadcrumb"},"inLanguage":"es","potentialAction":[{"@type":"ReadAction","target":["https:\/\/www.greenflex.oteis.fr\/es\/referencias\/dialogo-con-las-partes-interesadas-y-priorizacion-de-los-temas-bonduelle\/"]}]},{"@type":"BreadcrumbList","@id":"https:\/\/www.greenflex.oteis.fr\/es\/referencias\/dialogo-con-las-partes-interesadas-y-priorizacion-de-los-temas-bonduelle\/#breadcrumb","itemListElement":[{"@type":"ListItem","position":1,"name":"GreenFlex","item":"https:\/\/www.greenflex.oteis.fr\/es\/"},{"@type":"ListItem","position":2,"name":"Referencias","item":"https:\/\/www.greenflex.oteis.fr\/es\/referencias\/"},{"@type":"ListItem","position":3,"name":"Di\u00e1logo con las partes interesadas y priorizaci\u00f3n de los temas &#8211; Bonduelle"}]},{"@type":"WebSite","@id":"https:\/\/www.greenflex.oteis.fr\/es\/#website","url":"https:\/\/www.greenflex.oteis.fr\/es\/","name":"GreenFlex","description":"Changeons de trajectoire","potentialAction":[{"@type":"SearchAction","target":{"@type":"EntryPoint","urlTemplate":"https:\/\/www.greenflex.oteis.fr\/es\/?s={search_term_string}"},"query-input":"required name=search_term_string"}],"inLanguage":"es"}]}},"_links":{"self":[{"href":"https:\/\/www.greenflex.oteis.fr\/es\/wp-json\/wp\/v2\/pages\/7476"}],"collection":[{"href":"https:\/\/www.greenflex.oteis.fr\/es\/wp-json\/wp\/v2\/pages"}],"about":[{"href":"https:\/\/www.greenflex.oteis.fr\/es\/wp-json\/wp\/v2\/types\/page"}],"author":[{"embeddable":true,"href":"https:\/\/www.greenflex.oteis.fr\/es\/wp-json\/wp\/v2\/users\/3"}],"replies":[{"embeddable":true,"href":"https:\/\/www.greenflex.oteis.fr\/es\/wp-json\/wp\/v2\/comments?post=7476"}],"version-history":[{"count":1,"href":"https:\/\/www.greenflex.oteis.fr\/es\/wp-json\/wp\/v2\/pages\/7476\/revisions"}],"predecessor-version":[{"id":19184,"href":"https:\/\/www.greenflex.oteis.fr\/es\/wp-json\/wp\/v2\/pages\/7476\/revisions\/19184"}],"up":[{"embeddable":true,"href":"https:\/\/www.greenflex.oteis.fr\/es\/wp-json\/wp\/v2\/pages\/5315"}],"wp:featuredmedia":[{"embeddable":true,"href":"https:\/\/www.greenflex.oteis.fr\/es\/wp-json\/wp\/v2\/media\/5451"}],"wp:attachment":[{"href":"https:\/\/www.greenflex.oteis.fr\/es\/wp-json\/wp\/v2\/media?parent=7476"}],"wp:term":[{"taxonomy":"sector_type","embeddable":true,"href":"https:\/\/www.greenflex.oteis.fr\/es\/wp-json\/wp\/v2\/sector_type?post=7476"},{"taxonomy":"offer_type","embeddable":true,"href":"https:\/\/www.greenflex.oteis.fr\/es\/wp-json\/wp\/v2\/offer_type?post=7476"}],"curies":[{"name":"wp","href":"https:\/\/api.w.org\/{rel}","templated":true}]}}