{"id":7456,"date":"2021-11-19T08:12:10","date_gmt":"2021-11-19T08:12:10","guid":{"rendered":"https:\/\/www.greenflex.com\/?page_id=7456"},"modified":"2025-01-06T15:46:10","modified_gmt":"2025-01-06T15:46:10","slug":"optimizacion-y-gestion-del-consumo-energetico-en-casi-550-tiendas-carrefour","status":"publish","type":"page","link":"https:\/\/www.greenflex.oteis.fr\/es\/referencias\/optimizacion-y-gestion-del-consumo-energetico-en-casi-550-tiendas-carrefour\/","title":{"rendered":"Optimizaci\u00f3n y gesti\u00f3n del consumo energ\u00e9tico en casi 550 tiendas &#8211; Carrefour"},"content":{"rendered":"\n<section id=\"disko-component-header-projet-block_5a4850e205ff2a36a23b195159ab701b\" class=\"disko-component disko-component-header-projet\">\n    <div class=\"bread-crumbs-container\">\n        <span><span><a href=\"https:\/\/www.greenflex.oteis.fr\/es\/\">GreenFlex<\/a><\/span>  <span><a href=\"https:\/\/www.greenflex.oteis.fr\/es\/referencias\/\">Referencias<\/a><\/span><\/span>    <\/div>\n    \n        <h1 class=\"header-title\">\n        Optimizaci\u00f3n y gesti\u00f3n del consumo energ\u00e9tico en casi 550 tiendas &#8211; Carrefour    <\/h1>\n    <div class=\"info-header-container\">\n        <div class=\"info-item\">\n            <div class=\"info-picto-container\">\n                <img decoding=\"async\" class=\"info-picto\" src=\"\"><\/img>\n            <\/div>\n            <div class=\"info-title\">\n                Sector            <\/div>\n            <div class=\"info\">\n                <p>Distribuci\u00f3n<\/p>\n            <\/div>\n        <\/div>\n        <div class=\"info-item\">\n            <div class=\"info-picto-container\">\n                <img decoding=\"async\" class=\"info-picto\" src=\"\"><\/img>\n            <\/div>\n            <div class=\"info-title\">\n                Experiencia movilizada            <\/div>\n            <div class=\"info\">\n                <p>Eficiencia energ\u00e9tica<\/p>\n            <\/div>\n        <\/div>\n        <div class=\"info-item\">\n            <div class=\"info-picto-container\">\n                <img decoding=\"async\" class=\"info-picto\" src=\"\"><\/img>\n            <\/div>\n            <div class=\"info-title\">\n                Servicios prestados            <\/div>\n            <div class=\"info\">\n                <p>Control del consumo de energ\u00eda<\/p>\n            <\/div>\n        <\/div>\n    <\/div>\n<\/section>\n\n\n<section id=\"disko-component-wysiwyg-block_55df6d426fe3d0483bd50bf8cf300b2d\" class=\"disko-component disko-component-wysiwyg dark\">\n    <div class=\"wysiwyg-wrapper\">\n        <h2>Desaf\u00edos en marcha<\/h2>\n<p>Carrefour se ha comprometido a reducir su consumo energ\u00e9tico en un 30% hasta el a\u00f1o 2025 con respecto al 2010. Para lograrlo, esta cadena comercial est\u00e1 modernizando sus equipos.<\/p>\n<p>La marca solicit\u00f3 nuestra asistencia para optimizar su consumo energ\u00e9tico en casi 550 tiendas.<\/p>\n<h2>Soluci\u00f3n aportada desde 2014<\/h2>\n<p>Tras un primer plan implementado con \u00e9xito en m\u00e1s de 25 tiendas, GreenFlex ha propuesto una soluci\u00f3n global de \u00abllave en mano\u00bb para la gesti\u00f3n del consumo energ\u00e9tico en 450 tiendas. Dicha soluci\u00f3n incluye los siguientes puntos:<\/p>\n<ul>\n<li>Un asesoramiento especializado sobre el terreno que garantice el seguimiento de los proveedores registrados por Carrefour que influyen de manera significativa en el consumo: fr\u00edo, climatizaci\u00f3n, calefacci\u00f3n e iluminaci\u00f3n.<\/li>\n<li>Nuestras herramientas de recopilaci\u00f3n y de an\u00e1lisis de datos permiten identificar posibles anomal\u00edas de consumo m\u00e1s all\u00e1 de los datos de Carrefour.<\/li>\n<\/ul>\n<h2>Creaci\u00f3n de valor<\/h2>\n<ul>\n<li>Por ejemplo, en el marco de la oferta sobre consumo propio, hemos sido capaces de realizar estudios preliminares gracias a nuestro conocimiento de las infraestructuras de energ\u00eda de la marca.<\/li>\n<li>Este conocimiento tambi\u00e9n permite a GreenFlex asistir a Carrefour en sus futuros proyectos de redes inteligentes (\u00absmartgrid\u00bb).<\/li>\n<\/ul>\n    <\/div>\n<\/section>\n\n\n\n<section id=\"disko-component-results-block_1e81e62151ded1b66e6825da33efcde2\" class=\"disko-component disko-component-results light-green\">\n    <div class=\"results-title\">\n        Resultados    <\/div>\n               <div class=\"results-wrapper centered\">\n           \n                        <div class=\"results-item\">\n                <div class=\"result-item-title\">\n                                        \n                    550                <\/div>\n                <div class=\"result-item-content\">\n                    tiendas optimizadas                <\/div>\n            <\/div>\n                   <div class=\"results-item\">\n                <div class=\"result-item-title\">\n                                        \n                    6%                <\/div>\n                <div class=\"result-item-content\">\n                    reducci\u00f3n del consumo de energ\u00eda                <\/div>\n            <\/div>\n           <\/div>\n    <\/section>\n\n\n\n<section id=\"disko-component-banner-block_1e6719e30de97f6354fd93822b919073\" class=\"disko-component disko-component-banner section-banner green\">\n    <div class=\"line-container\">\n        <svg width=\"100%\" height=\"100%\" viewBox=\"0 0 970 472\" aria-hidden=\"true\" preserveAspectRatio=\"xMinYMin meet\" xmlns=\"http:\/\/www.w3.org\/2000\/svg\"><path d=\"M410 471c-85 0-57.034-.598-123.517-.299S202 443 201.627 390.491V246.059c0-60.246-1.335-120.492-97.47-120.492-96.134 0-102.81 53.674-102.81 107.347 0 53.674 6.676 99.68 102.81 99.68 20.488 0 704.015.407 722.843.407 97 0 140-38 140.003-92.948 4.006-13.145 0-64.052 0-96.914C967.001 112.38 967 64.667 967 0\" stroke=\"#17FA73\" fill=\"none\" fill-rule=\"evenodd\"\/><\/svg>\n    <\/div>\n    <div class=\"banner-container\">\n        <div class=\"banner-title-container\">\n            <div class=\"banner-hover-title\">Optimice su consumo de energ\u00eda<\/div>\n            <div class=\"cursor\" data-bg=\"\"><\/div>\n        <\/div>\n        <p>\n            Nuestros equipos de expertos le ayudar\u00e1n        <\/p>\n                    <a href=\"https:\/\/www.greenflex.oteis.fr\/es\/contacto\/\" class=\"btn btn-white\">\n                <div class=\"btn-ico\">\n                    <svg aria-hidden=\"true\" width=\"18\" height=\"15\" xmlns=\"http:\/\/www.w3.org\/2000\/svg\" xmlns:xlink=\"http:\/\/www.w3.org\/1999\/xlink\"><defs><path d=\"M11.455 2.025c-.833.73-.972 1.483-.42 2.255l4.032 4.023H.854a.863.863 0 00-.848.875c0 .483.38.876.848.876h14.213l-3.752 4.026c-.8.88-.761 1.639.114 2.275l6.332-6.557a.859.859 0 00.245-.62.86.86 0 00-.245-.62l-6.306-6.533z\" id=\"a\"\/><\/defs><use class=\"arrow-color\" fill=\"#00A880\" transform=\"rotate(-20 6.17 8.69)\" xlink:href=\"#a\" fill-rule=\"evenodd\"\/><\/svg>\n                <\/div>\n               Contacto            <\/a>\n            <\/div>\n<\/section>\n","protected":false},"excerpt":{"rendered":"","protected":false},"author":3,"featured_media":5314,"parent":5315,"menu_order":0,"comment_status":"closed","ping_status":"closed","template":"","meta":{"content-type":"","inline_featured_image":false},"sector_type":[],"offer_type":[],"acf":[],"yoast_head":"<!-- This site is optimized with the Yoast SEO Premium plugin v21.8 (Yoast SEO v21.8.1) - https:\/\/yoast.com\/wordpress\/plugins\/seo\/ -->\n<title>Optimizaci\u00f3n y gesti\u00f3n del consumo energ\u00e9tico en 550 tiendas<\/title>\n<meta name=\"description\" content=\"Para reducir su consumo de energ\u00eda en un 30% de aqu\u00ed a 2025, Carrefour quer\u00eda actualizar sus equipos con el apoyo de GreenFlex\" \/>\n<meta name=\"robots\" content=\"index, follow, max-snippet:-1, max-image-preview:large, max-video-preview:-1\" \/>\n<link rel=\"canonical\" href=\"https:\/\/www.greenflex.oteis.fr\/es\/referencias\/optimizacion-y-gestion-del-consumo-energetico-en-casi-550-tiendas-carrefour\/\" \/>\n<meta property=\"og:locale\" content=\"es_ES\" \/>\n<meta property=\"og:type\" content=\"article\" \/>\n<meta property=\"og:title\" content=\"Optimizaci\u00f3n y gesti\u00f3n del consumo energ\u00e9tico en casi 550 tiendas - Carrefour\" \/>\n<meta property=\"og:description\" content=\"Para reducir su consumo de energ\u00eda en un 30% de aqu\u00ed a 2025, Carrefour quer\u00eda actualizar sus equipos con el apoyo de GreenFlex\" \/>\n<meta property=\"og:url\" content=\"https:\/\/www.greenflex.oteis.fr\/es\/referencias\/optimizacion-y-gestion-del-consumo-energetico-en-casi-550-tiendas-carrefour\/\" \/>\n<meta property=\"og:site_name\" content=\"GreenFlex\" \/>\n<meta property=\"article:modified_time\" content=\"2025-01-06T15:46:10+00:00\" \/>\n<meta property=\"og:image\" content=\"https:\/\/greenflex-origin.greenshift.eu\/wp-content\/uploads\/2021\/10\/Optimisation-pilotage-consommation-energie-Carrefour-GreenFlex-scaled.jpg\" \/>\n\t<meta property=\"og:image:width\" content=\"4704\" \/>\n\t<meta property=\"og:image:height\" content=\"3136\" \/>\n\t<meta property=\"og:image:type\" content=\"image\/jpeg\" \/>\n<meta name=\"twitter:card\" content=\"summary_large_image\" \/>\n<meta name=\"twitter:site\" content=\"@GreenFlex\" \/>\n<meta name=\"twitter:label1\" content=\"Tiempo de lectura\" \/>\n\t<meta name=\"twitter:data1\" content=\"1 minuto\" \/>\n<script type=\"application\/ld+json\" class=\"yoast-schema-graph\">{\"@context\":\"https:\/\/schema.org\",\"@graph\":[{\"@type\":\"WebPage\",\"@id\":\"https:\/\/www.greenflex.oteis.fr\/es\/referencias\/optimizacion-y-gestion-del-consumo-energetico-en-casi-550-tiendas-carrefour\/\",\"url\":\"https:\/\/www.greenflex.oteis.fr\/es\/referencias\/optimizacion-y-gestion-del-consumo-energetico-en-casi-550-tiendas-carrefour\/\",\"name\":\"Optimizaci\u00f3n y gesti\u00f3n del consumo energ\u00e9tico en 550 tiendas\",\"isPartOf\":{\"@id\":\"https:\/\/www.greenflex.oteis.fr\/es\/#website\"},\"datePublished\":\"2021-11-19T08:12:10+00:00\",\"dateModified\":\"2025-01-06T15:46:10+00:00\",\"description\":\"Para reducir su consumo de energ\u00eda en un 30% de aqu\u00ed a 2025, Carrefour quer\u00eda actualizar sus equipos con el apoyo de GreenFlex\",\"breadcrumb\":{\"@id\":\"https:\/\/www.greenflex.oteis.fr\/es\/referencias\/optimizacion-y-gestion-del-consumo-energetico-en-casi-550-tiendas-carrefour\/#breadcrumb\"},\"inLanguage\":\"es\",\"potentialAction\":[{\"@type\":\"ReadAction\",\"target\":[\"https:\/\/www.greenflex.oteis.fr\/es\/referencias\/optimizacion-y-gestion-del-consumo-energetico-en-casi-550-tiendas-carrefour\/\"]}]},{\"@type\":\"BreadcrumbList\",\"@id\":\"https:\/\/www.greenflex.oteis.fr\/es\/referencias\/optimizacion-y-gestion-del-consumo-energetico-en-casi-550-tiendas-carrefour\/#breadcrumb\",\"itemListElement\":[{\"@type\":\"ListItem\",\"position\":1,\"name\":\"GreenFlex\",\"item\":\"https:\/\/www.greenflex.oteis.fr\/es\/\"},{\"@type\":\"ListItem\",\"position\":2,\"name\":\"Referencias\",\"item\":\"https:\/\/www.greenflex.oteis.fr\/es\/referencias\/\"},{\"@type\":\"ListItem\",\"position\":3,\"name\":\"Optimizaci\u00f3n y gesti\u00f3n del consumo energ\u00e9tico en casi 550 tiendas &#8211; Carrefour\"}]},{\"@type\":\"WebSite\",\"@id\":\"https:\/\/www.greenflex.oteis.fr\/es\/#website\",\"url\":\"https:\/\/www.greenflex.oteis.fr\/es\/\",\"name\":\"GreenFlex\",\"description\":\"Changeons de trajectoire\",\"potentialAction\":[{\"@type\":\"SearchAction\",\"target\":{\"@type\":\"EntryPoint\",\"urlTemplate\":\"https:\/\/www.greenflex.oteis.fr\/es\/?s={search_term_string}\"},\"query-input\":\"required name=search_term_string\"}],\"inLanguage\":\"es\"}]}<\/script>\n<!-- \/ Yoast SEO Premium plugin. -->","yoast_head_json":{"title":"Optimizaci\u00f3n y gesti\u00f3n del consumo energ\u00e9tico en 550 tiendas","description":"Para reducir su consumo de energ\u00eda en un 30% de aqu\u00ed a 2025, Carrefour quer\u00eda actualizar sus equipos con el apoyo de GreenFlex","robots":{"index":"index","follow":"follow","max-snippet":"max-snippet:-1","max-image-preview":"max-image-preview:large","max-video-preview":"max-video-preview:-1"},"canonical":"https:\/\/www.greenflex.oteis.fr\/es\/referencias\/optimizacion-y-gestion-del-consumo-energetico-en-casi-550-tiendas-carrefour\/","og_locale":"es_ES","og_type":"article","og_title":"Optimizaci\u00f3n y gesti\u00f3n del consumo energ\u00e9tico en casi 550 tiendas - Carrefour","og_description":"Para reducir su consumo de energ\u00eda en un 30% de aqu\u00ed a 2025, Carrefour quer\u00eda actualizar sus equipos con el apoyo de GreenFlex","og_url":"https:\/\/www.greenflex.oteis.fr\/es\/referencias\/optimizacion-y-gestion-del-consumo-energetico-en-casi-550-tiendas-carrefour\/","og_site_name":"GreenFlex","article_modified_time":"2025-01-06T15:46:10+00:00","og_image":[{"width":4704,"height":3136,"url":"https:\/\/greenflex-origin.greenshift.eu\/wp-content\/uploads\/2021\/10\/Optimisation-pilotage-consommation-energie-Carrefour-GreenFlex-scaled.jpg","type":"image\/jpeg"}],"twitter_card":"summary_large_image","twitter_site":"@GreenFlex","twitter_misc":{"Tiempo de lectura":"1 minuto"},"schema":{"@context":"https:\/\/schema.org","@graph":[{"@type":"WebPage","@id":"https:\/\/www.greenflex.oteis.fr\/es\/referencias\/optimizacion-y-gestion-del-consumo-energetico-en-casi-550-tiendas-carrefour\/","url":"https:\/\/www.greenflex.oteis.fr\/es\/referencias\/optimizacion-y-gestion-del-consumo-energetico-en-casi-550-tiendas-carrefour\/","name":"Optimizaci\u00f3n y gesti\u00f3n del consumo energ\u00e9tico en 550 tiendas","isPartOf":{"@id":"https:\/\/www.greenflex.oteis.fr\/es\/#website"},"datePublished":"2021-11-19T08:12:10+00:00","dateModified":"2025-01-06T15:46:10+00:00","description":"Para reducir su consumo de energ\u00eda en un 30% de aqu\u00ed a 2025, Carrefour quer\u00eda actualizar sus equipos con el apoyo de GreenFlex","breadcrumb":{"@id":"https:\/\/www.greenflex.oteis.fr\/es\/referencias\/optimizacion-y-gestion-del-consumo-energetico-en-casi-550-tiendas-carrefour\/#breadcrumb"},"inLanguage":"es","potentialAction":[{"@type":"ReadAction","target":["https:\/\/www.greenflex.oteis.fr\/es\/referencias\/optimizacion-y-gestion-del-consumo-energetico-en-casi-550-tiendas-carrefour\/"]}]},{"@type":"BreadcrumbList","@id":"https:\/\/www.greenflex.oteis.fr\/es\/referencias\/optimizacion-y-gestion-del-consumo-energetico-en-casi-550-tiendas-carrefour\/#breadcrumb","itemListElement":[{"@type":"ListItem","position":1,"name":"GreenFlex","item":"https:\/\/www.greenflex.oteis.fr\/es\/"},{"@type":"ListItem","position":2,"name":"Referencias","item":"https:\/\/www.greenflex.oteis.fr\/es\/referencias\/"},{"@type":"ListItem","position":3,"name":"Optimizaci\u00f3n y gesti\u00f3n del consumo energ\u00e9tico en casi 550 tiendas &#8211; Carrefour"}]},{"@type":"WebSite","@id":"https:\/\/www.greenflex.oteis.fr\/es\/#website","url":"https:\/\/www.greenflex.oteis.fr\/es\/","name":"GreenFlex","description":"Changeons de trajectoire","potentialAction":[{"@type":"SearchAction","target":{"@type":"EntryPoint","urlTemplate":"https:\/\/www.greenflex.oteis.fr\/es\/?s={search_term_string}"},"query-input":"required name=search_term_string"}],"inLanguage":"es"}]}},"_links":{"self":[{"href":"https:\/\/www.greenflex.oteis.fr\/es\/wp-json\/wp\/v2\/pages\/7456"}],"collection":[{"href":"https:\/\/www.greenflex.oteis.fr\/es\/wp-json\/wp\/v2\/pages"}],"about":[{"href":"https:\/\/www.greenflex.oteis.fr\/es\/wp-json\/wp\/v2\/types\/page"}],"author":[{"embeddable":true,"href":"https:\/\/www.greenflex.oteis.fr\/es\/wp-json\/wp\/v2\/users\/3"}],"replies":[{"embeddable":true,"href":"https:\/\/www.greenflex.oteis.fr\/es\/wp-json\/wp\/v2\/comments?post=7456"}],"version-history":[{"count":1,"href":"https:\/\/www.greenflex.oteis.fr\/es\/wp-json\/wp\/v2\/pages\/7456\/revisions"}],"predecessor-version":[{"id":19192,"href":"https:\/\/www.greenflex.oteis.fr\/es\/wp-json\/wp\/v2\/pages\/7456\/revisions\/19192"}],"up":[{"embeddable":true,"href":"https:\/\/www.greenflex.oteis.fr\/es\/wp-json\/wp\/v2\/pages\/5315"}],"wp:featuredmedia":[{"embeddable":true,"href":"https:\/\/www.greenflex.oteis.fr\/es\/wp-json\/wp\/v2\/media\/5314"}],"wp:attachment":[{"href":"https:\/\/www.greenflex.oteis.fr\/es\/wp-json\/wp\/v2\/media?parent=7456"}],"wp:term":[{"taxonomy":"sector_type","embeddable":true,"href":"https:\/\/www.greenflex.oteis.fr\/es\/wp-json\/wp\/v2\/sector_type?post=7456"},{"taxonomy":"offer_type","embeddable":true,"href":"https:\/\/www.greenflex.oteis.fr\/es\/wp-json\/wp\/v2\/offer_type?post=7456"}],"curies":[{"name":"wp","href":"https:\/\/api.w.org\/{rel}","templated":true}]}}