{"id":5515,"date":"2021-11-04T18:50:29","date_gmt":"2021-11-04T18:50:29","guid":{"rendered":"https:\/\/www.greenflex.com\/?page_id=5515"},"modified":"2021-12-08T13:56:22","modified_gmt":"2021-12-08T13:56:22","slug":"10-consejos-practicos-para-una-empresa-mas-sostenible","status":"publish","type":"page","link":"https:\/\/www.greenflex.oteis.fr\/es\/10-consejos-practicos-para-una-empresa-mas-sostenible\/","title":{"rendered":"10 consejos pr\u00e1cticos para una empresa m\u00e1s sostenible"},"content":{"rendered":"\n<section id=\"disko-component-header-simple-block_61842b42f309f\" class=\"disko-component disko-component-header-simple\">\n    <div class=\"header-content\">\n        <div class=\"bread-crumbs-container\">\n            <span><span><a href=\"https:\/\/www.greenflex.oteis.fr\/es\/\">GreenFlex<\/a><\/span><\/span>        <\/div>\n        <h1 class=\"header-title\">\n            10 consejos pr\u00e1cticos para una empresa m\u00e1s sostenible        <\/h1>\n        <div class=\"header-description\">\n            <p>Cada vez es mayor el n\u00famero de empresas que buscan la optimizaci\u00f3n de su factura medioambiental, proporcionando un nuevo objetivo a la iniciativa de la sociedad.<br \/>\nLos siguientes son 10 consejos pr\u00e1cticos para una mayor integraci\u00f3n de las bases del desarrollo sostenible en su proceso de RSE, al mismo tiempo que se acelera su transici\u00f3n hacia un Good Future.<\/p>\n        <\/div>\n        <div class=\"btn-wrapper\">\n                                <\/div>\n    <\/div>\n    <\/section>\n\n\n\n<section id=\"disko-component-wysiwyg-block_61842b51f30a3\" class=\"disko-component disko-component-wysiwyg light\">\n    <div class=\"wysiwyg-wrapper\">\n        <h2>1. Mida su impacto social y medioambiental<\/h2>\n<div>Las empresas socialmente responsables son m\u00e1s eficaces. Pero \u00bfhasta qu\u00e9 punto? El rendimiento de la inversi\u00f3n en las iniciativas RSE no puede cuantificarse f\u00e1cilmente. \u00a1Simplifique y acelere sus c\u00e1lculos! Nuestra plataforma web colaborativa conecta y transforma sus datos medioambientales, sociales y de la sociedad en indicadores estrat\u00e9gicos.<\/div>\n<h2>2. D\u00e9 preferencia a los proveedores responsables<\/h2>\n<div>Elecci\u00f3n del papel, log\u00edstica, gesti\u00f3n de desechos, etc. \u00bfC\u00f3mo elegir proveedores responsables? Recurrir a una de las miles de empresas de la econom\u00eda social y solidaria permite conciliar rendimientos econ\u00f3micos y utilidad social desde la concepci\u00f3n de sus productos y servicios. La norma ISO 20400 es la primera norma internacional para las compras responsables, adem\u00e1s de un indicador valioso.<\/div>\n<h2>3. Responsabilice sus compras<\/h2>\n<div>Las empresas pueden tomar decisiones de compras responsables. Hay que analizar de manera objetiva tres aspectos: madurez RSE del fabricante, impacto del ciclo de vida del producto y consumo energ\u00e9tico.<\/div>\n<h2>4. Opte por reflexiones colectivas<\/h2>\n<div>Una mejor calidad de vida en el trabajo pasa por un di\u00e1logo social abierto. Organizaci\u00f3n del trabajo, b\u00fasqueda de soluciones comunes, posicionamiento RSE de su empresa: GreenFlex facilita la implementaci\u00f3n de reflexiones colectivas. Estas iniciativas, que involucran tambi\u00e9n a empleados y directivos en un proceso a largo plazo, permiten establecer una colaboraci\u00f3n aut\u00e9ntica. \u00a1Un incentivo indiscutible de bienestar en el trabajo y los rendimientos econ\u00f3micos!<\/div>\n<h2>5. Desaf\u00ede a sus empleados a la movilidad<\/h2>\n<div>La aparici\u00f3n de una nueva movilidad urbana es un reto importante del desarrollo sostenible. Bicicleta, caminar, uso compartido de autom\u00f3vil, etc. \u00a1Fije objetivos para su personal! La plataforma Desaf\u00edo de Movilidad Sostenible es una soluci\u00f3n fiable para contabilizar los esfuerzos realizados en los trayectos domicilio-trabajo (km recorridos, CO2 ahorrado, Kcal gastadas, etc.). Queda por hallar el reto con el que lograr\u00e1s desafiarles\u2026<\/div>\n<h2>6. Innoven conjuntamente<\/h2>\n<div>\u00a1Recurra a su personal! Ya se trate de la creaci\u00f3n de productos o de la elaboraci\u00f3n de herramientas internas, GreenFlex acompa\u00f1a a sus clientes en la implantaci\u00f3n de la puesta en marcha de mecanismos participativos. Formaciones, estudios, grupos de trabajo, laboratorios de innovaci\u00f3n: \u00a1No faltan medios para fomentar la innovaci\u00f3n! Estas iniciativas, llevadas a cabo adecuadamente, permitir\u00e1n que surjan verdaderas recomendaciones colectivas.<\/div>\n<h2>7. Establezca un facilitador para dialogar<\/h2>\n<div>Accionistas, empleados, ONG\u2026 Todos tienen intereses distintos y contradictorios que usted debe tener en cuenta. Un facilitador, interno o externo, le permite identificar las partes interesadas estrat\u00e9gicas e inicia un di\u00e1logo constructivo.<\/div>\n<h2>8. Implique a los actores locales<\/h2>\n<div>Adaptar los proyectos a las necesidades locales, reforzar el \u00abderecho a ejercer su actividad\u00bb y anticipar los bad buzz: en pocas palabras, implicar a los actores locales con antelaci\u00f3n resulta generalmente muy \u00fatil. Asimismo, dar preferencia a los proveedores de su regi\u00f3n permite asentar una consolidaci\u00f3n local, al mismo tiempo que se reduce su huella de carbono.<\/div>\n<h2>9. Opte por el rendimiento integrado<\/h2>\n<div>Destinado a los accionistas, el rendimiento integrado asocia los datos financieros y no financieros. Este informe da cuenta de sus compromisos y rendimientos en materia de desarrollo sostenible. Una herramienta de informaci\u00f3n RSE completa cada vez m\u00e1s adoptada en Espa\u00f1a.<\/div>\n<h2>10. Comprometa a sus empleados<\/h2>\n<div>Consejos de asociaciones, formaciones, eventos deportivos: el compromiso c\u00edvico va de la mano del rendimiento econ\u00f3mico. \u00bfPor qu\u00e9 no fomentar que sus empleados participen en proyectos de voluntariado?<\/div>\n<div><\/div>\n<div>Por ejemplo\u00a0Solidarit\u00e9s Nouvelles face au Ch\u00f4mage\u00a0es una asociaci\u00f3n que trabaja por la inserci\u00f3n de los desempleados de larga duraci\u00f3n en Francia. 40 miembros del personal de\u00a0GreenFlex\u00a0est\u00e1n involucrados en el apoyo a diferentes perfiles. \u00a1Hasta la fecha ya han encontrado empleo 15 personas!<\/div>\n    <\/div>\n<\/section>\n\n\n\n<section id=\"disko-component-slider-crossnav-block_61b0b932f86ae\" class=\"disko-component disko-component-slider-crossnav light-green\">\n    <div class=\"crossnav-title-container\">\n        <h2 class=\"crossnav-title\">\n          Otros art\u00edculos      <\/h2>\n            <\/div> \n                          <div class=\" slider-crossnav article\">\n                <div class=\"swiper-wrapper\">\n                                                  <div class=\"swiper-slide slide-crossnav\">\n                                \n                                <a class=\"slide-crossnav-content\" href=\"https:\/\/www.greenflex.oteis.fr\/es\/que-es-una-politica-de-compra-responsable\/\">\n                                    <span class=\"slide-crossnav-img-container\">\n                                                                                                                 <img decoding=\"async\" class=\"slide-crossnav-img\" src=\"https:\/\/www.greenflex.oteis.fr\/wp-content\/themes\/3.8.1\/assets\/images\/default-img.jpg\" alt=\"Logo GreenFlex\" \/>\n                                                                        <\/span>\n                                    <h3 class=\"slide-crossnav-title\">\n                                        \u00bfQu\u00e9 es una pol\u00edtica de compra responsable?                                    <\/h3>\n                                    <span class=\"slide-crossnav-description\">\n                                                                            <\/span>\n                                <\/a>\n                            <\/div>\n                                                    <div class=\"swiper-slide slide-crossnav\">\n                                \n                                <a class=\"slide-crossnav-content\" href=\"https:\/\/www.greenflex.oteis.fr\/es\/financiacion-infografia\/\">\n                                    <span class=\"slide-crossnav-img-container\">\n                                                                                                                 <img decoding=\"async\" class=\"slide-crossnav-img\" src=\"https:\/\/www.greenflex.oteis.fr\/wp-content\/themes\/3.8.1\/assets\/images\/default-img.jpg\" alt=\"Logo GreenFlex\" \/>\n                                                                        <\/span>\n                                    <h3 class=\"slide-crossnav-title\">\n                                        Infografia financiacion transicion                                    <\/h3>\n                                    <span class=\"slide-crossnav-description\">\n                                                                            <\/span>\n                                <\/a>\n                            <\/div>\n                                        <\/div>\n                <div class=\"crossnav-pagination-article\"><\/div>\n            <\/div>\n            <\/section>\n\n\n\n<section id=\"disko-component-banner-block_618451d45f733\" class=\"disko-component disko-component-banner section-banner green\">\n    <div class=\"line-container\">\n        <svg width=\"100%\" height=\"100%\" viewBox=\"0 0 970 472\" aria-hidden=\"true\" preserveAspectRatio=\"xMinYMin meet\" xmlns=\"http:\/\/www.w3.org\/2000\/svg\"><path d=\"M410 471c-85 0-57.034-.598-123.517-.299S202 443 201.627 390.491V246.059c0-60.246-1.335-120.492-97.47-120.492-96.134 0-102.81 53.674-102.81 107.347 0 53.674 6.676 99.68 102.81 99.68 20.488 0 704.015.407 722.843.407 97 0 140-38 140.003-92.948 4.006-13.145 0-64.052 0-96.914C967.001 112.38 967 64.667 967 0\" stroke=\"#17FA73\" fill=\"none\" fill-rule=\"evenodd\"\/><\/svg>\n    <\/div>\n    <div class=\"banner-container\">\n        <div class=\"banner-title-container\">\n            <div class=\"banner-hover-title\">Cambiemos de rumbo juntos<\/div>\n            <div class=\"cursor\" data-bg=\"\"><\/div>\n        <\/div>\n        <p>\n            \u00bfCu\u00e1l es su problema?        <\/p>\n                    <a href=\"https:\/\/www.greenflex.com\/es\/contacto\/\" class=\"btn btn-white\">\n                <div class=\"btn-ico\">\n                    <svg aria-hidden=\"true\" width=\"18\" height=\"15\" xmlns=\"http:\/\/www.w3.org\/2000\/svg\" xmlns:xlink=\"http:\/\/www.w3.org\/1999\/xlink\"><defs><path d=\"M11.455 2.025c-.833.73-.972 1.483-.42 2.255l4.032 4.023H.854a.863.863 0 00-.848.875c0 .483.38.876.848.876h14.213l-3.752 4.026c-.8.88-.761 1.639.114 2.275l6.332-6.557a.859.859 0 00.245-.62.86.86 0 00-.245-.62l-6.306-6.533z\" id=\"a\"\/><\/defs><use class=\"arrow-color\" fill=\"#00A880\" transform=\"rotate(-20 6.17 8.69)\" xlink:href=\"#a\" fill-rule=\"evenodd\"\/><\/svg>\n                <\/div>\n               Contacto            <\/a>\n            <\/div>\n<\/section>\n","protected":false},"excerpt":{"rendered":"","protected":false},"author":3,"featured_media":0,"parent":0,"menu_order":0,"comment_status":"closed","ping_status":"closed","template":"","meta":{"content-type":"","inline_featured_image":false},"sector_type":[],"offer_type":[],"acf":[],"yoast_head":"<!-- This site is optimized with the Yoast SEO Premium plugin v21.8 (Yoast SEO v21.8.1) - https:\/\/yoast.com\/wordpress\/plugins\/seo\/ -->\n<title>10 consejos pr\u00e1cticos para una empresa m\u00e1s sostenible !<\/title>\n<meta name=\"description\" content=\"Los siguientes son 10 consejos pr\u00e1cticos para una mayor integraci\u00f3n de las bases del desarrollo sostenible en su proceso de RSE\" \/>\n<meta name=\"robots\" content=\"index, follow, max-snippet:-1, max-image-preview:large, max-video-preview:-1\" \/>\n<link rel=\"canonical\" href=\"https:\/\/www.greenflex.oteis.fr\/es\/10-consejos-practicos-para-una-empresa-mas-sostenible\/\" \/>\n<meta property=\"og:locale\" content=\"es_ES\" \/>\n<meta property=\"og:type\" content=\"article\" \/>\n<meta property=\"og:title\" content=\"10 consejos pr\u00e1cticos para una empresa m\u00e1s sostenible\" \/>\n<meta property=\"og:description\" content=\"Los siguientes son 10 consejos pr\u00e1cticos para una mayor integraci\u00f3n de las bases del desarrollo sostenible en su proceso de RSE\" \/>\n<meta property=\"og:url\" content=\"https:\/\/www.greenflex.oteis.fr\/es\/10-consejos-practicos-para-una-empresa-mas-sostenible\/\" \/>\n<meta property=\"og:site_name\" content=\"GreenFlex\" \/>\n<meta property=\"article:modified_time\" content=\"2021-12-08T13:56:22+00:00\" \/>\n<meta name=\"twitter:card\" content=\"summary_large_image\" \/>\n<meta name=\"twitter:site\" content=\"@GreenFlex\" \/>\n<script type=\"application\/ld+json\" class=\"yoast-schema-graph\">{\"@context\":\"https:\/\/schema.org\",\"@graph\":[{\"@type\":\"WebPage\",\"@id\":\"https:\/\/www.greenflex.oteis.fr\/es\/10-consejos-practicos-para-una-empresa-mas-sostenible\/\",\"url\":\"https:\/\/www.greenflex.oteis.fr\/es\/10-consejos-practicos-para-una-empresa-mas-sostenible\/\",\"name\":\"10 consejos pr\u00e1cticos para una empresa m\u00e1s sostenible !\",\"isPartOf\":{\"@id\":\"https:\/\/www.greenflex.oteis.fr\/es\/#website\"},\"datePublished\":\"2021-11-04T18:50:29+00:00\",\"dateModified\":\"2021-12-08T13:56:22+00:00\",\"description\":\"Los siguientes son 10 consejos pr\u00e1cticos para una mayor integraci\u00f3n de las bases del desarrollo sostenible en su proceso de RSE\",\"breadcrumb\":{\"@id\":\"https:\/\/www.greenflex.oteis.fr\/es\/10-consejos-practicos-para-una-empresa-mas-sostenible\/#breadcrumb\"},\"inLanguage\":\"es\",\"potentialAction\":[{\"@type\":\"ReadAction\",\"target\":[\"https:\/\/www.greenflex.oteis.fr\/es\/10-consejos-practicos-para-una-empresa-mas-sostenible\/\"]}]},{\"@type\":\"BreadcrumbList\",\"@id\":\"https:\/\/www.greenflex.oteis.fr\/es\/10-consejos-practicos-para-una-empresa-mas-sostenible\/#breadcrumb\",\"itemListElement\":[{\"@type\":\"ListItem\",\"position\":1,\"name\":\"GreenFlex\",\"item\":\"https:\/\/www.greenflex.oteis.fr\/es\/\"},{\"@type\":\"ListItem\",\"position\":2,\"name\":\"10 consejos pr\u00e1cticos para una empresa m\u00e1s sostenible\"}]},{\"@type\":\"WebSite\",\"@id\":\"https:\/\/www.greenflex.oteis.fr\/es\/#website\",\"url\":\"https:\/\/www.greenflex.oteis.fr\/es\/\",\"name\":\"GreenFlex\",\"description\":\"Changeons de trajectoire\",\"potentialAction\":[{\"@type\":\"SearchAction\",\"target\":{\"@type\":\"EntryPoint\",\"urlTemplate\":\"https:\/\/www.greenflex.oteis.fr\/es\/?s={search_term_string}\"},\"query-input\":\"required name=search_term_string\"}],\"inLanguage\":\"es\"}]}<\/script>\n<!-- \/ Yoast SEO Premium plugin. -->","yoast_head_json":{"title":"10 consejos pr\u00e1cticos para una empresa m\u00e1s sostenible !","description":"Los siguientes son 10 consejos pr\u00e1cticos para una mayor integraci\u00f3n de las bases del desarrollo sostenible en su proceso de RSE","robots":{"index":"index","follow":"follow","max-snippet":"max-snippet:-1","max-image-preview":"max-image-preview:large","max-video-preview":"max-video-preview:-1"},"canonical":"https:\/\/www.greenflex.oteis.fr\/es\/10-consejos-practicos-para-una-empresa-mas-sostenible\/","og_locale":"es_ES","og_type":"article","og_title":"10 consejos pr\u00e1cticos para una empresa m\u00e1s sostenible","og_description":"Los siguientes son 10 consejos pr\u00e1cticos para una mayor integraci\u00f3n de las bases del desarrollo sostenible en su proceso de RSE","og_url":"https:\/\/www.greenflex.oteis.fr\/es\/10-consejos-practicos-para-una-empresa-mas-sostenible\/","og_site_name":"GreenFlex","article_modified_time":"2021-12-08T13:56:22+00:00","twitter_card":"summary_large_image","twitter_site":"@GreenFlex","schema":{"@context":"https:\/\/schema.org","@graph":[{"@type":"WebPage","@id":"https:\/\/www.greenflex.oteis.fr\/es\/10-consejos-practicos-para-una-empresa-mas-sostenible\/","url":"https:\/\/www.greenflex.oteis.fr\/es\/10-consejos-practicos-para-una-empresa-mas-sostenible\/","name":"10 consejos pr\u00e1cticos para una empresa m\u00e1s sostenible !","isPartOf":{"@id":"https:\/\/www.greenflex.oteis.fr\/es\/#website"},"datePublished":"2021-11-04T18:50:29+00:00","dateModified":"2021-12-08T13:56:22+00:00","description":"Los siguientes son 10 consejos pr\u00e1cticos para una mayor integraci\u00f3n de las bases del desarrollo sostenible en su proceso de RSE","breadcrumb":{"@id":"https:\/\/www.greenflex.oteis.fr\/es\/10-consejos-practicos-para-una-empresa-mas-sostenible\/#breadcrumb"},"inLanguage":"es","potentialAction":[{"@type":"ReadAction","target":["https:\/\/www.greenflex.oteis.fr\/es\/10-consejos-practicos-para-una-empresa-mas-sostenible\/"]}]},{"@type":"BreadcrumbList","@id":"https:\/\/www.greenflex.oteis.fr\/es\/10-consejos-practicos-para-una-empresa-mas-sostenible\/#breadcrumb","itemListElement":[{"@type":"ListItem","position":1,"name":"GreenFlex","item":"https:\/\/www.greenflex.oteis.fr\/es\/"},{"@type":"ListItem","position":2,"name":"10 consejos pr\u00e1cticos para una empresa m\u00e1s sostenible"}]},{"@type":"WebSite","@id":"https:\/\/www.greenflex.oteis.fr\/es\/#website","url":"https:\/\/www.greenflex.oteis.fr\/es\/","name":"GreenFlex","description":"Changeons de trajectoire","potentialAction":[{"@type":"SearchAction","target":{"@type":"EntryPoint","urlTemplate":"https:\/\/www.greenflex.oteis.fr\/es\/?s={search_term_string}"},"query-input":"required name=search_term_string"}],"inLanguage":"es"}]}},"_links":{"self":[{"href":"https:\/\/www.greenflex.oteis.fr\/es\/wp-json\/wp\/v2\/pages\/5515"}],"collection":[{"href":"https:\/\/www.greenflex.oteis.fr\/es\/wp-json\/wp\/v2\/pages"}],"about":[{"href":"https:\/\/www.greenflex.oteis.fr\/es\/wp-json\/wp\/v2\/types\/page"}],"author":[{"embeddable":true,"href":"https:\/\/www.greenflex.oteis.fr\/es\/wp-json\/wp\/v2\/users\/3"}],"replies":[{"embeddable":true,"href":"https:\/\/www.greenflex.oteis.fr\/es\/wp-json\/wp\/v2\/comments?post=5515"}],"version-history":[{"count":0,"href":"https:\/\/www.greenflex.oteis.fr\/es\/wp-json\/wp\/v2\/pages\/5515\/revisions"}],"wp:attachment":[{"href":"https:\/\/www.greenflex.oteis.fr\/es\/wp-json\/wp\/v2\/media?parent=5515"}],"wp:term":[{"taxonomy":"sector_type","embeddable":true,"href":"https:\/\/www.greenflex.oteis.fr\/es\/wp-json\/wp\/v2\/sector_type?post=5515"},{"taxonomy":"offer_type","embeddable":true,"href":"https:\/\/www.greenflex.oteis.fr\/es\/wp-json\/wp\/v2\/offer_type?post=5515"}],"curies":[{"name":"wp","href":"https:\/\/api.w.org\/{rel}","templated":true}]}}