{"id":5476,"date":"2021-11-04T17:02:34","date_gmt":"2021-11-04T17:02:34","guid":{"rendered":"https:\/\/www.greenflex.com\/?page_id=5476"},"modified":"2024-10-11T13:40:14","modified_gmt":"2024-10-11T13:40:14","slug":"que-es-una-politica-de-compra-responsable","status":"publish","type":"page","link":"https:\/\/www.greenflex.oteis.fr\/es\/que-es-una-politica-de-compra-responsable\/","title":{"rendered":"\u00bfQu\u00e9 es una pol\u00edtica de compra responsable?"},"content":{"rendered":"\n<section id=\"disko-component-header-simple-block_eb41cd9363396634568aa12f6c03df75\" class=\"disko-component disko-component-header-simple\">\n    <div class=\"header-content\">\n        <div class=\"bread-crumbs-container\">\n            <span><span><a href=\"https:\/\/www.greenflex.oteis.fr\/es\/\">GreenFlex<\/a><\/span><\/span>        <\/div>\n        <h1 class=\"header-title\">\n            \u00bfQu\u00e9 es una pol\u00edtica de compra responsable?        <\/h1>\n        <div class=\"header-description\">\n            <p>El desarrollo de una pol\u00edtica de compra responsable y sostenible es un reto importante para las empresas. Dando preferencia a las adquisiciones \u00e9ticas y ecol\u00f3gicas coherentes con la estrategia global de la empresa, usted forma parte de una din\u00e1mica existente y contribuye a sensibilizar a los consumidores por medio de su actitud ejemplar.<\/p>\n        <\/div>\n        <div class=\"btn-wrapper\">\n                                <\/div>\n    <\/div>\n    <\/section>\n\n\n\n<section id=\"disko-component-wysiwyg-block_8948000904bf70db50e6a67e43346fbc\" class=\"disko-component disko-component-wysiwyg light\">\n    <div class=\"wysiwyg-wrapper\">\n        <h2 style=\"text-align: left;\">El reto de una pol\u00edtica de compra responsable<\/h2>\n<p>Frente al cuestionamiento de las conductas de consumo actuales en un contexto econ\u00f3mico, social y medioambiental debilitado, las empresas deben tomar conciencia de su impacto sobre la sociedad y presentar un balance. En el \u00e1mbito de los principios generales de su RSC, la implementaci\u00f3n de una pol\u00edtica de compra responsable le permite intervenir en el mercado, protegiendo al mismo tiempo el medio ambiente.<br \/>\nLa compra responsable implica que la empresa asuma toda su responsabilidad, con total transparencia hacia sus diferentes partes interesadas, tanto internas como externas. Debe tener en cuenta los efectos econ\u00f3micos, sociales, energ\u00e9ticos y medioambientales de cada una de sus acciones, desde la concepci\u00f3n del producto o servicio hasta el final de su vida.<\/p>\n<p>Tambi\u00e9n es un compromiso de utilidad social, que forma parte de un proceso de econom\u00eda circular para un consumo sostenible, a un coste controlado. Por medio del impulso de una pol\u00edtica de compra voluntaria y sostenible, la empresa se hace m\u00e1s c\u00edvica y gana competitividad.<\/p>\n<h2>Pol\u00edtica de compra responsable: las claves del \u00e9xito<\/h2>\n<p>Una pol\u00edtica de compra responsable no se improvisa. Sus objetivos deben estar definidos claramente. Es fundamental una fase de preparaci\u00f3n anterior a cada etapa del proceso.<\/p>\n<h3 style=\"text-align: left;\">Un compromiso social s\u00f3lido de las grupos de inter\u00e9s<\/h3>\n<p>Las compras que se encuentran en el centro de la estrategia son determinantes para el rendimiento y la rentabilidad de la empresa, siempre y cuando sean sin\u00f3nimo de reducci\u00f3n de costes. Para no afectar al proceso, la pol\u00edtica de compra implica convicci\u00f3n y compromiso, as\u00ed como una visi\u00f3n global de los grupos de inter\u00e9s con el fin de que cada una afirme su responsabilidad social en el n\u00facleo de su trabajo. Formaci\u00f3n, comunicaci\u00f3n, movilizaci\u00f3n, di\u00e1logo, an\u00e1lisis de la experiencia son todas bases necesarias para fundar una pol\u00edtica solidaria en una estrategia sostenible. Es necesario inspirar una din\u00e1mica de equipo que fomente los intercambios y la confianza entre las distintas partes interesadas.<\/p>\n<h3 style=\"text-align: left;\">Una relaci\u00f3n duradera con los proveedores<\/h3>\n<p>Es esencial implementar procesos con los proveedores con el fin de controlar mejor sus aprovisionamientos, al mismo tiempo que se optimizan sus costes. La empresa debe mantener un di\u00e1logo abierto con ellos para conocer mejor sus ofertas y perspectivas de adaptaci\u00f3n. La evaluaci\u00f3n de su responsabilidad social y medioambiental es determinante en la elecci\u00f3n final del proveedor. El compromiso \u00e9tico debe ser rec\u00edproco, de acuerdo con los valores de integridad de la empresa. Puede estar definido asimismo en un reglamento interno para legitimizar la colaboraci\u00f3n.<\/p>\n<h3 style=\"text-align: left;\">Una pol\u00edtica de compra focalizada en un consumo m\u00e1s responsable<\/h3>\n<p>Es un elemento importante del desarrollo sostenible y tiene como objetivo la adquisici\u00f3n de productos m\u00e1s respetuosos con el medio ambiente, solidarios, \u00e9ticos y\/o procedentes del comercio justo. Las buenas pr\u00e1cticas en la compra, la transparencia en las condiciones de fabricaci\u00f3n de los productos y las campa\u00f1as de comunicaci\u00f3n repetitivas fomentan un consumo m\u00e1s responsable. Concienciando al p\u00fablico en general sobre la calidad medioambiental, social o energ\u00e9tica de un producto y\/o servicio, la empresa establece un valor a\u00f1adido real. Valora su imagen, especializaci\u00f3n y reputaci\u00f3n en materia de RSC. Adem\u00e1s, el consumidor es m\u00e1s propenso a manifestar su compromiso a favor de la marca que se integra en un proceso responsable.<\/p>\n<h3 style=\"text-align: left;\">Elegir bien sus productos: los buenos criterios de compra en equipos IT<\/h3>\n<p>Tel\u00e9fonos fijos, smartphones, ordenadores, tabletas, centros de datos o, de nuevo, sistemas de impresi\u00f3n. La utilizaci\u00f3n profesional de equipos IT ocasiona emisiones de gases de efecto invernadero importantes y alarmantes (se estima que suponen un 2,5 % de las emisiones mundiales).<\/p>\n<p>Para reducir esta huella de carbono, la empresa debe llevar a cabo una pol\u00edtica de compra que respete ciertos criterios en sus inversiones IT: dise\u00f1o ecol\u00f3gico del producto, sostenibilidad, <a href=\"https:\/\/www.greenflex.oteis.fr\/es\/ofertas\/estrategia-y-rendimiento-energeticos\/\">consumo energ\u00e9tico<\/a> y tambi\u00e9n la madurez RSC del fabricante. Este \u00faltimo debe haber asumido compromisos y realizar acciones concretas para reducir su huella medioambiental.<\/p>\n<p>Para llevar a cabo estas buenas pr\u00e1cticas, la empresa tambi\u00e9n debe recurrir al etiquetado ecol\u00f3gico europeo, que le asegura que es un material que ejerce un menor impacto sobre el medio ambiente durante todo su ciclo de vida, desde la extracci\u00f3n de las materias primas, la fabricaci\u00f3n y la utilizaci\u00f3n, hasta el reciclaje del producto.<\/p>\n<p>Pero adem\u00e1s de la huella de carbono y sus consecuencias medioambientales, la huella social tambi\u00e9n desempe\u00f1a una funci\u00f3n esencial. Efectivamente, la empresa debe prestar particular atenci\u00f3n al conjunto de partes interesadas de su ecosistema con el fin de continuar siendo sostenible.<\/p>\n<p>Gesti\u00f3n de la compra, reparto, intercambios, compromisos rec\u00edprocos, control sostenible de los costes y gesti\u00f3n de riesgos\u2026 Una pol\u00edtica de compra responsable, particularmente en <a href=\"https:\/\/www.greenflex.oteis.fr\/es\/arrendamiento-operativo\/\">los equipos IT<\/a>, es un pilar del desarrollo sostenible; un aut\u00e9ntico vector del crecimiento econ\u00f3mico.<\/p>\n    <\/div>\n<\/section>\n\n\n\n<section id=\"disko-component-slider-crossnav-block_7f326f31f5d7f70c373a5ab8d1e08a75\" class=\"disko-component disko-component-slider-crossnav light-green\">\n    <div class=\"crossnav-title-container\">\n        <h2 class=\"crossnav-title\">\n          Otros art\u00edculos      <\/h2>\n            <\/div> \n                          <div class=\" slider-crossnav article\">\n                <div class=\"swiper-wrapper\">\n                                                  <div class=\"swiper-slide slide-crossnav\">\n                                \n                                <a class=\"slide-crossnav-content\" href=\"https:\/\/www.greenflex.oteis.fr\/es\/10-consejos-practicos-para-una-empresa-mas-sostenible\/\">\n                                    <span class=\"slide-crossnav-img-container\">\n                                                                                                                 <img decoding=\"async\" class=\"slide-crossnav-img\" src=\"https:\/\/www.greenflex.oteis.fr\/wp-content\/themes\/3.8.1\/assets\/images\/default-img.jpg\" alt=\"Logo GreenFlex\" \/>\n                                                                        <\/span>\n                                    <h3 class=\"slide-crossnav-title\">\n                                        10 consejos pr\u00e1cticos para una empresa m\u00e1s sostenible                                    <\/h3>\n                                    <span class=\"slide-crossnav-description\">\n                                                                            <\/span>\n                                <\/a>\n                            <\/div>\n                                                    <div class=\"swiper-slide slide-crossnav\">\n                                \n                                <a class=\"slide-crossnav-content\" href=\"https:\/\/www.greenflex.oteis.fr\/es\/financiacion-infografia\/\">\n                                    <span class=\"slide-crossnav-img-container\">\n                                                                                                                 <img decoding=\"async\" class=\"slide-crossnav-img\" src=\"https:\/\/www.greenflex.oteis.fr\/wp-content\/themes\/3.8.1\/assets\/images\/default-img.jpg\" alt=\"Logo GreenFlex\" \/>\n                                                                        <\/span>\n                                    <h3 class=\"slide-crossnav-title\">\n                                        Infografia financiacion transicion                                    <\/h3>\n                                    <span class=\"slide-crossnav-description\">\n                                                                            <\/span>\n                                <\/a>\n                            <\/div>\n                                        <\/div>\n                <div class=\"crossnav-pagination-article\"><\/div>\n            <\/div>\n            <\/section>\n\n\n\n<section id=\"disko-component-banner-block_790ac8f9d100527d9c03d8394520f038\" class=\"disko-component disko-component-banner section-banner green\">\n    <div class=\"line-container\">\n        <svg width=\"100%\" height=\"100%\" viewBox=\"0 0 970 472\" aria-hidden=\"true\" preserveAspectRatio=\"xMinYMin meet\" xmlns=\"http:\/\/www.w3.org\/2000\/svg\"><path d=\"M410 471c-85 0-57.034-.598-123.517-.299S202 443 201.627 390.491V246.059c0-60.246-1.335-120.492-97.47-120.492-96.134 0-102.81 53.674-102.81 107.347 0 53.674 6.676 99.68 102.81 99.68 20.488 0 704.015.407 722.843.407 97 0 140-38 140.003-92.948 4.006-13.145 0-64.052 0-96.914C967.001 112.38 967 64.667 967 0\" stroke=\"#17FA73\" fill=\"none\" fill-rule=\"evenodd\"\/><\/svg>\n    <\/div>\n    <div class=\"banner-container\">\n        <div class=\"banner-title-container\">\n            <div class=\"banner-hover-title\">Cambiemos de rumbo juntos<\/div>\n            <div class=\"cursor\" data-bg=\"\"><\/div>\n        <\/div>\n        <p>\n            \u00bfCu\u00e1l es su problema?         <\/p>\n                    <a href=\"https:\/\/www.greenflex.oteis.fr\/es\/contacto\/\" class=\"btn btn-white\">\n                <div class=\"btn-ico\">\n                    <svg aria-hidden=\"true\" width=\"18\" height=\"15\" xmlns=\"http:\/\/www.w3.org\/2000\/svg\" xmlns:xlink=\"http:\/\/www.w3.org\/1999\/xlink\"><defs><path d=\"M11.455 2.025c-.833.73-.972 1.483-.42 2.255l4.032 4.023H.854a.863.863 0 00-.848.875c0 .483.38.876.848.876h14.213l-3.752 4.026c-.8.88-.761 1.639.114 2.275l6.332-6.557a.859.859 0 00.245-.62.86.86 0 00-.245-.62l-6.306-6.533z\" id=\"a\"\/><\/defs><use class=\"arrow-color\" fill=\"#00A880\" transform=\"rotate(-20 6.17 8.69)\" xlink:href=\"#a\" fill-rule=\"evenodd\"\/><\/svg>\n                <\/div>\n               Contacto            <\/a>\n            <\/div>\n<\/section>\n","protected":false},"excerpt":{"rendered":"","protected":false},"author":3,"featured_media":0,"parent":0,"menu_order":0,"comment_status":"closed","ping_status":"closed","template":"","meta":{"content-type":"","inline_featured_image":false},"sector_type":[],"offer_type":[],"acf":[],"yoast_head":"<!-- This site is optimized with the Yoast SEO Premium plugin v21.8 (Yoast SEO v21.8.1) - https:\/\/yoast.com\/wordpress\/plugins\/seo\/ -->\n<title>Una pol\u00edtica de compra responsable? \u00bfQu\u00e9 es?<\/title>\n<meta name=\"description\" content=\"El desarrollo de una pol\u00edtica de compra responsable y sostenible es un reto importante para las empresas\" \/>\n<meta name=\"robots\" content=\"index, follow, max-snippet:-1, max-image-preview:large, max-video-preview:-1\" \/>\n<link rel=\"canonical\" href=\"https:\/\/www.greenflex.oteis.fr\/es\/que-es-una-politica-de-compra-responsable\/\" \/>\n<meta property=\"og:locale\" content=\"es_ES\" \/>\n<meta property=\"og:type\" content=\"article\" \/>\n<meta property=\"og:title\" content=\"\u00bfQu\u00e9 es una pol\u00edtica de compra responsable?\" \/>\n<meta property=\"og:description\" content=\"El desarrollo de una pol\u00edtica de compra responsable y sostenible es un reto importante para las empresas\" \/>\n<meta property=\"og:url\" content=\"https:\/\/www.greenflex.oteis.fr\/es\/que-es-una-politica-de-compra-responsable\/\" \/>\n<meta property=\"og:site_name\" content=\"GreenFlex\" \/>\n<meta property=\"article:modified_time\" content=\"2024-10-11T13:40:14+00:00\" \/>\n<meta name=\"twitter:card\" content=\"summary_large_image\" \/>\n<meta name=\"twitter:site\" content=\"@GreenFlex\" \/>\n<script type=\"application\/ld+json\" class=\"yoast-schema-graph\">{\"@context\":\"https:\/\/schema.org\",\"@graph\":[{\"@type\":\"WebPage\",\"@id\":\"https:\/\/www.greenflex.oteis.fr\/es\/que-es-una-politica-de-compra-responsable\/\",\"url\":\"https:\/\/www.greenflex.oteis.fr\/es\/que-es-una-politica-de-compra-responsable\/\",\"name\":\"Una pol\u00edtica de compra responsable? \u00bfQu\u00e9 es?\",\"isPartOf\":{\"@id\":\"https:\/\/www.greenflex.oteis.fr\/es\/#website\"},\"datePublished\":\"2021-11-04T17:02:34+00:00\",\"dateModified\":\"2024-10-11T13:40:14+00:00\",\"description\":\"El desarrollo de una pol\u00edtica de compra responsable y sostenible es un reto importante para las empresas\",\"breadcrumb\":{\"@id\":\"https:\/\/www.greenflex.oteis.fr\/es\/que-es-una-politica-de-compra-responsable\/#breadcrumb\"},\"inLanguage\":\"es\",\"potentialAction\":[{\"@type\":\"ReadAction\",\"target\":[\"https:\/\/www.greenflex.oteis.fr\/es\/que-es-una-politica-de-compra-responsable\/\"]}]},{\"@type\":\"BreadcrumbList\",\"@id\":\"https:\/\/www.greenflex.oteis.fr\/es\/que-es-una-politica-de-compra-responsable\/#breadcrumb\",\"itemListElement\":[{\"@type\":\"ListItem\",\"position\":1,\"name\":\"GreenFlex\",\"item\":\"https:\/\/www.greenflex.oteis.fr\/es\/\"},{\"@type\":\"ListItem\",\"position\":2,\"name\":\"\u00bfQu\u00e9 es una pol\u00edtica de compra responsable?\"}]},{\"@type\":\"WebSite\",\"@id\":\"https:\/\/www.greenflex.oteis.fr\/es\/#website\",\"url\":\"https:\/\/www.greenflex.oteis.fr\/es\/\",\"name\":\"GreenFlex\",\"description\":\"Changeons de trajectoire\",\"potentialAction\":[{\"@type\":\"SearchAction\",\"target\":{\"@type\":\"EntryPoint\",\"urlTemplate\":\"https:\/\/www.greenflex.oteis.fr\/es\/?s={search_term_string}\"},\"query-input\":\"required name=search_term_string\"}],\"inLanguage\":\"es\"}]}<\/script>\n<!-- \/ Yoast SEO Premium plugin. -->","yoast_head_json":{"title":"Una pol\u00edtica de compra responsable? \u00bfQu\u00e9 es?","description":"El desarrollo de una pol\u00edtica de compra responsable y sostenible es un reto importante para las empresas","robots":{"index":"index","follow":"follow","max-snippet":"max-snippet:-1","max-image-preview":"max-image-preview:large","max-video-preview":"max-video-preview:-1"},"canonical":"https:\/\/www.greenflex.oteis.fr\/es\/que-es-una-politica-de-compra-responsable\/","og_locale":"es_ES","og_type":"article","og_title":"\u00bfQu\u00e9 es una pol\u00edtica de compra responsable?","og_description":"El desarrollo de una pol\u00edtica de compra responsable y sostenible es un reto importante para las empresas","og_url":"https:\/\/www.greenflex.oteis.fr\/es\/que-es-una-politica-de-compra-responsable\/","og_site_name":"GreenFlex","article_modified_time":"2024-10-11T13:40:14+00:00","twitter_card":"summary_large_image","twitter_site":"@GreenFlex","schema":{"@context":"https:\/\/schema.org","@graph":[{"@type":"WebPage","@id":"https:\/\/www.greenflex.oteis.fr\/es\/que-es-una-politica-de-compra-responsable\/","url":"https:\/\/www.greenflex.oteis.fr\/es\/que-es-una-politica-de-compra-responsable\/","name":"Una pol\u00edtica de compra responsable? \u00bfQu\u00e9 es?","isPartOf":{"@id":"https:\/\/www.greenflex.oteis.fr\/es\/#website"},"datePublished":"2021-11-04T17:02:34+00:00","dateModified":"2024-10-11T13:40:14+00:00","description":"El desarrollo de una pol\u00edtica de compra responsable y sostenible es un reto importante para las empresas","breadcrumb":{"@id":"https:\/\/www.greenflex.oteis.fr\/es\/que-es-una-politica-de-compra-responsable\/#breadcrumb"},"inLanguage":"es","potentialAction":[{"@type":"ReadAction","target":["https:\/\/www.greenflex.oteis.fr\/es\/que-es-una-politica-de-compra-responsable\/"]}]},{"@type":"BreadcrumbList","@id":"https:\/\/www.greenflex.oteis.fr\/es\/que-es-una-politica-de-compra-responsable\/#breadcrumb","itemListElement":[{"@type":"ListItem","position":1,"name":"GreenFlex","item":"https:\/\/www.greenflex.oteis.fr\/es\/"},{"@type":"ListItem","position":2,"name":"\u00bfQu\u00e9 es una pol\u00edtica de compra responsable?"}]},{"@type":"WebSite","@id":"https:\/\/www.greenflex.oteis.fr\/es\/#website","url":"https:\/\/www.greenflex.oteis.fr\/es\/","name":"GreenFlex","description":"Changeons de trajectoire","potentialAction":[{"@type":"SearchAction","target":{"@type":"EntryPoint","urlTemplate":"https:\/\/www.greenflex.oteis.fr\/es\/?s={search_term_string}"},"query-input":"required name=search_term_string"}],"inLanguage":"es"}]}},"_links":{"self":[{"href":"https:\/\/www.greenflex.oteis.fr\/es\/wp-json\/wp\/v2\/pages\/5476"}],"collection":[{"href":"https:\/\/www.greenflex.oteis.fr\/es\/wp-json\/wp\/v2\/pages"}],"about":[{"href":"https:\/\/www.greenflex.oteis.fr\/es\/wp-json\/wp\/v2\/types\/page"}],"author":[{"embeddable":true,"href":"https:\/\/www.greenflex.oteis.fr\/es\/wp-json\/wp\/v2\/users\/3"}],"replies":[{"embeddable":true,"href":"https:\/\/www.greenflex.oteis.fr\/es\/wp-json\/wp\/v2\/comments?post=5476"}],"version-history":[{"count":6,"href":"https:\/\/www.greenflex.oteis.fr\/es\/wp-json\/wp\/v2\/pages\/5476\/revisions"}],"predecessor-version":[{"id":18336,"href":"https:\/\/www.greenflex.oteis.fr\/es\/wp-json\/wp\/v2\/pages\/5476\/revisions\/18336"}],"wp:attachment":[{"href":"https:\/\/www.greenflex.oteis.fr\/es\/wp-json\/wp\/v2\/media?parent=5476"}],"wp:term":[{"taxonomy":"sector_type","embeddable":true,"href":"https:\/\/www.greenflex.oteis.fr\/es\/wp-json\/wp\/v2\/sector_type?post=5476"},{"taxonomy":"offer_type","embeddable":true,"href":"https:\/\/www.greenflex.oteis.fr\/es\/wp-json\/wp\/v2\/offer_type?post=5476"}],"curies":[{"name":"wp","href":"https:\/\/api.w.org\/{rel}","templated":true}]}}