{"id":5188,"date":"2021-10-03T10:49:00","date_gmt":"2021-10-03T10:49:00","guid":{"rendered":"https:\/\/www.greenflex.com\/?page_id=5188"},"modified":"2026-01-09T16:24:50","modified_gmt":"2026-01-09T16:24:50","slug":"avisos-legales","status":"publish","type":"page","link":"https:\/\/www.greenflex.oteis.fr\/es\/avisos-legales\/","title":{"rendered":"Avisos legales"},"content":{"rendered":"\n<section id=\"disko-component-header-simple-block_09765e276dd86ade7a6914b72ad1e65f\" class=\"disko-component disko-component-header-simple\">\n    <div class=\"header-content\">\n        <div class=\"bread-crumbs-container\">\n            <span><span><a href=\"https:\/\/www.greenflex.oteis.fr\/es\/\">GreenFlex<\/a><\/span><\/span>        <\/div>\n        <h1 class=\"header-title\">\n            Avisos legales        <\/h1>\n        <div class=\"header-description\">\n            <p>Bienvenido al sitio web <a href=\"https:\/\/www.greenflex.oteis.fr\" target=\"_blank\" rel=\"noopener noreferrer\">https:\/\/www.greenflex.oteis.fr<\/a>. Al conectarse o usar nuestro sitio web, usted reconoce que ha le\u00eddo, comprendido y aceptado, sin limitaci\u00f3n o calificaci\u00f3n, estos t\u00e9rminos y condiciones de uso y nuestra <a href=\"https:\/\/www.greenflex.oteis.fr\/es\/politica-de-privacidad-y-cookies\/\">pol\u00edtica sobre la protecci\u00f3n de datos personales y cookies<\/a>.<\/p>\n        <\/div>\n        <div class=\"btn-wrapper\">\n                                <\/div>\n    <\/div>\n    <\/section>\n\n\n\n<section id=\"disko-component-wysiwyg-block_a78c301228403f9fb383162e55bb5eb2\" class=\"disko-component disko-component-wysiwyg light\">\n    <div class=\"wysiwyg-wrapper\">\n        <p><strong>1. Identidad<\/strong><\/p>\n<p>Editor del sitio web, en adelante la \u00abCompa\u00f1\u00eda\u00bb:<\/p>\n<p>GreenFlex SAS<\/p>\n<p>Domicilio social: 7-11 boulevard Haussmann \u2013 75009 Paris<\/p>\n<p>Tipo de empresa y forma social: SAS<\/p>\n<p>Capital: <span data-teams=\"true\">128 544 825<\/span> \u20ac<\/p>\n<p>Registro de comercio y empresas: R.C.S. Paris 511 840 845<\/p>\n<p>T.V.A. n\u00famero: FR 34 511 840 845<\/p>\n<p>Correo electr\u00f3nico: contact@greenflex.com<\/p>\n<p>Tel\u00e9fono: +33 (0) 1 40 22 14 60<\/p>\n<p>Director de la publicaci\u00f3n: Sandra Thevenaz<\/p>\n<p>Servidor:<\/p>\n<p>Greenshift, 9 rue Campagne Premi\u00e8re 75014 Paris &#8211; +33 9 53 54 22 66<\/p>\n<p>La empresa tienen su propia existencia legal y tienen una personalidad jur\u00eddica aut\u00f3noma. La empresa que cre\u00f3 este sitio web pertenece al grupo Oteis. Los t\u00e9rminos \u00abnosotros\u00bb, \u00abnos\u00bb, \u00abnuestro\u00bb se refieren a la Compa\u00f1\u00eda. No se puede deducir del mero uso de estos t\u00e9rminos ninguna participaci\u00f3n de Oteis, o cualquiera de sus subsidiarias en el negocio o la gesti\u00f3n de otra empresa del grupo Oteis.<\/p>\n<p>En relaci\u00f3n a Espa\u00f1a, GreenFlex opera a trav\u00e9s de la empresa<\/p>\n<p>GREENFLEX ACTIRENT GROUP, S.L.,<\/p>\n<p>CIF: B63724231,<\/p>\n<p>Tel\u00e9fono: (+34) 93 218 11 83,<\/p>\n<p>Domicilio: C\/ARAGON 208, 08011 Barcelona (Espa\u00f1a)<\/p>\n<p><strong>2. Informaci\u00f3n sobre actividades<\/strong><\/p>\n<p>La Compa\u00f1\u00eda ha puesto este sitio web en l\u00ednea para presentar ciertas actividades de la Compa\u00f1\u00eda. La informaci\u00f3n se proporciona como parte de una informaci\u00f3n general, sin garant\u00eda de adecuaci\u00f3n a una necesidad particular de uso. La Compa\u00f1\u00eda puede modificar, actualizar, en cualquier momento y sin previo aviso.<\/p>\n<p><strong>3. Propiedad intelectual<\/strong><\/p>\n<p>3.1. Principio. Toda la informaci\u00f3n o documentos (texto, im\u00e1genes animadas o no animadas, bases de datos, sonidos, fotos, know-how, productos citados) contenidos en el sitio web, as\u00ed como todos los elementos creados para el sitio web y su estructura general, son la propiedad de la Compa\u00f1\u00eda, o est\u00e1n sujetos a los derechos de uso, reproducci\u00f3n y representaci\u00f3n que se les otorga. Dicha informaci\u00f3n, documentos o materiales est\u00e1n sujetos a las leyes de derechos de autor tan pronto como se pongan a disposici\u00f3n del p\u00fablico en este sitio web. No se concede ninguna licencia o derecho que no sea el derecho a consultar el sitio web a nadie con respecto a los derechos de propiedad intelectual. La reproducci\u00f3n de los documentos del sitio web est\u00e1 autorizada para fines de informaci\u00f3n exclusiva para uso personal y privado. Cualquier reproducci\u00f3n o uso de copias hechas para otros prop\u00f3sitos est\u00e1 expresamente prohibido y sujeto a la previa autorizaci\u00f3n expresa de la Compa\u00f1\u00eda. En cualquier caso, la reproducci\u00f3n autorizada de la informaci\u00f3n contenida en este sitio web debe indicar la fuente y la menci\u00f3n adecuada de la propiedad.<\/p>\n<p>3.2 Signos distintivos. A menos que se indique lo contrario, los nombres corporativos, logotipos, productos y marcas mencionados en este sitio web son propiedad de la Compa\u00f1\u00eda, o son objeto de los derechos de uso, reproducci\u00f3n o representaci\u00f3n que tienen sido hecho para su beneficio. No pueden usarse sin el permiso previo por escrito de la Compa\u00f1\u00eda.<\/p>\n<p>3.3. Bases de datos. Cualquier base de datos disponible para usted es propiedad de la Compa\u00f1\u00eda, que es un productor de bases de datos. No puede extraer o reutilizar una parte cualitativa o cuantitativamente sustancial de las bases de datos, incluso para fines privados.<\/p>\n<p><strong>4. Compromiso del usuario<\/strong><\/p>\n<p>4.1. Cada usuario del sitio web que proporciona informaci\u00f3n da su consentimiento a la Compa\u00f1\u00eda con todos los derechos transferibles relacionados con esta informaci\u00f3n y autoriza a la Compa\u00f1\u00eda a usarla. La informaci\u00f3n provista por los usuarios se considerar\u00e1 no confidencial. Sin embargo, cuando la informaci\u00f3n proporcionada es informaci\u00f3n de car\u00e1cter personal en el sentido de la ley aplicable, dicha informaci\u00f3n se tratar\u00e1 de acuerdo con la pol\u00edtica de privacidad y cookies del sitio web.<\/p>\n<p>4.2. Cada usuario del sitio web declara cumplir con estas condiciones generales de uso y las leyes vigentes, en particular:<\/p>\n<ul>\n<li>tener las habilidades y los medios necesarios para acceder y usar el sitio web;<br \/>\nhaber verificado que la configuraci\u00f3n de su equipo no contiene virus y est\u00e1 en perfecto estado de funcionamiento;<\/li>\n<li>otorga a la Compa\u00f1\u00eda y sus socios, seg\u00fan sea el caso, el derecho de hacer uso de la informaci\u00f3n provista (que no sea informaci\u00f3n personal);<\/li>\n<li>debe mantener la confidencialidad y ser responsable del uso y la seguridad de los c\u00f3digos de acceso y contrase\u00f1as que la Compa\u00f1\u00eda puede enviarle para acceder a ciertas partes de la web. La Compa\u00f1\u00eda se reserva el derecho de suspender su acceso al sitio web en caso de uso fraudulento o intento de uso fraudulento de este acceso.<\/li>\n<\/ul>\n<p><strong>5. Enlaces de hipertexto<\/strong><\/p>\n<p>5.1. Activaci\u00f3n de enlaces. La compa\u00f1\u00eda niega expresamente cualquier responsabilidad por el contenido de los sitios a los que enlaza. Estos enlaces se ofrecen a los usuarios de este sitio web. Consulte las condiciones generales y la pol\u00edtica de privacidad y cookies de estos sitios para comprender c\u00f3mo utilizan sus datos. La decisi\u00f3n de seguir los enlaces pertenece exclusivamente a los usuarios del sitio web. La Compa\u00f1\u00eda puede modificar o eliminar un enlace en nuestro sitio web en cualquier momento.<\/p>\n<p>Autorizaci\u00f3n de enlaces. Si desea crear un enlace de hipertexto a este sitio web, debe obtener la autorizaci\u00f3n previa por escrito de la Compa\u00f1\u00eda utilizando los datos de contacto mencionados al final de este documento.<\/p>\n<p><strong>6. Advertencias<\/strong><\/p>\n<p>6.1 La informaci\u00f3n y las recomendaciones disponibles en este sitio web (\u00abInformaci\u00f3n\u00bb) se ofrecen de buena fe.<\/p>\n<p>Se supone que son correctos cuando se publican en el sitio. Sin embargo, la Compa\u00f1\u00eda no garantiza la integridad y exactitud de esta Informaci\u00f3n. El usuario asume completamente el riesgo del cr\u00e9dito que da a la informaci\u00f3n. Esta informaci\u00f3n se proporciona a condici\u00f3n de que el usuario o cualquier otra persona que la reciba pueda determinar su inter\u00e9s para un prop\u00f3sito espec\u00edfico antes de usarla. En ning\u00fan caso la Compa\u00f1\u00eda ser\u00e1 responsable de los da\u00f1os que puedan resultar del cr\u00e9dito otorgado a dicha Informaci\u00f3n o de su uso.<\/p>\n<p>Dicha informaci\u00f3n no debe interpretarse como recomendaciones para utilizar la informaci\u00f3n, productos, procedimientos, equipos, o formulaci\u00f3n que entre en conflicto con cualquier patente, derecho de autor o marca comercial. La Compa\u00f1\u00eda renuncia a todas las garant\u00edas, expresas o impl\u00edcitas, si el uso de esta Informaci\u00f3n viola cualquier patente, derecho de autor o marca comercial.<\/p>\n<p>La Compa\u00f1\u00eda rechaza categ\u00f3ricamente cualquier interpretaci\u00f3n que busque asimilar el contenido de sus sitios web a ofertas de compra o incentivos para adquirir acciones u otros valores cotizados o no cotizados en la Compa\u00f1\u00eda.<\/p>\n<p>No hay garant\u00eda, expresa o impl\u00edcita, en cuanto a la naturaleza comercial de la informaci\u00f3n proporcionada, ni por su idoneidad para un prop\u00f3sito particular, y que para los productos a que se hace referencia en dicha informaci\u00f3n.<\/p>\n<p>En ning\u00fan caso, la Compa\u00f1\u00eda se comprometer\u00e1 a actualizar o corregir la Informaci\u00f3n que se difundir\u00e1 en Internet o en sus servidores web. La Compa\u00f1\u00eda se reserva el derecho de modificar o corregir el contenido de sus sitios en cualquier momento sin previo aviso.<\/p>\n<p>6.2. El material en este sitio web puede contener informaci\u00f3n prospectiva sobre el grupo (incluyendo los objetivos y tendencias), as\u00ed como las declaraciones prospectivas dentro del significado de la Ley de Valores Privados de reforma de litigios de 1995 (declaraciones prospectivas), en particular con respecto a la situaci\u00f3n financiera, los resultados de las operaciones, actividades y estrategia industrial de GreenFlex. Estos datos no son pron\u00f3sticos en el sentido del Reglamento Europeo 809\/2004.<\/p>\n<p>La informaci\u00f3n prospectiva y las declaraciones contenidas en estos documentos se basan en datos econ\u00f3micos y suposiciones realizadas en un entorno econ\u00f3mico, competitivo y normativo determinado. Pueden llegar a ser inexacto en el futuro y est\u00e1n sujetas a factores de riesgo que podr\u00edan conducir a una diferencia significativa entre los resultados reales y los previstos, incluyendo, en particular los cambios en los tipos de cambio, los precios del petr\u00f3leo, la capacidad hacer ahorros de costes o la eficiencia de las operaciones comerciales sin perturbar indebidamente, las consideraciones de regulaci\u00f3n ambiental y las condiciones econ\u00f3micas y financieras generales. Asimismo, cierta informaci\u00f3n financiera se basa en estimaciones, en particular cuando se eval\u00faa el valor recuperable de los activos y los montos de cualquier p\u00e9rdida por deterioro.<\/p>\n<p>Ni GreenFlex ni ninguno de sus afiliados se compromete ni se responsabiliza con los inversores o cualquier otra parte para actualizar o revisar cualquier informaci\u00f3n, en particular como resultado de nueva informaci\u00f3n o eventos futuros, en todo o en parte. declaraciones, informaci\u00f3n prospectiva, tendencias u objetivos contenidos en estos documentos. Tambi\u00e9n se encuentra disponible informaci\u00f3n adicional sobre los factores, riesgos e incertidumbres que pueden tener un impacto en los resultados financieros o actividades del Grupo en las versiones m\u00e1s actualizadas del Documento de Referencia presentado por la Compa\u00f1\u00eda con la \u201cAutorit\u00e9 des march\u00e9s\u201d y el Formulario 20-F presentado por la Compa\u00f1\u00eda ante la \u201cComisi\u00f3n de Bolsa y Valores de los Estados Unidos\u201d (\u00abSEC\u00bb).<\/p>\n<p>6.3. La Compa\u00f1\u00eda no garantiza, sin que esta lista sea exhaustiva, que el sitio web opera sin interrupci\u00f3n y que los servidores que brindan acceso a \u00e9l y \/ o los sitios de terceros para los que aparecen enlaces de hipertexto no contienen ning\u00fan virus.<\/p>\n<p><strong>7. Actualizaciones de los t\u00e9rminos de uso del sitio web y la ley aplicable<\/strong><\/p>\n<p>La Compa\u00f1\u00eda puede actualizar estos t\u00e9rminos de uso en cualquier momento. Como resultado, le invitamos a consultar regularmente los \u00faltimos t\u00e9rminos de uso vigentes. Estas condiciones de uso est\u00e1n sujetas a la ley aplicable y caen dentro de la jurisdicci\u00f3n de los tribunales competentes.<\/p>\n<p><strong>8. Datos de contacto<\/strong><\/p>\n<p>Para cualquier consulta sobre las condiciones de uso del sitio web, cont\u00e1ctenos por correo electr\u00f3nico a trav\u00e9s del formulario de contacto o por correo postal a la siguiente direcci\u00f3n:<\/p>\n<p>7-11, Boulevard Haussmann<\/p>\n<p>75009 Par\u00eds<\/p>\n    <\/div>\n<\/section>\n","protected":false},"excerpt":{"rendered":"","protected":false},"author":3,"featured_media":1973,"parent":0,"menu_order":0,"comment_status":"closed","ping_status":"closed","template":"","meta":{"content-type":"","inline_featured_image":false},"sector_type":[],"offer_type":[],"acf":[],"yoast_head":"<!-- This site is optimized with the Yoast SEO Premium plugin v21.8 (Yoast SEO v21.8.1) - https:\/\/yoast.com\/wordpress\/plugins\/seo\/ -->\n<title>Avisos legales<\/title>\n<meta name=\"robots\" content=\"noindex, nofollow\" \/>\n<meta property=\"og:locale\" content=\"es_ES\" \/>\n<meta property=\"og:type\" content=\"article\" \/>\n<meta property=\"og:title\" content=\"Avisos legales\" \/>\n<meta property=\"og:url\" content=\"https:\/\/www.greenflex.oteis.fr\/es\/avisos-legales\/\" \/>\n<meta property=\"og:site_name\" content=\"GreenFlex\" \/>\n<meta property=\"article:modified_time\" content=\"2026-01-09T16:24:50+00:00\" \/>\n<meta property=\"og:image\" content=\"https:\/\/greenflex-origin.greenshift.eu\/wp-content\/uploads\/2021\/10\/Generique-3.jpg\" \/>\n\t<meta property=\"og:image:width\" content=\"1200\" \/>\n\t<meta property=\"og:image:height\" content=\"799\" \/>\n\t<meta property=\"og:image:type\" content=\"image\/jpeg\" \/>\n<meta name=\"twitter:card\" content=\"summary_large_image\" \/>\n<meta name=\"twitter:site\" content=\"@GreenFlex\" \/>\n<meta name=\"twitter:label1\" content=\"Tiempo de lectura\" \/>\n\t<meta name=\"twitter:data1\" content=\"1 minuto\" \/>\n<script type=\"application\/ld+json\" class=\"yoast-schema-graph\">{\"@context\":\"https:\/\/schema.org\",\"@graph\":[{\"@type\":\"WebPage\",\"@id\":\"https:\/\/www.greenflex.oteis.fr\/es\/avisos-legales\/\",\"url\":\"https:\/\/www.greenflex.oteis.fr\/es\/avisos-legales\/\",\"name\":\"Avisos legales\",\"isPartOf\":{\"@id\":\"https:\/\/www.greenflex.oteis.fr\/es\/#website\"},\"datePublished\":\"2021-10-03T10:49:00+00:00\",\"dateModified\":\"2026-01-09T16:24:50+00:00\",\"breadcrumb\":{\"@id\":\"https:\/\/www.greenflex.oteis.fr\/es\/avisos-legales\/#breadcrumb\"},\"inLanguage\":\"es\",\"potentialAction\":[{\"@type\":\"ReadAction\",\"target\":[\"https:\/\/www.greenflex.oteis.fr\/es\/avisos-legales\/\"]}]},{\"@type\":\"BreadcrumbList\",\"@id\":\"https:\/\/www.greenflex.oteis.fr\/es\/avisos-legales\/#breadcrumb\",\"itemListElement\":[{\"@type\":\"ListItem\",\"position\":1,\"name\":\"GreenFlex\",\"item\":\"https:\/\/www.greenflex.oteis.fr\/es\/\"},{\"@type\":\"ListItem\",\"position\":2,\"name\":\"Avisos legales\"}]},{\"@type\":\"WebSite\",\"@id\":\"https:\/\/www.greenflex.oteis.fr\/es\/#website\",\"url\":\"https:\/\/www.greenflex.oteis.fr\/es\/\",\"name\":\"GreenFlex\",\"description\":\"Changeons de trajectoire\",\"potentialAction\":[{\"@type\":\"SearchAction\",\"target\":{\"@type\":\"EntryPoint\",\"urlTemplate\":\"https:\/\/www.greenflex.oteis.fr\/es\/?s={search_term_string}\"},\"query-input\":\"required name=search_term_string\"}],\"inLanguage\":\"es\"}]}<\/script>\n<!-- \/ Yoast SEO Premium plugin. -->","yoast_head_json":{"title":"Avisos legales","robots":{"index":"noindex","follow":"nofollow"},"og_locale":"es_ES","og_type":"article","og_title":"Avisos legales","og_url":"https:\/\/www.greenflex.oteis.fr\/es\/avisos-legales\/","og_site_name":"GreenFlex","article_modified_time":"2026-01-09T16:24:50+00:00","og_image":[{"width":1200,"height":799,"url":"https:\/\/greenflex-origin.greenshift.eu\/wp-content\/uploads\/2021\/10\/Generique-3.jpg","type":"image\/jpeg"}],"twitter_card":"summary_large_image","twitter_site":"@GreenFlex","twitter_misc":{"Tiempo de lectura":"1 minuto"},"schema":{"@context":"https:\/\/schema.org","@graph":[{"@type":"WebPage","@id":"https:\/\/www.greenflex.oteis.fr\/es\/avisos-legales\/","url":"https:\/\/www.greenflex.oteis.fr\/es\/avisos-legales\/","name":"Avisos legales","isPartOf":{"@id":"https:\/\/www.greenflex.oteis.fr\/es\/#website"},"datePublished":"2021-10-03T10:49:00+00:00","dateModified":"2026-01-09T16:24:50+00:00","breadcrumb":{"@id":"https:\/\/www.greenflex.oteis.fr\/es\/avisos-legales\/#breadcrumb"},"inLanguage":"es","potentialAction":[{"@type":"ReadAction","target":["https:\/\/www.greenflex.oteis.fr\/es\/avisos-legales\/"]}]},{"@type":"BreadcrumbList","@id":"https:\/\/www.greenflex.oteis.fr\/es\/avisos-legales\/#breadcrumb","itemListElement":[{"@type":"ListItem","position":1,"name":"GreenFlex","item":"https:\/\/www.greenflex.oteis.fr\/es\/"},{"@type":"ListItem","position":2,"name":"Avisos legales"}]},{"@type":"WebSite","@id":"https:\/\/www.greenflex.oteis.fr\/es\/#website","url":"https:\/\/www.greenflex.oteis.fr\/es\/","name":"GreenFlex","description":"Changeons de trajectoire","potentialAction":[{"@type":"SearchAction","target":{"@type":"EntryPoint","urlTemplate":"https:\/\/www.greenflex.oteis.fr\/es\/?s={search_term_string}"},"query-input":"required name=search_term_string"}],"inLanguage":"es"}]}},"_links":{"self":[{"href":"https:\/\/www.greenflex.oteis.fr\/es\/wp-json\/wp\/v2\/pages\/5188"}],"collection":[{"href":"https:\/\/www.greenflex.oteis.fr\/es\/wp-json\/wp\/v2\/pages"}],"about":[{"href":"https:\/\/www.greenflex.oteis.fr\/es\/wp-json\/wp\/v2\/types\/page"}],"author":[{"embeddable":true,"href":"https:\/\/www.greenflex.oteis.fr\/es\/wp-json\/wp\/v2\/users\/3"}],"replies":[{"embeddable":true,"href":"https:\/\/www.greenflex.oteis.fr\/es\/wp-json\/wp\/v2\/comments?post=5188"}],"version-history":[{"count":7,"href":"https:\/\/www.greenflex.oteis.fr\/es\/wp-json\/wp\/v2\/pages\/5188\/revisions"}],"predecessor-version":[{"id":22637,"href":"https:\/\/www.greenflex.oteis.fr\/es\/wp-json\/wp\/v2\/pages\/5188\/revisions\/22637"}],"wp:featuredmedia":[{"embeddable":true,"href":"https:\/\/www.greenflex.oteis.fr\/es\/wp-json\/wp\/v2\/media\/1973"}],"wp:attachment":[{"href":"https:\/\/www.greenflex.oteis.fr\/es\/wp-json\/wp\/v2\/media?parent=5188"}],"wp:term":[{"taxonomy":"sector_type","embeddable":true,"href":"https:\/\/www.greenflex.oteis.fr\/es\/wp-json\/wp\/v2\/sector_type?post=5188"},{"taxonomy":"offer_type","embeddable":true,"href":"https:\/\/www.greenflex.oteis.fr\/es\/wp-json\/wp\/v2\/offer_type?post=5188"}],"curies":[{"name":"wp","href":"https:\/\/api.w.org\/{rel}","templated":true}]}}