{"id":21485,"date":"2025-08-11T12:08:24","date_gmt":"2025-08-11T12:08:24","guid":{"rendered":"https:\/\/www.greenflex.com\/?page_id=21485"},"modified":"2025-08-11T12:08:25","modified_gmt":"2025-08-11T12:08:25","slug":"ayuda-proyecto-el-mimbre","status":"publish","type":"page","link":"https:\/\/www.greenflex.oteis.fr\/es\/ayuda-proyecto-el-mimbre\/","title":{"rendered":"Proyecto El Mimbre"},"content":{"rendered":"\n<section id=\"disko-component-header-simple-block_5d48fb55a7c9379803d60e43b23bbc1f\" class=\"disko-component disko-component-header-simple\">\n    <div class=\"header-content\">\n        <div class=\"bread-crumbs-container\">\n            <span><span><a href=\"https:\/\/www.greenflex.oteis.fr\/es\/\">GreenFlex<\/a><\/span><\/span>        <\/div>\n        <h1 class=\"header-title\">\n            Ayudas recibidas para el proyecto El Mimbre        <\/h1>\n        <div class=\"header-description\">\n            <div class=\"x_elementToProof\" data-ogsc=\"rgb(0, 0, 0)\">Publicaci\u00f3n de la ayuda recibida de la Uni\u00f3n Europea con cargo al Fondo NextGenerationEU<\/div>\n        <\/div>\n        <div class=\"btn-wrapper\">\n                                <\/div>\n    <\/div>\n    <\/section>\n\n\n\n<section id=\"disko-component-wysiwyg-block_87a3f7dd719032ce6c923a8721944d8d\" class=\"disko-component disko-component-wysiwyg light\">\n    <div class=\"wysiwyg-wrapper\">\n        <p>GreenFlex-ACTIRENT Group ha recibido una ayuda de la Uni\u00f3n Europea con cargo al Fondo NextGenerationEU, en el marco del Plan de Recuperaci\u00f3n, Trasformaci\u00f3n y Resiliencia, para el proyecto de instalaci\u00f3n Fotovoltaica en cubierta de su cliente El Mimbre, dentro del programa de incentivos ligados al autoconsumo y almacenamiento, con fuentes de energ\u00eda renovable, as\u00ed como la implantaci\u00f3n de sistemas t\u00e9rmicos renovables en el sector residencial del Ministerio para la Transici\u00f3n Ecol\u00f3gica y el Reto Demogr\u00e1fico, gestionado por la Junta de Andaluc\u00eda, a trav\u00e9s de la Agencia Andaluza de la Energ\u00eda.<\/p>\n<p><img decoding=\"async\" loading=\"lazy\" class=\"\" src=\"https:\/\/www.greenflex.oteis.fr\/wp-content\/uploads\/2025\/08\/Composicion-AUTOCONSUMO-Junta_CIEMB.png\" alt=\"\" width=\"1504\" height=\"254\" \/><\/p>\n    <\/div>\n<\/section>\n\n\n\n<section id=\"disko-component-banner-block_635491d1aa09339c664f40c1d6d60a93\" class=\"disko-component disko-component-banner section-banner green\">\n    <div class=\"line-container\">\n        <svg width=\"100%\" height=\"100%\" viewBox=\"0 0 970 472\" aria-hidden=\"true\" preserveAspectRatio=\"xMinYMin meet\" xmlns=\"http:\/\/www.w3.org\/2000\/svg\"><path d=\"M410 471c-85 0-57.034-.598-123.517-.299S202 443 201.627 390.491V246.059c0-60.246-1.335-120.492-97.47-120.492-96.134 0-102.81 53.674-102.81 107.347 0 53.674 6.676 99.68 102.81 99.68 20.488 0 704.015.407 722.843.407 97 0 140-38 140.003-92.948 4.006-13.145 0-64.052 0-96.914C967.001 112.38 967 64.667 967 0\" stroke=\"#17FA73\" fill=\"none\" fill-rule=\"evenodd\"\/><\/svg>\n    <\/div>\n    <div class=\"banner-container\">\n        <div class=\"banner-title-container\">\n            <div class=\"banner-hover-title\">Necesita un apoyo?<\/div>\n            <div class=\"cursor\" data-bg=\"\"><\/div>\n        <\/div>\n        <p>\n            Nuestros equipos le recontacten        <\/p>\n                    <a href=\"https:\/\/www.greenflex.oteis.fr\/es\/contacto\/\" class=\"btn btn-white\">\n                <div class=\"btn-ico\">\n                    <svg aria-hidden=\"true\" width=\"18\" height=\"15\" xmlns=\"http:\/\/www.w3.org\/2000\/svg\" xmlns:xlink=\"http:\/\/www.w3.org\/1999\/xlink\"><defs><path d=\"M11.455 2.025c-.833.73-.972 1.483-.42 2.255l4.032 4.023H.854a.863.863 0 00-.848.875c0 .483.38.876.848.876h14.213l-3.752 4.026c-.8.88-.761 1.639.114 2.275l6.332-6.557a.859.859 0 00.245-.62.86.86 0 00-.245-.62l-6.306-6.533z\" id=\"a\"\/><\/defs><use class=\"arrow-color\" fill=\"#00A880\" transform=\"rotate(-20 6.17 8.69)\" xlink:href=\"#a\" fill-rule=\"evenodd\"\/><\/svg>\n                <\/div>\n               Cont\u00e1ctanos            <\/a>\n            <\/div>\n<\/section>\n","protected":false},"excerpt":{"rendered":"","protected":false},"author":3,"featured_media":20823,"parent":0,"menu_order":0,"comment_status":"closed","ping_status":"closed","template":"","meta":{"content-type":"","inline_featured_image":false},"sector_type":[],"offer_type":[],"acf":[],"yoast_head":"<!-- This site is optimized with the Yoast SEO Premium plugin v21.8 (Yoast SEO v21.8.1) - https:\/\/yoast.com\/wordpress\/plugins\/seo\/ -->\n<title>Ayudas recibidas - Proyecto el Mimbre<\/title>\n<meta name=\"description\" content=\"GreenFlex ha recibido una ayuda de la Uni\u00f3n Europea con cargo al Fondo NextGenerationEU para el proyecto de instalaci\u00f3n Fotovoltaica del Mimbre.\" \/>\n<meta name=\"robots\" content=\"index, follow, max-snippet:-1, max-image-preview:large, max-video-preview:-1\" \/>\n<link rel=\"canonical\" href=\"https:\/\/www.greenflex.oteis.fr\/es\/ayuda-proyecto-el-mimbre\/\" \/>\n<meta property=\"og:locale\" content=\"es_ES\" \/>\n<meta property=\"og:type\" content=\"article\" \/>\n<meta property=\"og:title\" content=\"Proyecto El Mimbre\" \/>\n<meta property=\"og:description\" content=\"GreenFlex ha recibido una ayuda de la Uni\u00f3n Europea con cargo al Fondo NextGenerationEU para el proyecto de instalaci\u00f3n Fotovoltaica del Mimbre.\" \/>\n<meta property=\"og:url\" content=\"https:\/\/www.greenflex.oteis.fr\/es\/ayuda-proyecto-el-mimbre\/\" \/>\n<meta property=\"og:site_name\" content=\"GreenFlex\" \/>\n<meta property=\"article:modified_time\" content=\"2025-08-11T12:08:25+00:00\" \/>\n<meta property=\"og:image\" content=\"https:\/\/www.greenflex.oteis.fr\/wp-content\/uploads\/2025\/07\/mla-fotovolotaico.jpg\" \/>\n\t<meta property=\"og:image:width\" content=\"664\" \/>\n\t<meta property=\"og:image:height\" content=\"664\" \/>\n\t<meta property=\"og:image:type\" content=\"image\/jpeg\" \/>\n<meta name=\"twitter:card\" content=\"summary_large_image\" \/>\n<meta name=\"twitter:site\" content=\"@GreenFlex\" \/>\n<meta name=\"twitter:label1\" content=\"Tiempo de lectura\" \/>\n\t<meta name=\"twitter:data1\" content=\"1 minuto\" \/>\n<script type=\"application\/ld+json\" class=\"yoast-schema-graph\">{\"@context\":\"https:\/\/schema.org\",\"@graph\":[{\"@type\":\"WebPage\",\"@id\":\"https:\/\/www.greenflex.oteis.fr\/es\/ayuda-proyecto-el-mimbre\/\",\"url\":\"https:\/\/www.greenflex.oteis.fr\/es\/ayuda-proyecto-el-mimbre\/\",\"name\":\"Ayudas recibidas - Proyecto el Mimbre\",\"isPartOf\":{\"@id\":\"https:\/\/www.greenflex.oteis.fr\/es\/#website\"},\"datePublished\":\"2025-08-11T12:08:24+00:00\",\"dateModified\":\"2025-08-11T12:08:25+00:00\",\"description\":\"GreenFlex ha recibido una ayuda de la Uni\u00f3n Europea con cargo al Fondo NextGenerationEU para el proyecto de instalaci\u00f3n Fotovoltaica del Mimbre.\",\"breadcrumb\":{\"@id\":\"https:\/\/www.greenflex.oteis.fr\/es\/ayuda-proyecto-el-mimbre\/#breadcrumb\"},\"inLanguage\":\"es\",\"potentialAction\":[{\"@type\":\"ReadAction\",\"target\":[\"https:\/\/www.greenflex.oteis.fr\/es\/ayuda-proyecto-el-mimbre\/\"]}]},{\"@type\":\"BreadcrumbList\",\"@id\":\"https:\/\/www.greenflex.oteis.fr\/es\/ayuda-proyecto-el-mimbre\/#breadcrumb\",\"itemListElement\":[{\"@type\":\"ListItem\",\"position\":1,\"name\":\"GreenFlex\",\"item\":\"https:\/\/www.greenflex.oteis.fr\/es\/\"},{\"@type\":\"ListItem\",\"position\":2,\"name\":\"Proyecto El Mimbre\"}]},{\"@type\":\"WebSite\",\"@id\":\"https:\/\/www.greenflex.oteis.fr\/es\/#website\",\"url\":\"https:\/\/www.greenflex.oteis.fr\/es\/\",\"name\":\"GreenFlex\",\"description\":\"Changeons de trajectoire\",\"potentialAction\":[{\"@type\":\"SearchAction\",\"target\":{\"@type\":\"EntryPoint\",\"urlTemplate\":\"https:\/\/www.greenflex.oteis.fr\/es\/?s={search_term_string}\"},\"query-input\":\"required name=search_term_string\"}],\"inLanguage\":\"es\"}]}<\/script>\n<!-- \/ Yoast SEO Premium plugin. -->","yoast_head_json":{"title":"Ayudas recibidas - Proyecto el Mimbre","description":"GreenFlex ha recibido una ayuda de la Uni\u00f3n Europea con cargo al Fondo NextGenerationEU para el proyecto de instalaci\u00f3n Fotovoltaica del Mimbre.","robots":{"index":"index","follow":"follow","max-snippet":"max-snippet:-1","max-image-preview":"max-image-preview:large","max-video-preview":"max-video-preview:-1"},"canonical":"https:\/\/www.greenflex.oteis.fr\/es\/ayuda-proyecto-el-mimbre\/","og_locale":"es_ES","og_type":"article","og_title":"Proyecto El Mimbre","og_description":"GreenFlex ha recibido una ayuda de la Uni\u00f3n Europea con cargo al Fondo NextGenerationEU para el proyecto de instalaci\u00f3n Fotovoltaica del Mimbre.","og_url":"https:\/\/www.greenflex.oteis.fr\/es\/ayuda-proyecto-el-mimbre\/","og_site_name":"GreenFlex","article_modified_time":"2025-08-11T12:08:25+00:00","og_image":[{"width":664,"height":664,"url":"https:\/\/www.greenflex.oteis.fr\/wp-content\/uploads\/2025\/07\/mla-fotovolotaico.jpg","type":"image\/jpeg"}],"twitter_card":"summary_large_image","twitter_site":"@GreenFlex","twitter_misc":{"Tiempo de lectura":"1 minuto"},"schema":{"@context":"https:\/\/schema.org","@graph":[{"@type":"WebPage","@id":"https:\/\/www.greenflex.oteis.fr\/es\/ayuda-proyecto-el-mimbre\/","url":"https:\/\/www.greenflex.oteis.fr\/es\/ayuda-proyecto-el-mimbre\/","name":"Ayudas recibidas - Proyecto el Mimbre","isPartOf":{"@id":"https:\/\/www.greenflex.oteis.fr\/es\/#website"},"datePublished":"2025-08-11T12:08:24+00:00","dateModified":"2025-08-11T12:08:25+00:00","description":"GreenFlex ha recibido una ayuda de la Uni\u00f3n Europea con cargo al Fondo NextGenerationEU para el proyecto de instalaci\u00f3n Fotovoltaica del Mimbre.","breadcrumb":{"@id":"https:\/\/www.greenflex.oteis.fr\/es\/ayuda-proyecto-el-mimbre\/#breadcrumb"},"inLanguage":"es","potentialAction":[{"@type":"ReadAction","target":["https:\/\/www.greenflex.oteis.fr\/es\/ayuda-proyecto-el-mimbre\/"]}]},{"@type":"BreadcrumbList","@id":"https:\/\/www.greenflex.oteis.fr\/es\/ayuda-proyecto-el-mimbre\/#breadcrumb","itemListElement":[{"@type":"ListItem","position":1,"name":"GreenFlex","item":"https:\/\/www.greenflex.oteis.fr\/es\/"},{"@type":"ListItem","position":2,"name":"Proyecto El Mimbre"}]},{"@type":"WebSite","@id":"https:\/\/www.greenflex.oteis.fr\/es\/#website","url":"https:\/\/www.greenflex.oteis.fr\/es\/","name":"GreenFlex","description":"Changeons de trajectoire","potentialAction":[{"@type":"SearchAction","target":{"@type":"EntryPoint","urlTemplate":"https:\/\/www.greenflex.oteis.fr\/es\/?s={search_term_string}"},"query-input":"required name=search_term_string"}],"inLanguage":"es"}]}},"_links":{"self":[{"href":"https:\/\/www.greenflex.oteis.fr\/es\/wp-json\/wp\/v2\/pages\/21485"}],"collection":[{"href":"https:\/\/www.greenflex.oteis.fr\/es\/wp-json\/wp\/v2\/pages"}],"about":[{"href":"https:\/\/www.greenflex.oteis.fr\/es\/wp-json\/wp\/v2\/types\/page"}],"author":[{"embeddable":true,"href":"https:\/\/www.greenflex.oteis.fr\/es\/wp-json\/wp\/v2\/users\/3"}],"replies":[{"embeddable":true,"href":"https:\/\/www.greenflex.oteis.fr\/es\/wp-json\/wp\/v2\/comments?post=21485"}],"version-history":[{"count":4,"href":"https:\/\/www.greenflex.oteis.fr\/es\/wp-json\/wp\/v2\/pages\/21485\/revisions"}],"predecessor-version":[{"id":21493,"href":"https:\/\/www.greenflex.oteis.fr\/es\/wp-json\/wp\/v2\/pages\/21485\/revisions\/21493"}],"wp:featuredmedia":[{"embeddable":true,"href":"https:\/\/www.greenflex.oteis.fr\/es\/wp-json\/wp\/v2\/media\/20823"}],"wp:attachment":[{"href":"https:\/\/www.greenflex.oteis.fr\/es\/wp-json\/wp\/v2\/media?parent=21485"}],"wp:term":[{"taxonomy":"sector_type","embeddable":true,"href":"https:\/\/www.greenflex.oteis.fr\/es\/wp-json\/wp\/v2\/sector_type?post=21485"},{"taxonomy":"offer_type","embeddable":true,"href":"https:\/\/www.greenflex.oteis.fr\/es\/wp-json\/wp\/v2\/offer_type?post=21485"}],"curies":[{"name":"wp","href":"https:\/\/api.w.org\/{rel}","templated":true}]}}