{"id":16803,"date":"2024-06-11T10:00:40","date_gmt":"2024-06-11T10:00:40","guid":{"rendered":"https:\/\/www.greenflex.com\/?page_id=16803"},"modified":"2024-12-09T16:01:46","modified_gmt":"2024-12-09T16:01:46","slug":"la-directiva-csrd","status":"publish","type":"page","link":"https:\/\/www.greenflex.oteis.fr\/es\/la-directiva-csrd\/","title":{"rendered":"La Directiva CSRD"},"content":{"rendered":"\n<section id=\"disko-component-header-simple-block_18f87cd36db628abe78deb41e962d509\" class=\"disko-component disko-component-header-simple\">\n    <div class=\"header-content\">\n        <div class=\"bread-crumbs-container\">\n            <span><span><a href=\"https:\/\/www.greenflex.oteis.fr\/es\/\">GreenFlex<\/a><\/span><\/span>        <\/div>\n        <h1 class=\"header-title\">\n            Todo sobre la Directiva CSRD        <\/h1>\n        <div class=\"header-description\">\n            <p>La nueva normativa europea sobre la responsabilidad social de las empresas refuerza la informaci\u00f3n extrafinanciera de las empresas sobre todas las cuestiones medioambientales, sociales y de gobernanza. Esta directiva les anima a intensificar sus actuaciones en este \u00e1mbito.<\/p>\n        <\/div>\n        <div class=\"btn-wrapper\">\n                                <\/div>\n    <\/div>\n    <\/section>\n\n\n\n<section id=\"disko-component-text-html-block_8ea039560ae1ff7659716db23dabf5b7\" class=\"disko-component disko-component-text-html light reversed\">\n    \n    <div class=\"text-html-wrapper\">\n        <div class=\"text-html-col\">\n              <div class=\"text-html-container\">\n                <p>Esta nueva directiva es importante ya que pretende regular la actuaci\u00f3n de los agentes econ\u00f3micos al mismo tiempo que refuerza unas finanzas m\u00e1s sostenibles. En este sentido, a ra\u00edz de esta nueva directiva las empresas deber\u00e1n comprometerse a demostrar esfuerzos y resultados en responsabilidad social y corporativa, especialmente en el sector de la descarbonizaci\u00f3n y la transici\u00f3n energ\u00e9tica.<\/p>\n              <\/div>\n        <\/div>\n        <div class=\"text-html-col text-container\">\n            <h2>\u00bfQu\u00e9 es la CSRD?<\/h2>\n<p>El Pacto Verde Europeo persigue la reducci\u00f3n de la emisi\u00f3n de gases de efecto invernadero en un 55% de aqu\u00ed a 2030 y lograr la neutralidad en carbono de aqu\u00ed a 2050, adem\u00e1s de otros objetivos en materia de sostenibilidad y medioambiente. En este ambicioso marco, la directiva CSRD, que sucede a la NFRD (non-financial reporting directive) busca armonizar las pr\u00e1cticas de informaci\u00f3n corporativa de manera a fomentar una mayor transparencia en las actuaciones hacia la sostenibilidad y los objetivos verdes.<\/p>\n            \n                    <\/div>\n    <\/div>\n    \n<\/section>\n\n\n\n<section id=\"disko-component-wysiwyg-block_a1a13d474c6d9510492069dc60e300f1\" class=\"disko-component disko-component-wysiwyg light\">\n    <div class=\"wysiwyg-wrapper\">\n        <h2>\u00bfQu\u00e9 significa esto para las empresas?<\/h2>\n<p>En primer lugar, uno de los principales impactos de la nueva directiva CSRD ser\u00e1 su gran alcance. Si bien las anteriores normativas afectaban a alrededor de 12.000 empresas, se espera que un total de 45.000 empresas a escala europea deban aplicar las demandas del nuevo sistema.<\/p>\n<p>La principal raz\u00f3n que explica el aumento de afectados es que se han reducido los umbrales para las empresas impactadas por la nueva regulaci\u00f3n. Deber\u00e1n aplicar la nueva directiva CSRD los siguientes casos:<\/p>\n<ul>\n<li>Todas las empresas grandes (de 250 empleados o m\u00e1s)<\/li>\n<li>Empresas no cotizadas que superen 2 de los siguientes criterios:\n<ul>\n<li>250 empleados<\/li>\n<li>50 millones de euros de ventas netas<\/li>\n<li>Balance de 25 millones de euros<\/li>\n<\/ul>\n<\/li>\n<li>PYME de la lista que cumplen 2 de los siguientes criterios:\n<ul>\n<li>De 10 a 250 empleados<\/li>\n<li>700 k\u20ac a 40 M\u20ac de ventas netas<\/li>\n<li>350 k\u20ac a 20 M\u20ac de balance<\/li>\n<\/ul>\n<\/li>\n<li>Empresas no europeas:\n<ul>\n<li>Tener al menos una sucursal o filial en la UE<\/li>\n<li>Y tener unas ventas netas de al menos 150 millones de euros<\/li>\n<\/ul>\n<\/li>\n<\/ul>\n<p>Por otro lado, se establecen nuevas obligaciones para las partes afectadas como iniciativa para mantener la transparencia y los esfuerzos hacia la reducci\u00f3n de emisiones de gases de efecto invernadero.<\/p>\n    <\/div>\n<\/section>\n\n\n\n<section id=\"disko-component-image-text-block_358b8671554f6b5989fb3c82ba3335f9\" class=\"disko-component disko-component-image-text dark \">\n    \n    <div class=\"image-text-wrapper\">\n        <div class=\"image-text-col\">\n              <div class=\"image-text-container \">\n                  <img width=\"1920\" height=\"1440\" src=\"https:\/\/www.greenflex.oteis.fr\/wp-content\/uploads\/2023\/03\/csrd-definition-consequences-entreprises-greenflex.jpg\" class=\"image-text-image\" alt=\"Bandiera europea\" decoding=\"async\" loading=\"lazy\" sizes=\"40vw,(max-width:480px) 80vw\" srcset=\"https:\/\/www.greenflex.oteis.fr\/wp-content\/uploads\/2023\/03\/csrd-definition-consequences-entreprises-greenflex.jpg 1920w, https:\/\/www.greenflex.oteis.fr\/wp-content\/uploads\/2023\/03\/csrd-definition-consequences-entreprises-greenflex-480x360.jpg 480w, https:\/\/www.greenflex.oteis.fr\/wp-content\/uploads\/2023\/03\/csrd-definition-consequences-entreprises-greenflex-1024x768.jpg 1024w, https:\/\/www.greenflex.oteis.fr\/wp-content\/uploads\/2023\/03\/csrd-definition-consequences-entreprises-greenflex-768x576.jpg 768w, https:\/\/www.greenflex.oteis.fr\/wp-content\/uploads\/2023\/03\/csrd-definition-consequences-entreprises-greenflex-1536x1152.jpg 1536w\" \/>              <\/div>\n        <\/div>\n        <div class=\"image-text-col text-container\">\n            <p>Las empresas deber\u00e1n realizar un an\u00e1lisis de doble materialidad, que consiste en identificar por un lado el impacto ambiental y social generado por la empresa en el entorno cercano, al mismo tiempo que se estudian los riesgos que estas acciones suponen para avanzar en la ruta hacia la sostenibilidad.<\/p>\n<p>En aras de estandarizar los procesos y pol\u00edticas en materia de sostenibilidad, la Uni\u00f3n Europea est\u00e1 en proceso de desarrollar unos indicadores comunes, conocidos como <strong>European Sustainability Reporting Standards<\/strong>, que establezcan con claridad que informaci\u00f3n debe ser publicada. Acerca de este \u00faltimo punto, las empresas deber\u00e1n informar acerca de dos tipos de normas principales: las normas intersectoriales, que abarcan informaci\u00f3n general de la empresa adem\u00e1s de cuestiones medioambientales, sociales o de gobernanza, y las normas espec\u00edficas para PYMES, que se publicar\u00e1n progresivamente entre 2024 y 2026.<\/p>\n            \n                    <\/div>\n    <\/div>\n\n<\/section>\n\n\n\n<section id=\"disko-component-image-text-block_2c4c119df6a4ca12a4ae0bc1cea13522\" class=\"disko-component disko-component-image-text light \">\n    \n    <div class=\"image-text-wrapper\">\n        <div class=\"image-text-col\">\n              <div class=\"image-text-container \">\n                  <img width=\"1200\" height=\"1521\" src=\"https:\/\/www.greenflex.oteis.fr\/wp-content\/uploads\/2023\/03\/csrd-directive-reporting-greenflex.jpg\" class=\"image-text-image\" alt=\"Una mujer y un hombre en un oficio trabajando sobre un documento\" decoding=\"async\" loading=\"lazy\" sizes=\"40vw,(max-width:480px) 80vw\" srcset=\"https:\/\/www.greenflex.oteis.fr\/wp-content\/uploads\/2023\/03\/csrd-directive-reporting-greenflex.jpg 1200w, https:\/\/www.greenflex.oteis.fr\/wp-content\/uploads\/2023\/03\/csrd-directive-reporting-greenflex-379x480.jpg 379w, https:\/\/www.greenflex.oteis.fr\/wp-content\/uploads\/2023\/03\/csrd-directive-reporting-greenflex-808x1024.jpg 808w, https:\/\/www.greenflex.oteis.fr\/wp-content\/uploads\/2023\/03\/csrd-directive-reporting-greenflex-768x973.jpg 768w\" \/>              <\/div>\n        <\/div>\n        <div class=\"image-text-col text-container\">\n            <h2>\u00bfQu\u00e9 papel juega GreenFlex?<\/h2>\n<p>Ante un mayor marco regulatorio GreenFlex ayuda a sus clientes acompa\u00f1\u00e1ndolos en la identificaci\u00f3n, an\u00e1lisis y ejecuci\u00f3n de las normativas nacionales y europeas mientras velamos por la consecuci\u00f3n de sus objetivos empresariales.<\/p>\n<p>En el marco de la directiva CSRD, las dos misiones estrat\u00e9gicas en las que apoyamos a nuestros clientes en sus necesidades a ra\u00edz de la directiva CSRD son, en primer lugar, en el an\u00e1lisis de la doble materialidad que las instituciones europeas exigir\u00e1n a las empresas a partir de 2025 y, en segundo lugar, el dise\u00f1o de una hoja de ruta de sostenibilidad que se adapte a las necesidades y obligaciones de los sujetos.<\/p>\n            \n                    <\/div>\n    <\/div>\n\n<\/section>\n\n\n\n<section id=\"disko-component-wysiwyg-block_691f66646b971db3a1ea2fc76bb45922\" class=\"disko-component disko-component-wysiwyg light\">\n    <div class=\"wysiwyg-wrapper\">\n        <p>En t\u00e9rminos m\u00e1s generales, ofrecemos servicios de consultor\u00eda energ\u00e9tica y de optimizaci\u00f3n de recursos, apoyamos y guiamos a nuestros clientes en la ejecuci\u00f3n del plan que requieran en funci\u00f3n de sus necesidades y ofrecemos modelos de financiaci\u00f3n de la transici\u00f3n a medida para cada caso.<\/p>\n<p>GreenFlex es un aliado estrat\u00e9gico para los interesados gracias a la polivalencia que nos caracteriza. Nuestra experiencia en multitud de variados proyectos nos permite llevar a cabo este ejercicio de una manera hol\u00edstica, actuando sobre estrategia, an\u00e1lisis de cadena de valor, movilizaci\u00f3n de partes interesadas\u2026<\/p>\n    <\/div>\n<\/section>\n\n\n\n<section id=\"disko-component-banner-block_5ded9735bf132ee5c91e1e68860838b0\" class=\"disko-component disko-component-banner section-banner green\">\n    <div class=\"line-container\">\n        <svg width=\"100%\" height=\"100%\" viewBox=\"0 0 970 472\" aria-hidden=\"true\" preserveAspectRatio=\"xMinYMin meet\" xmlns=\"http:\/\/www.w3.org\/2000\/svg\"><path d=\"M410 471c-85 0-57.034-.598-123.517-.299S202 443 201.627 390.491V246.059c0-60.246-1.335-120.492-97.47-120.492-96.134 0-102.81 53.674-102.81 107.347 0 53.674 6.676 99.68 102.81 99.68 20.488 0 704.015.407 722.843.407 97 0 140-38 140.003-92.948 4.006-13.145 0-64.052 0-96.914C967.001 112.38 967 64.667 967 0\" stroke=\"#17FA73\" fill=\"none\" fill-rule=\"evenodd\"\/><\/svg>\n    <\/div>\n    <div class=\"banner-container\">\n        <div class=\"banner-title-container\">\n            <div class=\"banner-hover-title\">Ante cualquier pregunta<\/div>\n            <div class=\"cursor\" data-bg=\"\"><\/div>\n        <\/div>\n        <p>\n            no dude en contactarnos        <\/p>\n                    <a href=\"https:\/\/www.greenflex.oteis.fr\/es\/contacto\/\" class=\"btn btn-white\">\n                <div class=\"btn-ico\">\n                    <svg aria-hidden=\"true\" width=\"18\" height=\"15\" xmlns=\"http:\/\/www.w3.org\/2000\/svg\" xmlns:xlink=\"http:\/\/www.w3.org\/1999\/xlink\"><defs><path d=\"M11.455 2.025c-.833.73-.972 1.483-.42 2.255l4.032 4.023H.854a.863.863 0 00-.848.875c0 .483.38.876.848.876h14.213l-3.752 4.026c-.8.88-.761 1.639.114 2.275l6.332-6.557a.859.859 0 00.245-.62.86.86 0 00-.245-.62l-6.306-6.533z\" id=\"a\"\/><\/defs><use class=\"arrow-color\" fill=\"#00A880\" transform=\"rotate(-20 6.17 8.69)\" xlink:href=\"#a\" fill-rule=\"evenodd\"\/><\/svg>\n                <\/div>\n               Contactarnos            <\/a>\n            <\/div>\n<\/section>\n","protected":false},"excerpt":{"rendered":"","protected":false},"author":3,"featured_media":12014,"parent":0,"menu_order":0,"comment_status":"closed","ping_status":"closed","template":"","meta":{"content-type":"","inline_featured_image":false},"sector_type":[],"offer_type":[],"acf":[],"yoast_head":"<!-- This site is optimized with the Yoast SEO Premium plugin v21.8 (Yoast SEO v21.8.1) - https:\/\/yoast.com\/wordpress\/plugins\/seo\/ -->\n<title>La Directiva CSRD - GreenFlex<\/title>\n<meta name=\"description\" content=\"La Directiva CSRD anima a intensificar las actuaciones de las empresas sobre las cuestiones medioambientales, sociales y de gobernanza.\" \/>\n<meta name=\"robots\" content=\"index, follow, max-snippet:-1, max-image-preview:large, max-video-preview:-1\" \/>\n<link rel=\"canonical\" href=\"https:\/\/www.greenflex.oteis.fr\/es\/la-directiva-csrd\/\" \/>\n<meta property=\"og:locale\" content=\"es_ES\" \/>\n<meta property=\"og:type\" content=\"article\" \/>\n<meta property=\"og:title\" content=\"La Directiva CSRD\" \/>\n<meta property=\"og:description\" content=\"La Directiva CSRD anima a intensificar las actuaciones de las empresas sobre las cuestiones medioambientales, sociales y de gobernanza.\" \/>\n<meta property=\"og:url\" content=\"https:\/\/www.greenflex.oteis.fr\/es\/la-directiva-csrd\/\" \/>\n<meta property=\"og:site_name\" content=\"GreenFlex\" \/>\n<meta property=\"article:modified_time\" content=\"2024-12-09T16:01:46+00:00\" \/>\n<meta property=\"og:image\" content=\"https:\/\/www.greenflex.oteis.fr\/wp-content\/uploads\/2023\/03\/csrd-directive-reporting-greenflex.jpg\" \/>\n\t<meta property=\"og:image:width\" content=\"1200\" \/>\n\t<meta property=\"og:image:height\" content=\"1521\" \/>\n\t<meta property=\"og:image:type\" content=\"image\/jpeg\" \/>\n<meta name=\"twitter:card\" content=\"summary_large_image\" \/>\n<meta name=\"twitter:site\" content=\"@GreenFlex\" \/>\n<meta name=\"twitter:label1\" content=\"Tiempo de lectura\" \/>\n\t<meta name=\"twitter:data1\" content=\"1 minuto\" \/>\n<script type=\"application\/ld+json\" class=\"yoast-schema-graph\">{\"@context\":\"https:\/\/schema.org\",\"@graph\":[{\"@type\":\"WebPage\",\"@id\":\"https:\/\/www.greenflex.oteis.fr\/es\/la-directiva-csrd\/\",\"url\":\"https:\/\/www.greenflex.oteis.fr\/es\/la-directiva-csrd\/\",\"name\":\"La Directiva CSRD - GreenFlex\",\"isPartOf\":{\"@id\":\"https:\/\/www.greenflex.oteis.fr\/es\/#website\"},\"datePublished\":\"2024-06-11T10:00:40+00:00\",\"dateModified\":\"2024-12-09T16:01:46+00:00\",\"description\":\"La Directiva CSRD anima a intensificar las actuaciones de las empresas sobre las cuestiones medioambientales, sociales y de gobernanza.\",\"breadcrumb\":{\"@id\":\"https:\/\/www.greenflex.oteis.fr\/es\/la-directiva-csrd\/#breadcrumb\"},\"inLanguage\":\"es\",\"potentialAction\":[{\"@type\":\"ReadAction\",\"target\":[\"https:\/\/www.greenflex.oteis.fr\/es\/la-directiva-csrd\/\"]}]},{\"@type\":\"BreadcrumbList\",\"@id\":\"https:\/\/www.greenflex.oteis.fr\/es\/la-directiva-csrd\/#breadcrumb\",\"itemListElement\":[{\"@type\":\"ListItem\",\"position\":1,\"name\":\"GreenFlex\",\"item\":\"https:\/\/www.greenflex.oteis.fr\/es\/\"},{\"@type\":\"ListItem\",\"position\":2,\"name\":\"La Directiva CSRD\"}]},{\"@type\":\"WebSite\",\"@id\":\"https:\/\/www.greenflex.oteis.fr\/es\/#website\",\"url\":\"https:\/\/www.greenflex.oteis.fr\/es\/\",\"name\":\"GreenFlex\",\"description\":\"Changeons de trajectoire\",\"potentialAction\":[{\"@type\":\"SearchAction\",\"target\":{\"@type\":\"EntryPoint\",\"urlTemplate\":\"https:\/\/www.greenflex.oteis.fr\/es\/?s={search_term_string}\"},\"query-input\":\"required name=search_term_string\"}],\"inLanguage\":\"es\"}]}<\/script>\n<!-- \/ Yoast SEO Premium plugin. -->","yoast_head_json":{"title":"La Directiva CSRD - GreenFlex","description":"La Directiva CSRD anima a intensificar las actuaciones de las empresas sobre las cuestiones medioambientales, sociales y de gobernanza.","robots":{"index":"index","follow":"follow","max-snippet":"max-snippet:-1","max-image-preview":"max-image-preview:large","max-video-preview":"max-video-preview:-1"},"canonical":"https:\/\/www.greenflex.oteis.fr\/es\/la-directiva-csrd\/","og_locale":"es_ES","og_type":"article","og_title":"La Directiva CSRD","og_description":"La Directiva CSRD anima a intensificar las actuaciones de las empresas sobre las cuestiones medioambientales, sociales y de gobernanza.","og_url":"https:\/\/www.greenflex.oteis.fr\/es\/la-directiva-csrd\/","og_site_name":"GreenFlex","article_modified_time":"2024-12-09T16:01:46+00:00","og_image":[{"width":1200,"height":1521,"url":"https:\/\/www.greenflex.oteis.fr\/wp-content\/uploads\/2023\/03\/csrd-directive-reporting-greenflex.jpg","type":"image\/jpeg"}],"twitter_card":"summary_large_image","twitter_site":"@GreenFlex","twitter_misc":{"Tiempo de lectura":"1 minuto"},"schema":{"@context":"https:\/\/schema.org","@graph":[{"@type":"WebPage","@id":"https:\/\/www.greenflex.oteis.fr\/es\/la-directiva-csrd\/","url":"https:\/\/www.greenflex.oteis.fr\/es\/la-directiva-csrd\/","name":"La Directiva CSRD - GreenFlex","isPartOf":{"@id":"https:\/\/www.greenflex.oteis.fr\/es\/#website"},"datePublished":"2024-06-11T10:00:40+00:00","dateModified":"2024-12-09T16:01:46+00:00","description":"La Directiva CSRD anima a intensificar las actuaciones de las empresas sobre las cuestiones medioambientales, sociales y de gobernanza.","breadcrumb":{"@id":"https:\/\/www.greenflex.oteis.fr\/es\/la-directiva-csrd\/#breadcrumb"},"inLanguage":"es","potentialAction":[{"@type":"ReadAction","target":["https:\/\/www.greenflex.oteis.fr\/es\/la-directiva-csrd\/"]}]},{"@type":"BreadcrumbList","@id":"https:\/\/www.greenflex.oteis.fr\/es\/la-directiva-csrd\/#breadcrumb","itemListElement":[{"@type":"ListItem","position":1,"name":"GreenFlex","item":"https:\/\/www.greenflex.oteis.fr\/es\/"},{"@type":"ListItem","position":2,"name":"La Directiva CSRD"}]},{"@type":"WebSite","@id":"https:\/\/www.greenflex.oteis.fr\/es\/#website","url":"https:\/\/www.greenflex.oteis.fr\/es\/","name":"GreenFlex","description":"Changeons de trajectoire","potentialAction":[{"@type":"SearchAction","target":{"@type":"EntryPoint","urlTemplate":"https:\/\/www.greenflex.oteis.fr\/es\/?s={search_term_string}"},"query-input":"required name=search_term_string"}],"inLanguage":"es"}]}},"_links":{"self":[{"href":"https:\/\/www.greenflex.oteis.fr\/es\/wp-json\/wp\/v2\/pages\/16803"}],"collection":[{"href":"https:\/\/www.greenflex.oteis.fr\/es\/wp-json\/wp\/v2\/pages"}],"about":[{"href":"https:\/\/www.greenflex.oteis.fr\/es\/wp-json\/wp\/v2\/types\/page"}],"author":[{"embeddable":true,"href":"https:\/\/www.greenflex.oteis.fr\/es\/wp-json\/wp\/v2\/users\/3"}],"replies":[{"embeddable":true,"href":"https:\/\/www.greenflex.oteis.fr\/es\/wp-json\/wp\/v2\/comments?post=16803"}],"version-history":[{"count":9,"href":"https:\/\/www.greenflex.oteis.fr\/es\/wp-json\/wp\/v2\/pages\/16803\/revisions"}],"predecessor-version":[{"id":19089,"href":"https:\/\/www.greenflex.oteis.fr\/es\/wp-json\/wp\/v2\/pages\/16803\/revisions\/19089"}],"wp:featuredmedia":[{"embeddable":true,"href":"https:\/\/www.greenflex.oteis.fr\/es\/wp-json\/wp\/v2\/media\/12014"}],"wp:attachment":[{"href":"https:\/\/www.greenflex.oteis.fr\/es\/wp-json\/wp\/v2\/media?parent=16803"}],"wp:term":[{"taxonomy":"sector_type","embeddable":true,"href":"https:\/\/www.greenflex.oteis.fr\/es\/wp-json\/wp\/v2\/sector_type?post=16803"},{"taxonomy":"offer_type","embeddable":true,"href":"https:\/\/www.greenflex.oteis.fr\/es\/wp-json\/wp\/v2\/offer_type?post=16803"}],"curies":[{"name":"wp","href":"https:\/\/api.w.org\/{rel}","templated":true}]}}