{"id":16239,"date":"2024-04-30T13:08:08","date_gmt":"2024-04-30T13:08:08","guid":{"rendered":"https:\/\/www.greenflex.com\/?page_id=16239"},"modified":"2024-05-03T14:19:16","modified_gmt":"2024-05-03T14:19:16","slug":"politica-calidad","status":"publish","type":"page","link":"https:\/\/www.greenflex.oteis.fr\/es\/politica-calidad\/","title":{"rendered":"Pol\u00edtica de la calidad"},"content":{"rendered":"\n<section id=\"disko-component-header-simple-block_eb7369ecff596f952f28cfc0f30a4cca\" class=\"disko-component disko-component-header-simple\">\n    <div class=\"header-content\">\n        <div class=\"bread-crumbs-container\">\n            <span><span><a href=\"https:\/\/www.greenflex.oteis.fr\/es\/\">GreenFlex<\/a><\/span><\/span>        <\/div>\n        <h1 class=\"header-title\">\n            Pol\u00edtica de la calidad        <\/h1>\n        <div class=\"header-description\">\n                    <\/div>\n        <div class=\"btn-wrapper\">\n                                <\/div>\n    <\/div>\n    <\/section>\n\n\n\n<section id=\"disko-component-wysiwyg-block_691f9d10b85cb342a48478980b290a6b\" class=\"disko-component disko-component-wysiwyg light\">\n    <div class=\"wysiwyg-wrapper\">\n        <h2 class=\"x_MsoNormal\">Misi\u00f3n y Visi\u00f3n<\/h2>\n<h3 class=\"x_MsoNormal\">Misi\u00f3n<b>:<\/b><\/h3>\n<p class=\"x_MsoNormal\">La misi\u00f3n de\u00a0<b>GREENFLEX-ACTIRENT GROUP, S.L.<\/b>\u00a0es llevar a cabo nuestras actividades mejorando continuamente la calidad\u00a0de nuestros servicios, situ\u00e1ndonos <strong>un paso por delante de las expectativas de los clientes y contribuyendo a mejorar su gesti\u00f3n energ\u00e9tica y ambiental.<\/strong><\/p>\n<h3 class=\"x_MsoNormal\">Visi\u00f3n<\/h3>\n<p class=\"x_MsoNormal\">El futuro de nuestra empresa estar\u00e1 asegurado a trav\u00e9s del compromiso con la calidad, el enfoque de servicio a nuestros clientes, la mejora del comportamiento energ\u00e9tico y ambiental de nuestros clientes, as\u00ed como por la cualificaci\u00f3n e implicaci\u00f3n de nuestros empleados.<\/p>\n<h2 class=\"x_MsoNormal\">Compromisos y valores estrat\u00e9gicos<\/h2>\n<p class=\"x_MsoNormal\">El empe\u00f1o por satisfacer al cliente, merecer su confianza, y prestar un servicio de calidad a las necesidades del cliente, desde la cercan\u00eda, ser\u00e1 el punto de mira <strong>de todo lo que hagamos.<\/strong><\/p>\n<p class=\"x_MsoNormal\">Mantener siempre con el cliente <strong>una comunicaci\u00f3n fluida<\/strong> para atender sus necesidades, requisitos y expectativas.<\/p>\n<p class=\"x_MsoNormal\">Formar a nuestros profesionales de forma que adquieran conocimientos y habilidades, que les permitan afrontar sus funciones de forma <strong>eficaz y responsable.<\/strong><\/p>\n<p class=\"x_MsoNormal\">La base fundamental de <strong>la fuerza de nuestra empresa reside en los empleados,<\/strong> a los que procuraremos en todo momento un entorno de trabajo que facilite su motivaci\u00f3n, implicaci\u00f3n, competencia y orgullo por su contribuci\u00f3n al trabajo realizado, as\u00ed como unas <strong>condiciones de trabajo seguras y saludables.<\/strong><\/p>\n<p class=\"x_MsoNormal\">Promover en todo momento <strong>la responsabilidad y la sensibilidad<\/strong> con respecto a la mejora continua de la calidad.<\/p>\n<p class=\"x_MsoNormal\">El futuro de nuestra empresa estar\u00e1 determinado por <strong>la calidad de nuestra respuesta a las necesidades del cliente.<\/strong> Solo de esta manera potenciaremos <strong>relaciones estables y duraderas<\/strong> con los clientes actuales y conseguiremos otros nuevos.<\/p>\n<p class=\"x_MsoNormal\">Integrar <strong>la creaci\u00f3n del valor medioambiental y social en el centro de la actividad de nuestros clientes<\/strong> <strong>para dirigirlos hacia una econom\u00eda regenerativa.<\/strong><\/p>\n<p class=\"x_MsoNormal\">Garantizar la eficacia econ\u00f3mica de nuestra empresa frente al alto nivel de competitividad del mercado.<\/p>\n<h2 class=\"x_MsoNormal\">Valores Operativos<\/h2>\n<p class=\"x_MsoNormal\">Apoyaremos, daremos soporte y adem\u00e1s desarrollaremos una organizaci\u00f3n que:<\/p>\n<ul>\n<li class=\"x_MsoNormal\">Est\u00e9 centrada en la <strong>mejora continua<\/strong><\/li>\n<li class=\"x_MsoNormal\">Est\u00e9 dirigida a <strong>satisfacer las expectativas de los clientes<\/strong> y cumplir con los requisitos legales y reglamentarios aplicables<\/li>\n<li class=\"x_MsoNormal\">Se base en el <strong>trabajo en equipo<\/strong><\/li>\n<li class=\"x_MsoNormal\">Se <strong>comunique abiertamente<\/strong> y estimule respuestas<\/li>\n<li class=\"x_MsoNormal\">Garantice la adecuada <strong>formaci\u00f3n<\/strong><\/li>\n<li class=\"x_MsoNormal\">Ofrezca un <strong>ambiente de trabajo seguro<\/strong><\/li>\n<li class=\"x_MsoNormal\">Estimule la <strong>iniciativa, innovaci\u00f3n y creatividad<\/strong><\/li>\n<li class=\"x_MsoNormal\"><strong>Reconozca los logros<\/strong> individuales y de equipo<\/li>\n<li class=\"x_MsoNormal\">Est\u00e9 <strong>comprometida socialmente<\/strong><\/li>\n<li class=\"x_MsoNormal\">Sea <strong>transparente<\/strong> respecto a sus actividades<\/li>\n<li class=\"x_MsoNormal\">Est\u00e9 comprometida con <strong>la mejora del desempe\u00f1o energ\u00e9tico y ambiental<\/strong> de sus clientes<\/li>\n<\/ul>\n<p class=\"x_MsoNormal\">Para conseguirlo fijaremos los indicadores correspondientes a cada uno de los par\u00e1metros medibles a los que asignaremos valores que constituir\u00e1n nuestros objetivos para el periodo fijado, y progresivamente <strong>m\u00e1s ambiciosos.<\/strong><\/p>\n<p class=\"x_MsoNormal\">Objetivos que acompa\u00f1ar\u00e1n a la presente declaraci\u00f3n y que ser\u00e1n revisados conjuntamente en periodos prefijados.<\/p>\n<p class=\"x_MsoNormal\">Las relaciones de nuestra empresa, con nuestros empleados, proveedores y clientes, ser\u00e1n <strong>honestas, objetivas y rectas, reconociendo siempre la dignidad de la persona como miembro del equipo.<\/strong><\/p>\n<p class=\"x_MsoNormal\">Admitimos que estos son los valores compartidos dentro de la organizaci\u00f3n\u00a0<b>GREENFLEX-ACTIRENT GROUP, S.L.<\/b><\/p>\n    <\/div>\n<\/section>\n","protected":false},"excerpt":{"rendered":"","protected":false},"author":3,"featured_media":0,"parent":0,"menu_order":0,"comment_status":"closed","ping_status":"closed","template":"","meta":{"content-type":"","inline_featured_image":false},"sector_type":[],"offer_type":[],"acf":[],"yoast_head":"<!-- This site is optimized with the Yoast SEO Premium plugin v21.8 (Yoast SEO v21.8.1) - https:\/\/yoast.com\/wordpress\/plugins\/seo\/ -->\n<title>Politica calidad<\/title>\n<meta name=\"description\" content=\"Descubra nuestro compromiso con la calidad, el enfoque de servicio y la mejora del comportamiento energ\u00e9tico y medioambiental de nuestros clientes\" \/>\n<meta name=\"robots\" content=\"index, follow, max-snippet:-1, max-image-preview:large, max-video-preview:-1\" \/>\n<link rel=\"canonical\" href=\"https:\/\/www.greenflex.oteis.fr\/es\/politica-calidad\/\" \/>\n<meta property=\"og:locale\" content=\"es_ES\" \/>\n<meta property=\"og:type\" content=\"article\" \/>\n<meta property=\"og:title\" content=\"Pol\u00edtica de la calidad\" \/>\n<meta property=\"og:description\" content=\"Descubra nuestro compromiso con la calidad, el enfoque de servicio y la mejora del comportamiento energ\u00e9tico y medioambiental de nuestros clientes\" \/>\n<meta property=\"og:url\" content=\"https:\/\/www.greenflex.oteis.fr\/es\/politica-calidad\/\" \/>\n<meta property=\"og:site_name\" content=\"GreenFlex\" \/>\n<meta property=\"article:modified_time\" content=\"2024-05-03T14:19:16+00:00\" \/>\n<meta name=\"twitter:card\" content=\"summary_large_image\" \/>\n<meta name=\"twitter:site\" content=\"@GreenFlex\" \/>\n<script type=\"application\/ld+json\" class=\"yoast-schema-graph\">{\"@context\":\"https:\/\/schema.org\",\"@graph\":[{\"@type\":\"WebPage\",\"@id\":\"https:\/\/www.greenflex.oteis.fr\/es\/politica-calidad\/\",\"url\":\"https:\/\/www.greenflex.oteis.fr\/es\/politica-calidad\/\",\"name\":\"Politica calidad\",\"isPartOf\":{\"@id\":\"https:\/\/www.greenflex.oteis.fr\/es\/#website\"},\"datePublished\":\"2024-04-30T13:08:08+00:00\",\"dateModified\":\"2024-05-03T14:19:16+00:00\",\"description\":\"Descubra nuestro compromiso con la calidad, el enfoque de servicio y la mejora del comportamiento energ\u00e9tico y medioambiental de nuestros clientes\",\"breadcrumb\":{\"@id\":\"https:\/\/www.greenflex.oteis.fr\/es\/politica-calidad\/#breadcrumb\"},\"inLanguage\":\"es\",\"potentialAction\":[{\"@type\":\"ReadAction\",\"target\":[\"https:\/\/www.greenflex.oteis.fr\/es\/politica-calidad\/\"]}]},{\"@type\":\"BreadcrumbList\",\"@id\":\"https:\/\/www.greenflex.oteis.fr\/es\/politica-calidad\/#breadcrumb\",\"itemListElement\":[{\"@type\":\"ListItem\",\"position\":1,\"name\":\"GreenFlex\",\"item\":\"https:\/\/www.greenflex.oteis.fr\/es\/\"},{\"@type\":\"ListItem\",\"position\":2,\"name\":\"Pol\u00edtica de la calidad\"}]},{\"@type\":\"WebSite\",\"@id\":\"https:\/\/www.greenflex.oteis.fr\/es\/#website\",\"url\":\"https:\/\/www.greenflex.oteis.fr\/es\/\",\"name\":\"GreenFlex\",\"description\":\"Changeons de trajectoire\",\"potentialAction\":[{\"@type\":\"SearchAction\",\"target\":{\"@type\":\"EntryPoint\",\"urlTemplate\":\"https:\/\/www.greenflex.oteis.fr\/es\/?s={search_term_string}\"},\"query-input\":\"required name=search_term_string\"}],\"inLanguage\":\"es\"}]}<\/script>\n<!-- \/ Yoast SEO Premium plugin. -->","yoast_head_json":{"title":"Politica calidad","description":"Descubra nuestro compromiso con la calidad, el enfoque de servicio y la mejora del comportamiento energ\u00e9tico y medioambiental de nuestros clientes","robots":{"index":"index","follow":"follow","max-snippet":"max-snippet:-1","max-image-preview":"max-image-preview:large","max-video-preview":"max-video-preview:-1"},"canonical":"https:\/\/www.greenflex.oteis.fr\/es\/politica-calidad\/","og_locale":"es_ES","og_type":"article","og_title":"Pol\u00edtica de la calidad","og_description":"Descubra nuestro compromiso con la calidad, el enfoque de servicio y la mejora del comportamiento energ\u00e9tico y medioambiental de nuestros clientes","og_url":"https:\/\/www.greenflex.oteis.fr\/es\/politica-calidad\/","og_site_name":"GreenFlex","article_modified_time":"2024-05-03T14:19:16+00:00","twitter_card":"summary_large_image","twitter_site":"@GreenFlex","schema":{"@context":"https:\/\/schema.org","@graph":[{"@type":"WebPage","@id":"https:\/\/www.greenflex.oteis.fr\/es\/politica-calidad\/","url":"https:\/\/www.greenflex.oteis.fr\/es\/politica-calidad\/","name":"Politica calidad","isPartOf":{"@id":"https:\/\/www.greenflex.oteis.fr\/es\/#website"},"datePublished":"2024-04-30T13:08:08+00:00","dateModified":"2024-05-03T14:19:16+00:00","description":"Descubra nuestro compromiso con la calidad, el enfoque de servicio y la mejora del comportamiento energ\u00e9tico y medioambiental de nuestros clientes","breadcrumb":{"@id":"https:\/\/www.greenflex.oteis.fr\/es\/politica-calidad\/#breadcrumb"},"inLanguage":"es","potentialAction":[{"@type":"ReadAction","target":["https:\/\/www.greenflex.oteis.fr\/es\/politica-calidad\/"]}]},{"@type":"BreadcrumbList","@id":"https:\/\/www.greenflex.oteis.fr\/es\/politica-calidad\/#breadcrumb","itemListElement":[{"@type":"ListItem","position":1,"name":"GreenFlex","item":"https:\/\/www.greenflex.oteis.fr\/es\/"},{"@type":"ListItem","position":2,"name":"Pol\u00edtica de la calidad"}]},{"@type":"WebSite","@id":"https:\/\/www.greenflex.oteis.fr\/es\/#website","url":"https:\/\/www.greenflex.oteis.fr\/es\/","name":"GreenFlex","description":"Changeons de trajectoire","potentialAction":[{"@type":"SearchAction","target":{"@type":"EntryPoint","urlTemplate":"https:\/\/www.greenflex.oteis.fr\/es\/?s={search_term_string}"},"query-input":"required name=search_term_string"}],"inLanguage":"es"}]}},"_links":{"self":[{"href":"https:\/\/www.greenflex.oteis.fr\/es\/wp-json\/wp\/v2\/pages\/16239"}],"collection":[{"href":"https:\/\/www.greenflex.oteis.fr\/es\/wp-json\/wp\/v2\/pages"}],"about":[{"href":"https:\/\/www.greenflex.oteis.fr\/es\/wp-json\/wp\/v2\/types\/page"}],"author":[{"embeddable":true,"href":"https:\/\/www.greenflex.oteis.fr\/es\/wp-json\/wp\/v2\/users\/3"}],"replies":[{"embeddable":true,"href":"https:\/\/www.greenflex.oteis.fr\/es\/wp-json\/wp\/v2\/comments?post=16239"}],"version-history":[{"count":3,"href":"https:\/\/www.greenflex.oteis.fr\/es\/wp-json\/wp\/v2\/pages\/16239\/revisions"}],"predecessor-version":[{"id":16242,"href":"https:\/\/www.greenflex.oteis.fr\/es\/wp-json\/wp\/v2\/pages\/16239\/revisions\/16242"}],"wp:attachment":[{"href":"https:\/\/www.greenflex.oteis.fr\/es\/wp-json\/wp\/v2\/media?parent=16239"}],"wp:term":[{"taxonomy":"sector_type","embeddable":true,"href":"https:\/\/www.greenflex.oteis.fr\/es\/wp-json\/wp\/v2\/sector_type?post=16239"},{"taxonomy":"offer_type","embeddable":true,"href":"https:\/\/www.greenflex.oteis.fr\/es\/wp-json\/wp\/v2\/offer_type?post=16239"}],"curies":[{"name":"wp","href":"https:\/\/api.w.org\/{rel}","templated":true}]}}