{"id":15779,"date":"2024-04-04T09:01:48","date_gmt":"2024-04-04T09:01:48","guid":{"rendered":"https:\/\/www.greenflex.com\/?page_id=15779"},"modified":"2024-04-04T09:01:50","modified_gmt":"2024-04-04T09:01:50","slug":"perte-descarbonizacion","status":"publish","type":"page","link":"https:\/\/www.greenflex.oteis.fr\/es\/perte-descarbonizacion\/","title":{"rendered":"PERTE descarbonizaci\u00f3n"},"content":{"rendered":"\n<section id=\"disko-component-header-simple-block_ac33c409efccc4c8f746e0f8342f9c30\" class=\"disko-component disko-component-header-simple\">\n    <div class=\"header-content\">\n        <div class=\"bread-crumbs-container\">\n            <span><span><a href=\"https:\/\/www.greenflex.oteis.fr\/es\/\">GreenFlex<\/a><\/span><\/span>        <\/div>\n        <h1 class=\"header-title\">\n            PERTE descarbonizaci\u00f3n        <\/h1>\n        <div class=\"header-description\">\n            <p>El pasado 28 de diciembre el Consejo de Ministros lanz\u00f3 la primera convocatoria del Proyecto Estrat\u00e9gico para la Recuperaci\u00f3n y Transformaci\u00f3n Econ\u00f3mica (PERTE) de descarbonizaci\u00f3n industrial. El proyecto supone un soporte para la industria en su transici\u00f3n hacia modelos m\u00e1s bajos en emisiones de carbono dentro el objetivo de neutralidad clim\u00e1tica propuesto por el gobierno para 2050.<\/p>\n        <\/div>\n        <div class=\"btn-wrapper\">\n                                <\/div>\n    <\/div>\n    <\/section>\n\n\n\n<section id=\"disko-component-image-text-block_707bcbd1f699b1269a0b06b0d2e08258\" class=\"disko-component disko-component-image-text light \">\n    \n    <div class=\"image-text-wrapper\">\n        <div class=\"image-text-col\">\n              <div class=\"image-text-container \">\n                  <img width=\"724\" height=\"724\" src=\"https:\/\/www.greenflex.oteis.fr\/wp-content\/uploads\/2024\/04\/PERTE_descarbonicacion_industrial.png\" class=\"image-text-image\" alt=\"Logo de PERTE descarbonizaci\u00f3n\" decoding=\"async\" loading=\"lazy\" sizes=\"40vw,(max-width:480px) 80vw\" srcset=\"https:\/\/www.greenflex.oteis.fr\/wp-content\/uploads\/2024\/04\/PERTE_descarbonicacion_industrial.png 724w, https:\/\/www.greenflex.oteis.fr\/wp-content\/uploads\/2024\/04\/PERTE_descarbonicacion_industrial-480x480.png 480w, https:\/\/www.greenflex.oteis.fr\/wp-content\/uploads\/2024\/04\/PERTE_descarbonicacion_industrial-375x375.png 375w\" \/>              <\/div>\n        <\/div>\n        <div class=\"image-text-col text-container\">\n            <h2>Una apuesta gubernamental para impulsar la descarbonizaci\u00f3n de la industria pesada<\/h2>\n<p>Para lograr dichos objetivos, el PERTE se enfoca en cuatro puntos de acci\u00f3n principales:<\/p>\n<ol>\n<li>En primer lugar, a trav\u00e9s del PERTE se ofrecen <strong>ayudas de actuaci\u00f3n integral para la descarbonizaci\u00f3n.<\/strong><\/li>\n<li>En segundo lugar, el PERTE recoge tambi\u00e9n <strong>una l\u00ednea de ayudas a empresas manufactureras participantes del IPCEI<\/strong> (Proyectos Importantes de Inter\u00e9s Com\u00fan Europeo) sobre la cadena industrial de hidr\u00f3geno renovable.<\/li>\n<li>En tercer lugar, tambi\u00e9n se incluyen <strong>el estudio y la evaluaci\u00f3n del desarrollo de un fondo de apoyo a los contratos por diferencias de carbono<\/strong> y realizaci\u00f3n de proyecto piloto.<\/li>\n<li>En cuarto lugar, se incluye una l\u00ednea de apoyo al <strong>desarrollo de nuevas instalaciones manufactureras altamente eficientes y descarbonizadas.<\/strong><\/li>\n<\/ol>\n            \n                    <\/div>\n    <\/div>\n\n<\/section>\n\n\n\n<section id=\"disko-component-wysiwyg-block_186f500c3ed9648c2f5e9be7aac5f915\" class=\"disko-component disko-component-wysiwyg light\">\n    <div class=\"wysiwyg-wrapper\">\n        <p>La finalidad de estas ayudas es fomentar proyectos de financiaci\u00f3n a un mejor uso de las tecnolog\u00edas de eficiencia energ\u00e9tica y descarbonizaci\u00f3n en instalaciones industriales. A la larga se espera que este proyecto <strong>incremente la competitividad del sector de la industria manufacturera en un 10% adem\u00e1s de la creaci\u00f3n de 8000 empleos.<\/strong><\/p>\n<p>Esta iniciativa partir\u00e1 de una inversi\u00f3n p\u00fablica prevista en 2300 millones de euros, divididos en esta primera convocatoria de 1000 millones de euros, 500 millones subvencionados y 500 millones en formato pr\u00e9stamo y en una segunda de 1300 millones. A largo plazo se intentar\u00e1 movilizar un total de 11 800 millones de euros.<\/p>\n<p>En cuanto al p\u00fablico objetivo destaca la industria manufacturera, en los que sobresalen concretamente los sectores de<strong> fabricaci\u00f3n de productos minerales no met\u00e1licos, la industria qu\u00edmica, refino de petr\u00f3leo, metalurgia y fabricaci\u00f3n de papel y pasta de papel.<\/strong> Aunque cualquier empresa que presente un proyecto pertinente y que cumpla con los requisitos podr\u00e1 presentarse candidata.<\/p>\n    <\/div>\n<\/section>\n\n\n\n<section id=\"disko-component-wysiwyg-block_8959a6ec4f70e28b748cdd33371b3ff1\" class=\"disko-component disko-component-wysiwyg dark\">\n    <div class=\"wysiwyg-wrapper\">\n        <p>Entre los requisitos de solicitud, destaca primeramente la obligatoriedad de que el proyecto tractor, es decir la suma de proyectos primarios, aporte <strong>una reducci\u00f3n de emisiones tras la inversi\u00f3n de, al menos, 3000 toneladas equivalentes de CO\u2082 o una reducci\u00f3n en las emisiones anuales de gases de efecto invernadero de un 30% en las instalaciones.<\/strong><\/p>\n<p>En segundo lugar, se admitir\u00e1n todos los proyectos primarios que permitan que el proyecto tractor est\u00e9 por encima del <strong>40% de la contribuci\u00f3n clim\u00e1tica ponderando con la ayuda.<\/strong><\/p>\n<p>Finalmente, ser\u00e1 obligatorio para las empresas en R\u00e9gimen de Comercio de Derechos de Emisi\u00f3n que est\u00e9n sustancialmente por debajo del Umbral del principio de <strong>Do Not Significant Harm<\/strong> (relacionado con la actividad sostenible de una empresa).<\/p>\n    <\/div>\n<\/section>\n\n\n\n<section id=\"disko-component-image-text-block_b667fc6d151857602fe7d217c358dbb6\" class=\"disko-component disko-component-image-text light \">\n    \n    <div class=\"image-text-wrapper\">\n        <div class=\"image-text-col\">\n              <div class=\"image-text-container \">\n                  <img width=\"2003\" height=\"2002\" src=\"https:\/\/www.greenflex.oteis.fr\/wp-content\/uploads\/2024\/04\/proyectos-perte-descarbonizacion-greenflex.jpg\" class=\"image-text-image\" alt=\"PERTE descarbonizacion\" decoding=\"async\" loading=\"lazy\" sizes=\"40vw,(max-width:480px) 80vw\" srcset=\"https:\/\/www.greenflex.oteis.fr\/wp-content\/uploads\/2024\/04\/proyectos-perte-descarbonizacion-greenflex.jpg 2003w, https:\/\/www.greenflex.oteis.fr\/wp-content\/uploads\/2024\/04\/proyectos-perte-descarbonizacion-greenflex-480x480.jpg 480w, https:\/\/www.greenflex.oteis.fr\/wp-content\/uploads\/2024\/04\/proyectos-perte-descarbonizacion-greenflex-1024x1024.jpg 1024w, https:\/\/www.greenflex.oteis.fr\/wp-content\/uploads\/2024\/04\/proyectos-perte-descarbonizacion-greenflex-375x375.jpg 375w, https:\/\/www.greenflex.oteis.fr\/wp-content\/uploads\/2024\/04\/proyectos-perte-descarbonizacion-greenflex-768x768.jpg 768w, https:\/\/www.greenflex.oteis.fr\/wp-content\/uploads\/2024\/04\/proyectos-perte-descarbonizacion-greenflex-1536x1536.jpg 1536w\" \/>              <\/div>\n        <\/div>\n        <div class=\"image-text-col text-container\">\n            <p>Para las empresas interesadas, se deber\u00e1 <strong>acreditar un importe m\u00ednimo de 1 mill\u00f3n de euros para el desarrollo del proyecto tractor,<\/strong> que podr\u00e1 consistir de varios proyectos primarios presentados de manera individual o en conjunto con m\u00e1s actores, <strong>sin haber un m\u00ednimo de inversi\u00f3n por actor o por proyecto primario.<\/strong><\/p>\n            \n                    <\/div>\n    <\/div>\n\n<\/section>\n\n\n\n<section id=\"disko-component-wysiwyg-block_0679e7d8e8aeef7a2a4c735c787d12bb\" class=\"disko-component disko-component-wysiwyg light\">\n    <div class=\"wysiwyg-wrapper\">\n        <p>Es importante saber que <strong>el PERTE de descarbonizaci\u00f3n no es excluyente.<\/strong> Es decir, que las dem\u00e1s ayudas financieras como por ejemplos los Certificados de Ahorro Energ\u00e9tico no se ver\u00edan afectadas.<\/p>\n<p>Este programa permitir\u00e1 pues a las empresas del sector industrial la realizaci\u00f3n de hojas de ruta viables hacia la descarbonizaci\u00f3n gracias a los mayores incentivos financieros.<\/p>\n<p>En GreenFlex tenemos un amplio recorrido desarrollando en los cuales hemos empezado a implementar el PERTE en nuestros proyectos. Adem\u00e1s, en el \u00e1mbito de la financiaci\u00f3n destacamos tambi\u00e9n por nuestra <strong>experiencia gestionando CAEs,<\/strong> siendo una de las primeras empresas en participar en la emisi\u00f3n de uno en Espa\u00f1a y habiendo sido nombrados sujeto delegado recientemente.<\/p>\n<p>En febrero se recibieron ya m\u00e1s de 100 candidaturas a la primera convocatoria del PERTE en descarbonizaci\u00f3n, si no te quieres quedar atr\u00e1s, podemos ayudarte.<\/p>\n<p>&nbsp;<\/p>\n    <\/div>\n<\/section>\n\n\n\n<section id=\"disko-component-banner-block_8b490da933ad6e279bb2ebbf907bc299\" class=\"disko-component disko-component-banner section-banner green\">\n    <div class=\"line-container\">\n        <svg width=\"100%\" height=\"100%\" viewBox=\"0 0 970 472\" aria-hidden=\"true\" preserveAspectRatio=\"xMinYMin meet\" xmlns=\"http:\/\/www.w3.org\/2000\/svg\"><path d=\"M410 471c-85 0-57.034-.598-123.517-.299S202 443 201.627 390.491V246.059c0-60.246-1.335-120.492-97.47-120.492-96.134 0-102.81 53.674-102.81 107.347 0 53.674 6.676 99.68 102.81 99.68 20.488 0 704.015.407 722.843.407 97 0 140-38 140.003-92.948 4.006-13.145 0-64.052 0-96.914C967.001 112.38 967 64.667 967 0\" stroke=\"#17FA73\" fill=\"none\" fill-rule=\"evenodd\"\/><\/svg>\n    <\/div>\n    <div class=\"banner-container\">\n        <div class=\"banner-title-container\">\n            <div class=\"banner-hover-title\">Para m\u00e1s informaci\u00f3n<br \/>\r\nacerca de nuestros servicios<\/div>\n            <div class=\"cursor\" data-bg=\"\"><\/div>\n        <\/div>\n        <p>\n                    <\/p>\n                    <a href=\"https:\/\/www.greenflex.oteis.fr\/es\/contacto\/\" class=\"btn btn-white\">\n                <div class=\"btn-ico\">\n                    <svg aria-hidden=\"true\" width=\"18\" height=\"15\" xmlns=\"http:\/\/www.w3.org\/2000\/svg\" xmlns:xlink=\"http:\/\/www.w3.org\/1999\/xlink\"><defs><path d=\"M11.455 2.025c-.833.73-.972 1.483-.42 2.255l4.032 4.023H.854a.863.863 0 00-.848.875c0 .483.38.876.848.876h14.213l-3.752 4.026c-.8.88-.761 1.639.114 2.275l6.332-6.557a.859.859 0 00.245-.62.86.86 0 00-.245-.62l-6.306-6.533z\" id=\"a\"\/><\/defs><use class=\"arrow-color\" fill=\"#00A880\" transform=\"rotate(-20 6.17 8.69)\" xlink:href=\"#a\" fill-rule=\"evenodd\"\/><\/svg>\n                <\/div>\n               No dude en contactarnos            <\/a>\n            <\/div>\n<\/section>\n","protected":false},"excerpt":{"rendered":"","protected":false},"author":3,"featured_media":15788,"parent":0,"menu_order":0,"comment_status":"closed","ping_status":"closed","template":"","meta":{"content-type":"","inline_featured_image":false},"sector_type":[],"offer_type":[],"acf":[],"yoast_head":"<!-- This site is optimized with the Yoast SEO Premium plugin v21.8 (Yoast SEO v21.8.1) - https:\/\/yoast.com\/wordpress\/plugins\/seo\/ -->\n<title>PERTE descarbonizaci\u00f3n - GreenFlex<\/title>\n<meta name=\"description\" content=\"Qu\u00e9 es PERTE descarbonizaci\u00f3n? Todo sobre esta apuesta gubernamental para impulsar la descarbonizaci\u00f3n de la industria pesada.\" \/>\n<meta name=\"robots\" content=\"index, follow, max-snippet:-1, max-image-preview:large, max-video-preview:-1\" \/>\n<link rel=\"canonical\" href=\"https:\/\/www.greenflex.oteis.fr\/es\/perte-descarbonizacion\/\" \/>\n<meta property=\"og:locale\" content=\"es_ES\" \/>\n<meta property=\"og:type\" content=\"article\" \/>\n<meta property=\"og:title\" content=\"PERTE descarbonizaci\u00f3n\" \/>\n<meta property=\"og:description\" content=\"Qu\u00e9 es PERTE descarbonizaci\u00f3n? Todo sobre esta apuesta gubernamental para impulsar la descarbonizaci\u00f3n de la industria pesada.\" \/>\n<meta property=\"og:url\" content=\"https:\/\/www.greenflex.oteis.fr\/es\/perte-descarbonizacion\/\" \/>\n<meta property=\"og:site_name\" content=\"GreenFlex\" \/>\n<meta property=\"article:modified_time\" content=\"2024-04-04T09:01:50+00:00\" \/>\n<meta property=\"og:image\" content=\"https:\/\/www.greenflex.oteis.fr\/wp-content\/uploads\/2024\/04\/PERTE_descarbonicacion_industrial.png\" \/>\n\t<meta property=\"og:image:width\" content=\"724\" \/>\n\t<meta property=\"og:image:height\" content=\"724\" \/>\n\t<meta property=\"og:image:type\" content=\"image\/png\" \/>\n<meta name=\"twitter:card\" content=\"summary_large_image\" \/>\n<meta name=\"twitter:site\" content=\"@GreenFlex\" \/>\n<meta name=\"twitter:label1\" content=\"Tiempo de lectura\" \/>\n\t<meta name=\"twitter:data1\" content=\"1 minuto\" \/>\n<script type=\"application\/ld+json\" class=\"yoast-schema-graph\">{\"@context\":\"https:\/\/schema.org\",\"@graph\":[{\"@type\":\"WebPage\",\"@id\":\"https:\/\/www.greenflex.oteis.fr\/es\/perte-descarbonizacion\/\",\"url\":\"https:\/\/www.greenflex.oteis.fr\/es\/perte-descarbonizacion\/\",\"name\":\"PERTE descarbonizaci\u00f3n - GreenFlex\",\"isPartOf\":{\"@id\":\"https:\/\/www.greenflex.oteis.fr\/es\/#website\"},\"datePublished\":\"2024-04-04T09:01:48+00:00\",\"dateModified\":\"2024-04-04T09:01:50+00:00\",\"description\":\"Qu\u00e9 es PERTE descarbonizaci\u00f3n? Todo sobre esta apuesta gubernamental para impulsar la descarbonizaci\u00f3n de la industria pesada.\",\"breadcrumb\":{\"@id\":\"https:\/\/www.greenflex.oteis.fr\/es\/perte-descarbonizacion\/#breadcrumb\"},\"inLanguage\":\"es\",\"potentialAction\":[{\"@type\":\"ReadAction\",\"target\":[\"https:\/\/www.greenflex.oteis.fr\/es\/perte-descarbonizacion\/\"]}]},{\"@type\":\"BreadcrumbList\",\"@id\":\"https:\/\/www.greenflex.oteis.fr\/es\/perte-descarbonizacion\/#breadcrumb\",\"itemListElement\":[{\"@type\":\"ListItem\",\"position\":1,\"name\":\"GreenFlex\",\"item\":\"https:\/\/www.greenflex.oteis.fr\/es\/\"},{\"@type\":\"ListItem\",\"position\":2,\"name\":\"PERTE descarbonizaci\u00f3n\"}]},{\"@type\":\"WebSite\",\"@id\":\"https:\/\/www.greenflex.oteis.fr\/es\/#website\",\"url\":\"https:\/\/www.greenflex.oteis.fr\/es\/\",\"name\":\"GreenFlex\",\"description\":\"Changeons de trajectoire\",\"potentialAction\":[{\"@type\":\"SearchAction\",\"target\":{\"@type\":\"EntryPoint\",\"urlTemplate\":\"https:\/\/www.greenflex.oteis.fr\/es\/?s={search_term_string}\"},\"query-input\":\"required name=search_term_string\"}],\"inLanguage\":\"es\"}]}<\/script>\n<!-- \/ Yoast SEO Premium plugin. -->","yoast_head_json":{"title":"PERTE descarbonizaci\u00f3n - GreenFlex","description":"Qu\u00e9 es PERTE descarbonizaci\u00f3n? Todo sobre esta apuesta gubernamental para impulsar la descarbonizaci\u00f3n de la industria pesada.","robots":{"index":"index","follow":"follow","max-snippet":"max-snippet:-1","max-image-preview":"max-image-preview:large","max-video-preview":"max-video-preview:-1"},"canonical":"https:\/\/www.greenflex.oteis.fr\/es\/perte-descarbonizacion\/","og_locale":"es_ES","og_type":"article","og_title":"PERTE descarbonizaci\u00f3n","og_description":"Qu\u00e9 es PERTE descarbonizaci\u00f3n? Todo sobre esta apuesta gubernamental para impulsar la descarbonizaci\u00f3n de la industria pesada.","og_url":"https:\/\/www.greenflex.oteis.fr\/es\/perte-descarbonizacion\/","og_site_name":"GreenFlex","article_modified_time":"2024-04-04T09:01:50+00:00","og_image":[{"width":724,"height":724,"url":"https:\/\/www.greenflex.oteis.fr\/wp-content\/uploads\/2024\/04\/PERTE_descarbonicacion_industrial.png","type":"image\/png"}],"twitter_card":"summary_large_image","twitter_site":"@GreenFlex","twitter_misc":{"Tiempo de lectura":"1 minuto"},"schema":{"@context":"https:\/\/schema.org","@graph":[{"@type":"WebPage","@id":"https:\/\/www.greenflex.oteis.fr\/es\/perte-descarbonizacion\/","url":"https:\/\/www.greenflex.oteis.fr\/es\/perte-descarbonizacion\/","name":"PERTE descarbonizaci\u00f3n - GreenFlex","isPartOf":{"@id":"https:\/\/www.greenflex.oteis.fr\/es\/#website"},"datePublished":"2024-04-04T09:01:48+00:00","dateModified":"2024-04-04T09:01:50+00:00","description":"Qu\u00e9 es PERTE descarbonizaci\u00f3n? Todo sobre esta apuesta gubernamental para impulsar la descarbonizaci\u00f3n de la industria pesada.","breadcrumb":{"@id":"https:\/\/www.greenflex.oteis.fr\/es\/perte-descarbonizacion\/#breadcrumb"},"inLanguage":"es","potentialAction":[{"@type":"ReadAction","target":["https:\/\/www.greenflex.oteis.fr\/es\/perte-descarbonizacion\/"]}]},{"@type":"BreadcrumbList","@id":"https:\/\/www.greenflex.oteis.fr\/es\/perte-descarbonizacion\/#breadcrumb","itemListElement":[{"@type":"ListItem","position":1,"name":"GreenFlex","item":"https:\/\/www.greenflex.oteis.fr\/es\/"},{"@type":"ListItem","position":2,"name":"PERTE descarbonizaci\u00f3n"}]},{"@type":"WebSite","@id":"https:\/\/www.greenflex.oteis.fr\/es\/#website","url":"https:\/\/www.greenflex.oteis.fr\/es\/","name":"GreenFlex","description":"Changeons de trajectoire","potentialAction":[{"@type":"SearchAction","target":{"@type":"EntryPoint","urlTemplate":"https:\/\/www.greenflex.oteis.fr\/es\/?s={search_term_string}"},"query-input":"required name=search_term_string"}],"inLanguage":"es"}]}},"_links":{"self":[{"href":"https:\/\/www.greenflex.oteis.fr\/es\/wp-json\/wp\/v2\/pages\/15779"}],"collection":[{"href":"https:\/\/www.greenflex.oteis.fr\/es\/wp-json\/wp\/v2\/pages"}],"about":[{"href":"https:\/\/www.greenflex.oteis.fr\/es\/wp-json\/wp\/v2\/types\/page"}],"author":[{"embeddable":true,"href":"https:\/\/www.greenflex.oteis.fr\/es\/wp-json\/wp\/v2\/users\/3"}],"replies":[{"embeddable":true,"href":"https:\/\/www.greenflex.oteis.fr\/es\/wp-json\/wp\/v2\/comments?post=15779"}],"version-history":[{"count":4,"href":"https:\/\/www.greenflex.oteis.fr\/es\/wp-json\/wp\/v2\/pages\/15779\/revisions"}],"predecessor-version":[{"id":15795,"href":"https:\/\/www.greenflex.oteis.fr\/es\/wp-json\/wp\/v2\/pages\/15779\/revisions\/15795"}],"wp:featuredmedia":[{"embeddable":true,"href":"https:\/\/www.greenflex.oteis.fr\/es\/wp-json\/wp\/v2\/media\/15788"}],"wp:attachment":[{"href":"https:\/\/www.greenflex.oteis.fr\/es\/wp-json\/wp\/v2\/media?parent=15779"}],"wp:term":[{"taxonomy":"sector_type","embeddable":true,"href":"https:\/\/www.greenflex.oteis.fr\/es\/wp-json\/wp\/v2\/sector_type?post=15779"},{"taxonomy":"offer_type","embeddable":true,"href":"https:\/\/www.greenflex.oteis.fr\/es\/wp-json\/wp\/v2\/offer_type?post=15779"}],"curies":[{"name":"wp","href":"https:\/\/api.w.org\/{rel}","templated":true}]}}