{"id":14684,"date":"2024-01-10T15:05:55","date_gmt":"2024-01-10T15:05:55","guid":{"rendered":"https:\/\/www.greenflex.com\/?page_id=14684"},"modified":"2025-12-18T12:53:48","modified_gmt":"2025-12-18T12:53:48","slug":"primer-cae-espana","status":"publish","type":"page","link":"https:\/\/www.greenflex.oteis.fr\/es\/primer-cae-espana\/","title":{"rendered":"Primer CAE en Espa\u00f1a"},"content":{"rendered":"\n<section id=\"disko-component-header-simple-block_c04660da7a339a1eef5cc9a9c657260e\" class=\"disko-component disko-component-header-simple\">\n    <div class=\"header-content\">\n        <div class=\"bread-crumbs-container\">\n            <span><span><a href=\"https:\/\/www.greenflex.oteis.fr\/es\/\">GreenFlex<\/a><\/span><\/span>        <\/div>\n        <h1 class=\"header-title\">\n            GreenFlex consigue emitir el primer CAE en Espa\u00f1a a nombre del obligado TotalEnergies Clientes        <\/h1>\n        <div class=\"header-description\">\n            <p>El pasado 26 de diciembre el Ente P\u00fablico Regional de la Energ\u00eda de Castilla y Le\u00f3n (EREN) emiti\u00f3 oficialmente uno de los primeros, si no el primer CAE est\u00e1ndar en Espa\u00f1a.<\/p>\n        <\/div>\n        <div class=\"btn-wrapper\">\n                                <\/div>\n    <\/div>\n    <\/section>\n\n\n\n<section id=\"disko-component-wysiwyg-block_c1701857708f91cae077a99622506853\" class=\"disko-component disko-component-wysiwyg light\">\n    <div class=\"wysiwyg-wrapper\">\n        <p>La actuaci\u00f3n corresponde a una renovaci\u00f3n de un sistema de producci\u00f3n de fr\u00edo y una enfriadora de glicol para condensaci\u00f3n de una central de CO\u2082 cuya obra fue realizada por Clauger x Grenco para la planta de Industria Gastron\u00f3mica Blanca Mencia, una industria del sector alimentario situada en Due\u00f1as, provincia de Palencia, con unos ahorros certificados de m\u00e1s de 530MWh. Ahora, gracias al Sistema CAE, va a verse claramente beneficiada al poder <strong>monetizar los ahorros certificados y reducir as\u00ed el periodo de amortizaci\u00f3n de su inversi\u00f3n.<\/strong><\/p>\n<p>Este primer CAE ha sido verificado por Aenor mediante el uso de las fichas IND140 e IND150 y tramitado por el EREN en un tiempo r\u00e9cord, menos de los 15 d\u00edas h\u00e1biles que marca la normativa. As\u00ed consta inscrito de forma definitiva en el Registro Nacional de CAE.<\/p>\n    <\/div>\n<\/section>\n\n\n\n<section id=\"disko-component-wysiwyg-block_94b44bf0f17b771bfe8011cf21a464e9\" class=\"disko-component disko-component-wysiwyg dark\">\n    <div class=\"wysiwyg-wrapper\">\n        <p>GreenFlex se encarg\u00f3 de la gesti\u00f3n integral de la emisi\u00f3n del CAE a saber:<\/p>\n<ul>\n<li>Evaluaci\u00f3n de la viabilidad de la operaci\u00f3n<\/li>\n<li>Creaci\u00f3n del dossier documental del expediente CAE<\/li>\n<li>Gesti\u00f3n de verificaci\u00f3n con Aenor y subsanaci\u00f3n de anomal\u00edas<\/li>\n<li>Gesti\u00f3n con el Organismo Regulador de la CCAA de Castilla y Le\u00f3n para la emisi\u00f3n del CAE<\/li>\n<li>Gesti\u00f3n con el Obligado TotalEnergies a cuyo nombre se emiti\u00f3 el CAE<\/li>\n<li>Gesti\u00f3n de todos los acuerdos vinculantes entre las partes implicadas<\/li>\n<li>Flujos econ\u00f3micos resultantes.<\/li>\n<\/ul>\n    <\/div>\n<\/section>\n\n\n\n<section id=\"disko-component-wysiwyg-block_c1119e6593ae0091b32c49f34eeba183\" class=\"disko-component disko-component-wysiwyg light\">\n    <div class=\"wysiwyg-wrapper\">\n        <p>Este paso confirma la clara apuesta de <strong>GreenFlex Espa\u00f1a<\/strong> por convertirse en un <strong>actor destacado dentro del mercado de los CAEs<\/strong> en nuestro pa\u00eds, continuando con la estrategia existente en Francia desde hace m\u00e1s de 14 a\u00f1os dentro del sistema franc\u00e9s. Dentro de la intenci\u00f3n de Greenflex de, como Sujeto Delegado, contribuir al sistema de forma muy potente resalta <strong>la importancia y valor diferencial que GreenFlex puede ofrecer a sus clientes y que nadie m\u00e1s ofrece actualmente en Espa\u00f1a: la combinaci\u00f3n directa de CAEs con modalidades de financiaci\u00f3n en arrendamiento operativo<\/strong>. S\u00f3lo con estas dos opciones GreenFlex es capaz de proponer operaciones financieras de activos energ\u00e9ticos de manera que no representan un impacto importante o relevante en las cuentas de sus clientes. Esa es la verdadera satisfacci\u00f3n de Greenflex, que nos permite impactar de forma decisiva en la transici\u00f3n energ\u00e9tica en nuestros clientes y contribuir a una econom\u00eda que crea y genera m\u00e1s de lo que destruye.<\/p>\n<p>Adem\u00e1s, se a\u00f1ade la opci\u00f3n de incluir diferentes subvenciones que sean aplicables as\u00ed como la ejecuci\u00f3n material de las soluciones t\u00e9cnicas mediante cualquiera de las modalidades propuestas (llave en mano, acompa\u00f1amiento, ESE, consultor\u00eda, etc).<\/p>\n    <\/div>\n<\/section>\n\n\n\n<section id=\"disko-component-wysiwyg-block_5b7c1a6144f80fe282b099b33d732cab\" class=\"disko-component disko-component-wysiwyg dark\">\n    <div class=\"wysiwyg-wrapper\">\n        <p>El sistema CAE se estrena as\u00ed oficialmente, despu\u00e9s de muchos meses de arduo trabajo por parte del equipo de la Subdirecci\u00f3n General de Eficiencia Energ\u00e9tica del MITERD, asociaciones como Anese, Cl\u00faster de l&#8217;Energia Eficient y otras as\u00ed como much\u00edsimos agentes del sector de la eficiencia energ\u00e9tica (Delegados, Verificadores, fabricantes, instaladores, ESE, ingenier\u00edas). Un par de meses despu\u00e9s de haberse solicitado los primeros expedientes, <strong>el sistema CAE ha cerrado el c\u00edrculo emitiendo el primer CAE oficial.<\/strong><\/p>\n<p>Deseamos que sea el principio de un camino muy exitoso del sistema CAE en Espa\u00f1a y que contribuya a conseguir los ambiciosos retos de reducci\u00f3n energ\u00eda final consumida y emisiones de CO\u2082eq as\u00ed como en materia sostenibilidad y mitigaci\u00f3n en el cambio clim\u00e1tico.<\/p>\n    <\/div>\n<\/section>\n\n\n\n<p><\/p>\n","protected":false},"excerpt":{"rendered":"","protected":false},"author":3,"featured_media":0,"parent":0,"menu_order":0,"comment_status":"closed","ping_status":"closed","template":"","meta":{"content-type":"","inline_featured_image":false},"sector_type":[],"offer_type":[],"acf":[],"yoast_head":"<!-- This site is optimized with the Yoast SEO Premium plugin v21.8 (Yoast SEO v21.8.1) - https:\/\/yoast.com\/wordpress\/plugins\/seo\/ -->\n<title>Primer CAE en Espa\u00f1a - GreenFlex<\/title>\n<meta name=\"description\" content=\"GreenFlex consigue emitir el primer CAE en Espa\u00f1a a nombre del obligado TotalEnergies Clientes\" \/>\n<meta name=\"robots\" content=\"index, follow, max-snippet:-1, max-image-preview:large, max-video-preview:-1\" \/>\n<link rel=\"canonical\" href=\"https:\/\/www.greenflex.oteis.fr\/es\/primer-cae-espana\/\" \/>\n<meta property=\"og:locale\" content=\"es_ES\" \/>\n<meta property=\"og:type\" content=\"article\" \/>\n<meta property=\"og:title\" content=\"Primer CAE en Espa\u00f1a\" \/>\n<meta property=\"og:description\" content=\"GreenFlex consigue emitir el primer CAE en Espa\u00f1a a nombre del obligado TotalEnergies Clientes\" \/>\n<meta property=\"og:url\" content=\"https:\/\/www.greenflex.oteis.fr\/es\/primer-cae-espana\/\" \/>\n<meta property=\"og:site_name\" content=\"GreenFlex\" \/>\n<meta property=\"article:modified_time\" content=\"2025-12-18T12:53:48+00:00\" \/>\n<meta name=\"twitter:card\" content=\"summary_large_image\" \/>\n<meta name=\"twitter:site\" content=\"@GreenFlex\" \/>\n<script type=\"application\/ld+json\" class=\"yoast-schema-graph\">{\"@context\":\"https:\/\/schema.org\",\"@graph\":[{\"@type\":\"WebPage\",\"@id\":\"https:\/\/www.greenflex.oteis.fr\/es\/primer-cae-espana\/\",\"url\":\"https:\/\/www.greenflex.oteis.fr\/es\/primer-cae-espana\/\",\"name\":\"Primer CAE en Espa\u00f1a - GreenFlex\",\"isPartOf\":{\"@id\":\"https:\/\/www.greenflex.oteis.fr\/es\/#website\"},\"datePublished\":\"2024-01-10T15:05:55+00:00\",\"dateModified\":\"2025-12-18T12:53:48+00:00\",\"description\":\"GreenFlex consigue emitir el primer CAE en Espa\u00f1a a nombre del obligado TotalEnergies Clientes\",\"breadcrumb\":{\"@id\":\"https:\/\/www.greenflex.oteis.fr\/es\/primer-cae-espana\/#breadcrumb\"},\"inLanguage\":\"es\",\"potentialAction\":[{\"@type\":\"ReadAction\",\"target\":[\"https:\/\/www.greenflex.oteis.fr\/es\/primer-cae-espana\/\"]}]},{\"@type\":\"BreadcrumbList\",\"@id\":\"https:\/\/www.greenflex.oteis.fr\/es\/primer-cae-espana\/#breadcrumb\",\"itemListElement\":[{\"@type\":\"ListItem\",\"position\":1,\"name\":\"GreenFlex\",\"item\":\"https:\/\/www.greenflex.oteis.fr\/es\/\"},{\"@type\":\"ListItem\",\"position\":2,\"name\":\"Primer CAE en Espa\u00f1a\"}]},{\"@type\":\"WebSite\",\"@id\":\"https:\/\/www.greenflex.oteis.fr\/es\/#website\",\"url\":\"https:\/\/www.greenflex.oteis.fr\/es\/\",\"name\":\"GreenFlex\",\"description\":\"Changeons de trajectoire\",\"potentialAction\":[{\"@type\":\"SearchAction\",\"target\":{\"@type\":\"EntryPoint\",\"urlTemplate\":\"https:\/\/www.greenflex.oteis.fr\/es\/?s={search_term_string}\"},\"query-input\":\"required name=search_term_string\"}],\"inLanguage\":\"es\"}]}<\/script>\n<!-- \/ Yoast SEO Premium plugin. -->","yoast_head_json":{"title":"Primer CAE en Espa\u00f1a - GreenFlex","description":"GreenFlex consigue emitir el primer CAE en Espa\u00f1a a nombre del obligado TotalEnergies Clientes","robots":{"index":"index","follow":"follow","max-snippet":"max-snippet:-1","max-image-preview":"max-image-preview:large","max-video-preview":"max-video-preview:-1"},"canonical":"https:\/\/www.greenflex.oteis.fr\/es\/primer-cae-espana\/","og_locale":"es_ES","og_type":"article","og_title":"Primer CAE en Espa\u00f1a","og_description":"GreenFlex consigue emitir el primer CAE en Espa\u00f1a a nombre del obligado TotalEnergies Clientes","og_url":"https:\/\/www.greenflex.oteis.fr\/es\/primer-cae-espana\/","og_site_name":"GreenFlex","article_modified_time":"2025-12-18T12:53:48+00:00","twitter_card":"summary_large_image","twitter_site":"@GreenFlex","schema":{"@context":"https:\/\/schema.org","@graph":[{"@type":"WebPage","@id":"https:\/\/www.greenflex.oteis.fr\/es\/primer-cae-espana\/","url":"https:\/\/www.greenflex.oteis.fr\/es\/primer-cae-espana\/","name":"Primer CAE en Espa\u00f1a - GreenFlex","isPartOf":{"@id":"https:\/\/www.greenflex.oteis.fr\/es\/#website"},"datePublished":"2024-01-10T15:05:55+00:00","dateModified":"2025-12-18T12:53:48+00:00","description":"GreenFlex consigue emitir el primer CAE en Espa\u00f1a a nombre del obligado TotalEnergies Clientes","breadcrumb":{"@id":"https:\/\/www.greenflex.oteis.fr\/es\/primer-cae-espana\/#breadcrumb"},"inLanguage":"es","potentialAction":[{"@type":"ReadAction","target":["https:\/\/www.greenflex.oteis.fr\/es\/primer-cae-espana\/"]}]},{"@type":"BreadcrumbList","@id":"https:\/\/www.greenflex.oteis.fr\/es\/primer-cae-espana\/#breadcrumb","itemListElement":[{"@type":"ListItem","position":1,"name":"GreenFlex","item":"https:\/\/www.greenflex.oteis.fr\/es\/"},{"@type":"ListItem","position":2,"name":"Primer CAE en Espa\u00f1a"}]},{"@type":"WebSite","@id":"https:\/\/www.greenflex.oteis.fr\/es\/#website","url":"https:\/\/www.greenflex.oteis.fr\/es\/","name":"GreenFlex","description":"Changeons de trajectoire","potentialAction":[{"@type":"SearchAction","target":{"@type":"EntryPoint","urlTemplate":"https:\/\/www.greenflex.oteis.fr\/es\/?s={search_term_string}"},"query-input":"required name=search_term_string"}],"inLanguage":"es"}]}},"_links":{"self":[{"href":"https:\/\/www.greenflex.oteis.fr\/es\/wp-json\/wp\/v2\/pages\/14684"}],"collection":[{"href":"https:\/\/www.greenflex.oteis.fr\/es\/wp-json\/wp\/v2\/pages"}],"about":[{"href":"https:\/\/www.greenflex.oteis.fr\/es\/wp-json\/wp\/v2\/types\/page"}],"author":[{"embeddable":true,"href":"https:\/\/www.greenflex.oteis.fr\/es\/wp-json\/wp\/v2\/users\/3"}],"replies":[{"embeddable":true,"href":"https:\/\/www.greenflex.oteis.fr\/es\/wp-json\/wp\/v2\/comments?post=14684"}],"version-history":[{"count":15,"href":"https:\/\/www.greenflex.oteis.fr\/es\/wp-json\/wp\/v2\/pages\/14684\/revisions"}],"predecessor-version":[{"id":22534,"href":"https:\/\/www.greenflex.oteis.fr\/es\/wp-json\/wp\/v2\/pages\/14684\/revisions\/22534"}],"wp:attachment":[{"href":"https:\/\/www.greenflex.oteis.fr\/es\/wp-json\/wp\/v2\/media?parent=14684"}],"wp:term":[{"taxonomy":"sector_type","embeddable":true,"href":"https:\/\/www.greenflex.oteis.fr\/es\/wp-json\/wp\/v2\/sector_type?post=14684"},{"taxonomy":"offer_type","embeddable":true,"href":"https:\/\/www.greenflex.oteis.fr\/es\/wp-json\/wp\/v2\/offer_type?post=14684"}],"curies":[{"name":"wp","href":"https:\/\/api.w.org\/{rel}","templated":true}]}}