{"id":10595,"date":"2022-10-17T13:40:05","date_gmt":"2022-10-17T13:40:05","guid":{"rendered":"https:\/\/www.greenflex.com\/?page_id=10595"},"modified":"2025-01-06T16:01:12","modified_gmt":"2025-01-06T16:01:12","slug":"arrendamiento-operativo","status":"publish","type":"page","link":"https:\/\/www.greenflex.oteis.fr\/es\/arrendamiento-operativo\/","title":{"rendered":"Arrendamiento operativo"},"content":{"rendered":"\n<section id=\"disko-component-header-simple-block_2467a18bc357e666a4069fb95d8fbff5\" class=\"disko-component disko-component-header-simple\">\n    <div class=\"header-content\">\n        <div class=\"bread-crumbs-container\">\n            <span><span><a href=\"https:\/\/www.greenflex.oteis.fr\/es\/\">GreenFlex<\/a><\/span><\/span>        <\/div>\n        <h1 class=\"header-title\">\n            Satisfacer las necesidades de financiaci\u00f3n        <\/h1>\n        <div class=\"header-description\">\n            <p>\u00bfBusca soluciones financieras coherentes con sus retos empresariales, econ\u00f3micos y medioambientales para actualizar sus equipamientos? Combinando nuestra experiencia t\u00e9cnica y tecnol\u00f3gica con nuestras soluciones de leasing, leaseback o financiaci\u00f3n por parte de terceros, le ofrecemos una respuesta financiera, operativa y responsable. Nuestras soluciones de financiaci\u00f3n pueden combinarse con otros reg\u00edmenes, como el certificado de ahorro de energ\u00eda o las subvenciones, por ejemplo<\/p>\n        <\/div>\n        <div class=\"btn-wrapper\">\n                                <\/div>\n    <\/div>\n    <\/section>\n\n\n\n<section id=\"disko-component-wysiwyg-block_7fcb4417522c716335e9ea5fa3977ec9\" class=\"disko-component disko-component-wysiwyg light\">\n    <div class=\"wysiwyg-wrapper\">\n        <h2>GreenFlex le ayudar\u00e1 a elegir, instalar y financiar equipamientos que representan sus principales consumos energ\u00e9ticos<\/h2>\n<p>Podemos ocuparnos de equipos relacionados con <strong>la distribuci\u00f3n<\/strong> (refrigeraci\u00f3n, HVAC, LEDs, hornos, cajas, estaciones de carga para veh\u00edculos el\u00e9ctricos, etc.), <strong>la inform\u00e1tica y lo digital<\/strong> (etiquetas electr\u00f3nicas, PCs, iluminaci\u00f3n, servidores, pantallas, equipos sanitarios, etc.) o <strong>la industria<\/strong> (servicios p\u00fablicos, calderas industriales, unidades de refrigeraci\u00f3n, unidades de tratamiento de aire, compresores de aire, motores con variaciones de velocidad, etc.).<\/p>\n    <\/div>\n<\/section>\n\n\n\n<section id=\"disko-component-image-text-block_5f630920d8d91e6f2e6a166a18f4ef1c\" class=\"disko-component disko-component-image-text dark \">\n    \n    <div class=\"image-text-wrapper\">\n        <div class=\"image-text-col\">\n              <div class=\"image-text-container \">\n                  <img width=\"1280\" height=\"853\" src=\"https:\/\/www.greenflex.oteis.fr\/wp-content\/uploads\/2021\/07\/industrie-credit-bail-leasing.jpg\" class=\"image-text-image\" alt=\"Ventiladores de color en un edificio\" decoding=\"async\" loading=\"lazy\" sizes=\"40vw,(max-width:480px) 80vw\" srcset=\"https:\/\/www.greenflex.oteis.fr\/wp-content\/uploads\/2021\/07\/industrie-credit-bail-leasing.jpg 1280w, https:\/\/www.greenflex.oteis.fr\/wp-content\/uploads\/2021\/07\/industrie-credit-bail-leasing-300x200.jpg 300w, https:\/\/www.greenflex.oteis.fr\/wp-content\/uploads\/2021\/07\/industrie-credit-bail-leasing-768x512.jpg 768w, https:\/\/www.greenflex.oteis.fr\/wp-content\/uploads\/2021\/07\/industrie-credit-bail-leasing-1024x682.jpg 1024w\" \/>              <\/div>\n        <\/div>\n        <div class=\"image-text-col text-container\">\n            <h2>Una respuesta a sus desaf\u00edos econ\u00f3micos y financieros<\/h2>\n<p>Las soluciones GreenFlex le permiten:<\/p>\n<ul>\n<li><strong>Preservar su tesorer\u00eda y capacidad de inversi\u00f3n<\/strong> para el desarrollo de su negocio<\/li>\n<li><strong>Modelizar las ganancias econ\u00f3micas, energ\u00e9ticas y de carbono de sus proyectos y optimizar el impacto presupuestario y medioambiental<\/strong> de los equipos integrando los costes medioambientales (consumo de energ\u00eda, emisiones de CO2) en el coste total de propiedad.<\/li>\n<li><strong>Gestionar sus costes y presupuestos de forma m\u00e1s flexible<\/strong>, sin la limitaci\u00f3n de la amortizaci\u00f3n<\/li>\n<li><strong>Reducir sus costes externalizando la gesti\u00f3n administrativa<\/strong> del contrato a un BackOffice dedicado<\/li>\n<li><strong>Adaptar sus costes a su propio ritmo<\/strong> de desarrollo empresarial, uso y tiempo de vida de los equipos<\/li>\n<\/ul>\n            \n                    <\/div>\n    <\/div>\n\n<\/section>\n\n\n\n<section id=\"disko-component-image-text-block_272b94a4f225be8c80920eb8fba4a384\" class=\"disko-component disko-component-image-text light reversed\">\n    \n    <div class=\"image-text-wrapper\">\n        <div class=\"image-text-col\">\n              <div class=\"image-text-container \">\n                  <img width=\"1500\" height=\"1000\" src=\"https:\/\/www.greenflex.oteis.fr\/wp-content\/uploads\/2021\/07\/Solutions-leasing-froid-distribution-GreenFlex.jpg\" class=\"image-text-image\" alt=\"Portas de refrigeradores en un supermercado\" decoding=\"async\" loading=\"lazy\" sizes=\"40vw,(max-width:480px) 80vw\" srcset=\"https:\/\/www.greenflex.oteis.fr\/wp-content\/uploads\/2021\/07\/Solutions-leasing-froid-distribution-GreenFlex.jpg 1500w, https:\/\/www.greenflex.oteis.fr\/wp-content\/uploads\/2021\/07\/Solutions-leasing-froid-distribution-GreenFlex-300x200.jpg 300w, https:\/\/www.greenflex.oteis.fr\/wp-content\/uploads\/2021\/07\/Solutions-leasing-froid-distribution-GreenFlex-768x512.jpg 768w, https:\/\/www.greenflex.oteis.fr\/wp-content\/uploads\/2021\/07\/Solutions-leasing-froid-distribution-GreenFlex-1024x683.jpg 1024w\" \/>              <\/div>\n        <\/div>\n        <div class=\"image-text-col text-container\">\n            <h2>Una respuesta a sus retos t\u00e9cnicos y operativos<\/h2>\n<p>Para facilitar su trabajo diario, puede:<\/p>\n<ul>\n<li><strong>Beneficio de la ingenier\u00eda t\u00e9cnica\u2026<\/strong>: identificaci\u00f3n de ahorros de energ\u00eda, ganancias, oportunidades regulatorias (taxonom\u00eda verde, directiva F-Gas)<\/li>\n<li><strong>\u2026Y financiera<\/strong> (escalabilidad, paquete CAPEX\/OPEX, desconsolidaci\u00f3n, combinaci\u00f3n de soluciones de financiaci\u00f3n) para optimizar sus partidas de consumo m\u00e1s intensivas en energ\u00eda y construir el paquete m\u00e1s adecuado al tipo de su proyecto y a la duraci\u00f3n de uso de los equipos<\/li>\n<li><strong>Integrar los dispositivos de ayuda (CAE, y subvenciones)<\/strong> en su paquete financiero para beneficiarse de una inyecci\u00f3n de efectivo o reducir el coste restante del proyecto sin tener que recurrir a su tesorer\u00eda, al tiempo que se beneficia de la flexibilidad y la escalabilidad del leasing como parte de una soluci\u00f3n que combina CAE y leasing<\/li>\n<li><strong>Utilizar GreenFlexIQ como herramienta de gesti\u00f3n y apoyo a la toma de decisiones<\/strong>: seguimiento en tiempo real de la flota, las compras, los contratos y los presupuestos de alquiler<\/li>\n<li><strong>Anticiparse a los cambios tecnol\u00f3gicos o normativos<\/strong> gestionando y desarrollando sus instalaciones<\/li>\n<\/ul>\n            \n                    <\/div>\n    <\/div>\n\n<\/section>\n\n\n\n<section id=\"disko-component-image-text-block_dd2c04606f706f1d81f2167a4e733967\" class=\"disko-component disko-component-image-text dark \">\n    \n    <div class=\"image-text-wrapper\">\n        <div class=\"image-text-col\">\n              <div class=\"image-text-container \">\n                  <img width=\"1920\" height=\"1280\" src=\"https:\/\/www.greenflex.oteis.fr\/wp-content\/uploads\/2021\/07\/Solutions-leasing-IT.jpg\" class=\"image-text-image\" alt=\"Dos hombres en un cuarto de server\" decoding=\"async\" loading=\"lazy\" sizes=\"40vw,(max-width:480px) 80vw\" srcset=\"https:\/\/www.greenflex.oteis.fr\/wp-content\/uploads\/2021\/07\/Solutions-leasing-IT.jpg 1920w, https:\/\/www.greenflex.oteis.fr\/wp-content\/uploads\/2021\/07\/Solutions-leasing-IT-300x200.jpg 300w, https:\/\/www.greenflex.oteis.fr\/wp-content\/uploads\/2021\/07\/Solutions-leasing-IT-768x512.jpg 768w, https:\/\/www.greenflex.oteis.fr\/wp-content\/uploads\/2021\/07\/Solutions-leasing-IT-1024x683.jpg 1024w, https:\/\/www.greenflex.oteis.fr\/wp-content\/uploads\/2021\/07\/Solutions-leasing-IT-1536x1024.jpg 1536w\" \/>              <\/div>\n        <\/div>\n        <div class=\"image-text-col text-container\">\n            <h2>Una respuesta energ\u00e9tica y medioambiental<\/h2>\n<p>Para tener en cuenta todos los costes de los equipos, le damos acceso a servicios de gesti\u00f3n medioambiental para:<\/p>\n<ul>\n<li><strong>Identificar y optimizar el coste total, incluyendo la huella de carbono<\/strong> y <strong>el consumo de energ\u00eda<\/strong> de sus equipos<\/li>\n<li><strong>Servicios para gestionar el final de la vida \u00fatil de sus activos<\/strong> de forma respetuosa con el medio ambiente, recicl\u00e1ndolos o revaloriz\u00e1ndolos en canales de calidad<\/li>\n<li><strong>Liberar a su empresa del proceso y los costes asociados<\/strong> a la log\u00edstica, la clasificaci\u00f3n y el tratamiento de sus equipamientos al final de su vida \u00fatil<\/li>\n<li><strong>Seguir el final de la vida \u00fatil de sus equipos<\/strong> a trav\u00e9s de nuestra plataforma GreenFlexIQ<\/li>\n<\/ul>\n            \n                    <\/div>\n    <\/div>\n\n<\/section>\n\n\n\n<section id=\"disko-component-banner-block_7697eabab8828751f6a6aed8c9005a1e\" class=\"disko-component disko-component-banner section-banner green\">\n    <div class=\"line-container\">\n        <svg width=\"100%\" height=\"100%\" viewBox=\"0 0 970 472\" aria-hidden=\"true\" preserveAspectRatio=\"xMinYMin meet\" xmlns=\"http:\/\/www.w3.org\/2000\/svg\"><path d=\"M410 471c-85 0-57.034-.598-123.517-.299S202 443 201.627 390.491V246.059c0-60.246-1.335-120.492-97.47-120.492-96.134 0-102.81 53.674-102.81 107.347 0 53.674 6.676 99.68 102.81 99.68 20.488 0 704.015.407 722.843.407 97 0 140-38 140.003-92.948 4.006-13.145 0-64.052 0-96.914C967.001 112.38 967 64.667 967 0\" stroke=\"#17FA73\" fill=\"none\" fill-rule=\"evenodd\"\/><\/svg>\n    <\/div>\n    <div class=\"banner-container\">\n        <div class=\"banner-title-container\">\n            <div class=\"banner-hover-title\">\u00bfComo financiar sus equipamientos?<\/div>\n            <div class=\"cursor\" data-bg=\"\"><\/div>\n        <\/div>\n        <p>\n            Nuestra experiencia t\u00e9cnica y financiera para realizar un proyecto eficaz        <\/p>\n                    <a href=\"https:\/\/www.greenflex.oteis.fr\/es\/contacto\/\" class=\"btn btn-white\">\n                <div class=\"btn-ico\">\n                    <svg aria-hidden=\"true\" width=\"18\" height=\"15\" xmlns=\"http:\/\/www.w3.org\/2000\/svg\" xmlns:xlink=\"http:\/\/www.w3.org\/1999\/xlink\"><defs><path d=\"M11.455 2.025c-.833.73-.972 1.483-.42 2.255l4.032 4.023H.854a.863.863 0 00-.848.875c0 .483.38.876.848.876h14.213l-3.752 4.026c-.8.88-.761 1.639.114 2.275l6.332-6.557a.859.859 0 00.245-.62.86.86 0 00-.245-.62l-6.306-6.533z\" id=\"a\"\/><\/defs><use class=\"arrow-color\" fill=\"#00A880\" transform=\"rotate(-20 6.17 8.69)\" xlink:href=\"#a\" fill-rule=\"evenodd\"\/><\/svg>\n                <\/div>\n               Contactanos            <\/a>\n            <\/div>\n<\/section>\n","protected":false},"excerpt":{"rendered":"","protected":false},"author":3,"featured_media":1948,"parent":0,"menu_order":0,"comment_status":"closed","ping_status":"closed","template":"","meta":{"content-type":"","inline_featured_image":false},"sector_type":[],"offer_type":[],"acf":[],"yoast_head":"<!-- This site is optimized with the Yoast SEO Premium plugin v21.8 (Yoast SEO v21.8.1) - https:\/\/yoast.com\/wordpress\/plugins\/seo\/ -->\n<title>Soluciones financieras por parte de terceros<\/title>\n<meta name=\"description\" content=\"Discubre como las soluciones de GreenFlex pueden reponsder a sus necesidades de compra responsable de equipamientos.\" \/>\n<meta name=\"robots\" content=\"index, follow, max-snippet:-1, max-image-preview:large, max-video-preview:-1\" \/>\n<link rel=\"canonical\" href=\"https:\/\/www.greenflex.oteis.fr\/es\/arrendamiento-operativo\/\" \/>\n<meta property=\"og:locale\" content=\"es_ES\" \/>\n<meta property=\"og:type\" content=\"article\" \/>\n<meta property=\"og:title\" content=\"Arrendamiento operativo\" \/>\n<meta property=\"og:description\" content=\"Discubre como las soluciones de GreenFlex pueden reponsder a sus necesidades de compra responsable de equipamientos.\" \/>\n<meta property=\"og:url\" content=\"https:\/\/www.greenflex.oteis.fr\/es\/arrendamiento-operativo\/\" \/>\n<meta property=\"og:site_name\" content=\"GreenFlex\" \/>\n<meta property=\"article:modified_time\" content=\"2025-01-06T16:01:12+00:00\" \/>\n<meta property=\"og:image\" content=\"https:\/\/greenflex-origin.greenshift.eu\/wp-content\/uploads\/2021\/07\/Solutions-leasing-IT.jpg\" \/>\n\t<meta property=\"og:image:width\" content=\"1920\" \/>\n\t<meta property=\"og:image:height\" content=\"1280\" \/>\n\t<meta property=\"og:image:type\" content=\"image\/jpeg\" \/>\n<meta name=\"twitter:card\" content=\"summary_large_image\" \/>\n<meta name=\"twitter:site\" content=\"@GreenFlex\" \/>\n<meta name=\"twitter:label1\" content=\"Tiempo de lectura\" \/>\n\t<meta name=\"twitter:data1\" content=\"1 minuto\" \/>\n<script type=\"application\/ld+json\" class=\"yoast-schema-graph\">{\"@context\":\"https:\/\/schema.org\",\"@graph\":[{\"@type\":\"WebPage\",\"@id\":\"https:\/\/www.greenflex.oteis.fr\/es\/arrendamiento-operativo\/\",\"url\":\"https:\/\/www.greenflex.oteis.fr\/es\/arrendamiento-operativo\/\",\"name\":\"Soluciones financieras por parte de terceros\",\"isPartOf\":{\"@id\":\"https:\/\/www.greenflex.oteis.fr\/es\/#website\"},\"datePublished\":\"2022-10-17T13:40:05+00:00\",\"dateModified\":\"2025-01-06T16:01:12+00:00\",\"description\":\"Discubre como las soluciones de GreenFlex pueden reponsder a sus necesidades de compra responsable de equipamientos.\",\"breadcrumb\":{\"@id\":\"https:\/\/www.greenflex.oteis.fr\/es\/arrendamiento-operativo\/#breadcrumb\"},\"inLanguage\":\"es\",\"potentialAction\":[{\"@type\":\"ReadAction\",\"target\":[\"https:\/\/www.greenflex.oteis.fr\/es\/arrendamiento-operativo\/\"]}]},{\"@type\":\"BreadcrumbList\",\"@id\":\"https:\/\/www.greenflex.oteis.fr\/es\/arrendamiento-operativo\/#breadcrumb\",\"itemListElement\":[{\"@type\":\"ListItem\",\"position\":1,\"name\":\"GreenFlex\",\"item\":\"https:\/\/www.greenflex.oteis.fr\/es\/\"},{\"@type\":\"ListItem\",\"position\":2,\"name\":\"Arrendamiento operativo\"}]},{\"@type\":\"WebSite\",\"@id\":\"https:\/\/www.greenflex.oteis.fr\/es\/#website\",\"url\":\"https:\/\/www.greenflex.oteis.fr\/es\/\",\"name\":\"GreenFlex\",\"description\":\"Changeons de trajectoire\",\"potentialAction\":[{\"@type\":\"SearchAction\",\"target\":{\"@type\":\"EntryPoint\",\"urlTemplate\":\"https:\/\/www.greenflex.oteis.fr\/es\/?s={search_term_string}\"},\"query-input\":\"required name=search_term_string\"}],\"inLanguage\":\"es\"}]}<\/script>\n<!-- \/ Yoast SEO Premium plugin. -->","yoast_head_json":{"title":"Soluciones financieras por parte de terceros","description":"Discubre como las soluciones de GreenFlex pueden reponsder a sus necesidades de compra responsable de equipamientos.","robots":{"index":"index","follow":"follow","max-snippet":"max-snippet:-1","max-image-preview":"max-image-preview:large","max-video-preview":"max-video-preview:-1"},"canonical":"https:\/\/www.greenflex.oteis.fr\/es\/arrendamiento-operativo\/","og_locale":"es_ES","og_type":"article","og_title":"Arrendamiento operativo","og_description":"Discubre como las soluciones de GreenFlex pueden reponsder a sus necesidades de compra responsable de equipamientos.","og_url":"https:\/\/www.greenflex.oteis.fr\/es\/arrendamiento-operativo\/","og_site_name":"GreenFlex","article_modified_time":"2025-01-06T16:01:12+00:00","og_image":[{"width":1920,"height":1280,"url":"https:\/\/greenflex-origin.greenshift.eu\/wp-content\/uploads\/2021\/07\/Solutions-leasing-IT.jpg","type":"image\/jpeg"}],"twitter_card":"summary_large_image","twitter_site":"@GreenFlex","twitter_misc":{"Tiempo de lectura":"1 minuto"},"schema":{"@context":"https:\/\/schema.org","@graph":[{"@type":"WebPage","@id":"https:\/\/www.greenflex.oteis.fr\/es\/arrendamiento-operativo\/","url":"https:\/\/www.greenflex.oteis.fr\/es\/arrendamiento-operativo\/","name":"Soluciones financieras por parte de terceros","isPartOf":{"@id":"https:\/\/www.greenflex.oteis.fr\/es\/#website"},"datePublished":"2022-10-17T13:40:05+00:00","dateModified":"2025-01-06T16:01:12+00:00","description":"Discubre como las soluciones de GreenFlex pueden reponsder a sus necesidades de compra responsable de equipamientos.","breadcrumb":{"@id":"https:\/\/www.greenflex.oteis.fr\/es\/arrendamiento-operativo\/#breadcrumb"},"inLanguage":"es","potentialAction":[{"@type":"ReadAction","target":["https:\/\/www.greenflex.oteis.fr\/es\/arrendamiento-operativo\/"]}]},{"@type":"BreadcrumbList","@id":"https:\/\/www.greenflex.oteis.fr\/es\/arrendamiento-operativo\/#breadcrumb","itemListElement":[{"@type":"ListItem","position":1,"name":"GreenFlex","item":"https:\/\/www.greenflex.oteis.fr\/es\/"},{"@type":"ListItem","position":2,"name":"Arrendamiento operativo"}]},{"@type":"WebSite","@id":"https:\/\/www.greenflex.oteis.fr\/es\/#website","url":"https:\/\/www.greenflex.oteis.fr\/es\/","name":"GreenFlex","description":"Changeons de trajectoire","potentialAction":[{"@type":"SearchAction","target":{"@type":"EntryPoint","urlTemplate":"https:\/\/www.greenflex.oteis.fr\/es\/?s={search_term_string}"},"query-input":"required name=search_term_string"}],"inLanguage":"es"}]}},"_links":{"self":[{"href":"https:\/\/www.greenflex.oteis.fr\/es\/wp-json\/wp\/v2\/pages\/10595"}],"collection":[{"href":"https:\/\/www.greenflex.oteis.fr\/es\/wp-json\/wp\/v2\/pages"}],"about":[{"href":"https:\/\/www.greenflex.oteis.fr\/es\/wp-json\/wp\/v2\/types\/page"}],"author":[{"embeddable":true,"href":"https:\/\/www.greenflex.oteis.fr\/es\/wp-json\/wp\/v2\/users\/3"}],"replies":[{"embeddable":true,"href":"https:\/\/www.greenflex.oteis.fr\/es\/wp-json\/wp\/v2\/comments?post=10595"}],"version-history":[{"count":7,"href":"https:\/\/www.greenflex.oteis.fr\/es\/wp-json\/wp\/v2\/pages\/10595\/revisions"}],"predecessor-version":[{"id":19077,"href":"https:\/\/www.greenflex.oteis.fr\/es\/wp-json\/wp\/v2\/pages\/10595\/revisions\/19077"}],"wp:featuredmedia":[{"embeddable":true,"href":"https:\/\/www.greenflex.oteis.fr\/es\/wp-json\/wp\/v2\/media\/1948"}],"wp:attachment":[{"href":"https:\/\/www.greenflex.oteis.fr\/es\/wp-json\/wp\/v2\/media?parent=10595"}],"wp:term":[{"taxonomy":"sector_type","embeddable":true,"href":"https:\/\/www.greenflex.oteis.fr\/es\/wp-json\/wp\/v2\/sector_type?post=10595"},{"taxonomy":"offer_type","embeddable":true,"href":"https:\/\/www.greenflex.oteis.fr\/es\/wp-json\/wp\/v2\/offer_type?post=10595"}],"curies":[{"name":"wp","href":"https:\/\/api.w.org\/{rel}","templated":true}]}}