{"id":10569,"date":"2022-10-17T12:24:29","date_gmt":"2022-10-17T12:24:29","guid":{"rendered":"https:\/\/www.greenflex.com\/?page_id=10569"},"modified":"2024-12-09T15:56:21","modified_gmt":"2024-12-09T15:56:21","slug":"estudios-de-factibilidad-y-diseno","status":"publish","type":"page","link":"https:\/\/www.greenflex.oteis.fr\/es\/estudios-de-factibilidad-y-diseno\/","title":{"rendered":"Estudios de factibilidad y dise\u00f1o"},"content":{"rendered":"\n<section id=\"disko-component-header-simple-block_edb84a2f5f74bcc25b484c48d1933a65\" class=\"disko-component disko-component-header-simple\">\n    <div class=\"header-content\">\n        <div class=\"bread-crumbs-container\">\n            <span><span><a href=\"https:\/\/www.greenflex.oteis.fr\/es\/\">GreenFlex<\/a><\/span><\/span>        <\/div>\n        <h1 class=\"header-title\">\n            Estudiar la viabilidad del proyecto y dise\u00f1o de la soluci\u00f3n tecnica        <\/h1>\n        <div class=\"header-description\">\n            <p>GreenFlex te ayuda a identificar los proyectos que te permitir\u00e1n mejorar el rendimiento energ\u00e9tico y medioambiental, a evaluar su viabilidad t\u00e9cnica, econ\u00f3mica y financiera y a dise\u00f1arlos para que se adapten mejor a sus necesidades<\/p>\n        <\/div>\n        <div class=\"btn-wrapper\">\n                                <\/div>\n    <\/div>\n    <\/section>\n\n\n\n<section id=\"disko-component-wysiwyg-block_66e6a5fcc85531cb49827e564a475b73\" class=\"disko-component disko-component-wysiwyg light\">\n    <div class=\"wysiwyg-wrapper\">\n        <h2>Identificar y dimensionar su proyecto<\/h2>\n<p>\u00bfBusca soluciones t\u00e9cnicas, econ\u00f3micas y financieras para su proyecto? \u00bfNecesita de ayuda para el dise\u00f1o de su proyecto?<\/p>\n<p>GreenFlex realiza estudios de viabilidad y dise\u00f1o sobre todas sus <strong>cuestiones energ\u00e9ticas y medioambientales<\/strong> (electricidad, calor, fr\u00edo, vapor, energ\u00edas renovables, etc.) o le asiste en estas diferentes fases de estudio.<\/p>\n    <\/div>\n<\/section>\n\n\n\n<section id=\"disko-component-image-text-block_e5730cf1b63c3c8ee583950c840d4ce4\" class=\"disko-component disko-component-image-text dark reversed\">\n    \n    <div class=\"image-text-wrapper\">\n        <div class=\"image-text-col\">\n              <div class=\"image-text-container \">\n                  <img width=\"1280\" height=\"1920\" src=\"https:\/\/www.greenflex.oteis.fr\/wp-content\/uploads\/2021\/07\/Etudes-conception-faisabilite-GreenFlex.jpg\" class=\"image-text-image\" alt=\"Una mujer asiatica sentada a una mesa habla con una otra mujer\" decoding=\"async\" loading=\"lazy\" sizes=\"40vw,(max-width:480px) 80vw\" srcset=\"https:\/\/www.greenflex.oteis.fr\/wp-content\/uploads\/2021\/07\/Etudes-conception-faisabilite-GreenFlex.jpg 1280w, https:\/\/www.greenflex.oteis.fr\/wp-content\/uploads\/2021\/07\/Etudes-conception-faisabilite-GreenFlex-200x300.jpg 200w, https:\/\/www.greenflex.oteis.fr\/wp-content\/uploads\/2021\/07\/Etudes-conception-faisabilite-GreenFlex-768x1152.jpg 768w, https:\/\/www.greenflex.oteis.fr\/wp-content\/uploads\/2021\/07\/Etudes-conception-faisabilite-GreenFlex-683x1024.jpg 683w, https:\/\/www.greenflex.oteis.fr\/wp-content\/uploads\/2021\/07\/Etudes-conception-faisabilite-GreenFlex-1024x1536.jpg 1024w\" \/>              <\/div>\n        <\/div>\n        <div class=\"image-text-col text-container\">\n            <h2>Fases preliminares al dise\u00f1o<\/h2>\n<ul>\n<li><strong>Estudio de viabilidad<\/strong>: seleccionar la soluci\u00f3n t\u00e9cnica m\u00e1s adecuada y comprobar que el proyecto es econ\u00f3micamente viable<\/li>\n<li><strong>Dise\u00f1o preliminar<\/strong>: definir las caracter\u00edsticas resumidas del proyecto para estimar sus costes. Proporciona los elementos clave para decidir c\u00f3mo proceder con el proyecto<\/li>\n<li><strong>Dise\u00f1o detallado<\/strong>: determinar las principales caracter\u00edsticas del dise\u00f1o t\u00e9cnico, econ\u00f3mico y financiero de la obra. Permite poner en marcha el proyecto y contratar a un director de proyecto para la construcci\u00f3n<\/li>\n<\/ul>\n            \n                    <\/div>\n    <\/div>\n\n<\/section>\n\n\n\n<section id=\"disko-component-image-text-block_a6cdc7933fb4765eb28724825999bddc\" class=\"disko-component disko-component-image-text light \">\n    \n    <div class=\"image-text-wrapper\">\n        <div class=\"image-text-col\">\n              <div class=\"image-text-container \">\n                  <img width=\"1280\" height=\"847\" src=\"https:\/\/www.greenflex.oteis.fr\/wp-content\/uploads\/2021\/07\/Phases-etudes-conception-faisabilite-GreenFlex.jpg\" class=\"image-text-image\" alt=\"Vista a\u00e9rea de una mesa sobre cual tres hombres trabajan\" decoding=\"async\" loading=\"lazy\" sizes=\"40vw,(max-width:480px) 80vw\" srcset=\"https:\/\/www.greenflex.oteis.fr\/wp-content\/uploads\/2021\/07\/Phases-etudes-conception-faisabilite-GreenFlex.jpg 1280w, https:\/\/www.greenflex.oteis.fr\/wp-content\/uploads\/2021\/07\/Phases-etudes-conception-faisabilite-GreenFlex-300x199.jpg 300w, https:\/\/www.greenflex.oteis.fr\/wp-content\/uploads\/2021\/07\/Phases-etudes-conception-faisabilite-GreenFlex-768x508.jpg 768w, https:\/\/www.greenflex.oteis.fr\/wp-content\/uploads\/2021\/07\/Phases-etudes-conception-faisabilite-GreenFlex-1024x678.jpg 1024w\" \/>              <\/div>\n        <\/div>\n        <div class=\"image-text-col text-container\">\n            <h2>Una multiexperiencia esencial para dise\u00f1ar su proyecto<\/h2>\n<ul>\n<li><strong>220 ingenieros con experiencia en diversos campos<\/strong> (electricidad, calor, fr\u00edo, vapor, carbono, etc.) <strong>y equipos<\/strong> (iluminaci\u00f3n, HVAC, calderas, unidades de refrigeraci\u00f3n, estaciones de carga para veh\u00edculos el\u00e9ctricos, etc.) para satisfacer mejor sus necesidades<\/li>\n<li><strong>Apoyo a lo largo de su proyecto<\/strong>: desde la identificaci\u00f3n del proyecto hasta el dise\u00f1o y la ejecuci\u00f3n del mismo o como gestor de proyectos para una soluci\u00f3n llave en mano<\/li>\n<li><strong>Experiencia y soluciones de financiaci\u00f3n<\/strong> para ayudarle a mejorar la rentabilidad de su proyecto (<a href=\"https:\/\/www.greenflex.oteis.fr\/es\/certificados-de-ahorro-energetico-cae\/\">CAE<\/a>, leasing, <a href=\"https:\/\/www.greenflex.oteis.fr\/es\/arrendamiento-operativo\/\">financiaci\u00f3n de terceros<\/a>, CPE, etc.)<\/li>\n<\/ul>\n            \n                    <\/div>\n    <\/div>\n\n<\/section>\n\n\n\n<section id=\"disko-component-banner-block_cb9a5a8c5b984e4e747411a95104db0b\" class=\"disko-component disko-component-banner section-banner green\">\n    <div class=\"line-container\">\n        <svg width=\"100%\" height=\"100%\" viewBox=\"0 0 970 472\" aria-hidden=\"true\" preserveAspectRatio=\"xMinYMin meet\" xmlns=\"http:\/\/www.w3.org\/2000\/svg\"><path d=\"M410 471c-85 0-57.034-.598-123.517-.299S202 443 201.627 390.491V246.059c0-60.246-1.335-120.492-97.47-120.492-96.134 0-102.81 53.674-102.81 107.347 0 53.674 6.676 99.68 102.81 99.68 20.488 0 704.015.407 722.843.407 97 0 140-38 140.003-92.948 4.006-13.145 0-64.052 0-96.914C967.001 112.38 967 64.667 967 0\" stroke=\"#17FA73\" fill=\"none\" fill-rule=\"evenodd\"\/><\/svg>\n    <\/div>\n    <div class=\"banner-container\">\n        <div class=\"banner-title-container\">\n            <div class=\"banner-hover-title\">\u00bfNecesita apoyo para<br \/>\r\nestudiar la viabilidad de un proyecto?<\/div>\n            <div class=\"cursor\" data-bg=\"\"><\/div>\n        <\/div>\n        <p>\n            Nuestra experiencia le permite de realizar un proyecto eficaz        <\/p>\n                    <a href=\"https:\/\/www.greenflex.oteis.fr\/es\/contacto\/\" class=\"btn btn-white\">\n                <div class=\"btn-ico\">\n                    <svg aria-hidden=\"true\" width=\"18\" height=\"15\" xmlns=\"http:\/\/www.w3.org\/2000\/svg\" xmlns:xlink=\"http:\/\/www.w3.org\/1999\/xlink\"><defs><path d=\"M11.455 2.025c-.833.73-.972 1.483-.42 2.255l4.032 4.023H.854a.863.863 0 00-.848.875c0 .483.38.876.848.876h14.213l-3.752 4.026c-.8.88-.761 1.639.114 2.275l6.332-6.557a.859.859 0 00.245-.62.86.86 0 00-.245-.62l-6.306-6.533z\" id=\"a\"\/><\/defs><use class=\"arrow-color\" fill=\"#00A880\" transform=\"rotate(-20 6.17 8.69)\" xlink:href=\"#a\" fill-rule=\"evenodd\"\/><\/svg>\n                <\/div>\n               Cont\u00e1ctanos            <\/a>\n            <\/div>\n<\/section>\n","protected":false},"excerpt":{"rendered":"","protected":false},"author":3,"featured_media":0,"parent":0,"menu_order":0,"comment_status":"closed","ping_status":"closed","template":"","meta":{"content-type":"","inline_featured_image":false},"sector_type":[],"offer_type":[],"acf":[],"yoast_head":"<!-- This site is optimized with the Yoast SEO Premium plugin v21.8 (Yoast SEO v21.8.1) - https:\/\/yoast.com\/wordpress\/plugins\/seo\/ -->\n<title>Estudios de factibilidad y dise\u00f1o<\/title>\n<meta name=\"description\" content=\"Quiere identificar los proyectos que le permitir\u00e1n mejorar el rendimiento energ\u00e9tico? Le apoyamos en el estudio de su factibilidad\" \/>\n<meta name=\"robots\" content=\"index, follow, max-snippet:-1, max-image-preview:large, max-video-preview:-1\" \/>\n<link rel=\"canonical\" href=\"https:\/\/www.greenflex.oteis.fr\/es\/estudios-de-factibilidad-y-diseno\/\" \/>\n<meta property=\"og:locale\" content=\"es_ES\" \/>\n<meta property=\"og:type\" content=\"article\" \/>\n<meta property=\"og:title\" content=\"Estudios de factibilidad y dise\u00f1o\" \/>\n<meta property=\"og:description\" content=\"Quiere identificar los proyectos que le permitir\u00e1n mejorar el rendimiento energ\u00e9tico? Le apoyamos en el estudio de su factibilidad\" \/>\n<meta property=\"og:url\" content=\"https:\/\/www.greenflex.oteis.fr\/es\/estudios-de-factibilidad-y-diseno\/\" \/>\n<meta property=\"og:site_name\" content=\"GreenFlex\" \/>\n<meta property=\"article:modified_time\" content=\"2024-12-09T15:56:21+00:00\" \/>\n<meta name=\"twitter:card\" content=\"summary_large_image\" \/>\n<meta name=\"twitter:site\" content=\"@GreenFlex\" \/>\n<meta name=\"twitter:label1\" content=\"Tiempo de lectura\" \/>\n\t<meta name=\"twitter:data1\" content=\"1 minuto\" \/>\n<script type=\"application\/ld+json\" class=\"yoast-schema-graph\">{\"@context\":\"https:\/\/schema.org\",\"@graph\":[{\"@type\":\"WebPage\",\"@id\":\"https:\/\/www.greenflex.oteis.fr\/es\/estudios-de-factibilidad-y-diseno\/\",\"url\":\"https:\/\/www.greenflex.oteis.fr\/es\/estudios-de-factibilidad-y-diseno\/\",\"name\":\"Estudios de factibilidad y dise\u00f1o\",\"isPartOf\":{\"@id\":\"https:\/\/www.greenflex.oteis.fr\/es\/#website\"},\"datePublished\":\"2022-10-17T12:24:29+00:00\",\"dateModified\":\"2024-12-09T15:56:21+00:00\",\"description\":\"Quiere identificar los proyectos que le permitir\u00e1n mejorar el rendimiento energ\u00e9tico? Le apoyamos en el estudio de su factibilidad\",\"breadcrumb\":{\"@id\":\"https:\/\/www.greenflex.oteis.fr\/es\/estudios-de-factibilidad-y-diseno\/#breadcrumb\"},\"inLanguage\":\"es\",\"potentialAction\":[{\"@type\":\"ReadAction\",\"target\":[\"https:\/\/www.greenflex.oteis.fr\/es\/estudios-de-factibilidad-y-diseno\/\"]}]},{\"@type\":\"BreadcrumbList\",\"@id\":\"https:\/\/www.greenflex.oteis.fr\/es\/estudios-de-factibilidad-y-diseno\/#breadcrumb\",\"itemListElement\":[{\"@type\":\"ListItem\",\"position\":1,\"name\":\"GreenFlex\",\"item\":\"https:\/\/www.greenflex.oteis.fr\/es\/\"},{\"@type\":\"ListItem\",\"position\":2,\"name\":\"Estudios de factibilidad y dise\u00f1o\"}]},{\"@type\":\"WebSite\",\"@id\":\"https:\/\/www.greenflex.oteis.fr\/es\/#website\",\"url\":\"https:\/\/www.greenflex.oteis.fr\/es\/\",\"name\":\"GreenFlex\",\"description\":\"Changeons de trajectoire\",\"potentialAction\":[{\"@type\":\"SearchAction\",\"target\":{\"@type\":\"EntryPoint\",\"urlTemplate\":\"https:\/\/www.greenflex.oteis.fr\/es\/?s={search_term_string}\"},\"query-input\":\"required name=search_term_string\"}],\"inLanguage\":\"es\"}]}<\/script>\n<!-- \/ Yoast SEO Premium plugin. -->","yoast_head_json":{"title":"Estudios de factibilidad y dise\u00f1o","description":"Quiere identificar los proyectos que le permitir\u00e1n mejorar el rendimiento energ\u00e9tico? Le apoyamos en el estudio de su factibilidad","robots":{"index":"index","follow":"follow","max-snippet":"max-snippet:-1","max-image-preview":"max-image-preview:large","max-video-preview":"max-video-preview:-1"},"canonical":"https:\/\/www.greenflex.oteis.fr\/es\/estudios-de-factibilidad-y-diseno\/","og_locale":"es_ES","og_type":"article","og_title":"Estudios de factibilidad y dise\u00f1o","og_description":"Quiere identificar los proyectos que le permitir\u00e1n mejorar el rendimiento energ\u00e9tico? Le apoyamos en el estudio de su factibilidad","og_url":"https:\/\/www.greenflex.oteis.fr\/es\/estudios-de-factibilidad-y-diseno\/","og_site_name":"GreenFlex","article_modified_time":"2024-12-09T15:56:21+00:00","twitter_card":"summary_large_image","twitter_site":"@GreenFlex","twitter_misc":{"Tiempo de lectura":"1 minuto"},"schema":{"@context":"https:\/\/schema.org","@graph":[{"@type":"WebPage","@id":"https:\/\/www.greenflex.oteis.fr\/es\/estudios-de-factibilidad-y-diseno\/","url":"https:\/\/www.greenflex.oteis.fr\/es\/estudios-de-factibilidad-y-diseno\/","name":"Estudios de factibilidad y dise\u00f1o","isPartOf":{"@id":"https:\/\/www.greenflex.oteis.fr\/es\/#website"},"datePublished":"2022-10-17T12:24:29+00:00","dateModified":"2024-12-09T15:56:21+00:00","description":"Quiere identificar los proyectos que le permitir\u00e1n mejorar el rendimiento energ\u00e9tico? Le apoyamos en el estudio de su factibilidad","breadcrumb":{"@id":"https:\/\/www.greenflex.oteis.fr\/es\/estudios-de-factibilidad-y-diseno\/#breadcrumb"},"inLanguage":"es","potentialAction":[{"@type":"ReadAction","target":["https:\/\/www.greenflex.oteis.fr\/es\/estudios-de-factibilidad-y-diseno\/"]}]},{"@type":"BreadcrumbList","@id":"https:\/\/www.greenflex.oteis.fr\/es\/estudios-de-factibilidad-y-diseno\/#breadcrumb","itemListElement":[{"@type":"ListItem","position":1,"name":"GreenFlex","item":"https:\/\/www.greenflex.oteis.fr\/es\/"},{"@type":"ListItem","position":2,"name":"Estudios de factibilidad y dise\u00f1o"}]},{"@type":"WebSite","@id":"https:\/\/www.greenflex.oteis.fr\/es\/#website","url":"https:\/\/www.greenflex.oteis.fr\/es\/","name":"GreenFlex","description":"Changeons de trajectoire","potentialAction":[{"@type":"SearchAction","target":{"@type":"EntryPoint","urlTemplate":"https:\/\/www.greenflex.oteis.fr\/es\/?s={search_term_string}"},"query-input":"required name=search_term_string"}],"inLanguage":"es"}]}},"_links":{"self":[{"href":"https:\/\/www.greenflex.oteis.fr\/es\/wp-json\/wp\/v2\/pages\/10569"}],"collection":[{"href":"https:\/\/www.greenflex.oteis.fr\/es\/wp-json\/wp\/v2\/pages"}],"about":[{"href":"https:\/\/www.greenflex.oteis.fr\/es\/wp-json\/wp\/v2\/types\/page"}],"author":[{"embeddable":true,"href":"https:\/\/www.greenflex.oteis.fr\/es\/wp-json\/wp\/v2\/users\/3"}],"replies":[{"embeddable":true,"href":"https:\/\/www.greenflex.oteis.fr\/es\/wp-json\/wp\/v2\/comments?post=10569"}],"version-history":[{"count":10,"href":"https:\/\/www.greenflex.oteis.fr\/es\/wp-json\/wp\/v2\/pages\/10569\/revisions"}],"predecessor-version":[{"id":19084,"href":"https:\/\/www.greenflex.oteis.fr\/es\/wp-json\/wp\/v2\/pages\/10569\/revisions\/19084"}],"wp:attachment":[{"href":"https:\/\/www.greenflex.oteis.fr\/es\/wp-json\/wp\/v2\/media?parent=10569"}],"wp:term":[{"taxonomy":"sector_type","embeddable":true,"href":"https:\/\/www.greenflex.oteis.fr\/es\/wp-json\/wp\/v2\/sector_type?post=10569"},{"taxonomy":"offer_type","embeddable":true,"href":"https:\/\/www.greenflex.oteis.fr\/es\/wp-json\/wp\/v2\/offer_type?post=10569"}],"curies":[{"name":"wp","href":"https:\/\/api.w.org\/{rel}","templated":true}]}}