{"id":10557,"date":"2022-10-17T12:15:34","date_gmt":"2022-10-17T12:15:34","guid":{"rendered":"https:\/\/www.greenflex.com\/?page_id=10557"},"modified":"2025-01-06T14:48:17","modified_gmt":"2025-01-06T14:48:17","slug":"estrategias-de-neutralidad-climatica","status":"publish","type":"page","link":"https:\/\/www.greenflex.oteis.fr\/es\/estrategias-de-neutralidad-climatica\/","title":{"rendered":"Estrategias de neutralidad clim\u00e1tica"},"content":{"rendered":"\n<section id=\"disko-component-header-simple-block_61d34695d2a8d9b655b6f6f27e294bc8\" class=\"disko-component disko-component-header-simple\">\n    <div class=\"header-content\">\n        <div class=\"bread-crumbs-container\">\n            <span><span><a href=\"https:\/\/www.greenflex.oteis.fr\/es\/\">GreenFlex<\/a><\/span><\/span>        <\/div>\n        <h1 class=\"header-title\">\n            Contribuya a la neutralidad clim\u00e1tica mundial: \u00a1active las dos palancas complementarias de la reducci\u00f3n y del sumidero de las emisiones de gases de efecto invernadero a trav\u00e9s de sus propias actividades y en su cadena de valor!        <\/h1>\n        <div class=\"header-description\">\n            <p>Seg\u00fan el \u00faltimo informe del IPCC, lograr la neutralidad del carbono permitir\u00eda contener y estabilizar el calentamiento global limit\u00e1ndolo a 1,5 o 2\u00b0C.<\/p>\n<p>Cuando se lleva a cabo la evaluaci\u00f3n de las emisiones de gases de efecto invernadero o la estrategia de baja emisi\u00f3n de carbono de su organizaci\u00f3n, a menudo se da el caso de que el impacto del carbono en las partes anteriores y posteriores de sus actividades (alcance 3) es significativo. Para reducir este impacto, GreenFlex ofrece sus competencias complementarias en el sector de la agricultura, la silvicultura, la bioeconom\u00eda y la econom\u00eda circular para contribuir a la reducci\u00f3n de las emisiones y al secuestro de la m\u00e1xima cantidad de gases de efecto invernadero en su cadena de valor<\/p>\n        <\/div>\n        <div class=\"btn-wrapper\">\n                                <\/div>\n    <\/div>\n    <\/section>\n\n\n\n<section id=\"disko-component-challenge-content-block_38b85f7c5f5d4f7380c877017ff53f62\" class=\"disko-component disko-component-challenge-content light-green\">\n    <div class=\"challenge-content-col\">\n        <h2 class=\"challenge-content-title\">\n            \u00bfC\u00f3mo se puede contribuir a la neutralidad global del carbono?        <\/h2>\n    <\/div>\n    <div class=\"challenge-content-col\">\n        <div class=\"challenge-content-intro\">\n            Para contribuir a la neutralidad global del carbono a nivel de su entidad, es pertinente activar estas dos palancas complementarias:        <\/div>\n        <div class=\"challenge-wysiwyg-wrapper\">\n            <ul>\n<li>Reducir las emisiones de GEI, especialmente las de su cadena de valor (alcance 3 de su evaluaci\u00f3n de emisiones de gases de efecto invernadero)<\/li>\n<li><strong>Apoye sin esperar proyectos dentro o fuera de su organizaci\u00f3n para capturar m\u00e1s gases de efecto invernadero.<\/strong> Estos se acumulan en la atm\u00f3sfera y algunos, como el di\u00f3xido de carbono, pueden permanecer all\u00ed hasta 100 a\u00f1os.<\/li>\n<\/ul>\n        <\/div>\n    <\/div>\n<\/section>\n\n\n\n<section id=\"disko-component-wysiwyg-block_8612439b63d7d0be35caf647b2919f68\" class=\"disko-component disko-component-wysiwyg light\">\n    <div class=\"wysiwyg-wrapper\">\n        <p>Llevar a cabo o apoyar proyectos en este \u00e1mbito le permitir\u00e1 <strong>transformar sus sectores ascendentes y descendentes<\/strong> para hacer frente a muchos otros retos a menudo relacionados con el cambio clim\u00e1tico. As\u00ed lo demuestra, por ejemplo, la afirmaci\u00f3n conjunta del IPCC y la IPBES de la innegable relaci\u00f3n entre el clima y la biodiversidad.<\/p>\n<p>Para reducir r\u00e1pidamente este stock, el mecanismo natural que se activa es el de la <strong>fotos\u00edntesis<\/strong>: los vegetales (plantas, \u00e1rboles, algas, etc.) tienen la capacidad de transformar el CO\u2082 en largas cadenas de carbono y as\u00ed integrarlo en la biomasa alimentaria y no alimentaria. Este \u00abcarbono vivo\u00bb nace as\u00ed en los llamados sumideros de carbono naturales y cultivados (oc\u00e9anos, bosques, agricultura, etc.).<\/p>\n    <\/div>\n<\/section>\n\n\n\n<section id=\"disko-component-wysiwyg-block_b63fd1d07fa8dda41fbdbb02476dc0a9\" class=\"disko-component disko-component-wysiwyg dark\">\n    <div class=\"wysiwyg-wrapper\">\n        <h2>GreenFlex, su aliado para mejorar sus esfuerzos hacia la neutralidad global del carbono<\/h2>\n<p><strong>GreenFlex<\/strong>, con un equipo de una quincena de agr\u00f3nomos, <strong>est\u00e1 al tanto de los \u00faltimos avances cient\u00edficos e institucionales en la materia y apoya a sus clientes (empresas, territorios, start-ups, etc.) para que puedan contribuir, dondequiera que est\u00e9n activos en Espa\u00f1a o a nivel internacional, a acelerar los sumideros de CO\u2082<\/strong> al tiempo que apoyan al sector primario en sus esfuerzos por reducir las emisiones (agricultura, etc.).<\/p>\n<p>As\u00ed, GreenFlex puede ayudarle con sus diferentes necesidades.<\/p>\n    <\/div>\n<\/section>\n\n\n\n<section id=\"disko-component-image-text-block_b8e710a4fba87525d151d182501b09e6\" class=\"disko-component disko-component-image-text dark \">\n    \n    <div class=\"image-text-wrapper\">\n        <div class=\"image-text-col\">\n              <div class=\"image-text-container \">\n                  <img width=\"1200\" height=\"674\" src=\"https:\/\/www.greenflex.oteis.fr\/wp-content\/uploads\/2021\/10\/Strategie-compensation-carbone-GreenFlex.jpg\" class=\"image-text-image\" alt=\"Vista a\u00e9rea de un bosco al centro del que corre un r\u00edo\" decoding=\"async\" loading=\"lazy\" sizes=\"40vw,(max-width:480px) 80vw\" srcset=\"https:\/\/www.greenflex.oteis.fr\/wp-content\/uploads\/2021\/10\/Strategie-compensation-carbone-GreenFlex.jpg 1200w, https:\/\/www.greenflex.oteis.fr\/wp-content\/uploads\/2021\/10\/Strategie-compensation-carbone-GreenFlex-300x169.jpg 300w, https:\/\/www.greenflex.oteis.fr\/wp-content\/uploads\/2021\/10\/Strategie-compensation-carbone-GreenFlex-768x431.jpg 768w, https:\/\/www.greenflex.oteis.fr\/wp-content\/uploads\/2021\/10\/Strategie-compensation-carbone-GreenFlex-1024x575.jpg 1024w\" \/>              <\/div>\n        <\/div>\n        <div class=\"image-text-col text-container\">\n            <ol>\n<li>\n<h2>Seleccione proyectos de calidad que cumplan sus expectativas en t\u00e9rminos de presupuesto, ubicaci\u00f3n y tipo de acci\u00f3n<\/h2>\n<\/li>\n<\/ol>\n<p>Las competencias complementarias de nuestros expertos (agronom\u00eda, gesti\u00f3n forestal, transici\u00f3n clim\u00e1tica y energ\u00e9tica) as\u00ed como la diversidad de nuestras redes (acad\u00e9micas, ministeriales, asociativas, start-ups&#8230;) nos permiten:<\/p>\n<ul>\n<li><strong>Co-construir con usted uno o m\u00e1s proyectos en su terreno o en su cadena de valor<\/strong><\/li>\n<li><strong>Ponerle en contacto con una amplia gama de responsables de proyectos en Espa\u00f1a y en el extranjero<\/strong>, adaptados a sus necesidades y especificidades<\/li>\n<\/ul>\n<p>Estos proyectos permiten, por ejemple, de:<\/p>\n<ul>\n<li><strong>capturar<\/strong> emisiones en los sectores de la silvicultura, la agricultura y los ecosistemas naturales (turberas, marismas, manglares, etc.)<\/li>\n<li>evitar las emisiones de GEI mediante el desarrollo de capacidades de <strong>producci\u00f3n de energ\u00eda renovable o recuperada<\/strong><\/li>\n<li><strong>reducir las emisiones de gases de efecto invernadero<\/strong> limitando el uso de fertilizantes sint\u00e9ticos, el cultivo, la importaci\u00f3n de prote\u00ednas vegetales o la optimizaci\u00f3n de la gesti\u00f3n de los residuos org\u00e1nicos (metanizaci\u00f3n, compostaje, etc.)<\/li>\n<\/ul>\n            \n                    <\/div>\n    <\/div>\n\n<\/section>\n\n\n\n<section id=\"disko-component-wysiwyg-block_11b65ba04453571271235a2c057925fd\" class=\"disko-component disko-component-wysiwyg dark\">\n    <div class=\"wysiwyg-wrapper\">\n        <p>Tanto si se trata de sus propios proyectos como de apoyar los proyectos de otros actores, GreenFlex puede aportar una valiosa ayuda para la toma de decisiones en la selecci\u00f3n de las acciones de reducci\u00f3n y captura m\u00e1s pertinentes en relaci\u00f3n con su cadena de valor y sus cuestiones estrat\u00e9gicas (suministro de materias primas de bajo carbono y bajo impacto ambiental, reducci\u00f3n del impacto de sus actividades en la biodiversidad, etc.).<\/p>\n<p>Algunos de estos proyectos generan cr\u00e9ditos de carbono voluntarios. GreenFlex puede verificar la fiabilidad de los m\u00e9todos aplicados, los sistemas de certificaci\u00f3n y los beneficios vinculados a estos proyectos.<\/p>\n<p>Nuestros equipos tambi\u00e9n pueden ponerle en contacto con los actores que llevan a cabo estos proyectos, certificados o no (grupos de agricultores, asociaciones, etc.), as\u00ed como con organismos de certificaci\u00f3n asociados o intermediarios (financiadores, proveedores de soluciones digitales, etc.).<\/p>\n    <\/div>\n<\/section>\n\n\n\n<section id=\"disko-component-wysiwyg-block_32227934d91ed4b4dd10578be0541e93\" class=\"disko-component disko-component-wysiwyg light\">\n    <div class=\"wysiwyg-wrapper\">\n        <ol start=\"2\">\n<li>\n<h2>Aconsejarle y apoyarle en el etiquetado\/certificaci\u00f3n aplicable a estos proyectos y a los cr\u00e9ditos de carbono voluntarios a veces asociados a ellos<\/h2>\n<\/li>\n<\/ol>\n<p>GreenFlex puede ayudarle a diferentes niveles:<\/p>\n<ul>\n<li><strong>Seguimiento y an\u00e1lisis cr\u00edtico de las metodolog\u00edas<\/strong> propuestas relacionadas con la mitigaci\u00f3n del cambio clim\u00e1tico en los ecosistemas cultivados y naturales (tipo de acciones, fiabilidad, trazabilidad, mantenimiento de las pr\u00e1cticas en el tiempo, m\u00e9todos de auditor\u00eda, etc.)<\/li>\n<li><strong>Apoyo a la decisi\u00f3n de comprar cr\u00e9ditos de carbono voluntarios<\/strong> vinculados a proyectos respaldados por normas Espa\u00f1olas, europeas (Moor Futures, Puro Earth, etc.) o internacionales (VCS, Gold Standard, etc.)<\/li>\n<li><strong>Ayudas p\u00fablicas y privadas que pueden movilizarse adem\u00e1s de su compromiso financiero (Pol\u00edticas Agr\u00edcolas Comunes, Agencias del Agua, patrocinio, etc.)<\/strong><\/li>\n<li><strong>Cuantificaci\u00f3n s\u00f3lida de las toneladas secuestradas, evitadas o reducidas y de los cr\u00e9ditos de carbono generados por los proyectos seleccionados, basada en m\u00e9todos establecidos y de open source<\/strong><\/li>\n<\/ul>\n    <\/div>\n<\/section>\n\n\n\n<section id=\"disko-component-image-text-block_388afc7c69f765833f5322f3afce6670\" class=\"disko-component disko-component-image-text dark reversed\">\n    \n    <div class=\"image-text-wrapper\">\n        <div class=\"image-text-col\">\n              <div class=\"image-text-container \">\n                  <img width=\"1920\" height=\"1280\" src=\"https:\/\/www.greenflex.oteis.fr\/wp-content\/uploads\/2021\/10\/Compensation-carbone-benefices-environnementaux-1.jpg\" class=\"image-text-image\" alt=\"Zoom de la talla del tronco de un \u00e1rbol\" decoding=\"async\" loading=\"lazy\" sizes=\"40vw,(max-width:480px) 80vw\" srcset=\"https:\/\/www.greenflex.oteis.fr\/wp-content\/uploads\/2021\/10\/Compensation-carbone-benefices-environnementaux-1.jpg 1920w, https:\/\/www.greenflex.oteis.fr\/wp-content\/uploads\/2021\/10\/Compensation-carbone-benefices-environnementaux-1-480x320.jpg 480w, https:\/\/www.greenflex.oteis.fr\/wp-content\/uploads\/2021\/10\/Compensation-carbone-benefices-environnementaux-1-1024x683.jpg 1024w, https:\/\/www.greenflex.oteis.fr\/wp-content\/uploads\/2021\/10\/Compensation-carbone-benefices-environnementaux-1-768x512.jpg 768w, https:\/\/www.greenflex.oteis.fr\/wp-content\/uploads\/2021\/10\/Compensation-carbone-benefices-environnementaux-1-1536x1024.jpg 1536w\" \/>              <\/div>\n        <\/div>\n        <div class=\"image-text-col text-container\">\n            <ol start=\"3\">\n<li>\n<h2>Identificar, calificar y valorar los co-beneficios ambientales, sociales y econ\u00f3micos de estos proyectos<\/h2>\n<\/li>\n<\/ol>\n<p>Se trata de hacer un inventario de todos los posibles co-beneficios entre los que se enumeran a continuaci\u00f3n, en particular para <strong>valorizarlos mejor en el marco de su estrategia de RSC y de comunicaci\u00f3n extra financiera.<\/strong><\/p>\n<ul>\n<li><strong>Preservaci\u00f3n\/restauraci\u00f3n de la biodiversidad<\/strong> silvestre y cultivada<\/li>\n<li><strong>Gesti\u00f3n sostenible del suelo<\/strong> (fertilidad, prevenci\u00f3n del estr\u00e9s h\u00eddrico, erosi\u00f3n, flujo de lodos)<\/li>\n<li><strong>Anclaje territorial:<\/strong> renta adicional para los agricultores, soberan\u00eda alimentaria y mantenimiento del empleo rural<\/li>\n<li><strong>Autosuficiencia energ\u00e9tica<\/strong> (metanizaci\u00f3n&#8230;)<\/li>\n<li><strong>Suministro de biomateriales o bioenerg\u00eda a partir de los proyectos<\/strong> (madera de los setos, etc.)<\/li>\n<li><strong>Bienestar de los animales<\/strong> (agrosilvicultura, setos&#8230;)<\/li>\n<\/ul>\n<p>En todos estos temas, GreenFlex tiene las competencias, las referencias y los equipos para apoyar al <strong>sector agroalimentario, as\u00ed como a otros sectores econ\u00f3micos y territorios.<\/strong><\/p>\n            \n                    <\/div>\n    <\/div>\n\n<\/section>\n\n\n\n<section id=\"disko-component-wysiwyg-block_9f744c2543b3b696bb9500b5237eb940\" class=\"disko-component disko-component-wysiwyg light\">\n    <div class=\"wysiwyg-wrapper\">\n        <h2>Sit\u00fae su estrategia de bajas emisiones de carbono en una l\u00f3gica de econom\u00eda regenerativa<\/h2>\n<p>Para que sus actividades est\u00e9n m\u00e1s en consonancia con la econom\u00eda regenerativa, GreenFlex le ofrece la posibilidad de activar las tres \u00e1reas de conocimiento siguientes, simult\u00e1neamente o por separado, en funci\u00f3n de su contexto, sus ambiciones y sus prioridades:<\/p>\n<ul>\n<li><strong>gesti\u00f3n sostenible de los sumideros de carbono naturales<\/strong> y cultivados para reducir las emisiones de gases de efecto invernadero (metano, \u00f3xido nitroso, etc.) y acelerar el secuestro de di\u00f3xido de carbono, preservando al mismo tiempo los ecosistemas (biodiversidad, suelo, agua, calidad del aire)<\/li>\n<li><strong>la bioeconom\u00eda<\/strong> para obtener biomol\u00e9culas, biomateriales y bioenerg\u00eda que puedan sustituir a las mol\u00e9culas, los materiales o la energ\u00eda procedentes de los combustibles f\u00f3siles de forma respetuosa con los ecosistemas y el clima<\/li>\n<li><strong>la econom\u00eda circular<\/strong>: el ecodise\u00f1o de sus productos, la reutilizaci\u00f3n de las materias primas secundarias y la valorizaci\u00f3n optimizada de todos sus residuos pueden ayudarle a reducir significativamente su huella de carbono, teniendo en cuenta al mismo tiempo, siempre que sea posible, los principios de la Ecolog\u00eda Industrial y Territorial<\/li>\n<\/ul>\n    <\/div>\n<\/section>\n\n\n\n<section id=\"disko-component-transition-text-block_f67b03a899f791706bf79c71a3d1926c\" class=\"disko-component disko-component-transition-text\">\n    <div class=\"transition-text-wrapper\">\n        <p>Los planes de acci\u00f3n resultantes deben permitirle, en \u00faltima instancia, <strong>diferenciarse en cuanto al impacto bajo en carbono de sus productos y servicios<\/strong>. GreenFlex puede movilizar sus conocimientos en materia de <strong>evaluaci\u00f3n del ciclo de vida<\/strong> para proyectar o medir estos impactos.<\/p>\n        <!--<svg class=\"logo-greenflex\" width=\"54px\" height=\"54px\" viewBox=\"0 0 54 54\" version=\"1.1\" xmlns=\"http:\/\/www.w3.org\/2000\/svg\" xmlns:xlink=\"http:\/\/www.w3.org\/1999\/xlink\">-->\n        <!--    <g id=\"F---Projet\">-->\n        <!--        <g id=\"F.1.1---Projet\" transform=\"translate(-120.000000, -3927.000000)\">-->\n        <!--            <g id=\"05---groupe\" transform=\"translate(0.000000, 3352.000000)\">-->\n        <!--                <g id=\"logo\" transform=\"translate(120.000000, 575.000000)\">-->\n        <!--                    <path d=\"M53.3525659,21.4866072 C53.7160564,23.2523433 53.907406,25.0808776 53.907406,26.9537399 C53.907406,41.8398557 41.8398188,53.9074429 26.9533336,53.9074429 L21.5792899,53.9074429 L21.5792899,43.1660048 L26.9533336,43.1660048 C34.018125,43.1660048 40.0271688,38.6474935 42.2487455,32.3429291 L21.541611,32.33 C21.541611,26.3508777 26.3885197,21.5039691 32.367642,21.5039691 L53.3525659,21.4866072 Z M47.7354565,0 C47.7354565,5.94513741 42.9158835,10.7647104 36.9711155,10.7647104 L26.9533336,10.7414381 C17.9997956,10.7414381 10.7414381,18.000165 10.7414381,26.953703 L10.7358971,48.4846014 C4.21486379,43.5649208 0,35.7517232 0,26.953703 C0,12.0675872 12.0672178,0 26.9533336,0 L47.7354565,0 Z\" id=\"Fill-5\"><\/path>-->\n        <!--                <\/g>-->\n        <!--            <\/g>-->\n        <!--        <\/g>-->\n        <!--    <\/g>-->\n        <!--<\/svg>-->\n    <\/div>\n<\/section>\n\n\n\n<section id=\"disko-component-banner-block_8d4aabbd67074afbfe3992c2dbb8f001\" class=\"disko-component disko-component-banner section-banner green\">\n    <div class=\"line-container\">\n        <svg width=\"100%\" height=\"100%\" viewBox=\"0 0 970 472\" aria-hidden=\"true\" preserveAspectRatio=\"xMinYMin meet\" xmlns=\"http:\/\/www.w3.org\/2000\/svg\"><path d=\"M410 471c-85 0-57.034-.598-123.517-.299S202 443 201.627 390.491V246.059c0-60.246-1.335-120.492-97.47-120.492-96.134 0-102.81 53.674-102.81 107.347 0 53.674 6.676 99.68 102.81 99.68 20.488 0 704.015.407 722.843.407 97 0 140-38 140.003-92.948 4.006-13.145 0-64.052 0-96.914C967.001 112.38 967 64.667 967 0\" stroke=\"#17FA73\" fill=\"none\" fill-rule=\"evenodd\"\/><\/svg>\n    <\/div>\n    <div class=\"banner-container\">\n        <div class=\"banner-title-container\">\n            <div class=\"banner-hover-title\">Optimiza su contribuci\u00f3n<br \/>\r\na neutralidad clim\u00e1tica<\/div>\n            <div class=\"cursor\" data-bg=\"\"><\/div>\n        <\/div>\n        <p>\n            Nuestros equipos le apoyan        <\/p>\n                    <a href=\"https:\/\/www.greenflex.oteis.fr\/es\/contacto\/\" class=\"btn btn-white\">\n                <div class=\"btn-ico\">\n                    <svg aria-hidden=\"true\" width=\"18\" height=\"15\" xmlns=\"http:\/\/www.w3.org\/2000\/svg\" xmlns:xlink=\"http:\/\/www.w3.org\/1999\/xlink\"><defs><path d=\"M11.455 2.025c-.833.73-.972 1.483-.42 2.255l4.032 4.023H.854a.863.863 0 00-.848.875c0 .483.38.876.848.876h14.213l-3.752 4.026c-.8.88-.761 1.639.114 2.275l6.332-6.557a.859.859 0 00.245-.62.86.86 0 00-.245-.62l-6.306-6.533z\" id=\"a\"\/><\/defs><use class=\"arrow-color\" fill=\"#00A880\" transform=\"rotate(-20 6.17 8.69)\" xlink:href=\"#a\" fill-rule=\"evenodd\"\/><\/svg>\n                <\/div>\n               Cont\u00e1ctanos            <\/a>\n            <\/div>\n<\/section>\n","protected":false},"excerpt":{"rendered":"","protected":false},"author":3,"featured_media":3896,"parent":0,"menu_order":0,"comment_status":"closed","ping_status":"closed","template":"","meta":{"content-type":"","inline_featured_image":false},"sector_type":[],"offer_type":[],"acf":[],"yoast_head":"<!-- This site is optimized with the Yoast SEO Premium plugin v21.8 (Yoast SEO v21.8.1) - https:\/\/yoast.com\/wordpress\/plugins\/seo\/ -->\n<title>Reduce y captura sus emisiones de GEI<\/title>\n<meta name=\"description\" content=\"Despu\u00e9s de haber medido y reducido sus emisiones de CO\u2082, implementa su estrategia de acciones de contribucion a la neutralidad clim\u00e1tica\" \/>\n<meta name=\"robots\" content=\"index, follow, max-snippet:-1, max-image-preview:large, max-video-preview:-1\" \/>\n<link rel=\"canonical\" href=\"https:\/\/www.greenflex.oteis.fr\/es\/estrategias-de-neutralidad-climatica\/\" \/>\n<meta property=\"og:locale\" content=\"es_ES\" \/>\n<meta property=\"og:type\" content=\"article\" \/>\n<meta property=\"og:title\" content=\"Estrategias de neutralidad clim\u00e1tica\" \/>\n<meta property=\"og:description\" content=\"Despu\u00e9s de haber medido y reducido sus emisiones de CO\u2082, implementa su estrategia de acciones de contribucion a la neutralidad clim\u00e1tica\" \/>\n<meta property=\"og:url\" content=\"https:\/\/www.greenflex.oteis.fr\/es\/estrategias-de-neutralidad-climatica\/\" \/>\n<meta property=\"og:site_name\" content=\"GreenFlex\" \/>\n<meta property=\"article:modified_time\" content=\"2025-01-06T14:48:17+00:00\" \/>\n<meta property=\"og:image\" content=\"https:\/\/greenflex-origin.greenshift.eu\/wp-content\/uploads\/2021\/10\/Strategie-compensation-carbone-GreenFlex.jpg\" \/>\n\t<meta property=\"og:image:width\" content=\"1200\" \/>\n\t<meta property=\"og:image:height\" content=\"674\" \/>\n\t<meta property=\"og:image:type\" content=\"image\/jpeg\" \/>\n<meta name=\"twitter:card\" content=\"summary_large_image\" \/>\n<meta name=\"twitter:site\" content=\"@GreenFlex\" \/>\n<meta name=\"twitter:label1\" content=\"Tiempo de lectura\" \/>\n\t<meta name=\"twitter:data1\" content=\"1 minuto\" \/>\n<script type=\"application\/ld+json\" class=\"yoast-schema-graph\">{\"@context\":\"https:\/\/schema.org\",\"@graph\":[{\"@type\":\"WebPage\",\"@id\":\"https:\/\/www.greenflex.oteis.fr\/es\/estrategias-de-neutralidad-climatica\/\",\"url\":\"https:\/\/www.greenflex.oteis.fr\/es\/estrategias-de-neutralidad-climatica\/\",\"name\":\"Reduce y captura sus emisiones de GEI\",\"isPartOf\":{\"@id\":\"https:\/\/www.greenflex.oteis.fr\/es\/#website\"},\"datePublished\":\"2022-10-17T12:15:34+00:00\",\"dateModified\":\"2025-01-06T14:48:17+00:00\",\"description\":\"Despu\u00e9s de haber medido y reducido sus emisiones de CO\u2082, implementa su estrategia de acciones de contribucion a la neutralidad clim\u00e1tica\",\"breadcrumb\":{\"@id\":\"https:\/\/www.greenflex.oteis.fr\/es\/estrategias-de-neutralidad-climatica\/#breadcrumb\"},\"inLanguage\":\"es\",\"potentialAction\":[{\"@type\":\"ReadAction\",\"target\":[\"https:\/\/www.greenflex.oteis.fr\/es\/estrategias-de-neutralidad-climatica\/\"]}]},{\"@type\":\"BreadcrumbList\",\"@id\":\"https:\/\/www.greenflex.oteis.fr\/es\/estrategias-de-neutralidad-climatica\/#breadcrumb\",\"itemListElement\":[{\"@type\":\"ListItem\",\"position\":1,\"name\":\"GreenFlex\",\"item\":\"https:\/\/www.greenflex.oteis.fr\/es\/\"},{\"@type\":\"ListItem\",\"position\":2,\"name\":\"Estrategias de neutralidad clim\u00e1tica\"}]},{\"@type\":\"WebSite\",\"@id\":\"https:\/\/www.greenflex.oteis.fr\/es\/#website\",\"url\":\"https:\/\/www.greenflex.oteis.fr\/es\/\",\"name\":\"GreenFlex\",\"description\":\"Changeons de trajectoire\",\"potentialAction\":[{\"@type\":\"SearchAction\",\"target\":{\"@type\":\"EntryPoint\",\"urlTemplate\":\"https:\/\/www.greenflex.oteis.fr\/es\/?s={search_term_string}\"},\"query-input\":\"required name=search_term_string\"}],\"inLanguage\":\"es\"}]}<\/script>\n<!-- \/ Yoast SEO Premium plugin. -->","yoast_head_json":{"title":"Reduce y captura sus emisiones de GEI","description":"Despu\u00e9s de haber medido y reducido sus emisiones de CO\u2082, implementa su estrategia de acciones de contribucion a la neutralidad clim\u00e1tica","robots":{"index":"index","follow":"follow","max-snippet":"max-snippet:-1","max-image-preview":"max-image-preview:large","max-video-preview":"max-video-preview:-1"},"canonical":"https:\/\/www.greenflex.oteis.fr\/es\/estrategias-de-neutralidad-climatica\/","og_locale":"es_ES","og_type":"article","og_title":"Estrategias de neutralidad clim\u00e1tica","og_description":"Despu\u00e9s de haber medido y reducido sus emisiones de CO\u2082, implementa su estrategia de acciones de contribucion a la neutralidad clim\u00e1tica","og_url":"https:\/\/www.greenflex.oteis.fr\/es\/estrategias-de-neutralidad-climatica\/","og_site_name":"GreenFlex","article_modified_time":"2025-01-06T14:48:17+00:00","og_image":[{"width":1200,"height":674,"url":"https:\/\/greenflex-origin.greenshift.eu\/wp-content\/uploads\/2021\/10\/Strategie-compensation-carbone-GreenFlex.jpg","type":"image\/jpeg"}],"twitter_card":"summary_large_image","twitter_site":"@GreenFlex","twitter_misc":{"Tiempo de lectura":"1 minuto"},"schema":{"@context":"https:\/\/schema.org","@graph":[{"@type":"WebPage","@id":"https:\/\/www.greenflex.oteis.fr\/es\/estrategias-de-neutralidad-climatica\/","url":"https:\/\/www.greenflex.oteis.fr\/es\/estrategias-de-neutralidad-climatica\/","name":"Reduce y captura sus emisiones de GEI","isPartOf":{"@id":"https:\/\/www.greenflex.oteis.fr\/es\/#website"},"datePublished":"2022-10-17T12:15:34+00:00","dateModified":"2025-01-06T14:48:17+00:00","description":"Despu\u00e9s de haber medido y reducido sus emisiones de CO\u2082, implementa su estrategia de acciones de contribucion a la neutralidad clim\u00e1tica","breadcrumb":{"@id":"https:\/\/www.greenflex.oteis.fr\/es\/estrategias-de-neutralidad-climatica\/#breadcrumb"},"inLanguage":"es","potentialAction":[{"@type":"ReadAction","target":["https:\/\/www.greenflex.oteis.fr\/es\/estrategias-de-neutralidad-climatica\/"]}]},{"@type":"BreadcrumbList","@id":"https:\/\/www.greenflex.oteis.fr\/es\/estrategias-de-neutralidad-climatica\/#breadcrumb","itemListElement":[{"@type":"ListItem","position":1,"name":"GreenFlex","item":"https:\/\/www.greenflex.oteis.fr\/es\/"},{"@type":"ListItem","position":2,"name":"Estrategias de neutralidad clim\u00e1tica"}]},{"@type":"WebSite","@id":"https:\/\/www.greenflex.oteis.fr\/es\/#website","url":"https:\/\/www.greenflex.oteis.fr\/es\/","name":"GreenFlex","description":"Changeons de trajectoire","potentialAction":[{"@type":"SearchAction","target":{"@type":"EntryPoint","urlTemplate":"https:\/\/www.greenflex.oteis.fr\/es\/?s={search_term_string}"},"query-input":"required name=search_term_string"}],"inLanguage":"es"}]}},"_links":{"self":[{"href":"https:\/\/www.greenflex.oteis.fr\/es\/wp-json\/wp\/v2\/pages\/10557"}],"collection":[{"href":"https:\/\/www.greenflex.oteis.fr\/es\/wp-json\/wp\/v2\/pages"}],"about":[{"href":"https:\/\/www.greenflex.oteis.fr\/es\/wp-json\/wp\/v2\/types\/page"}],"author":[{"embeddable":true,"href":"https:\/\/www.greenflex.oteis.fr\/es\/wp-json\/wp\/v2\/users\/3"}],"replies":[{"embeddable":true,"href":"https:\/\/www.greenflex.oteis.fr\/es\/wp-json\/wp\/v2\/comments?post=10557"}],"version-history":[{"count":10,"href":"https:\/\/www.greenflex.oteis.fr\/es\/wp-json\/wp\/v2\/pages\/10557\/revisions"}],"predecessor-version":[{"id":19082,"href":"https:\/\/www.greenflex.oteis.fr\/es\/wp-json\/wp\/v2\/pages\/10557\/revisions\/19082"}],"wp:featuredmedia":[{"embeddable":true,"href":"https:\/\/www.greenflex.oteis.fr\/es\/wp-json\/wp\/v2\/media\/3896"}],"wp:attachment":[{"href":"https:\/\/www.greenflex.oteis.fr\/es\/wp-json\/wp\/v2\/media?parent=10557"}],"wp:term":[{"taxonomy":"sector_type","embeddable":true,"href":"https:\/\/www.greenflex.oteis.fr\/es\/wp-json\/wp\/v2\/sector_type?post=10557"},{"taxonomy":"offer_type","embeddable":true,"href":"https:\/\/www.greenflex.oteis.fr\/es\/wp-json\/wp\/v2\/offer_type?post=10557"}],"curies":[{"name":"wp","href":"https:\/\/api.w.org\/{rel}","templated":true}]}}