{"id":10536,"date":"2022-10-17T10:26:48","date_gmt":"2022-10-17T10:26:48","guid":{"rendered":"https:\/\/www.greenflex.com\/?page_id=10536"},"modified":"2024-12-10T09:27:12","modified_gmt":"2024-12-10T09:27:12","slug":"plan-maestro-de-energia","status":"publish","type":"page","link":"https:\/\/www.greenflex.oteis.fr\/es\/plan-maestro-de-energia\/","title":{"rendered":"Plan maestro de energ\u00eda"},"content":{"rendered":"\n<section id=\"disko-component-header-simple-block_f3e259d516b498d6a6d37c50c92635c2\" class=\"disko-component disko-component-header-simple\">\n    <div class=\"header-content\">\n        <div class=\"bread-crumbs-container\">\n            <span><span><a href=\"https:\/\/www.greenflex.oteis.fr\/es\/\">GreenFlex<\/a><\/span><\/span>        <\/div>\n        <h1 class=\"header-title\">\n            Elaborar una hoja de ruta con un esquema director de energ\u00eda para alcanzar sus objetivos de rendimiento medioambiental        <\/h1>\n        <div class=\"header-description\">\n            <p>El esquema director de energ\u00eda es una herramienta que permite tener una visi\u00f3n clara de la situaci\u00f3n actual, proyectarse en los pr\u00f3ximos a\u00f1os en relaci\u00f3n con las ambiciones medioambientales y operativas, modelar diferentes escenarios para alcanzarlos y, finalmente, crear un plan de acci\u00f3n operativo y financiero, claro.<\/p>\n<p>GreenFlex ayuda a sus clientes a <strong>definir una estrategia global de rendimiento energ\u00e9tico<\/strong> destinada a <strong>controlar y reducir su consumo de energ\u00eda<\/strong> y a <strong>diversificar su combinaci\u00f3n energ\u00e9tica<\/strong> (eficiencia energ\u00e9tica, compras, energ\u00edas renovables y movilidad)<\/p>\n        <\/div>\n        <div class=\"btn-wrapper\">\n                                <\/div>\n    <\/div>\n    <\/section>\n\n\n\n<section id=\"disko-component-image-text-block_5a0367b36b6d8891d4a1ca848663a183\" class=\"disko-component disko-component-image-text light \">\n    \n    <div class=\"image-text-wrapper\">\n        <div class=\"image-text-col\">\n              <div class=\"image-text-container \">\n                  <img width=\"1200\" height=\"800\" src=\"https:\/\/www.greenflex.oteis.fr\/wp-content\/uploads\/2021\/10\/Schema-directeur-energie-GreenFlex.jpg\" class=\"image-text-image\" alt=\"En un oficio, una mujer de pie, presenta una tabla a un hombre sentado\" decoding=\"async\" loading=\"lazy\" sizes=\"40vw,(max-width:480px) 80vw\" srcset=\"https:\/\/www.greenflex.oteis.fr\/wp-content\/uploads\/2021\/10\/Schema-directeur-energie-GreenFlex.jpg 1200w, https:\/\/www.greenflex.oteis.fr\/wp-content\/uploads\/2021\/10\/Schema-directeur-energie-GreenFlex-300x200.jpg 300w, https:\/\/www.greenflex.oteis.fr\/wp-content\/uploads\/2021\/10\/Schema-directeur-energie-GreenFlex-768x512.jpg 768w, https:\/\/www.greenflex.oteis.fr\/wp-content\/uploads\/2021\/10\/Schema-directeur-energie-GreenFlex-1024x683.jpg 1024w\" \/>              <\/div>\n        <\/div>\n        <div class=\"image-text-col text-container\">\n            <h2>Planificar su hoja de ruta, una meta global para mejorar el rendimiento energ\u00e9tico a largo plazo<\/h2>\n<p>El rendimiento energ\u00e9tico es <strong>una de las palancas esenciales para descarbonizar las organizaciones<\/strong>, permiti\u00e9ndoles <strong>consumir menos energ\u00eda<\/strong> y considerar la <strong>producci\u00f3n de energ\u00eda renovable<\/strong> para el consumo restante.<\/p>\n<p>M\u00e1s all\u00e1 de la descarbonizaci\u00f3n, muchas empresas desean construir su hoja de ruta energ\u00e9tica para cumplir con las obligaciones reglamentarias o las expectativas de sus grupos de inter\u00e9s, para reducir sus costes energ\u00e9ticos (facturas, mantenimiento) o para anticipar el aumento del coste de la energ\u00eda.<\/p>\n<p>Un esquema director de energ\u00eda establece una hoja de ruta t\u00e9cnica, operativa y financiera para los pr\u00f3ximos a\u00f1os y permite una intervenci\u00f3n global en las palancas de rendimiento en lugar de acciones puntuales para maximizar los beneficios.<\/p>\n            \n                    <\/div>\n    <\/div>\n\n<\/section>\n\n\n\n\n<section id=\"disko-component-solutions-block_12852662dc1c3adc2b8ac976135725d1\" class=\"disko-component disko-component-solutions light-green\">\n    \n    <div class=\"solution-intro-wrapper\">\n        <div class=\"solution-intro-col\">\n            <h2 class=\"solution-title\">\n                GreenFlex le ayuda a elaborar su esquema director de energ\u00eda            <\/h2>\n        <\/div>\n        <div class=\"solution-intro-col\">\n            <div class=\"solution-intro\">\n                El esquema director de energ\u00eda se construye en 3 etapas            <\/div>\n        <\/div>\n    <\/div>\n    \n    <div class=\"solution-visual-wrapper\">\n        <div class=\" solution-visual-slider\">\n            <div class=\"swiper-wrapper\">\n                <div class=\"swiper-slide solution-visual-slide\">\n                    <div class=\"solution-visual-slide-img-container\">\n                         <img width=\"1200\" height=\"746\" src=\"https:\/\/www.greenflex.oteis.fr\/wp-content\/uploads\/2021\/10\/Schema-directeur-energie-feuille-route-GreenFlex.jpg\" class=\"news-slide-img\" alt=\"Dos personas blancas y una mujer con piel de oliva sentadas a una mesa\" decoding=\"async\" loading=\"lazy\" sizes=\"33vw,(max-width:480px) 80vw\" srcset=\"https:\/\/www.greenflex.oteis.fr\/wp-content\/uploads\/2021\/10\/Schema-directeur-energie-feuille-route-GreenFlex.jpg 1200w, https:\/\/www.greenflex.oteis.fr\/wp-content\/uploads\/2021\/10\/Schema-directeur-energie-feuille-route-GreenFlex-300x187.jpg 300w, https:\/\/www.greenflex.oteis.fr\/wp-content\/uploads\/2021\/10\/Schema-directeur-energie-feuille-route-GreenFlex-768x477.jpg 768w, https:\/\/www.greenflex.oteis.fr\/wp-content\/uploads\/2021\/10\/Schema-directeur-energie-feuille-route-GreenFlex-1024x637.jpg 1024w\" \/>                    <\/div>\n                    \n                <\/div>\n                                <div class=\"swiper-slide solution-visual-slide\">\n                    <div class=\"solution-visual-slide-img-container\">\n                         <img width=\"1920\" height=\"1281\" src=\"https:\/\/www.greenflex.oteis.fr\/wp-content\/uploads\/2021\/10\/Collecte-donnees-schema-directeur-energie-GreenFlex.jpg\" class=\"news-slide-img\" alt=\"Manos de una persona blanca sobre el teclado de un ordenador\" decoding=\"async\" loading=\"lazy\" sizes=\"33vw,(max-width:480px) 80vw\" srcset=\"https:\/\/www.greenflex.oteis.fr\/wp-content\/uploads\/2021\/10\/Collecte-donnees-schema-directeur-energie-GreenFlex.jpg 1920w, https:\/\/www.greenflex.oteis.fr\/wp-content\/uploads\/2021\/10\/Collecte-donnees-schema-directeur-energie-GreenFlex-300x200.jpg 300w, https:\/\/www.greenflex.oteis.fr\/wp-content\/uploads\/2021\/10\/Collecte-donnees-schema-directeur-energie-GreenFlex-768x512.jpg 768w, https:\/\/www.greenflex.oteis.fr\/wp-content\/uploads\/2021\/10\/Collecte-donnees-schema-directeur-energie-GreenFlex-1024x683.jpg 1024w, https:\/\/www.greenflex.oteis.fr\/wp-content\/uploads\/2021\/10\/Collecte-donnees-schema-directeur-energie-GreenFlex-1536x1025.jpg 1536w\" \/>                    <\/div>\n                <\/div>\n                            <\/div>\n            <div class=\"solution-visual-slider-pagination\"><\/div>\n        <\/div>\n    <\/div>\n    \n    <div class=\"solution-list-blocks\">\n                               <div class=\"solution-list\">\n                <h3 class=\"solution-list-title\">\n                    1. Encuadramiento de la misi\u00f3n                 <\/h3>\n                <div class=\"solution-list-content\">\n                    <p>Se analizan la trayectoria y la estrategia actuales y se mapean los elementos de consumo y los usos mediante la recogida de datos y se realizan las visitas a los lugares. Esta etapa permite comprender la situaci\u00f3n actual de la empresa y preparar la segunda etapa.<\/p>\n                <\/div>\n            <\/div>\n                   <div class=\"solution-list\">\n                <h3 class=\"solution-list-title\">\n                    2. Evaluaci\u00f3n del potencial                <\/h3>\n                <div class=\"solution-list-content\">\n                    <p>A partir de los datos recogidos y las visitas a los lugares en la primera fase, se identifican las soluciones de eficiencia energ\u00e9tica y energ\u00eda renovable y se calculan sus costes, tiempos de amortizaci\u00f3n y beneficios. Los datos de consumo energ\u00e9tico se extrapolan a un horizonte de 5 a\u00f1os en funci\u00f3n de los proyectos previstos (aumento de la capacidad de producci\u00f3n, ampliaci\u00f3n de edificios).<\/p>\n                <\/div>\n            <\/div>\n                   <div class=\"solution-list\">\n                <h3 class=\"solution-list-title\">\n                    3. Definici\u00f3n de una hoja de ruta                 <\/h3>\n                <div class=\"solution-list-content\">\n                    <p>Se construyen diferentes escenarios alternativos en funci\u00f3n de distintos par\u00e1metros (volumen de ahorro energ\u00e9tico o de emisiones de CO2, rentabilidad, impacto social, tasa de subvenci\u00f3n, facilidad de implantaci\u00f3n o de inversiones, subvenciones, costes operativos, etc.).<\/p>\n<p>Una vez que el escenario esta seleccionado, se elabora una hoja de ruta t\u00e9cnica, operativa y financiera (identificaci\u00f3n de subvenciones, CAEs y soluciones de financiaci\u00f3n adaptadas) y un calendario de implementaci\u00f3n.<\/p>\n<p>Esto permite a la empresa de planificar sus inversiones a corto, medio y largo plazo y disponer de un plan de acci\u00f3n claro para alcanzar sus objetivos de rendimiento energ\u00e9tico y medioambiental.<\/p>\n                <\/div>\n            <\/div>\n           <\/div>\n    \n    <div class=\"solution-visual-highlight\">\n        <div class=\"solution-visual-highlight-container\">\n             <img width=\"1920\" height=\"1281\" src=\"https:\/\/www.greenflex.oteis.fr\/wp-content\/uploads\/2021\/10\/Expertises-techniques-financieres-performance-energetique-GreenFlex.jpg\" class=\"attachment- size-\" alt=\"Una mujer y dos hombres blancos sentados a sus mesas frente a ordenadores\" decoding=\"async\" loading=\"lazy\" sizes=\"80vw\" srcset=\"https:\/\/www.greenflex.oteis.fr\/wp-content\/uploads\/2021\/10\/Expertises-techniques-financieres-performance-energetique-GreenFlex.jpg 1920w, https:\/\/www.greenflex.oteis.fr\/wp-content\/uploads\/2021\/10\/Expertises-techniques-financieres-performance-energetique-GreenFlex-300x200.jpg 300w, https:\/\/www.greenflex.oteis.fr\/wp-content\/uploads\/2021\/10\/Expertises-techniques-financieres-performance-energetique-GreenFlex-768x512.jpg 768w, https:\/\/www.greenflex.oteis.fr\/wp-content\/uploads\/2021\/10\/Expertises-techniques-financieres-performance-energetique-GreenFlex-1024x683.jpg 1024w, https:\/\/www.greenflex.oteis.fr\/wp-content\/uploads\/2021\/10\/Expertises-techniques-financieres-performance-energetique-GreenFlex-1536x1025.jpg 1536w\" \/>        <\/div>\n        <div class=\"solution-visual-description-wrapper\">\n                            <h3 class=\"solution-visual-title\">\n                    Experiencia t\u00e9cnica y financiera para apoyarle en su proceso de rendimiento energ\u00e9tico                <\/h3>\n                                        <div class=\"solution-visual-description\">\n                    \u25aa <strong>220 ingenieros energ\u00e9ticos<\/strong> especializados por sector de actividad y conocimientos t\u00e9cnicos (refrigeraci\u00f3n, iluminaci\u00f3n, t\u00e9rmica, carbono, energ\u00edas renovables, movilidad, etc.)<br \/>\r\n<br \/>\r\n\u25aa <strong>Herramientas internas<\/strong> para realizar diagn\u00f3sticos y simular optimizaciones y escenarios de rendimiento energ\u00e9tico y medioambiental<br \/>\r\n<br \/>\r\n\u25aa Equipos de <strong>ingenier\u00eda financiera<\/strong> para identificar y proponer las soluciones m\u00e1s adecuadas (acoplamiento de subvenciones, CAE, leasing y financiaci\u00f3n de terceros, paquetes CAPEX\/OPEX, desconsolidaci\u00f3n, cumplimiento de las normas IFRS, sales &#038; leaseback, SPV, etc.)<br \/>\r\n<br \/>\r\n\u25aa Apoyo durante todo el proceso: una vez elaborado el esquema director, GreenFlex puede ayudarle a <strong>implementarlo (gesti\u00f3n de proyectos, EPC, llave en mano), financiarlo y gestionarlo mediante su plataforma GreenFlexIQ<\/strong><br \/>\r\n                <\/div>\n                    <\/div>\n    <\/div>\n    \n<\/section>\n\n\n\n<section id=\"disko-component-banner-block_082f055f771c72570309b60971df12c8\" class=\"disko-component disko-component-banner section-banner green\">\n    <div class=\"line-container\">\n        <svg width=\"100%\" height=\"100%\" viewBox=\"0 0 970 472\" aria-hidden=\"true\" preserveAspectRatio=\"xMinYMin meet\" xmlns=\"http:\/\/www.w3.org\/2000\/svg\"><path d=\"M410 471c-85 0-57.034-.598-123.517-.299S202 443 201.627 390.491V246.059c0-60.246-1.335-120.492-97.47-120.492-96.134 0-102.81 53.674-102.81 107.347 0 53.674 6.676 99.68 102.81 99.68 20.488 0 704.015.407 722.843.407 97 0 140-38 140.003-92.948 4.006-13.145 0-64.052 0-96.914C967.001 112.38 967 64.667 967 0\" stroke=\"#17FA73\" fill=\"none\" fill-rule=\"evenodd\"\/><\/svg>\n    <\/div>\n    <div class=\"banner-container\">\n        <div class=\"banner-title-container\">\n            <div class=\"banner-hover-title\">Nuestros equipos<br \/>\r\na su lado<\/div>\n            <div class=\"cursor\" data-bg=\"\"><\/div>\n        <\/div>\n        <p>\n            Mejora su rendimiento energ\u00e9tico        <\/p>\n                    <a href=\"https:\/\/www.greenflex.oteis.fr\/es\/contacto\/\" class=\"btn btn-white\">\n                <div class=\"btn-ico\">\n                    <svg aria-hidden=\"true\" width=\"18\" height=\"15\" xmlns=\"http:\/\/www.w3.org\/2000\/svg\" xmlns:xlink=\"http:\/\/www.w3.org\/1999\/xlink\"><defs><path d=\"M11.455 2.025c-.833.73-.972 1.483-.42 2.255l4.032 4.023H.854a.863.863 0 00-.848.875c0 .483.38.876.848.876h14.213l-3.752 4.026c-.8.88-.761 1.639.114 2.275l6.332-6.557a.859.859 0 00.245-.62.86.86 0 00-.245-.62l-6.306-6.533z\" id=\"a\"\/><\/defs><use class=\"arrow-color\" fill=\"#00A880\" transform=\"rotate(-20 6.17 8.69)\" xlink:href=\"#a\" fill-rule=\"evenodd\"\/><\/svg>\n                <\/div>\n               Contactanos            <\/a>\n            <\/div>\n<\/section>\n","protected":false},"excerpt":{"rendered":"","protected":false},"author":3,"featured_media":3942,"parent":0,"menu_order":0,"comment_status":"closed","ping_status":"closed","template":"","meta":{"content-type":"","inline_featured_image":false},"sector_type":[],"offer_type":[],"acf":[],"yoast_head":"<!-- This site is optimized with the Yoast SEO Premium plugin v21.8 (Yoast SEO v21.8.1) - https:\/\/yoast.com\/wordpress\/plugins\/seo\/ -->\n<title>Establece su hoja de ruta energ\u00eda<\/title>\n<meta name=\"description\" content=\"Le ayudamos a costruir su estrategia energ\u00e9tica para reducir su consumo y alcanzar su objetivos de rendimiento medioambiental.\" \/>\n<meta name=\"robots\" content=\"index, follow, max-snippet:-1, max-image-preview:large, max-video-preview:-1\" \/>\n<link rel=\"canonical\" href=\"https:\/\/www.greenflex.oteis.fr\/es\/plan-maestro-de-energia\/\" \/>\n<meta property=\"og:locale\" content=\"es_ES\" \/>\n<meta property=\"og:type\" content=\"article\" \/>\n<meta property=\"og:title\" content=\"Plan maestro de energ\u00eda\" \/>\n<meta property=\"og:description\" content=\"Le ayudamos a costruir su estrategia energ\u00e9tica para reducir su consumo y alcanzar su objetivos de rendimiento medioambiental.\" \/>\n<meta property=\"og:url\" content=\"https:\/\/www.greenflex.oteis.fr\/es\/plan-maestro-de-energia\/\" \/>\n<meta property=\"og:site_name\" content=\"GreenFlex\" \/>\n<meta property=\"article:modified_time\" content=\"2024-12-10T09:27:12+00:00\" \/>\n<meta property=\"og:image\" content=\"https:\/\/greenflex-origin.greenshift.eu\/wp-content\/uploads\/2021\/10\/Schema-directeur-energie-feuille-route-GreenFlex.jpg\" \/>\n\t<meta property=\"og:image:width\" content=\"1200\" \/>\n\t<meta property=\"og:image:height\" content=\"746\" \/>\n\t<meta property=\"og:image:type\" content=\"image\/jpeg\" \/>\n<meta name=\"twitter:card\" content=\"summary_large_image\" \/>\n<meta name=\"twitter:site\" content=\"@GreenFlex\" \/>\n<meta name=\"twitter:label1\" content=\"Tiempo de lectura\" \/>\n\t<meta name=\"twitter:data1\" content=\"1 minuto\" \/>\n<script type=\"application\/ld+json\" class=\"yoast-schema-graph\">{\"@context\":\"https:\/\/schema.org\",\"@graph\":[{\"@type\":\"WebPage\",\"@id\":\"https:\/\/www.greenflex.oteis.fr\/es\/plan-maestro-de-energia\/\",\"url\":\"https:\/\/www.greenflex.oteis.fr\/es\/plan-maestro-de-energia\/\",\"name\":\"Establece su hoja de ruta energ\u00eda\",\"isPartOf\":{\"@id\":\"https:\/\/www.greenflex.oteis.fr\/es\/#website\"},\"datePublished\":\"2022-10-17T10:26:48+00:00\",\"dateModified\":\"2024-12-10T09:27:12+00:00\",\"description\":\"Le ayudamos a costruir su estrategia energ\u00e9tica para reducir su consumo y alcanzar su objetivos de rendimiento medioambiental.\",\"breadcrumb\":{\"@id\":\"https:\/\/www.greenflex.oteis.fr\/es\/plan-maestro-de-energia\/#breadcrumb\"},\"inLanguage\":\"es\",\"potentialAction\":[{\"@type\":\"ReadAction\",\"target\":[\"https:\/\/www.greenflex.oteis.fr\/es\/plan-maestro-de-energia\/\"]}]},{\"@type\":\"BreadcrumbList\",\"@id\":\"https:\/\/www.greenflex.oteis.fr\/es\/plan-maestro-de-energia\/#breadcrumb\",\"itemListElement\":[{\"@type\":\"ListItem\",\"position\":1,\"name\":\"GreenFlex\",\"item\":\"https:\/\/www.greenflex.oteis.fr\/es\/\"},{\"@type\":\"ListItem\",\"position\":2,\"name\":\"Plan maestro de energ\u00eda\"}]},{\"@type\":\"WebSite\",\"@id\":\"https:\/\/www.greenflex.oteis.fr\/es\/#website\",\"url\":\"https:\/\/www.greenflex.oteis.fr\/es\/\",\"name\":\"GreenFlex\",\"description\":\"Changeons de trajectoire\",\"potentialAction\":[{\"@type\":\"SearchAction\",\"target\":{\"@type\":\"EntryPoint\",\"urlTemplate\":\"https:\/\/www.greenflex.oteis.fr\/es\/?s={search_term_string}\"},\"query-input\":\"required name=search_term_string\"}],\"inLanguage\":\"es\"}]}<\/script>\n<!-- \/ Yoast SEO Premium plugin. -->","yoast_head_json":{"title":"Establece su hoja de ruta energ\u00eda","description":"Le ayudamos a costruir su estrategia energ\u00e9tica para reducir su consumo y alcanzar su objetivos de rendimiento medioambiental.","robots":{"index":"index","follow":"follow","max-snippet":"max-snippet:-1","max-image-preview":"max-image-preview:large","max-video-preview":"max-video-preview:-1"},"canonical":"https:\/\/www.greenflex.oteis.fr\/es\/plan-maestro-de-energia\/","og_locale":"es_ES","og_type":"article","og_title":"Plan maestro de energ\u00eda","og_description":"Le ayudamos a costruir su estrategia energ\u00e9tica para reducir su consumo y alcanzar su objetivos de rendimiento medioambiental.","og_url":"https:\/\/www.greenflex.oteis.fr\/es\/plan-maestro-de-energia\/","og_site_name":"GreenFlex","article_modified_time":"2024-12-10T09:27:12+00:00","og_image":[{"width":1200,"height":746,"url":"https:\/\/greenflex-origin.greenshift.eu\/wp-content\/uploads\/2021\/10\/Schema-directeur-energie-feuille-route-GreenFlex.jpg","type":"image\/jpeg"}],"twitter_card":"summary_large_image","twitter_site":"@GreenFlex","twitter_misc":{"Tiempo de lectura":"1 minuto"},"schema":{"@context":"https:\/\/schema.org","@graph":[{"@type":"WebPage","@id":"https:\/\/www.greenflex.oteis.fr\/es\/plan-maestro-de-energia\/","url":"https:\/\/www.greenflex.oteis.fr\/es\/plan-maestro-de-energia\/","name":"Establece su hoja de ruta energ\u00eda","isPartOf":{"@id":"https:\/\/www.greenflex.oteis.fr\/es\/#website"},"datePublished":"2022-10-17T10:26:48+00:00","dateModified":"2024-12-10T09:27:12+00:00","description":"Le ayudamos a costruir su estrategia energ\u00e9tica para reducir su consumo y alcanzar su objetivos de rendimiento medioambiental.","breadcrumb":{"@id":"https:\/\/www.greenflex.oteis.fr\/es\/plan-maestro-de-energia\/#breadcrumb"},"inLanguage":"es","potentialAction":[{"@type":"ReadAction","target":["https:\/\/www.greenflex.oteis.fr\/es\/plan-maestro-de-energia\/"]}]},{"@type":"BreadcrumbList","@id":"https:\/\/www.greenflex.oteis.fr\/es\/plan-maestro-de-energia\/#breadcrumb","itemListElement":[{"@type":"ListItem","position":1,"name":"GreenFlex","item":"https:\/\/www.greenflex.oteis.fr\/es\/"},{"@type":"ListItem","position":2,"name":"Plan maestro de energ\u00eda"}]},{"@type":"WebSite","@id":"https:\/\/www.greenflex.oteis.fr\/es\/#website","url":"https:\/\/www.greenflex.oteis.fr\/es\/","name":"GreenFlex","description":"Changeons de trajectoire","potentialAction":[{"@type":"SearchAction","target":{"@type":"EntryPoint","urlTemplate":"https:\/\/www.greenflex.oteis.fr\/es\/?s={search_term_string}"},"query-input":"required name=search_term_string"}],"inLanguage":"es"}]}},"_links":{"self":[{"href":"https:\/\/www.greenflex.oteis.fr\/es\/wp-json\/wp\/v2\/pages\/10536"}],"collection":[{"href":"https:\/\/www.greenflex.oteis.fr\/es\/wp-json\/wp\/v2\/pages"}],"about":[{"href":"https:\/\/www.greenflex.oteis.fr\/es\/wp-json\/wp\/v2\/types\/page"}],"author":[{"embeddable":true,"href":"https:\/\/www.greenflex.oteis.fr\/es\/wp-json\/wp\/v2\/users\/3"}],"replies":[{"embeddable":true,"href":"https:\/\/www.greenflex.oteis.fr\/es\/wp-json\/wp\/v2\/comments?post=10536"}],"version-history":[{"count":10,"href":"https:\/\/www.greenflex.oteis.fr\/es\/wp-json\/wp\/v2\/pages\/10536\/revisions"}],"predecessor-version":[{"id":19098,"href":"https:\/\/www.greenflex.oteis.fr\/es\/wp-json\/wp\/v2\/pages\/10536\/revisions\/19098"}],"wp:featuredmedia":[{"embeddable":true,"href":"https:\/\/www.greenflex.oteis.fr\/es\/wp-json\/wp\/v2\/media\/3942"}],"wp:attachment":[{"href":"https:\/\/www.greenflex.oteis.fr\/es\/wp-json\/wp\/v2\/media?parent=10536"}],"wp:term":[{"taxonomy":"sector_type","embeddable":true,"href":"https:\/\/www.greenflex.oteis.fr\/es\/wp-json\/wp\/v2\/sector_type?post=10536"},{"taxonomy":"offer_type","embeddable":true,"href":"https:\/\/www.greenflex.oteis.fr\/es\/wp-json\/wp\/v2\/offer_type?post=10536"}],"curies":[{"name":"wp","href":"https:\/\/api.w.org\/{rel}","templated":true}]}}