{"id":10511,"date":"2022-10-17T10:13:46","date_gmt":"2022-10-17T10:13:46","guid":{"rendered":"https:\/\/www.greenflex.com\/?page_id=10511"},"modified":"2024-12-09T16:13:50","modified_gmt":"2024-12-09T16:13:50","slug":"plan-de-transicion-y-rutas-de-descarbonizacion-segun-sbti","status":"publish","type":"page","link":"https:\/\/www.greenflex.oteis.fr\/es\/plan-de-transicion-y-rutas-de-descarbonizacion-segun-sbti\/","title":{"rendered":"Plan de transici\u00f3n y rutas de descarbonizaci\u00f3n seg\u00fan SBTi"},"content":{"rendered":"\n<section id=\"disko-component-header-simple-block_862119bf958448173b0a1cda332e696f\" class=\"disko-component disko-component-header-simple\">\n    <div class=\"header-content\">\n        <div class=\"bread-crumbs-container\">\n            <span><span><a href=\"https:\/\/www.greenflex.oteis.fr\/es\/\">GreenFlex<\/a><\/span><\/span>        <\/div>\n        <h1 class=\"header-title\">\n            Reduzca sus emisiones de gases de efecto invernadero (GEI) para cumplir con el requisito clim\u00e1tico global        <\/h1>\n        <div class=\"header-description\">\n            <p>Una vez que haya medido sus emisiones de gases de efecto invernadero, debe establecer objetivos de reducci\u00f3n compatibles con la exigencia clim\u00e1tica y poner en marcha acciones concretas de reducci\u00f3n para alcanzarlos<\/p>\n        <\/div>\n        <div class=\"btn-wrapper\">\n                                <\/div>\n    <\/div>\n    <\/section>\n\n\n\n<section id=\"disko-component-image-text-block_f39228605d2f0bdceb72e58d0459ed28\" class=\"disko-component disko-component-image-text light \">\n    \n    <div class=\"image-text-wrapper\">\n        <div class=\"image-text-col\">\n              <div class=\"image-text-container \">\n                  <img width=\"1200\" height=\"927\" src=\"https:\/\/www.greenflex.oteis.fr\/wp-content\/uploads\/2021\/10\/Plan-transition-carbone-sbt-GreenFlex.jpg\" class=\"image-text-image\" alt=\"Vista a\u00e9rea de un bosco al centro del que pasa un camino\" decoding=\"async\" loading=\"lazy\" sizes=\"40vw,(max-width:480px) 80vw\" srcset=\"https:\/\/www.greenflex.oteis.fr\/wp-content\/uploads\/2021\/10\/Plan-transition-carbone-sbt-GreenFlex.jpg 1200w, https:\/\/www.greenflex.oteis.fr\/wp-content\/uploads\/2021\/10\/Plan-transition-carbone-sbt-GreenFlex-300x232.jpg 300w, https:\/\/www.greenflex.oteis.fr\/wp-content\/uploads\/2021\/10\/Plan-transition-carbone-sbt-GreenFlex-768x593.jpg 768w, https:\/\/www.greenflex.oteis.fr\/wp-content\/uploads\/2021\/10\/Plan-transition-carbone-sbt-GreenFlex-1024x791.jpg 1024w\" \/>              <\/div>\n        <\/div>\n        <div class=\"image-text-col text-container\">\n            <h2>Los Science-Based Targets (SBT): el punto de referencia para establecer reducciones ambiciosas de GEI<\/h2>\n<p>La Science-Based Target Initiative (SBTi) fue lanzada en junio de 2015 por el Carbon Disclosure Project (CDP), el Global Compact de las Nociones Unidas, el Instituto World Ressource Institute (WRI) y el World Wildlife Fund (WWF). Hoy es el organismo de referencia para <strong>determinar y desplegar reducciones ambiciosas de las emisiones de GEI<\/strong>.<\/p>\n<p>Se considera que un objetivo de reducci\u00f3n est\u00e1 \u00abAlineado con la Ciencia\u00bb si se ajusta a lo que la ciencia del clima considera <strong>necesario para alcanzar los acuerdos de Par\u00eds<\/strong> y si<strong> limita el calentamiento global ampliamente debajo de los 2 \u00b0C<\/strong> sobre los niveles preindustriales.<\/p>\n<p>Siguiendo el m\u00e9todo SBTi, el objetivo es determinar <strong>una trayectoria de emisiones de GEI<\/strong> para las organizaciones con varios horizontes temporales. La iniciativa indica el nivel de reducci\u00f3n que debe lograrse por alcances de emisiones (1, 2 y 3) en emisiones absolutas (kgCO2e), pero tambi\u00e9n en intensidad de carbono (kgCO2e\/m2, kgCO2e\/FTE).<\/p>\n            \n                    <\/div>\n    <\/div>\n\n<\/section>\n\n\n\n<section id=\"disko-component-image-text-block_d04eecfcacbf3def2a1450522eb4901b\" class=\"disko-component disko-component-image-text dark reversed\">\n    \n    <div class=\"image-text-wrapper\">\n        <div class=\"image-text-col\">\n              <div class=\"image-text-container \">\n                  <img width=\"6048\" height=\"4024\" src=\"https:\/\/www.greenflex.oteis.fr\/wp-content\/uploads\/2021\/10\/Strategie-carbone-sbt-actions-GreenFlex-scaled.jpg\" class=\"image-text-image\" alt=\"Persona en un almacen trabaja sobre una tablet\" decoding=\"async\" loading=\"lazy\" sizes=\"40vw,(max-width:480px) 80vw\" \/>              <\/div>\n        <\/div>\n        <div class=\"image-text-col text-container\">\n            <p>Este trabajo de simulaci\u00f3n permite fijar un rumbo ambicioso y, a continuaci\u00f3n, aplicar las medidas adecuadas para reducir las emisiones:<\/p>\n<ul>\n<li>Reducci\u00f3n del <strong>consumo de energ\u00eda<\/strong> (sobriedad y eficiencia energ\u00e9tica)<\/li>\n<li><strong>Optimizaci\u00f3n de los desplazamientos<\/strong> de personas mediante planes de movilidad<\/li>\n<li>Aplicaci\u00f3n de la pol\u00edtica de <strong>log\u00edstica de bajo carbono<\/strong><\/li>\n<li>Aplicaci\u00f3n de pol\u00edticas de <strong>compras con bajas emisiones de carbono<\/strong><\/li>\n<li>Sustituci\u00f3n de los combustibles f\u00f3siles por <strong>energ\u00edas renovables y recuperadas<\/strong><\/li>\n<li>Gesti\u00f3n de residuos en una l\u00f3gica de <strong>econom\u00eda circular<\/strong> (reducci\u00f3n, reutilizaci\u00f3n, reciclaje, recuperaci\u00f3n)<\/li>\n<\/ul>\n            \n                    <\/div>\n    <\/div>\n\n<\/section>\n\n\n\n\n<section id=\"disko-component-solutions-block_72d841be2c469e59bb609fb63004a2a1\" class=\"disko-component disko-component-solutions light-green\">\n    \n    <div class=\"solution-intro-wrapper\">\n        <div class=\"solution-intro-col\">\n            <h2 class=\"solution-title\">\n                Un m\u00e9todo de referencia para planificar su estrategia de reducci\u00f3n de emisiones de carbono            <\/h2>\n        <\/div>\n        <div class=\"solution-intro-col\">\n            <div class=\"solution-intro\">\n                En todo el mundo, m\u00e1s de 1.000 empresas trabajan con SBTi para establecer sus objetivos y certificar su enfoque.            <\/div>\n        <\/div>\n    <\/div>\n    \n    <div class=\"solution-visual-wrapper\">\n        <div class=\" solution-visual-slider\">\n            <div class=\"swiper-wrapper\">\n                <div class=\"swiper-slide solution-visual-slide\">\n                    <div class=\"solution-visual-slide-img-container\">\n                         <img width=\"1280\" height=\"1917\" src=\"https:\/\/www.greenflex.oteis.fr\/wp-content\/uploads\/2021\/10\/strategie-reduction-emissions-sbti-greenflex.jpg\" class=\"news-slide-img\" alt=\"Cinco personas blancas sentatas alrededor de una mesa\" decoding=\"async\" loading=\"lazy\" sizes=\"33vw,(max-width:480px) 80vw\" srcset=\"https:\/\/www.greenflex.oteis.fr\/wp-content\/uploads\/2021\/10\/strategie-reduction-emissions-sbti-greenflex.jpg 1280w, https:\/\/www.greenflex.oteis.fr\/wp-content\/uploads\/2021\/10\/strategie-reduction-emissions-sbti-greenflex-321x480.jpg 321w, https:\/\/www.greenflex.oteis.fr\/wp-content\/uploads\/2021\/10\/strategie-reduction-emissions-sbti-greenflex-684x1024.jpg 684w, https:\/\/www.greenflex.oteis.fr\/wp-content\/uploads\/2021\/10\/strategie-reduction-emissions-sbti-greenflex-768x1150.jpg 768w, https:\/\/www.greenflex.oteis.fr\/wp-content\/uploads\/2021\/10\/strategie-reduction-emissions-sbti-greenflex-1026x1536.jpg 1026w\" \/>                    <\/div>\n                    \n                <\/div>\n                                <div class=\"swiper-slide solution-visual-slide\">\n                    <div class=\"solution-visual-slide-img-container\">\n                         <img width=\"1920\" height=\"1920\" src=\"https:\/\/www.greenflex.oteis.fr\/wp-content\/uploads\/2021\/10\/methode-reduction-emissions-sbt-greenflex.jpg\" class=\"news-slide-img\" alt=\"Dos botellas sobre una mesa al lado de manos de personas escribiendo\" decoding=\"async\" loading=\"lazy\" sizes=\"33vw,(max-width:480px) 80vw\" srcset=\"https:\/\/www.greenflex.oteis.fr\/wp-content\/uploads\/2021\/10\/methode-reduction-emissions-sbt-greenflex.jpg 1920w, https:\/\/www.greenflex.oteis.fr\/wp-content\/uploads\/2021\/10\/methode-reduction-emissions-sbt-greenflex-480x480.jpg 480w, https:\/\/www.greenflex.oteis.fr\/wp-content\/uploads\/2021\/10\/methode-reduction-emissions-sbt-greenflex-1024x1024.jpg 1024w, https:\/\/www.greenflex.oteis.fr\/wp-content\/uploads\/2021\/10\/methode-reduction-emissions-sbt-greenflex-375x375.jpg 375w, https:\/\/www.greenflex.oteis.fr\/wp-content\/uploads\/2021\/10\/methode-reduction-emissions-sbt-greenflex-768x768.jpg 768w, https:\/\/www.greenflex.oteis.fr\/wp-content\/uploads\/2021\/10\/methode-reduction-emissions-sbt-greenflex-1536x1536.jpg 1536w\" \/>                    <\/div>\n                <\/div>\n                            <\/div>\n            <div class=\"solution-visual-slider-pagination\"><\/div>\n        <\/div>\n    <\/div>\n    \n    <div class=\"solution-list-blocks\">\n                               <div class=\"solution-list\">\n                <h3 class=\"solution-list-title\">\n                    Las diferentes etapas de nuestro apoyo                <\/h3>\n                <div class=\"solution-list-content\">\n                    <ul>\n<li>Verificaci\u00f3n de la elegibilidad y los criterios que deben respetarse<\/li>\n<li>Recomendaci\u00f3n del enfoque a elegir (absoluto, sectorial, intensidad f\u00edsica, intensidad econ\u00f3mica&#8230;)<\/li>\n<li>C\u00e1lculo de la trayectoria a partir de las evaluaciones de GEI realizadas y preparaci\u00f3n para la certificaci\u00f3n<\/li>\n<\/ul>\n                <\/div>\n            <\/div>\n                   <div class=\"solution-list\">\n                <h3 class=\"solution-list-title\">\n                    Los beneficios de la aplicaci\u00f3n concreta de las acciones de reducci\u00f3n                <\/h3>\n                <div class=\"solution-list-content\">\n                    <ul>\n<li>Reducir su dependencia de los combustibles f\u00f3siles<\/li>\n<li>Implicar a sus proveedores en la reducci\u00f3n de sus emisiones de GEI<\/li>\n<li>Implicar a los empleados en un proceso significativo<\/li>\n<li>Reducir su exposici\u00f3n al riesgo, al mismo tiempo que aumenta su competitividad y atractividad<\/li>\n<\/ul>\n                <\/div>\n            <\/div>\n           <\/div>\n    \n    <div class=\"solution-visual-highlight\">\n        <div class=\"solution-visual-highlight-container\">\n             <img width=\"1600\" height=\"900\" src=\"https:\/\/www.greenflex.oteis.fr\/wp-content\/uploads\/2021\/10\/Trajectoire-bas-carbone-methode-GreenFlex.jpg\" class=\"attachment- size-\" alt=\"Vista a\u00e9rea de panelos fotovoltaicos rodeados de campos verdes\" decoding=\"async\" loading=\"lazy\" sizes=\"80vw\" srcset=\"https:\/\/www.greenflex.oteis.fr\/wp-content\/uploads\/2021\/10\/Trajectoire-bas-carbone-methode-GreenFlex.jpg 1600w, https:\/\/www.greenflex.oteis.fr\/wp-content\/uploads\/2021\/10\/Trajectoire-bas-carbone-methode-GreenFlex-300x169.jpg 300w, https:\/\/www.greenflex.oteis.fr\/wp-content\/uploads\/2021\/10\/Trajectoire-bas-carbone-methode-GreenFlex-768x432.jpg 768w, https:\/\/www.greenflex.oteis.fr\/wp-content\/uploads\/2021\/10\/Trajectoire-bas-carbone-methode-GreenFlex-1024x576.jpg 1024w, https:\/\/www.greenflex.oteis.fr\/wp-content\/uploads\/2021\/10\/Trajectoire-bas-carbone-methode-GreenFlex-1536x864.jpg 1536w\" \/>        <\/div>\n        <div class=\"solution-visual-description-wrapper\">\n                            <h3 class=\"solution-visual-title\">\n                    GreenFlex: su compa\u00f1ero ideal para desarrollar su trayectoria de reducci\u00f3n                <\/h3>\n                                        <div class=\"solution-visual-description\">\n                    GreenFlex est\u00e1 reconocida como experta en la medici\u00f3n y reducci\u00f3n de las emisiones de CO\u2082 y otros gases de efecto invernadero. Todas nuestras estrategias sobre el carbono se adaptan a cada parte interesada para que pueda comprender mejor todas las consecuencias.<br \/>\r\n<br \/>\r\nLos equipos de GreenFlex son capaces de combinar la estrategia y las operaciones para alcanzar la aplicaci\u00f3n concreta de las ambiciones definidas. Los consultores ofrecen una mirada cr\u00edtica a lo largo de la misi\u00f3n, bas\u00e1ndose en su experiencia, conocimientos y valores. Son capaces de entender las cuestiones sectoriales (ingenieros agr\u00f3nomos que trabajan en todos los impactos de la cadena de valor alimentaria y en los ecosistemas naturales y cultivados, equipos dedicados a la movilidad y el transporte, expertos en metodolog\u00edas de econom\u00eda circular).                <\/div>\n                    <\/div>\n    <\/div>\n    \n<\/section>\n\n\n\n<section id=\"disko-component-banner-block_01f5f3747f8a8f1adbe0ef901e931065\" class=\"disko-component disko-component-banner section-banner green\">\n    <div class=\"line-container\">\n        <svg width=\"100%\" height=\"100%\" viewBox=\"0 0 970 472\" aria-hidden=\"true\" preserveAspectRatio=\"xMinYMin meet\" xmlns=\"http:\/\/www.w3.org\/2000\/svg\"><path d=\"M410 471c-85 0-57.034-.598-123.517-.299S202 443 201.627 390.491V246.059c0-60.246-1.335-120.492-97.47-120.492-96.134 0-102.81 53.674-102.81 107.347 0 53.674 6.676 99.68 102.81 99.68 20.488 0 704.015.407 722.843.407 97 0 140-38 140.003-92.948 4.006-13.145 0-64.052 0-96.914C967.001 112.38 967 64.667 967 0\" stroke=\"#17FA73\" fill=\"none\" fill-rule=\"evenodd\"\/><\/svg>\n    <\/div>\n    <div class=\"banner-container\">\n        <div class=\"banner-title-container\">\n            <div class=\"banner-hover-title\">Para reducir sus<br \/>\r\nemisiones de CO\u2082<\/div>\n            <div class=\"cursor\" data-bg=\"\"><\/div>\n        <\/div>\n        <p>\n            Determina una trayectoria ambiciosa        <\/p>\n                    <a href=\"https:\/\/www.greenflex.oteis.fr\/es\/contacto\/\" class=\"btn btn-white\">\n                <div class=\"btn-ico\">\n                    <svg aria-hidden=\"true\" width=\"18\" height=\"15\" xmlns=\"http:\/\/www.w3.org\/2000\/svg\" xmlns:xlink=\"http:\/\/www.w3.org\/1999\/xlink\"><defs><path d=\"M11.455 2.025c-.833.73-.972 1.483-.42 2.255l4.032 4.023H.854a.863.863 0 00-.848.875c0 .483.38.876.848.876h14.213l-3.752 4.026c-.8.88-.761 1.639.114 2.275l6.332-6.557a.859.859 0 00.245-.62.86.86 0 00-.245-.62l-6.306-6.533z\" id=\"a\"\/><\/defs><use class=\"arrow-color\" fill=\"#00A880\" transform=\"rotate(-20 6.17 8.69)\" xlink:href=\"#a\" fill-rule=\"evenodd\"\/><\/svg>\n                <\/div>\n               Contactanos            <\/a>\n            <\/div>\n<\/section>\n","protected":false},"excerpt":{"rendered":"","protected":false},"author":3,"featured_media":4069,"parent":0,"menu_order":0,"comment_status":"closed","ping_status":"closed","template":"","meta":{"content-type":"","inline_featured_image":false},"sector_type":[],"offer_type":[],"acf":[],"yoast_head":"<!-- This site is optimized with the Yoast SEO Premium plugin v21.8 (Yoast SEO v21.8.1) - https:\/\/yoast.com\/wordpress\/plugins\/seo\/ -->\n<title>Alcanza su objetivos y su estrategia bajo carbono<\/title>\n<meta name=\"description\" content=\"Establece una reducci\u00f3n ambiciosa de sus emisiones CO\u2082 gracias al m\u00e9todo SBTi. GreenFlex le apoya en la planificaci\u00f3n de su estrategia.\" \/>\n<meta name=\"robots\" content=\"index, follow, max-snippet:-1, max-image-preview:large, max-video-preview:-1\" \/>\n<link rel=\"canonical\" href=\"https:\/\/www.greenflex.oteis.fr\/es\/plan-de-transicion-y-rutas-de-descarbonizacion-segun-sbti\/\" \/>\n<meta property=\"og:locale\" content=\"es_ES\" \/>\n<meta property=\"og:type\" content=\"article\" \/>\n<meta property=\"og:title\" content=\"Plan de transici\u00f3n y rutas de descarbonizaci\u00f3n seg\u00fan SBTi\" \/>\n<meta property=\"og:description\" content=\"Establece una reducci\u00f3n ambiciosa de sus emisiones CO\u2082 gracias al m\u00e9todo SBTi. GreenFlex le apoya en la planificaci\u00f3n de su estrategia.\" \/>\n<meta property=\"og:url\" content=\"https:\/\/www.greenflex.oteis.fr\/es\/plan-de-transicion-y-rutas-de-descarbonizacion-segun-sbti\/\" \/>\n<meta property=\"og:site_name\" content=\"GreenFlex\" \/>\n<meta property=\"article:modified_time\" content=\"2024-12-09T16:13:50+00:00\" \/>\n<meta property=\"og:image\" content=\"https:\/\/greenflex-origin.greenshift.eu\/wp-content\/uploads\/2021\/10\/Plan-transition-carbone-sbt-GreenFlex.jpg\" \/>\n\t<meta property=\"og:image:width\" content=\"1200\" \/>\n\t<meta property=\"og:image:height\" content=\"927\" \/>\n\t<meta property=\"og:image:type\" content=\"image\/jpeg\" \/>\n<meta name=\"twitter:card\" content=\"summary_large_image\" \/>\n<meta name=\"twitter:site\" content=\"@GreenFlex\" \/>\n<meta name=\"twitter:label1\" content=\"Tiempo de lectura\" \/>\n\t<meta name=\"twitter:data1\" content=\"1 minuto\" \/>\n<script type=\"application\/ld+json\" class=\"yoast-schema-graph\">{\"@context\":\"https:\/\/schema.org\",\"@graph\":[{\"@type\":\"WebPage\",\"@id\":\"https:\/\/www.greenflex.oteis.fr\/es\/plan-de-transicion-y-rutas-de-descarbonizacion-segun-sbti\/\",\"url\":\"https:\/\/www.greenflex.oteis.fr\/es\/plan-de-transicion-y-rutas-de-descarbonizacion-segun-sbti\/\",\"name\":\"Alcanza su objetivos y su estrategia bajo carbono\",\"isPartOf\":{\"@id\":\"https:\/\/www.greenflex.oteis.fr\/es\/#website\"},\"datePublished\":\"2022-10-17T10:13:46+00:00\",\"dateModified\":\"2024-12-09T16:13:50+00:00\",\"description\":\"Establece una reducci\u00f3n ambiciosa de sus emisiones CO\u2082 gracias al m\u00e9todo SBTi. GreenFlex le apoya en la planificaci\u00f3n de su estrategia.\",\"breadcrumb\":{\"@id\":\"https:\/\/www.greenflex.oteis.fr\/es\/plan-de-transicion-y-rutas-de-descarbonizacion-segun-sbti\/#breadcrumb\"},\"inLanguage\":\"es\",\"potentialAction\":[{\"@type\":\"ReadAction\",\"target\":[\"https:\/\/www.greenflex.oteis.fr\/es\/plan-de-transicion-y-rutas-de-descarbonizacion-segun-sbti\/\"]}]},{\"@type\":\"BreadcrumbList\",\"@id\":\"https:\/\/www.greenflex.oteis.fr\/es\/plan-de-transicion-y-rutas-de-descarbonizacion-segun-sbti\/#breadcrumb\",\"itemListElement\":[{\"@type\":\"ListItem\",\"position\":1,\"name\":\"GreenFlex\",\"item\":\"https:\/\/www.greenflex.oteis.fr\/es\/\"},{\"@type\":\"ListItem\",\"position\":2,\"name\":\"Plan de transici\u00f3n y rutas de descarbonizaci\u00f3n seg\u00fan SBTi\"}]},{\"@type\":\"WebSite\",\"@id\":\"https:\/\/www.greenflex.oteis.fr\/es\/#website\",\"url\":\"https:\/\/www.greenflex.oteis.fr\/es\/\",\"name\":\"GreenFlex\",\"description\":\"Changeons de trajectoire\",\"potentialAction\":[{\"@type\":\"SearchAction\",\"target\":{\"@type\":\"EntryPoint\",\"urlTemplate\":\"https:\/\/www.greenflex.oteis.fr\/es\/?s={search_term_string}\"},\"query-input\":\"required name=search_term_string\"}],\"inLanguage\":\"es\"}]}<\/script>\n<!-- \/ Yoast SEO Premium plugin. -->","yoast_head_json":{"title":"Alcanza su objetivos y su estrategia bajo carbono","description":"Establece una reducci\u00f3n ambiciosa de sus emisiones CO\u2082 gracias al m\u00e9todo SBTi. GreenFlex le apoya en la planificaci\u00f3n de su estrategia.","robots":{"index":"index","follow":"follow","max-snippet":"max-snippet:-1","max-image-preview":"max-image-preview:large","max-video-preview":"max-video-preview:-1"},"canonical":"https:\/\/www.greenflex.oteis.fr\/es\/plan-de-transicion-y-rutas-de-descarbonizacion-segun-sbti\/","og_locale":"es_ES","og_type":"article","og_title":"Plan de transici\u00f3n y rutas de descarbonizaci\u00f3n seg\u00fan SBTi","og_description":"Establece una reducci\u00f3n ambiciosa de sus emisiones CO\u2082 gracias al m\u00e9todo SBTi. GreenFlex le apoya en la planificaci\u00f3n de su estrategia.","og_url":"https:\/\/www.greenflex.oteis.fr\/es\/plan-de-transicion-y-rutas-de-descarbonizacion-segun-sbti\/","og_site_name":"GreenFlex","article_modified_time":"2024-12-09T16:13:50+00:00","og_image":[{"width":1200,"height":927,"url":"https:\/\/greenflex-origin.greenshift.eu\/wp-content\/uploads\/2021\/10\/Plan-transition-carbone-sbt-GreenFlex.jpg","type":"image\/jpeg"}],"twitter_card":"summary_large_image","twitter_site":"@GreenFlex","twitter_misc":{"Tiempo de lectura":"1 minuto"},"schema":{"@context":"https:\/\/schema.org","@graph":[{"@type":"WebPage","@id":"https:\/\/www.greenflex.oteis.fr\/es\/plan-de-transicion-y-rutas-de-descarbonizacion-segun-sbti\/","url":"https:\/\/www.greenflex.oteis.fr\/es\/plan-de-transicion-y-rutas-de-descarbonizacion-segun-sbti\/","name":"Alcanza su objetivos y su estrategia bajo carbono","isPartOf":{"@id":"https:\/\/www.greenflex.oteis.fr\/es\/#website"},"datePublished":"2022-10-17T10:13:46+00:00","dateModified":"2024-12-09T16:13:50+00:00","description":"Establece una reducci\u00f3n ambiciosa de sus emisiones CO\u2082 gracias al m\u00e9todo SBTi. GreenFlex le apoya en la planificaci\u00f3n de su estrategia.","breadcrumb":{"@id":"https:\/\/www.greenflex.oteis.fr\/es\/plan-de-transicion-y-rutas-de-descarbonizacion-segun-sbti\/#breadcrumb"},"inLanguage":"es","potentialAction":[{"@type":"ReadAction","target":["https:\/\/www.greenflex.oteis.fr\/es\/plan-de-transicion-y-rutas-de-descarbonizacion-segun-sbti\/"]}]},{"@type":"BreadcrumbList","@id":"https:\/\/www.greenflex.oteis.fr\/es\/plan-de-transicion-y-rutas-de-descarbonizacion-segun-sbti\/#breadcrumb","itemListElement":[{"@type":"ListItem","position":1,"name":"GreenFlex","item":"https:\/\/www.greenflex.oteis.fr\/es\/"},{"@type":"ListItem","position":2,"name":"Plan de transici\u00f3n y rutas de descarbonizaci\u00f3n seg\u00fan SBTi"}]},{"@type":"WebSite","@id":"https:\/\/www.greenflex.oteis.fr\/es\/#website","url":"https:\/\/www.greenflex.oteis.fr\/es\/","name":"GreenFlex","description":"Changeons de trajectoire","potentialAction":[{"@type":"SearchAction","target":{"@type":"EntryPoint","urlTemplate":"https:\/\/www.greenflex.oteis.fr\/es\/?s={search_term_string}"},"query-input":"required name=search_term_string"}],"inLanguage":"es"}]}},"_links":{"self":[{"href":"https:\/\/www.greenflex.oteis.fr\/es\/wp-json\/wp\/v2\/pages\/10511"}],"collection":[{"href":"https:\/\/www.greenflex.oteis.fr\/es\/wp-json\/wp\/v2\/pages"}],"about":[{"href":"https:\/\/www.greenflex.oteis.fr\/es\/wp-json\/wp\/v2\/types\/page"}],"author":[{"embeddable":true,"href":"https:\/\/www.greenflex.oteis.fr\/es\/wp-json\/wp\/v2\/users\/3"}],"replies":[{"embeddable":true,"href":"https:\/\/www.greenflex.oteis.fr\/es\/wp-json\/wp\/v2\/comments?post=10511"}],"version-history":[{"count":6,"href":"https:\/\/www.greenflex.oteis.fr\/es\/wp-json\/wp\/v2\/pages\/10511\/revisions"}],"predecessor-version":[{"id":19095,"href":"https:\/\/www.greenflex.oteis.fr\/es\/wp-json\/wp\/v2\/pages\/10511\/revisions\/19095"}],"wp:featuredmedia":[{"embeddable":true,"href":"https:\/\/www.greenflex.oteis.fr\/es\/wp-json\/wp\/v2\/media\/4069"}],"wp:attachment":[{"href":"https:\/\/www.greenflex.oteis.fr\/es\/wp-json\/wp\/v2\/media?parent=10511"}],"wp:term":[{"taxonomy":"sector_type","embeddable":true,"href":"https:\/\/www.greenflex.oteis.fr\/es\/wp-json\/wp\/v2\/sector_type?post=10511"},{"taxonomy":"offer_type","embeddable":true,"href":"https:\/\/www.greenflex.oteis.fr\/es\/wp-json\/wp\/v2\/offer_type?post=10511"}],"curies":[{"name":"wp","href":"https:\/\/api.w.org\/{rel}","templated":true}]}}