{"id":10497,"date":"2022-10-17T13:46:53","date_gmt":"2022-10-17T13:46:53","guid":{"rendered":"https:\/\/www.greenflex.com\/?page_id=10497"},"modified":"2024-12-10T09:43:18","modified_gmt":"2024-12-10T09:43:18","slug":"proyectos-de-energias-renovables","status":"publish","type":"page","link":"https:\/\/www.greenflex.oteis.fr\/es\/proyectos-de-energias-renovables\/","title":{"rendered":"Proyectos de energ\u00edas renovables"},"content":{"rendered":"\n<section id=\"disko-component-header-simple-block_59a5b55b998f719ab5000027c26b630a\" class=\"disko-component disko-component-header-simple\">\n    <div class=\"header-content\">\n        <div class=\"bread-crumbs-container\">\n            <span><span><a href=\"https:\/\/www.greenflex.oteis.fr\/es\/\">GreenFlex<\/a><\/span><\/span>        <\/div>\n        <h1 class=\"header-title\">\n            Producir y consumir energ\u00eda renovable: una palanca para mejorar su rendimiento medioambiental y econ\u00f3mico        <\/h1>\n        <div class=\"header-description\">\n            <p>GreenFlex apoya a sus clientes que desean producir y consumir energ\u00eda renovable (fotovoltaica, biomasa, biog\u00e1s, etc.) utilizando los recursos disponibles en su zona a lo largo de su proyecto: desde los estudios hasta la implementaci\u00f3n como asistencia a la gesti\u00f3n del proyecto o gesti\u00f3n y financiaci\u00f3n de este<\/p>\n        <\/div>\n        <div class=\"btn-wrapper\">\n                                <\/div>\n    <\/div>\n    <\/section>\n\n\n\n<section id=\"disko-component-wysiwyg-block_50315958cd4a96cd9d38ef860a45afa9\" class=\"disko-component disko-component-wysiwyg light\">\n    <div class=\"wysiwyg-wrapper\">\n        <h2>La energ\u00eda renovable: un componente del rendimiento energ\u00e9tico<\/h2>\n<p>En GreenFlex, <strong>creemos que la reducci\u00f3n del consumo de energ\u00eda de un sitio es un prerrequisito y debe tener lugar antes de cualquier proyecto de producci\u00f3n y autoconsumo de energ\u00eda renovable, como parte de un enfoque m\u00e1s global de rendimiento energ\u00e9tico.<\/strong> Ya que, esto es esencial para dimensionar la instalaci\u00f3n lo m\u00e1s cerca posible de sus necesidades reales, integrando los posibles usos futuros (trabajos de rendimiento energ\u00e9tico, aumento de la capacidad de producci\u00f3n, etc.). Esto tambi\u00e9n permite tener en cuenta todos los recursos disponibles en el sitio o en la zona: ubicaci\u00f3n con mucha exposici\u00f3n al sol, residuos que se pueden recuperar, calor residual que se puede recuperar, etc.<\/p>\n    <\/div>\n<\/section>\n\n\n\n\n<section id=\"disko-component-solutions-block_11c1a8cc565097f93f64b80367b8212c\" class=\"disko-component disko-component-solutions light-green\">\n    \n    <div class=\"solution-intro-wrapper\">\n        <div class=\"solution-intro-col\">\n            <h2 class=\"solution-title\">\n                GreenFlex le apoya a lo largo de su proyecto de producci\u00f3n de energ\u00eda renovable            <\/h2>\n        <\/div>\n        <div class=\"solution-intro-col\">\n            <div class=\"solution-intro\">\n                GreenFlex le ofrece su experiencia para llevar a cabo su proyecto: consejos estrat\u00e9gicos para la creaci\u00f3n de un esquema director de energ\u00eda o de carbono, apoyo operativo para los estudios, y la ejecuci\u00f3n y soluciones de financiaci\u00f3n que combinan subvenciones y financiaci\u00f3n de terceros.            <\/div>\n        <\/div>\n    <\/div>\n    \n    <div class=\"solution-visual-wrapper\">\n        <div class=\" solution-visual-slider\">\n            <div class=\"swiper-wrapper\">\n                <div class=\"swiper-slide solution-visual-slide\">\n                    <div class=\"solution-visual-slide-img-container\">\n                         <img width=\"3967\" height=\"2628\" src=\"https:\/\/www.greenflex.oteis.fr\/wp-content\/uploads\/2021\/10\/Energies-Photovoltaique-renouvelables-GreenFlex-scaled.jpg\" class=\"news-slide-img\" alt=\"Panelos fotovoltaicos sobre el techo de un edificio\" decoding=\"async\" loading=\"lazy\" sizes=\"33vw,(max-width:480px) 80vw\" \/>                    <\/div>\n                    \n                <\/div>\n                            <\/div>\n            <div class=\"solution-visual-slider-pagination\"><\/div>\n        <\/div>\n    <\/div>\n    \n    <div class=\"solution-list-blocks\">\n                               <div class=\"solution-list\">\n                <h3 class=\"solution-list-title\">\n                    <a href=\"https:\/\/www.greenflex.oteis.fr\/es\/plan-maestro-de-energia\/\">Esquema director de energ\u00eda o carbono<\/a                <\/h3>\n                <div class=\"solution-list-content\">\n                    <p>Realizamos un inventario del consumo y el uso actuales, identificamos posibles proyectos y normativas futuras, simulamos varios escenarios en funci\u00f3n de distintos par\u00e1metros (reducci\u00f3n de emisiones de CO2, rentabilidad, facilidad de aplicaci\u00f3n, etc.), definimos objetivos de reducci\u00f3n y, a continuaci\u00f3n, una hoja de ruta para alcanzarlos.<\/p>\n                <\/div>\n            <\/div>\n                   <div class=\"solution-list\">\n                <h3 class=\"solution-list-title\">\n                    <a href=\"https:\/\/www.greenflex.oteis.fr\/es\/estudios-de-factibilidad-y-diseno\/\">Estudios de oportunidad y viabilidad<\/a>                <\/h3>\n                <div class=\"solution-list-content\">\n                    <p>Podemos centrarnos en una energ\u00eda renovable concreta o investigar y comparar todas las fuentes potenciales de suministro de energ\u00eda renovable. Estudiamos el potencial de producci\u00f3n, la viabilidad t\u00e9cnica, econ\u00f3mica y contractual. Por \u00faltimo, estimamos los costes y la rentabilidad del proyecto y dimensionamos la futura instalaci\u00f3n.<\/p>\n                <\/div>\n            <\/div>\n                   <div class=\"solution-list\">\n                <h3 class=\"solution-list-title\">\n                    Seguimiento del dise\u00f1o y la realizaci\u00f3n                <\/h3>\n                <div class=\"solution-list-content\">\n                    <p>Le apoyamos en <a href=\"https:\/\/www.greenflex.oteis.fr\/es\/asistencia-y-financiacion-de-la-gestion-de-proyectos\/\">la asistencia para la direcci\u00f3n de la obra o en la gesti\u00f3n del proyecto<\/a> al largo de la obra, tambi\u00e9n le ayudamos con la coordinaci\u00f3n, la aceptaci\u00f3n de los trabajos y la eliminaci\u00f3n de las reservas.<\/p>\n                <\/div>\n            <\/div>\n                   <div class=\"solution-list\">\n                <h3 class=\"solution-list-title\">\n                    Financiaci\u00f3n                <\/h3>\n                <div class=\"solution-list-content\">\n                    <p>Le proporcionamos nuestra ingenier\u00eda financiera para el paquete financiero m\u00e1s adecuado a su situaci\u00f3n. Combinamos las subvenciones y CAES, con la financiaci\u00f3n de terceros para mejorar el ROI de su proyecto y preservar su tesorer\u00eda.<\/p>\n                <\/div>\n            <\/div>\n           <\/div>\n    \n    <div class=\"solution-visual-highlight\">\n        <div class=\"solution-visual-highlight-container\">\n             <img width=\"1920\" height=\"1281\" src=\"https:\/\/www.greenflex.oteis.fr\/wp-content\/uploads\/2021\/10\/Energies-renouvelables-usine-GreenFlex.jpg\" class=\"attachment- size-\" alt=\"Dos hombres blancos en una fabrica guardando una tableta\" decoding=\"async\" loading=\"lazy\" sizes=\"80vw\" srcset=\"https:\/\/www.greenflex.oteis.fr\/wp-content\/uploads\/2021\/10\/Energies-renouvelables-usine-GreenFlex.jpg 1920w, https:\/\/www.greenflex.oteis.fr\/wp-content\/uploads\/2021\/10\/Energies-renouvelables-usine-GreenFlex-480x320.jpg 480w, https:\/\/www.greenflex.oteis.fr\/wp-content\/uploads\/2021\/10\/Energies-renouvelables-usine-GreenFlex-1024x683.jpg 1024w, https:\/\/www.greenflex.oteis.fr\/wp-content\/uploads\/2021\/10\/Energies-renouvelables-usine-GreenFlex-768x512.jpg 768w, https:\/\/www.greenflex.oteis.fr\/wp-content\/uploads\/2021\/10\/Energies-renouvelables-usine-GreenFlex-1536x1025.jpg 1536w\" \/>        <\/div>\n        <div class=\"solution-visual-description-wrapper\">\n                            <h3 class=\"solution-visual-title\">\n                    Multidisciplinar en eficiencia energ\u00e9tica y energ\u00edas renovables                <\/h3>\n                                        <div class=\"solution-visual-description\">\n                    Desde 2009 y gracias a su experiencia en eficiencia energ\u00e9tica y energ\u00edas renovables, GreenFlex le acompa\u00f1a tanto en la definici\u00f3n como en la implementaci\u00f3n de su proceso de descarbonizaci\u00f3n. De este modo, podr\u00e1 utilizar la instalaci\u00f3n de producci\u00f3n de energ\u00eda renovable que mejor se adapte a sus necesidades y a su consumo, contribuyendo al mismo tiempo a la consecuci\u00f3n de sus objetivos de reducci\u00f3n del consumo en el marco del decreto terciario. Nuestros 100 expertos en energ\u00eda pueden adaptarse a su sector de actividad, al tipo de energ\u00eda renovable que est\u00e9 considerando, al esquema de valorizaci\u00f3n deseado o al tipo de sitio que tenga.                <\/div>\n                    <\/div>\n    <\/div>\n    \n<\/section>\n\n\n\n<section id=\"disko-component-banner-block_88dc2488f60516f044692c5199d1ba09\" class=\"disko-component disko-component-banner section-banner green\">\n    <div class=\"line-container\">\n        <svg width=\"100%\" height=\"100%\" viewBox=\"0 0 970 472\" aria-hidden=\"true\" preserveAspectRatio=\"xMinYMin meet\" xmlns=\"http:\/\/www.w3.org\/2000\/svg\"><path d=\"M410 471c-85 0-57.034-.598-123.517-.299S202 443 201.627 390.491V246.059c0-60.246-1.335-120.492-97.47-120.492-96.134 0-102.81 53.674-102.81 107.347 0 53.674 6.676 99.68 102.81 99.68 20.488 0 704.015.407 722.843.407 97 0 140-38 140.003-92.948 4.006-13.145 0-64.052 0-96.914C967.001 112.38 967 64.667 967 0\" stroke=\"#17FA73\" fill=\"none\" fill-rule=\"evenodd\"\/><\/svg>\n    <\/div>\n    <div class=\"banner-container\">\n        <div class=\"banner-title-container\">\n            <div class=\"banner-hover-title\">Crea su proyecto<br \/>\r\nde energ\u00edas renovables<\/div>\n            <div class=\"cursor\" data-bg=\"\"><\/div>\n        <\/div>\n        <p>\n                    <\/p>\n                    <a href=\"https:\/\/www.greenflex.oteis.fr\/es\/contacto\/\" class=\"btn btn-white\">\n                <div class=\"btn-ico\">\n                    <svg aria-hidden=\"true\" width=\"18\" height=\"15\" xmlns=\"http:\/\/www.w3.org\/2000\/svg\" xmlns:xlink=\"http:\/\/www.w3.org\/1999\/xlink\"><defs><path d=\"M11.455 2.025c-.833.73-.972 1.483-.42 2.255l4.032 4.023H.854a.863.863 0 00-.848.875c0 .483.38.876.848.876h14.213l-3.752 4.026c-.8.88-.761 1.639.114 2.275l6.332-6.557a.859.859 0 00.245-.62.86.86 0 00-.245-.62l-6.306-6.533z\" id=\"a\"\/><\/defs><use class=\"arrow-color\" fill=\"#00A880\" transform=\"rotate(-20 6.17 8.69)\" xlink:href=\"#a\" fill-rule=\"evenodd\"\/><\/svg>\n                <\/div>\n               Cont\u00e1ctanos            <\/a>\n            <\/div>\n<\/section>\n","protected":false},"excerpt":{"rendered":"","protected":false},"author":3,"featured_media":12431,"parent":0,"menu_order":0,"comment_status":"closed","ping_status":"closed","template":"","meta":{"content-type":"","inline_featured_image":false},"sector_type":[],"offer_type":[],"acf":[],"yoast_head":"<!-- This site is optimized with the Yoast SEO Premium plugin v21.8 (Yoast SEO v21.8.1) - https:\/\/yoast.com\/wordpress\/plugins\/seo\/ -->\n<title>Producir y consumir energ\u00eda renovable<\/title>\n<meta name=\"description\" content=\"Produce energ\u00edas renovables para mejorar su rendimiento energ\u00e9tico. GreenFlex le apoya en su proyecto.\" \/>\n<meta name=\"robots\" content=\"index, follow, max-snippet:-1, max-image-preview:large, max-video-preview:-1\" \/>\n<link rel=\"canonical\" href=\"https:\/\/www.greenflex.oteis.fr\/es\/proyectos-de-energias-renovables\/\" \/>\n<meta property=\"og:locale\" content=\"es_ES\" \/>\n<meta property=\"og:type\" content=\"article\" \/>\n<meta property=\"og:title\" content=\"Proyectos de energ\u00edas renovables\" \/>\n<meta property=\"og:description\" content=\"Produce energ\u00edas renovables para mejorar su rendimiento energ\u00e9tico. GreenFlex le apoya en su proyecto.\" \/>\n<meta property=\"og:url\" content=\"https:\/\/www.greenflex.oteis.fr\/es\/proyectos-de-energias-renovables\/\" \/>\n<meta property=\"og:site_name\" content=\"GreenFlex\" \/>\n<meta property=\"article:modified_time\" content=\"2024-12-10T09:43:18+00:00\" \/>\n<meta property=\"og:image\" content=\"https:\/\/www.greenflex.oteis.fr\/wp-content\/uploads\/2021\/10\/Energies-renouvelables-usine-GreenFlex.jpg\" \/>\n\t<meta property=\"og:image:width\" content=\"1920\" \/>\n\t<meta property=\"og:image:height\" content=\"1281\" \/>\n\t<meta property=\"og:image:type\" content=\"image\/jpeg\" \/>\n<meta name=\"twitter:card\" content=\"summary_large_image\" \/>\n<meta name=\"twitter:site\" content=\"@GreenFlex\" \/>\n<meta name=\"twitter:label1\" content=\"Tiempo de lectura\" \/>\n\t<meta name=\"twitter:data1\" content=\"1 minuto\" \/>\n<script type=\"application\/ld+json\" class=\"yoast-schema-graph\">{\"@context\":\"https:\/\/schema.org\",\"@graph\":[{\"@type\":\"WebPage\",\"@id\":\"https:\/\/www.greenflex.oteis.fr\/es\/proyectos-de-energias-renovables\/\",\"url\":\"https:\/\/www.greenflex.oteis.fr\/es\/proyectos-de-energias-renovables\/\",\"name\":\"Producir y consumir energ\u00eda renovable\",\"isPartOf\":{\"@id\":\"https:\/\/www.greenflex.oteis.fr\/es\/#website\"},\"datePublished\":\"2022-10-17T13:46:53+00:00\",\"dateModified\":\"2024-12-10T09:43:18+00:00\",\"description\":\"Produce energ\u00edas renovables para mejorar su rendimiento energ\u00e9tico. GreenFlex le apoya en su proyecto.\",\"breadcrumb\":{\"@id\":\"https:\/\/www.greenflex.oteis.fr\/es\/proyectos-de-energias-renovables\/#breadcrumb\"},\"inLanguage\":\"es\",\"potentialAction\":[{\"@type\":\"ReadAction\",\"target\":[\"https:\/\/www.greenflex.oteis.fr\/es\/proyectos-de-energias-renovables\/\"]}]},{\"@type\":\"BreadcrumbList\",\"@id\":\"https:\/\/www.greenflex.oteis.fr\/es\/proyectos-de-energias-renovables\/#breadcrumb\",\"itemListElement\":[{\"@type\":\"ListItem\",\"position\":1,\"name\":\"GreenFlex\",\"item\":\"https:\/\/www.greenflex.oteis.fr\/es\/\"},{\"@type\":\"ListItem\",\"position\":2,\"name\":\"Proyectos de energ\u00edas renovables\"}]},{\"@type\":\"WebSite\",\"@id\":\"https:\/\/www.greenflex.oteis.fr\/es\/#website\",\"url\":\"https:\/\/www.greenflex.oteis.fr\/es\/\",\"name\":\"GreenFlex\",\"description\":\"Changeons de trajectoire\",\"potentialAction\":[{\"@type\":\"SearchAction\",\"target\":{\"@type\":\"EntryPoint\",\"urlTemplate\":\"https:\/\/www.greenflex.oteis.fr\/es\/?s={search_term_string}\"},\"query-input\":\"required name=search_term_string\"}],\"inLanguage\":\"es\"}]}<\/script>\n<!-- \/ Yoast SEO Premium plugin. -->","yoast_head_json":{"title":"Producir y consumir energ\u00eda renovable","description":"Produce energ\u00edas renovables para mejorar su rendimiento energ\u00e9tico. GreenFlex le apoya en su proyecto.","robots":{"index":"index","follow":"follow","max-snippet":"max-snippet:-1","max-image-preview":"max-image-preview:large","max-video-preview":"max-video-preview:-1"},"canonical":"https:\/\/www.greenflex.oteis.fr\/es\/proyectos-de-energias-renovables\/","og_locale":"es_ES","og_type":"article","og_title":"Proyectos de energ\u00edas renovables","og_description":"Produce energ\u00edas renovables para mejorar su rendimiento energ\u00e9tico. GreenFlex le apoya en su proyecto.","og_url":"https:\/\/www.greenflex.oteis.fr\/es\/proyectos-de-energias-renovables\/","og_site_name":"GreenFlex","article_modified_time":"2024-12-10T09:43:18+00:00","og_image":[{"width":1920,"height":1281,"url":"https:\/\/www.greenflex.oteis.fr\/wp-content\/uploads\/2021\/10\/Energies-renouvelables-usine-GreenFlex.jpg","type":"image\/jpeg"}],"twitter_card":"summary_large_image","twitter_site":"@GreenFlex","twitter_misc":{"Tiempo de lectura":"1 minuto"},"schema":{"@context":"https:\/\/schema.org","@graph":[{"@type":"WebPage","@id":"https:\/\/www.greenflex.oteis.fr\/es\/proyectos-de-energias-renovables\/","url":"https:\/\/www.greenflex.oteis.fr\/es\/proyectos-de-energias-renovables\/","name":"Producir y consumir energ\u00eda renovable","isPartOf":{"@id":"https:\/\/www.greenflex.oteis.fr\/es\/#website"},"datePublished":"2022-10-17T13:46:53+00:00","dateModified":"2024-12-10T09:43:18+00:00","description":"Produce energ\u00edas renovables para mejorar su rendimiento energ\u00e9tico. GreenFlex le apoya en su proyecto.","breadcrumb":{"@id":"https:\/\/www.greenflex.oteis.fr\/es\/proyectos-de-energias-renovables\/#breadcrumb"},"inLanguage":"es","potentialAction":[{"@type":"ReadAction","target":["https:\/\/www.greenflex.oteis.fr\/es\/proyectos-de-energias-renovables\/"]}]},{"@type":"BreadcrumbList","@id":"https:\/\/www.greenflex.oteis.fr\/es\/proyectos-de-energias-renovables\/#breadcrumb","itemListElement":[{"@type":"ListItem","position":1,"name":"GreenFlex","item":"https:\/\/www.greenflex.oteis.fr\/es\/"},{"@type":"ListItem","position":2,"name":"Proyectos de energ\u00edas renovables"}]},{"@type":"WebSite","@id":"https:\/\/www.greenflex.oteis.fr\/es\/#website","url":"https:\/\/www.greenflex.oteis.fr\/es\/","name":"GreenFlex","description":"Changeons de trajectoire","potentialAction":[{"@type":"SearchAction","target":{"@type":"EntryPoint","urlTemplate":"https:\/\/www.greenflex.oteis.fr\/es\/?s={search_term_string}"},"query-input":"required name=search_term_string"}],"inLanguage":"es"}]}},"_links":{"self":[{"href":"https:\/\/www.greenflex.oteis.fr\/es\/wp-json\/wp\/v2\/pages\/10497"}],"collection":[{"href":"https:\/\/www.greenflex.oteis.fr\/es\/wp-json\/wp\/v2\/pages"}],"about":[{"href":"https:\/\/www.greenflex.oteis.fr\/es\/wp-json\/wp\/v2\/types\/page"}],"author":[{"embeddable":true,"href":"https:\/\/www.greenflex.oteis.fr\/es\/wp-json\/wp\/v2\/users\/3"}],"replies":[{"embeddable":true,"href":"https:\/\/www.greenflex.oteis.fr\/es\/wp-json\/wp\/v2\/comments?post=10497"}],"version-history":[{"count":10,"href":"https:\/\/www.greenflex.oteis.fr\/es\/wp-json\/wp\/v2\/pages\/10497\/revisions"}],"predecessor-version":[{"id":19107,"href":"https:\/\/www.greenflex.oteis.fr\/es\/wp-json\/wp\/v2\/pages\/10497\/revisions\/19107"}],"wp:featuredmedia":[{"embeddable":true,"href":"https:\/\/www.greenflex.oteis.fr\/es\/wp-json\/wp\/v2\/media\/12431"}],"wp:attachment":[{"href":"https:\/\/www.greenflex.oteis.fr\/es\/wp-json\/wp\/v2\/media?parent=10497"}],"wp:term":[{"taxonomy":"sector_type","embeddable":true,"href":"https:\/\/www.greenflex.oteis.fr\/es\/wp-json\/wp\/v2\/sector_type?post=10497"},{"taxonomy":"offer_type","embeddable":true,"href":"https:\/\/www.greenflex.oteis.fr\/es\/wp-json\/wp\/v2\/offer_type?post=10497"}],"curies":[{"name":"wp","href":"https:\/\/api.w.org\/{rel}","templated":true}]}}