{"id":10486,"date":"2022-10-17T13:46:17","date_gmt":"2022-10-17T13:46:17","guid":{"rendered":"https:\/\/www.greenflex.com\/?page_id=10486"},"modified":"2025-01-06T14:59:54","modified_gmt":"2025-01-06T14:59:54","slug":"proyectos-de-descarbonizacion","status":"publish","type":"page","link":"https:\/\/www.greenflex.oteis.fr\/es\/proyectos-de-descarbonizacion\/","title":{"rendered":"Proyectos de descarbonizaci\u00f3n"},"content":{"rendered":"\n<section id=\"disko-component-header-simple-block_1a76fc14ceb8b04117eb34a575d5c074\" class=\"disko-component disko-component-header-simple\">\n    <div class=\"header-content\">\n        <div class=\"bread-crumbs-container\">\n            <span><span><a href=\"https:\/\/www.greenflex.oteis.fr\/es\/\">GreenFlex<\/a><\/span><\/span>        <\/div>\n        <h1 class=\"header-title\">\n            Desarrollar su estrategia de descarbonizaci\u00f3n y su aplicaci\u00f3n        <\/h1>\n        <div class=\"header-description\">\n            <p>Para hacer frente a las metas cada vez m\u00e1s importante de descarbonizaci\u00f3n de las empresas, movilizamos nuestros m\u00faltiples conocimientos para apoyarlas en la reducci\u00f3n de GEI de sus actividades, definiendo su hoja de ruta y apoy\u00e1ndolas en la implementaci\u00f3n t\u00e9cnica, operativa y financiera, para obtener resultados medibles<\/p>\n        <\/div>\n        <div class=\"btn-wrapper\">\n                                <\/div>\n    <\/div>\n    <\/section>\n\n\n\n<section id=\"disko-component-image-text-block_d1714db5561208a6ed6d44d7fca06601\" class=\"disko-component disko-component-image-text light \">\n    \n    <div class=\"image-text-wrapper\">\n        <div class=\"image-text-col\">\n              <div class=\"image-text-container \">\n                  <img width=\"1200\" height=\"900\" src=\"https:\/\/www.greenflex.oteis.fr\/wp-content\/uploads\/2021\/10\/Transition-bas-carbone-GreenFlex.jpg\" class=\"image-text-image\" alt=\"Vista a\u00e9rea de una ruta con cuatro vias sobre un ponte encima de un lago\" decoding=\"async\" loading=\"lazy\" sizes=\"40vw,(max-width:480px) 80vw\" srcset=\"https:\/\/www.greenflex.oteis.fr\/wp-content\/uploads\/2021\/10\/Transition-bas-carbone-GreenFlex.jpg 1200w, https:\/\/www.greenflex.oteis.fr\/wp-content\/uploads\/2021\/10\/Transition-bas-carbone-GreenFlex-300x225.jpg 300w, https:\/\/www.greenflex.oteis.fr\/wp-content\/uploads\/2021\/10\/Transition-bas-carbone-GreenFlex-768x576.jpg 768w, https:\/\/www.greenflex.oteis.fr\/wp-content\/uploads\/2021\/10\/Transition-bas-carbone-GreenFlex-1024x768.jpg 1024w\" \/>              <\/div>\n        <\/div>\n        <div class=\"image-text-col text-container\">\n            <h2>Para que su organizaci\u00f3n sea m\u00e1s resistente, atractiva y eficaz en el futuro, es esencial contribuir a la neutralidad de las emisiones de carbono<\/h2>\n<p>Las crisis medioambiental y social est\u00e1n empujando a las organizaciones a repensar y cambiar sus actividades, cadenas de valor y modelos de negocio, <strong>situando el carbono en el centro de su pensamiento con una l\u00f3gica de reducci\u00f3n.<\/strong><\/p>\n            \n                    <\/div>\n    <\/div>\n\n<\/section>\n\n\n\n<section id=\"disko-component-challenge-content-block_a7be7c0068513605b53bdb5407d2e43a\" class=\"disko-component disko-component-challenge-content light-green\">\n    <div class=\"challenge-content-col\">\n        <h2 class=\"challenge-content-title\">\n            \u00bfPor qu\u00e9 contribuir a la neutralidad en las emisiones de carbono?        <\/h2>\n    <\/div>\n    <div class=\"challenge-content-col\">\n        <div class=\"challenge-content-intro\">\n            Su inter\u00e9s        <\/div>\n        <div class=\"challenge-wysiwyg-wrapper\">\n            <ul>\n<li><strong>Anticipar el aumento del coste de la energ\u00eda y del CO\u2082<\/strong><\/li>\n<li><strong>Responder a sus obligaciones reglamentarias<\/strong>: evaluaci\u00f3n de los gases de efecto invernadero, taxonom\u00eda verde, reducci\u00f3n de las cuotas de carbono para los centros ETS, ley de cambio clim\u00e1tico, etc.<\/li>\n<li><strong>Acceder a condiciones de financiaci\u00f3n m\u00e1s favorables<\/strong>, ya que cada vez m\u00e1s subvenciones tienen en cuenta el impacto medioambiental de los proyectos<\/li>\n<li><strong>Promover las relaciones con todos los grupos de inter\u00e9s<\/strong>, como los clientes, la prensa, las ONG y los inversores, que son cada vez m\u00e1s conscientes de la huella medioambiental de las organizaciones.<\/li>\n<\/ul>\n        <\/div>\n    <\/div>\n<\/section>\n\n\n\n<section id=\"disko-component-image-text-block_3718117623b1b1cfec0534aef14e1aa2\" class=\"disko-component disko-component-image-text dark reversed\">\n    \n    <div class=\"image-text-wrapper\">\n        <div class=\"image-text-col\">\n              <div class=\"image-text-container \">\n                  <img width=\"1200\" height=\"799\" src=\"https:\/\/www.greenflex.oteis.fr\/wp-content\/uploads\/2021\/10\/GreenFlex-transition-ingenierie-bas-carbone.jpg\" class=\"image-text-image\" alt=\"Un hombre moreno asiatico sentado llevando gafas y una chaqueta negras con una camiseta blanca guarda su ordenador\" decoding=\"async\" loading=\"lazy\" sizes=\"40vw,(max-width:480px) 80vw\" srcset=\"https:\/\/www.greenflex.oteis.fr\/wp-content\/uploads\/2021\/10\/GreenFlex-transition-ingenierie-bas-carbone.jpg 1200w, https:\/\/www.greenflex.oteis.fr\/wp-content\/uploads\/2021\/10\/GreenFlex-transition-ingenierie-bas-carbone-300x200.jpg 300w, https:\/\/www.greenflex.oteis.fr\/wp-content\/uploads\/2021\/10\/GreenFlex-transition-ingenierie-bas-carbone-768x511.jpg 768w, https:\/\/www.greenflex.oteis.fr\/wp-content\/uploads\/2021\/10\/GreenFlex-transition-ingenierie-bas-carbone-1024x682.jpg 1024w\" \/>              <\/div>\n        <\/div>\n        <div class=\"image-text-col text-container\">\n            <h2>Una metodolog\u00eda probada para una transici\u00f3n baja en carbono<\/h2>\n<p>Al medir su impacto en el carbono, y reducir sus emisiones directas e indirectas de gases de efecto invernadero, as\u00ed como en su cadena de valor, las organizaciones se sit\u00faan en una nueva trayectoria: la que pretende <strong>contribuir ambiciosamente a la neutralidad en las emisiones de carbono.<\/strong><\/p>\n            \n                    <\/div>\n    <\/div>\n\n<\/section>\n\n\n\n<section id=\"disko-component-transition-text-block_555bc8eb956b319dd9f4ebfd3a2181c9\" class=\"disko-component disko-component-transition-text\">\n    <div class=\"transition-text-wrapper\">\n        <p>Nos comprometemos a trabajar con usted para <strong>definir objetivos de transformaci\u00f3n ambiciosos y viables<\/strong>. Como <strong>interlocutor \u00fanico<\/strong>, implicamos y gestionamos a sus grupos de inter\u00e9s (empleados, proveedores de servicios, suministradores, etc.) para garantizar que su plan de trabajo <strong>se aplique r\u00e1pidamente<\/strong> y con un retorno de la inversi\u00f3n continuo.<\/p>\n        <!--<svg class=\"logo-greenflex\" width=\"54px\" height=\"54px\" viewBox=\"0 0 54 54\" version=\"1.1\" xmlns=\"http:\/\/www.w3.org\/2000\/svg\" xmlns:xlink=\"http:\/\/www.w3.org\/1999\/xlink\">-->\n        <!--    <g id=\"F---Projet\">-->\n        <!--        <g id=\"F.1.1---Projet\" transform=\"translate(-120.000000, -3927.000000)\">-->\n        <!--            <g id=\"05---groupe\" transform=\"translate(0.000000, 3352.000000)\">-->\n        <!--                <g id=\"logo\" transform=\"translate(120.000000, 575.000000)\">-->\n        <!--                    <path d=\"M53.3525659,21.4866072 C53.7160564,23.2523433 53.907406,25.0808776 53.907406,26.9537399 C53.907406,41.8398557 41.8398188,53.9074429 26.9533336,53.9074429 L21.5792899,53.9074429 L21.5792899,43.1660048 L26.9533336,43.1660048 C34.018125,43.1660048 40.0271688,38.6474935 42.2487455,32.3429291 L21.541611,32.33 C21.541611,26.3508777 26.3885197,21.5039691 32.367642,21.5039691 L53.3525659,21.4866072 Z M47.7354565,0 C47.7354565,5.94513741 42.9158835,10.7647104 36.9711155,10.7647104 L26.9533336,10.7414381 C17.9997956,10.7414381 10.7414381,18.000165 10.7414381,26.953703 L10.7358971,48.4846014 C4.21486379,43.5649208 0,35.7517232 0,26.953703 C0,12.0675872 12.0672178,0 26.9533336,0 L47.7354565,0 Z\" id=\"Fill-5\"><\/path>-->\n        <!--                <\/g>-->\n        <!--            <\/g>-->\n        <!--        <\/g>-->\n        <!--    <\/g>-->\n        <!--<\/svg>-->\n    <\/div>\n<\/section>\n\n\n\n<section id=\"disko-component-wysiwyg-block_0c6206772caf4c9fe1f814cc15d54efd\" class=\"disko-component disko-component-wysiwyg light\">\n    <div class=\"wysiwyg-wrapper\">\n        <ol>\n<li><strong>Mida su huella de carbono <\/strong>v\u00eda una evaluaci\u00f3n de las emisiones de gases de efecto invernadero para obtener un mapa claro de sus emisiones de CO2 por elementos de emisi\u00f3n y una estimaci\u00f3n del riesgo clim\u00e1tico al que est\u00e1 sometida su organizaci\u00f3n. Un enfoque equipado por nuestra plataforma GreenFlexIQ, que automatiza la recogida de datos<\/li>\n<li><strong>Defina su plan de trabajo<\/strong> para la reducci\u00f3n de emisiones bas\u00e1ndose en un enfoque de \u201cScience Based Target\u201d (SBT) con objetivos precisos de baja emisi\u00f3n de carbono acompa\u00f1ados de ambiciosos planes de acci\u00f3n cuantificados (eficiencia energ\u00e9tica y energ\u00edas renovables, movilidad, pr\u00e1cticas de compra sostenibles, recuperaci\u00f3n de residuos, etc.)<\/li>\n<li><strong>Implementar su plan de trabajo<\/strong>, gracias a nuestras soluciones y experiencia<u>: estudios t\u00e9cnicos y de dise\u00f1o, asistencia en la gesti\u00f3n de proyectos, contrato de rendimiento energ\u00e9tico (EPC), contrato llave en mano, etc<\/u>. En los temas de eficiencia energ\u00e9tica, energ\u00edas renovables, movilidad el\u00e9ctrica, etc., ver\u00e1 su progreso a medida que se produce en nuestra plataforma GreenFlexIQ.<\/li>\n<li><strong>Haga realidad sus proyectos<\/strong> de neutralidad en las emisiones de carbono, gracias a una combinaci\u00f3n de nuestras soluciones de financiaci\u00f3n (subvenciones, CAE y leasing)<\/li>\n<li><strong>Mejorar la huella de carbono<\/strong> de sus grupos de inter\u00e9s ofreciendo servicios o productos bajos en emisiones de carbono o financiando proyectos que reduzcan las emisiones o aumenten los sumideros de carbono.<\/li>\n<li><strong>Supervisar y controlar<\/strong> la aplicaci\u00f3n de sus actividades, gracias a nuestras soluciones digitales, para hacer tangibles las ganancias generadas en todos sus centros y tener una visi\u00f3n global de su huella medioambiental.<\/li>\n<\/ol>\n    <\/div>\n<\/section>\n\n\n\n<section id=\"disko-component-wysiwyg-block_42029cfebbe32048651611cfd712cd68\" class=\"disko-component disko-component-wysiwyg dark\">\n    <div class=\"wysiwyg-wrapper\">\n        <h2>La multicompetencia de GreenFlex para apoyar a las organizaciones en su transici\u00f3n<\/h2>\n<p>GreenFlex se distingue por su <strong>multicompetencia<\/strong>, lo que le permite apoyarle en la construcci\u00f3n de su <strong>estrategia de bajas emisiones de carbono, en el despliegue, la financiaci\u00f3n y el seguimiento digital de sus acciones de reducci\u00f3n de emisiones.<\/strong> Nuestros expertos en desarrollo sostenible, carbono y eficiencia energ\u00e9tica le apoyar\u00e1n durante todo el proceso.<\/p>\n    <\/div>\n<\/section>\n\n\n\n<section id=\"disko-component-results-block_d9e7f4f2a56ab12e9d4f37a0e9117b1a\" class=\"disko-component disko-component-results light-green\">\n    <div class=\"results-title\">\n        Gracias a nuestro apoyo a 750 clientes    <\/div>\n               <div class=\"results-wrapper centered\">\n           \n                        <div class=\"results-item\">\n                <div class=\"result-item-title\">\n                                        \n                    300.000                <\/div>\n                <div class=\"result-item-content\">\n                    toneladas de CO\u2082 se evitan al a\u00f1o                <\/div>\n            <\/div>\n           <\/div>\n    <\/section>\n\n\n\n<section id=\"disko-component-banner-block_74f3849a40b82ef52874373257471f18\" class=\"disko-component disko-component-banner section-banner green\">\n    <div class=\"line-container\">\n        <svg width=\"100%\" height=\"100%\" viewBox=\"0 0 970 472\" aria-hidden=\"true\" preserveAspectRatio=\"xMinYMin meet\" xmlns=\"http:\/\/www.w3.org\/2000\/svg\"><path d=\"M410 471c-85 0-57.034-.598-123.517-.299S202 443 201.627 390.491V246.059c0-60.246-1.335-120.492-97.47-120.492-96.134 0-102.81 53.674-102.81 107.347 0 53.674 6.676 99.68 102.81 99.68 20.488 0 704.015.407 722.843.407 97 0 140-38 140.003-92.948 4.006-13.145 0-64.052 0-96.914C967.001 112.38 967 64.667 967 0\" stroke=\"#17FA73\" fill=\"none\" fill-rule=\"evenodd\"\/><\/svg>\n    <\/div>\n    <div class=\"banner-container\">\n        <div class=\"banner-title-container\">\n            <div class=\"banner-hover-title\">Contribua a la neutralidad carbono<\/div>\n            <div class=\"cursor\" data-bg=\"\"><\/div>\n        <\/div>\n        <p>\n            Nuestros equipos multidisciplinares le ayudan        <\/p>\n                    <a href=\"https:\/\/www.greenflex.oteis.fr\/es\/contacto\/\" class=\"btn btn-white\">\n                <div class=\"btn-ico\">\n                    <svg aria-hidden=\"true\" width=\"18\" height=\"15\" xmlns=\"http:\/\/www.w3.org\/2000\/svg\" xmlns:xlink=\"http:\/\/www.w3.org\/1999\/xlink\"><defs><path d=\"M11.455 2.025c-.833.73-.972 1.483-.42 2.255l4.032 4.023H.854a.863.863 0 00-.848.875c0 .483.38.876.848.876h14.213l-3.752 4.026c-.8.88-.761 1.639.114 2.275l6.332-6.557a.859.859 0 00.245-.62.86.86 0 00-.245-.62l-6.306-6.533z\" id=\"a\"\/><\/defs><use class=\"arrow-color\" fill=\"#00A880\" transform=\"rotate(-20 6.17 8.69)\" xlink:href=\"#a\" fill-rule=\"evenodd\"\/><\/svg>\n                <\/div>\n               Cont\u00e1ctanos            <\/a>\n            <\/div>\n<\/section>\n","protected":false},"excerpt":{"rendered":"","protected":false},"author":3,"featured_media":3418,"parent":0,"menu_order":0,"comment_status":"closed","ping_status":"closed","template":"","meta":{"content-type":"","inline_featured_image":false},"sector_type":[],"offer_type":[],"acf":[],"yoast_head":"<!-- This site is optimized with the Yoast SEO Premium plugin v21.8 (Yoast SEO v21.8.1) - https:\/\/yoast.com\/wordpress\/plugins\/seo\/ -->\n<title>Reduce los GEI de sus actividades<\/title>\n<meta name=\"description\" content=\"Descarboniza sus actividades, de la estrategia de bajas emisiones de carbono, al despliegue y la financiaci\u00f3n.\" \/>\n<meta name=\"robots\" content=\"index, follow, max-snippet:-1, max-image-preview:large, max-video-preview:-1\" \/>\n<link rel=\"canonical\" href=\"https:\/\/www.greenflex.oteis.fr\/es\/proyectos-de-descarbonizacion\/\" \/>\n<meta property=\"og:locale\" content=\"es_ES\" \/>\n<meta property=\"og:type\" content=\"article\" \/>\n<meta property=\"og:title\" content=\"Proyectos de descarbonizaci\u00f3n\" \/>\n<meta property=\"og:description\" content=\"Descarboniza sus actividades, de la estrategia de bajas emisiones de carbono, al despliegue y la financiaci\u00f3n.\" \/>\n<meta property=\"og:url\" content=\"https:\/\/www.greenflex.oteis.fr\/es\/proyectos-de-descarbonizacion\/\" \/>\n<meta property=\"og:site_name\" content=\"GreenFlex\" \/>\n<meta property=\"article:modified_time\" content=\"2025-01-06T14:59:54+00:00\" \/>\n<meta property=\"og:image\" content=\"https:\/\/www.greenflex.oteis.fr\/wp-content\/uploads\/2021\/10\/Transition-bas-carbone-GreenFlex.jpg\" \/>\n\t<meta property=\"og:image:width\" content=\"1200\" \/>\n\t<meta property=\"og:image:height\" content=\"900\" \/>\n\t<meta property=\"og:image:type\" content=\"image\/jpeg\" \/>\n<meta name=\"twitter:card\" content=\"summary_large_image\" \/>\n<meta name=\"twitter:site\" content=\"@GreenFlex\" \/>\n<meta name=\"twitter:label1\" content=\"Tiempo de lectura\" \/>\n\t<meta name=\"twitter:data1\" content=\"1 minuto\" \/>\n<script type=\"application\/ld+json\" class=\"yoast-schema-graph\">{\"@context\":\"https:\/\/schema.org\",\"@graph\":[{\"@type\":\"WebPage\",\"@id\":\"https:\/\/www.greenflex.oteis.fr\/es\/proyectos-de-descarbonizacion\/\",\"url\":\"https:\/\/www.greenflex.oteis.fr\/es\/proyectos-de-descarbonizacion\/\",\"name\":\"Reduce los GEI de sus actividades\",\"isPartOf\":{\"@id\":\"https:\/\/www.greenflex.oteis.fr\/es\/#website\"},\"datePublished\":\"2022-10-17T13:46:17+00:00\",\"dateModified\":\"2025-01-06T14:59:54+00:00\",\"description\":\"Descarboniza sus actividades, de la estrategia de bajas emisiones de carbono, al despliegue y la financiaci\u00f3n.\",\"breadcrumb\":{\"@id\":\"https:\/\/www.greenflex.oteis.fr\/es\/proyectos-de-descarbonizacion\/#breadcrumb\"},\"inLanguage\":\"es\",\"potentialAction\":[{\"@type\":\"ReadAction\",\"target\":[\"https:\/\/www.greenflex.oteis.fr\/es\/proyectos-de-descarbonizacion\/\"]}]},{\"@type\":\"BreadcrumbList\",\"@id\":\"https:\/\/www.greenflex.oteis.fr\/es\/proyectos-de-descarbonizacion\/#breadcrumb\",\"itemListElement\":[{\"@type\":\"ListItem\",\"position\":1,\"name\":\"GreenFlex\",\"item\":\"https:\/\/www.greenflex.oteis.fr\/es\/\"},{\"@type\":\"ListItem\",\"position\":2,\"name\":\"Proyectos de descarbonizaci\u00f3n\"}]},{\"@type\":\"WebSite\",\"@id\":\"https:\/\/www.greenflex.oteis.fr\/es\/#website\",\"url\":\"https:\/\/www.greenflex.oteis.fr\/es\/\",\"name\":\"GreenFlex\",\"description\":\"Changeons de trajectoire\",\"potentialAction\":[{\"@type\":\"SearchAction\",\"target\":{\"@type\":\"EntryPoint\",\"urlTemplate\":\"https:\/\/www.greenflex.oteis.fr\/es\/?s={search_term_string}\"},\"query-input\":\"required name=search_term_string\"}],\"inLanguage\":\"es\"}]}<\/script>\n<!-- \/ Yoast SEO Premium plugin. -->","yoast_head_json":{"title":"Reduce los GEI de sus actividades","description":"Descarboniza sus actividades, de la estrategia de bajas emisiones de carbono, al despliegue y la financiaci\u00f3n.","robots":{"index":"index","follow":"follow","max-snippet":"max-snippet:-1","max-image-preview":"max-image-preview:large","max-video-preview":"max-video-preview:-1"},"canonical":"https:\/\/www.greenflex.oteis.fr\/es\/proyectos-de-descarbonizacion\/","og_locale":"es_ES","og_type":"article","og_title":"Proyectos de descarbonizaci\u00f3n","og_description":"Descarboniza sus actividades, de la estrategia de bajas emisiones de carbono, al despliegue y la financiaci\u00f3n.","og_url":"https:\/\/www.greenflex.oteis.fr\/es\/proyectos-de-descarbonizacion\/","og_site_name":"GreenFlex","article_modified_time":"2025-01-06T14:59:54+00:00","og_image":[{"width":1200,"height":900,"url":"https:\/\/www.greenflex.oteis.fr\/wp-content\/uploads\/2021\/10\/Transition-bas-carbone-GreenFlex.jpg","type":"image\/jpeg"}],"twitter_card":"summary_large_image","twitter_site":"@GreenFlex","twitter_misc":{"Tiempo de lectura":"1 minuto"},"schema":{"@context":"https:\/\/schema.org","@graph":[{"@type":"WebPage","@id":"https:\/\/www.greenflex.oteis.fr\/es\/proyectos-de-descarbonizacion\/","url":"https:\/\/www.greenflex.oteis.fr\/es\/proyectos-de-descarbonizacion\/","name":"Reduce los GEI de sus actividades","isPartOf":{"@id":"https:\/\/www.greenflex.oteis.fr\/es\/#website"},"datePublished":"2022-10-17T13:46:17+00:00","dateModified":"2025-01-06T14:59:54+00:00","description":"Descarboniza sus actividades, de la estrategia de bajas emisiones de carbono, al despliegue y la financiaci\u00f3n.","breadcrumb":{"@id":"https:\/\/www.greenflex.oteis.fr\/es\/proyectos-de-descarbonizacion\/#breadcrumb"},"inLanguage":"es","potentialAction":[{"@type":"ReadAction","target":["https:\/\/www.greenflex.oteis.fr\/es\/proyectos-de-descarbonizacion\/"]}]},{"@type":"BreadcrumbList","@id":"https:\/\/www.greenflex.oteis.fr\/es\/proyectos-de-descarbonizacion\/#breadcrumb","itemListElement":[{"@type":"ListItem","position":1,"name":"GreenFlex","item":"https:\/\/www.greenflex.oteis.fr\/es\/"},{"@type":"ListItem","position":2,"name":"Proyectos de descarbonizaci\u00f3n"}]},{"@type":"WebSite","@id":"https:\/\/www.greenflex.oteis.fr\/es\/#website","url":"https:\/\/www.greenflex.oteis.fr\/es\/","name":"GreenFlex","description":"Changeons de trajectoire","potentialAction":[{"@type":"SearchAction","target":{"@type":"EntryPoint","urlTemplate":"https:\/\/www.greenflex.oteis.fr\/es\/?s={search_term_string}"},"query-input":"required name=search_term_string"}],"inLanguage":"es"}]}},"_links":{"self":[{"href":"https:\/\/www.greenflex.oteis.fr\/es\/wp-json\/wp\/v2\/pages\/10486"}],"collection":[{"href":"https:\/\/www.greenflex.oteis.fr\/es\/wp-json\/wp\/v2\/pages"}],"about":[{"href":"https:\/\/www.greenflex.oteis.fr\/es\/wp-json\/wp\/v2\/types\/page"}],"author":[{"embeddable":true,"href":"https:\/\/www.greenflex.oteis.fr\/es\/wp-json\/wp\/v2\/users\/3"}],"replies":[{"embeddable":true,"href":"https:\/\/www.greenflex.oteis.fr\/es\/wp-json\/wp\/v2\/comments?post=10486"}],"version-history":[{"count":8,"href":"https:\/\/www.greenflex.oteis.fr\/es\/wp-json\/wp\/v2\/pages\/10486\/revisions"}],"predecessor-version":[{"id":19101,"href":"https:\/\/www.greenflex.oteis.fr\/es\/wp-json\/wp\/v2\/pages\/10486\/revisions\/19101"}],"wp:featuredmedia":[{"embeddable":true,"href":"https:\/\/www.greenflex.oteis.fr\/es\/wp-json\/wp\/v2\/media\/3418"}],"wp:attachment":[{"href":"https:\/\/www.greenflex.oteis.fr\/es\/wp-json\/wp\/v2\/media?parent=10486"}],"wp:term":[{"taxonomy":"sector_type","embeddable":true,"href":"https:\/\/www.greenflex.oteis.fr\/es\/wp-json\/wp\/v2\/sector_type?post=10486"},{"taxonomy":"offer_type","embeddable":true,"href":"https:\/\/www.greenflex.oteis.fr\/es\/wp-json\/wp\/v2\/offer_type?post=10486"}],"curies":[{"name":"wp","href":"https:\/\/api.w.org\/{rel}","templated":true}]}}