{"id":10470,"date":"2022-10-17T09:32:12","date_gmt":"2022-10-17T09:32:12","guid":{"rendered":"https:\/\/www.greenflex.com\/?page_id=10470"},"modified":"2024-12-09T16:04:13","modified_gmt":"2024-12-09T16:04:13","slug":"medicion-de-emisiones-de-gei","status":"publish","type":"page","link":"https:\/\/www.greenflex.oteis.fr\/es\/medicion-de-emisiones-de-gei\/","title":{"rendered":"Medici\u00f3n de emisiones de GEI"},"content":{"rendered":"\n<section id=\"disko-component-header-simple-block_d3fba4b234d41ab7da394a93de5a8ff2\" class=\"disko-component disko-component-header-simple\">\n    <div class=\"header-content\">\n        <div class=\"bread-crumbs-container\">\n            <span><span><a href=\"https:\/\/www.greenflex.oteis.fr\/es\/\">GreenFlex<\/a><\/span><\/span>        <\/div>\n        <h1 class=\"header-title\">\n            Medir y reducir sus emisiones de gases de efecto invernadero (GEI)        <\/h1>\n        <div class=\"header-description\">\n            <p>Medir y conocer sus emisiones de GEI son los primeros pasos para elaborar un plan de transici\u00f3n hacia una econom\u00eda con bajas emisiones de carbono y aplicar medidas concretas para reducirlas. GreenFlex le apoya en estas dos \u00e1reas, siguiendo una metodolog\u00eda, teniendo en cuenta las especificidades de su negocio y su empresa<\/p>\n        <\/div>\n        <div class=\"btn-wrapper\">\n                                <\/div>\n    <\/div>\n    <\/section>\n\n\n\n<section id=\"disko-component-image-text-block_0039bffe1da629785386c922d61695b3\" class=\"disko-component disko-component-image-text dark \">\n    \n    <div class=\"image-text-wrapper\">\n        <div class=\"image-text-col\">\n              <div class=\"image-text-container \">\n                  <img width=\"1200\" height=\"799\" src=\"https:\/\/www.greenflex.oteis.fr\/wp-content\/uploads\/2021\/10\/Mesure-emissions-GES-GreenFlex.jpg\" class=\"image-text-image\" alt=\"Vista a\u00e9rea de un sitio industrial del cual se escapa humo\" decoding=\"async\" loading=\"lazy\" sizes=\"40vw,(max-width:480px) 80vw\" srcset=\"https:\/\/www.greenflex.oteis.fr\/wp-content\/uploads\/2021\/10\/Mesure-emissions-GES-GreenFlex.jpg 1200w, https:\/\/www.greenflex.oteis.fr\/wp-content\/uploads\/2021\/10\/Mesure-emissions-GES-GreenFlex-300x200.jpg 300w, https:\/\/www.greenflex.oteis.fr\/wp-content\/uploads\/2021\/10\/Mesure-emissions-GES-GreenFlex-768x511.jpg 768w, https:\/\/www.greenflex.oteis.fr\/wp-content\/uploads\/2021\/10\/Mesure-emissions-GES-GreenFlex-1024x682.jpg 1024w\" \/>              <\/div>\n        <\/div>\n        <div class=\"image-text-col text-container\">\n            <h2>Medir las emisiones de carbono, un prerrequisito para dise\u00f1ar una estrategia ambiciosa de bajas emisiones de carbono<\/h2>\n<p>Medir y reducir sus emisiones de GEI es un verdadero proyecto de empresa que implica a todas las l\u00edneas de negocio (operaciones, compras, log\u00edstica, RRHH, inmobiliario, innovaci\u00f3n, producci\u00f3n). El principio es sencillo: recoger datos representativos de la actividad de la empresa y convertirlos en emisiones de GEI para medir las emisiones directamente relacionadas con las actividades de la organizaci\u00f3n (alcance 1 y 2), as\u00ed como las anteriores y posteriores (alcance 3).<\/p>\n<p>Esta cartograf\u00eda permite identificar los principales problemas y las acciones adecuadas para reducir las emisiones:<\/p>\n<ul>\n<li><strong>Reducci\u00f3n del consumo de energ\u00eda<\/strong> (sobriedad y eficiencia energ\u00e9tica)<\/li>\n<li>Optimizaci\u00f3n de los desplazamientos de personas mediante planes de movilidad<\/li>\n<li>Aplicaci\u00f3n de la pol\u00edtica de <strong>log\u00edstica de bajo carbono<\/strong><\/li>\n<li>Aplicaci\u00f3n de pol\u00edticas de <strong>compras con bajas emisiones de carbono<\/strong><\/li>\n<li>Sustituci\u00f3n de los combustibles f\u00f3siles por <strong>energ\u00edas renovables y recuperadas<\/strong><\/li>\n<li>Gesti\u00f3n de residuos en una l\u00f3gica de <strong>econom\u00eda circular<\/strong> (reducci\u00f3n, reutilizaci\u00f3n, reciclaje, recuperaci\u00f3n)<\/li>\n<\/ul>\n            \n                    <\/div>\n    <\/div>\n\n<\/section>\n\n\n\n<section id=\"disko-component-challenge-content-block_97d565ce5a0a886a6f94e01bfe18fe77\" class=\"disko-component disko-component-challenge-content light-green\">\n    <div class=\"challenge-content-col\">\n        <h2 class=\"challenge-content-title\">\n            Los objetivos de un m\u00e9todo probado y reconocido        <\/h2>\n    <\/div>\n    <div class=\"challenge-content-col\">\n        <div class=\"challenge-content-intro\">\n            La metodolog\u00eda de GreenFlex para el c\u00e1lculo de las emisiones de GEI y la elaboraci\u00f3n de un plan de transici\u00f3n sigue el marco del GHG Protocol.        <\/div>\n        <div class=\"challenge-wysiwyg-wrapper\">\n            <p>GreenFlex aplica todas las normas aplicables a nivel local y internacional para:<\/p>\n<ol>\n<li>Concienciar a sus colaboradores sobre el cambio clim\u00e1tico<\/li>\n<li>Definir el alcance y preparar la recogida de datos<\/li>\n<li>Analizar los datos recogidos y calcular las emisiones de GEI<\/li>\n<li>Definir y promover la aplicaci\u00f3n de un plan de transici\u00f3n para reducir las emisiones de GEI<\/li>\n<\/ol>\n        <\/div>\n    <\/div>\n<\/section>\n\n\n\n\n<section id=\"disko-component-solutions-block_8367037ca0c8e8d70d1885f56975c1c7\" class=\"disko-component disko-component-solutions light-green\">\n    \n    <div class=\"solution-intro-wrapper\">\n        <div class=\"solution-intro-col\">\n            <h2 class=\"solution-title\">\n                Los beneficios de medir y reducir las emisiones de gases de efecto invernadero            <\/h2>\n        <\/div>\n        <div class=\"solution-intro-col\">\n            <div class=\"solution-intro\">\n                Se puede dar un paso m\u00e1s integrando la cuesti\u00f3n de los gases de efecto invernadero en la estrategia de la empresa, fijando objetivos respetuosos con el clima o invirtiendo o desarrollando proyectos de captura de carbono.            <\/div>\n        <\/div>\n    <\/div>\n    \n    <div class=\"solution-visual-wrapper\">\n        <div class=\" solution-visual-slider\">\n            <div class=\"swiper-wrapper\">\n                <div class=\"swiper-slide solution-visual-slide\">\n                    <div class=\"solution-visual-slide-img-container\">\n                         <img width=\"1280\" height=\"853\" src=\"https:\/\/www.greenflex.oteis.fr\/wp-content\/uploads\/2021\/10\/Mesure-analyse-emission-carbone-GreenFlex.jpg\" class=\"news-slide-img\" alt=\"Mujer asiatica sentada adelante una ventana\" decoding=\"async\" loading=\"lazy\" sizes=\"33vw,(max-width:480px) 80vw\" srcset=\"https:\/\/www.greenflex.oteis.fr\/wp-content\/uploads\/2021\/10\/Mesure-analyse-emission-carbone-GreenFlex.jpg 1280w, https:\/\/www.greenflex.oteis.fr\/wp-content\/uploads\/2021\/10\/Mesure-analyse-emission-carbone-GreenFlex-300x200.jpg 300w, https:\/\/www.greenflex.oteis.fr\/wp-content\/uploads\/2021\/10\/Mesure-analyse-emission-carbone-GreenFlex-768x512.jpg 768w, https:\/\/www.greenflex.oteis.fr\/wp-content\/uploads\/2021\/10\/Mesure-analyse-emission-carbone-GreenFlex-1024x682.jpg 1024w\" \/>                    <\/div>\n                    \n                <\/div>\n                            <\/div>\n            <div class=\"solution-visual-slider-pagination\"><\/div>\n        <\/div>\n    <\/div>\n    \n    <div class=\"solution-list-blocks\">\n                               <div class=\"solution-list\">\n                <h3 class=\"solution-list-title\">\n                    La realizaci\u00f3n de una evaluaci\u00f3n de las emisiones de gases de efecto invernadero permite:                <\/h3>\n                <div class=\"solution-list-content\">\n                    <ul>\n<li>satisfacer las exigencias crecientes de sus clientes<\/li>\n<li>ganar nuevos mercados<\/li>\n<li>mejorar los resultados no financieros de su organizaci\u00f3n<\/li>\n<li>ayuda para obtener una certificaci\u00f3n existente (ISO 14001, B-Corp)<\/li>\n<\/ul>\n                <\/div>\n            <\/div>\n                   <div class=\"solution-list\">\n                <h3 class=\"solution-list-title\">\n                    La aplicaci\u00f3n concreta de las acciones de reducci\u00f3n permite:                <\/h3>\n                <div class=\"solution-list-content\">\n                    <ul>\n<li>reducir su dependencia de los combustibles f\u00f3siles<\/li>\n<li>implicar a sus proveedores en la reducci\u00f3n de sus emisiones de GEI<\/li>\n<li>implicar a los empleados en un proceso significativo<\/li>\n<li>reducir su exposici\u00f3n al riesgo, al mismo tiempo que aumenta su competitividad<\/li>\n<\/ul>\n                <\/div>\n            <\/div>\n           <\/div>\n    \n    <div class=\"solution-visual-highlight\">\n        <div class=\"solution-visual-highlight-container\">\n             <img width=\"1266\" height=\"678\" src=\"https:\/\/www.greenflex.oteis.fr\/wp-content\/uploads\/2022\/10\/climate-fresk.png\" class=\"attachment- size-\" alt=\"\" decoding=\"async\" loading=\"lazy\" sizes=\"80vw\" srcset=\"https:\/\/www.greenflex.oteis.fr\/wp-content\/uploads\/2022\/10\/climate-fresk.png 1266w, https:\/\/www.greenflex.oteis.fr\/wp-content\/uploads\/2022\/10\/climate-fresk-480x257.png 480w, https:\/\/www.greenflex.oteis.fr\/wp-content\/uploads\/2022\/10\/climate-fresk-1024x548.png 1024w, https:\/\/www.greenflex.oteis.fr\/wp-content\/uploads\/2022\/10\/climate-fresk-768x411.png 768w\" \/>        <\/div>\n        <div class=\"solution-visual-description-wrapper\">\n                            <h3 class=\"solution-visual-title\">\n                    GreenFlex: su compa\u00f1ero ideal para reducir sus emisiones de GEI                <\/h3>\n                                        <div class=\"solution-visual-description\">\n                    <p>Socio del Fresque du Climat, GreenFlex tiene una experiencia reconocida en la medici\u00f3n y reducci\u00f3n de las emisiones de CO\u2082 y otros GEI. Cada una de sus estrategias de carbono se adapta a cada parte interesada para comprender todas las consecuencias.<\/p> <br \/>\r\n<p>Los equipos de GreenFlex son capaces de combinar la estrategia y las operaciones para alcanzar la aplicaci\u00f3n concreta de las ambiciones definidas. Los consultores ofrecen una mirada cr\u00edtica a lo largo de la misi\u00f3n, basandose en su experiencia, conocimientos y valores. Son capaces de entender las cuestiones sectoriales (ingenieros agr\u00f3nomos que trabajan en todos los impactos de la cadena de valor alimentaria y en los ecosistemas naturales y cultivados, equipos dedicados a la movilidad y el transporte, expertos en metodolog\u00edas de econom\u00eda circular).<\/p>                <\/div>\n                    <\/div>\n    <\/div>\n    \n<\/section>\n\n\n\n<section id=\"disko-component-banner-block_fa6981d134d484cf20413f8cd0f15ac9\" class=\"disko-component disko-component-banner section-banner green\">\n    <div class=\"line-container\">\n        <svg width=\"100%\" height=\"100%\" viewBox=\"0 0 970 472\" aria-hidden=\"true\" preserveAspectRatio=\"xMinYMin meet\" xmlns=\"http:\/\/www.w3.org\/2000\/svg\"><path d=\"M410 471c-85 0-57.034-.598-123.517-.299S202 443 201.627 390.491V246.059c0-60.246-1.335-120.492-97.47-120.492-96.134 0-102.81 53.674-102.81 107.347 0 53.674 6.676 99.68 102.81 99.68 20.488 0 704.015.407 722.843.407 97 0 140-38 140.003-92.948 4.006-13.145 0-64.052 0-96.914C967.001 112.38 967 64.667 967 0\" stroke=\"#17FA73\" fill=\"none\" fill-rule=\"evenodd\"\/><\/svg>\n    <\/div>\n    <div class=\"banner-container\">\n        <div class=\"banner-title-container\">\n            <div class=\"banner-hover-title\">Costruye su estrategia<br \/>\r\nbaja emisiones de carbono<\/div>\n            <div class=\"cursor\" data-bg=\"\"><\/div>\n        <\/div>\n        <p>\n            Media su emiciones de carbono        <\/p>\n                    <a href=\"https:\/\/www.greenflex.oteis.fr\/es\/contacto\/\" class=\"btn btn-white\">\n                <div class=\"btn-ico\">\n                    <svg aria-hidden=\"true\" width=\"18\" height=\"15\" xmlns=\"http:\/\/www.w3.org\/2000\/svg\" xmlns:xlink=\"http:\/\/www.w3.org\/1999\/xlink\"><defs><path d=\"M11.455 2.025c-.833.73-.972 1.483-.42 2.255l4.032 4.023H.854a.863.863 0 00-.848.875c0 .483.38.876.848.876h14.213l-3.752 4.026c-.8.88-.761 1.639.114 2.275l6.332-6.557a.859.859 0 00.245-.62.86.86 0 00-.245-.62l-6.306-6.533z\" id=\"a\"\/><\/defs><use class=\"arrow-color\" fill=\"#00A880\" transform=\"rotate(-20 6.17 8.69)\" xlink:href=\"#a\" fill-rule=\"evenodd\"\/><\/svg>\n                <\/div>\n               Cont\u00e1ctanos            <\/a>\n            <\/div>\n<\/section>\n","protected":false},"excerpt":{"rendered":"","protected":false},"author":3,"featured_media":3533,"parent":0,"menu_order":0,"comment_status":"closed","ping_status":"closed","template":"","meta":{"content-type":"","inline_featured_image":false},"sector_type":[],"offer_type":[],"acf":[],"yoast_head":"<!-- This site is optimized with the Yoast SEO Premium plugin v21.8 (Yoast SEO v21.8.1) - https:\/\/yoast.com\/wordpress\/plugins\/seo\/ -->\n<title>Mide su emisiones de CO\u2082 - Evaluaci\u00f3n de sus emisiones de GEI<\/title>\n<meta name=\"description\" content=\"GreenFlex le ayuda en la medici\u00f3n de sus emisiones de gases de efecto invernadero, primera fase de una estrategia de reducci\u00f3n.\" \/>\n<meta name=\"robots\" content=\"index, follow, max-snippet:-1, max-image-preview:large, max-video-preview:-1\" \/>\n<link rel=\"canonical\" href=\"https:\/\/www.greenflex.oteis.fr\/es\/medicion-de-emisiones-de-gei\/\" \/>\n<meta property=\"og:locale\" content=\"es_ES\" \/>\n<meta property=\"og:type\" content=\"article\" \/>\n<meta property=\"og:title\" content=\"Medici\u00f3n de emisiones de GEI\" \/>\n<meta property=\"og:description\" content=\"GreenFlex le ayuda en la medici\u00f3n de sus emisiones de gases de efecto invernadero, primera fase de una estrategia de reducci\u00f3n.\" \/>\n<meta property=\"og:url\" content=\"https:\/\/www.greenflex.oteis.fr\/es\/medicion-de-emisiones-de-gei\/\" \/>\n<meta property=\"og:site_name\" content=\"GreenFlex\" \/>\n<meta property=\"article:modified_time\" content=\"2024-12-09T16:04:13+00:00\" \/>\n<meta property=\"og:image\" content=\"https:\/\/greenflex-origin.greenshift.eu\/wp-content\/uploads\/2021\/10\/Mesure-emissions-GES-GreenFlex.jpg\" \/>\n\t<meta property=\"og:image:width\" content=\"1200\" \/>\n\t<meta property=\"og:image:height\" content=\"799\" \/>\n\t<meta property=\"og:image:type\" content=\"image\/jpeg\" \/>\n<meta name=\"twitter:card\" content=\"summary_large_image\" \/>\n<meta name=\"twitter:site\" content=\"@GreenFlex\" \/>\n<meta name=\"twitter:label1\" content=\"Tiempo de lectura\" \/>\n\t<meta name=\"twitter:data1\" content=\"1 minuto\" \/>\n<script type=\"application\/ld+json\" class=\"yoast-schema-graph\">{\"@context\":\"https:\/\/schema.org\",\"@graph\":[{\"@type\":\"WebPage\",\"@id\":\"https:\/\/www.greenflex.oteis.fr\/es\/medicion-de-emisiones-de-gei\/\",\"url\":\"https:\/\/www.greenflex.oteis.fr\/es\/medicion-de-emisiones-de-gei\/\",\"name\":\"Mide su emisiones de CO\u2082 - Evaluaci\u00f3n de sus emisiones de GEI\",\"isPartOf\":{\"@id\":\"https:\/\/www.greenflex.oteis.fr\/es\/#website\"},\"datePublished\":\"2022-10-17T09:32:12+00:00\",\"dateModified\":\"2024-12-09T16:04:13+00:00\",\"description\":\"GreenFlex le ayuda en la medici\u00f3n de sus emisiones de gases de efecto invernadero, primera fase de una estrategia de reducci\u00f3n.\",\"breadcrumb\":{\"@id\":\"https:\/\/www.greenflex.oteis.fr\/es\/medicion-de-emisiones-de-gei\/#breadcrumb\"},\"inLanguage\":\"es\",\"potentialAction\":[{\"@type\":\"ReadAction\",\"target\":[\"https:\/\/www.greenflex.oteis.fr\/es\/medicion-de-emisiones-de-gei\/\"]}]},{\"@type\":\"BreadcrumbList\",\"@id\":\"https:\/\/www.greenflex.oteis.fr\/es\/medicion-de-emisiones-de-gei\/#breadcrumb\",\"itemListElement\":[{\"@type\":\"ListItem\",\"position\":1,\"name\":\"GreenFlex\",\"item\":\"https:\/\/www.greenflex.oteis.fr\/es\/\"},{\"@type\":\"ListItem\",\"position\":2,\"name\":\"Medici\u00f3n de emisiones de GEI\"}]},{\"@type\":\"WebSite\",\"@id\":\"https:\/\/www.greenflex.oteis.fr\/es\/#website\",\"url\":\"https:\/\/www.greenflex.oteis.fr\/es\/\",\"name\":\"GreenFlex\",\"description\":\"Changeons de trajectoire\",\"potentialAction\":[{\"@type\":\"SearchAction\",\"target\":{\"@type\":\"EntryPoint\",\"urlTemplate\":\"https:\/\/www.greenflex.oteis.fr\/es\/?s={search_term_string}\"},\"query-input\":\"required name=search_term_string\"}],\"inLanguage\":\"es\"}]}<\/script>\n<!-- \/ Yoast SEO Premium plugin. -->","yoast_head_json":{"title":"Mide su emisiones de CO\u2082 - Evaluaci\u00f3n de sus emisiones de GEI","description":"GreenFlex le ayuda en la medici\u00f3n de sus emisiones de gases de efecto invernadero, primera fase de una estrategia de reducci\u00f3n.","robots":{"index":"index","follow":"follow","max-snippet":"max-snippet:-1","max-image-preview":"max-image-preview:large","max-video-preview":"max-video-preview:-1"},"canonical":"https:\/\/www.greenflex.oteis.fr\/es\/medicion-de-emisiones-de-gei\/","og_locale":"es_ES","og_type":"article","og_title":"Medici\u00f3n de emisiones de GEI","og_description":"GreenFlex le ayuda en la medici\u00f3n de sus emisiones de gases de efecto invernadero, primera fase de una estrategia de reducci\u00f3n.","og_url":"https:\/\/www.greenflex.oteis.fr\/es\/medicion-de-emisiones-de-gei\/","og_site_name":"GreenFlex","article_modified_time":"2024-12-09T16:04:13+00:00","og_image":[{"width":1200,"height":799,"url":"https:\/\/greenflex-origin.greenshift.eu\/wp-content\/uploads\/2021\/10\/Mesure-emissions-GES-GreenFlex.jpg","type":"image\/jpeg"}],"twitter_card":"summary_large_image","twitter_site":"@GreenFlex","twitter_misc":{"Tiempo de lectura":"1 minuto"},"schema":{"@context":"https:\/\/schema.org","@graph":[{"@type":"WebPage","@id":"https:\/\/www.greenflex.oteis.fr\/es\/medicion-de-emisiones-de-gei\/","url":"https:\/\/www.greenflex.oteis.fr\/es\/medicion-de-emisiones-de-gei\/","name":"Mide su emisiones de CO\u2082 - Evaluaci\u00f3n de sus emisiones de GEI","isPartOf":{"@id":"https:\/\/www.greenflex.oteis.fr\/es\/#website"},"datePublished":"2022-10-17T09:32:12+00:00","dateModified":"2024-12-09T16:04:13+00:00","description":"GreenFlex le ayuda en la medici\u00f3n de sus emisiones de gases de efecto invernadero, primera fase de una estrategia de reducci\u00f3n.","breadcrumb":{"@id":"https:\/\/www.greenflex.oteis.fr\/es\/medicion-de-emisiones-de-gei\/#breadcrumb"},"inLanguage":"es","potentialAction":[{"@type":"ReadAction","target":["https:\/\/www.greenflex.oteis.fr\/es\/medicion-de-emisiones-de-gei\/"]}]},{"@type":"BreadcrumbList","@id":"https:\/\/www.greenflex.oteis.fr\/es\/medicion-de-emisiones-de-gei\/#breadcrumb","itemListElement":[{"@type":"ListItem","position":1,"name":"GreenFlex","item":"https:\/\/www.greenflex.oteis.fr\/es\/"},{"@type":"ListItem","position":2,"name":"Medici\u00f3n de emisiones de GEI"}]},{"@type":"WebSite","@id":"https:\/\/www.greenflex.oteis.fr\/es\/#website","url":"https:\/\/www.greenflex.oteis.fr\/es\/","name":"GreenFlex","description":"Changeons de trajectoire","potentialAction":[{"@type":"SearchAction","target":{"@type":"EntryPoint","urlTemplate":"https:\/\/www.greenflex.oteis.fr\/es\/?s={search_term_string}"},"query-input":"required name=search_term_string"}],"inLanguage":"es"}]}},"_links":{"self":[{"href":"https:\/\/www.greenflex.oteis.fr\/es\/wp-json\/wp\/v2\/pages\/10470"}],"collection":[{"href":"https:\/\/www.greenflex.oteis.fr\/es\/wp-json\/wp\/v2\/pages"}],"about":[{"href":"https:\/\/www.greenflex.oteis.fr\/es\/wp-json\/wp\/v2\/types\/page"}],"author":[{"embeddable":true,"href":"https:\/\/www.greenflex.oteis.fr\/es\/wp-json\/wp\/v2\/users\/3"}],"replies":[{"embeddable":true,"href":"https:\/\/www.greenflex.oteis.fr\/es\/wp-json\/wp\/v2\/comments?post=10470"}],"version-history":[{"count":7,"href":"https:\/\/www.greenflex.oteis.fr\/es\/wp-json\/wp\/v2\/pages\/10470\/revisions"}],"predecessor-version":[{"id":19092,"href":"https:\/\/www.greenflex.oteis.fr\/es\/wp-json\/wp\/v2\/pages\/10470\/revisions\/19092"}],"wp:featuredmedia":[{"embeddable":true,"href":"https:\/\/www.greenflex.oteis.fr\/es\/wp-json\/wp\/v2\/media\/3533"}],"wp:attachment":[{"href":"https:\/\/www.greenflex.oteis.fr\/es\/wp-json\/wp\/v2\/media?parent=10470"}],"wp:term":[{"taxonomy":"sector_type","embeddable":true,"href":"https:\/\/www.greenflex.oteis.fr\/es\/wp-json\/wp\/v2\/sector_type?post=10470"},{"taxonomy":"offer_type","embeddable":true,"href":"https:\/\/www.greenflex.oteis.fr\/es\/wp-json\/wp\/v2\/offer_type?post=10470"}],"curies":[{"name":"wp","href":"https:\/\/api.w.org\/{rel}","templated":true}]}}