{"id":10112,"date":"2022-08-03T15:51:52","date_gmt":"2022-08-03T15:51:52","guid":{"rendered":"https:\/\/www.greenflex.com\/?page_id=10112"},"modified":"2024-12-09T16:00:04","modified_gmt":"2024-12-09T16:00:04","slug":"fit-for-55-propuestas-clave","status":"publish","type":"page","link":"https:\/\/www.greenflex.oteis.fr\/es\/fit-for-55-propuestas-clave\/","title":{"rendered":"Fit For 55 : propuestas clave"},"content":{"rendered":"\n<section id=\"disko-component-header-simple-block_6025acb6aeff97a9285532836b21f9b4\" class=\"disko-component disko-component-header-simple\">\n    <div class=\"header-content\">\n        <div class=\"bread-crumbs-container\">\n            <span><span><a href=\"https:\/\/www.greenflex.oteis.fr\/es\/\">GreenFlex<\/a><\/span><\/span>        <\/div>\n        <h1 class=\"header-title\">\n            Fit for 55: 8 propuestas clave de la UE para lograr la descarbonizaci\u00f3n        <\/h1>\n        <div class=\"header-description\">\n            <p>La Uni\u00f3n Europea est\u00e1 pasando de las palabras a la acci\u00f3n. Las propuestas del \u00abpaquete clim\u00e1tico\u00bb se est\u00e1n debatiendo en el Parlamento Europeo desde hace varias semanas. Es un debate que hay que ir siguiendo, para anticiparse a los numerosos cambios que van a tener que implementar las empresas europeas<\/p>\n        <\/div>\n        <div class=\"btn-wrapper\">\n                                <\/div>\n    <\/div>\n    <\/section>\n\n\n\n<section id=\"disko-component-wysiwyg-block_8d7541d64485e29ef3432840b73249fc\" class=\"disko-component disko-component-wysiwyg light\">\n    <div class=\"wysiwyg-wrapper\">\n        <h2>Fit for 55: \u00bfun mont\u00f3n de medidas para qu\u00e9?<\/h2>\n<p>La lucha contra el calentamiento global sacudi\u00f3 el Parlamento Europeo con la aprobaci\u00f3n de la prohibici\u00f3n de la venta de nuevos veh\u00edculos de combusti\u00f3n interna a partir de 2035. Por otro lado, no lograron llegar a un acuerdo sobre la revisi\u00f3n del mercado europeo del carbono, algunos criticando el proyecto por su falta de ambici\u00f3n, otros por su severidad.<\/p>\n<p>Estas medidas clave para acelerar la descarbonizaci\u00f3n de nuestro continente forman parte del paquete legislativo \u00abFit for 55\u00bb, propuesto por la Comisi\u00f3n Europea en julio de 2021, el cual busca especificar pol\u00edticas y acciones concretas para <strong>reducir nuestras emisiones de gases de efecto invernadero (GEI) en un 55% para 2030<\/strong>, en comparaci\u00f3n con los niveles de 1990. Se trata de un primer gran paso <strong>hacia la neutralidad del carbono para 2050<\/strong>, tal y como se pide en el Pacto Verde europeo (tambi\u00e9n conocido como Green Deal).<\/p>\n    <\/div>\n<\/section>\n\n\n\n<section id=\"disko-component-image-text-block_af993a8bf98712d53f35ee428995c483\" class=\"disko-component disko-component-image-text dark \">\n    \n    <div class=\"image-text-wrapper\">\n        <div class=\"image-text-col\">\n              <div class=\"image-text-container \">\n                  <img width=\"853\" height=\"853\" src=\"https:\/\/www.greenflex.oteis.fr\/wp-content\/uploads\/2022\/06\/fit-55-decarbonation-climat-propositions-greenflex.jpg\" class=\"image-text-image\" alt=\"Un hombre negro habla a una estrada junto a la bandiera europea vicino a una mujer blanca quien escribe\" decoding=\"async\" loading=\"lazy\" sizes=\"40vw,(max-width:480px) 80vw\" srcset=\"https:\/\/www.greenflex.oteis.fr\/wp-content\/uploads\/2022\/06\/fit-55-decarbonation-climat-propositions-greenflex.jpg 853w, https:\/\/www.greenflex.oteis.fr\/wp-content\/uploads\/2022\/06\/fit-55-decarbonation-climat-propositions-greenflex-480x480.jpg 480w, https:\/\/www.greenflex.oteis.fr\/wp-content\/uploads\/2022\/06\/fit-55-decarbonation-climat-propositions-greenflex-375x375.jpg 375w, https:\/\/www.greenflex.oteis.fr\/wp-content\/uploads\/2022\/06\/fit-55-decarbonation-climat-propositions-greenflex-768x768.jpg 768w\" \/>              <\/div>\n        <\/div>\n        <div class=\"image-text-col text-container\">\n            <p>Para traducir esta ambici\u00f3n colectiva en una v\u00eda concreta, y en una obligaci\u00f3n legal, <strong>las propuestas de \u00abFit for 55\u00bb revisan los instrumentos existentes y\/o crean otros nuevos<\/strong>, que pueden ser clasificados en tres tipos:<\/p>\n<ul>\n<li><strong>Revisi\u00f3n del mercado del carbono<\/strong>; la Comisi\u00f3n Europea, sigue bas\u00e1ndose en el principio de \u00abquien contamina, paga\u00bb, desea actualizar y ampliar los mecanismos que ponen precio al carbono y organizar un intercambio de cuotas entre las industrias m\u00e1s y menos contaminantes;<\/li>\n<\/ul>\n<ul>\n<li><strong>Mayor apoyo financiero<\/strong>; Se prev\u00e9 la creaci\u00f3n de nuevos fondos, y el refuerzo de los presupuestos existentes, para apoyar proyectos innovadores, acompa\u00f1ar la transici\u00f3n de los actores y garantizar la equidad para los hogares de bajos ingresos y las microempresas vulnerables;<\/li>\n<\/ul>\n<ul>\n<li><strong>Normativa sectorial complementaria<\/strong>; Est\u00e1n previstas otras medidas espec\u00edficas para reducir el consumo de energ\u00eda y las emisiones de gases de efecto invernadero en muchos sectores, como los edificios, la industria y el transporte.<\/li>\n<\/ul>\n<p>As\u00ed, el paso de las palabras a los hechos anuncia <strong>muchos cambios para todos los actores de la Uni\u00f3n Europea, tanto p\u00fablicos como privados, y en todos los sectores<\/strong>.<\/p>\n            \n                    <\/div>\n    <\/div>\n\n<\/section>\n\n\n\n<section id=\"disko-component-wysiwyg-block_0932a348a1e65b664343984459f27777\" class=\"disko-component disko-component-wysiwyg light\">\n    <div class=\"wysiwyg-wrapper\">\n        <h2>Existen 8 directivas clave para las empresas<\/h2>\n<ol>\n<li><strong>Un nuevo mercado del carbono para el sector del transporte y la construcci\u00f3n.<\/strong><\/li>\n<\/ol>\n<p>El mercado europeo del carbono, creado en 2005, pretende que las industrias que m\u00e1s emiten (generaci\u00f3n de electricidad, producci\u00f3n de calor, plantas industriales de alto consumo energ\u00e9tico como el acero y el cemento) paguen por sus emisiones. En el marco de \u00abFit for 55\u00bb, el mecanismo <strong>se ampliar\u00eda al transporte por carretera y a la construcci\u00f3n, con la creaci\u00f3n de un nuevo mercado<\/strong>.<\/p>\n<p>En la pr\u00e1ctica, los derechos de emisi\u00f3n ser\u00edan pagados por los proveedores de combustible, gas y petr\u00f3leo. <strong>Para no perjudicar a los hogares<\/strong>, la medida se aplicar\u00eda inicialmente s\u00f3lo a los veh\u00edculos pesados y a los edificios comerciales.<\/p>\n<ol start=\"2\">\n<li><strong>Introducci\u00f3n de un impuesto sobre el carbono en las fronteras<\/strong><\/li>\n<\/ol>\n<p>La Comisi\u00f3n Europea tambi\u00e9n quiere reformar el actual mercado del carbono para <strong>contrarrestar la competencia desleal<\/strong> de las empresas de los pa\u00edses que no fijan el precio del carbono. Por el momento, se supone que los derechos de emisi\u00f3n gratuitos evitan estas \u00abfugas de carbono\u00bb. Estos que son distribuidos entre las empresas europeas, impiden la deslocalizaci\u00f3n a pa\u00edses con normas medioambientales menos estrictas. Sin embargo, una distribuci\u00f3n excesiva debilita la eficacia del mercado al mantener bajo el precio de la tonelada de carbono mientras contin\u00faan las emisiones.<\/p>\n<p>El nuevo paquete clim\u00e1tico propone <strong>eliminar progresivamente estos derechos gratuitos e imponer un recargo a los productos importados<\/strong> en la UE, en funci\u00f3n de las emisiones de CO2 generadas. Esta revisi\u00f3n responde al deseo de aplicar el mismo precio del carbono a todos, y conlleva la esperanza de empujar a otras regiones del mundo a ecologizar tambi\u00e9n sus procesos de producci\u00f3n.<\/p>\n<ol start=\"3\">\n<li><strong>Reforzar el fondo de innovaci\u00f3n<\/strong><\/li>\n<\/ol>\n<p>El Fondo de Innovaci\u00f3n existe desde 2019 para apoyar proyectos de demostraci\u00f3n de tecnolog\u00edas, procesos o productos innovadores que est\u00e9n suficientemente maduros y tengan un <strong>potencial significativo de reducci\u00f3n de las emisiones de GEI<\/strong>. Para desplegar el paquete \u00abFit for 55\u00bb, debe reforzarse <strong>este apoyo financiero<\/strong>, en particular <strong>el programa LIFE<\/strong>, que abarca cuestiones relacionadas con la naturaleza y la biodiversidad, la econom\u00eda circular y la calidad de vida, la mitigaci\u00f3n del cambio clim\u00e1tico y la adaptaci\u00f3n al mismo, y la transici\u00f3n a la energ\u00eda limpia.<\/p>\n<ol start=\"4\">\n<li><strong>Preponderancia de la eficiencia energ\u00e9tica<\/strong><\/li>\n<\/ol>\n<p>La Comisi\u00f3n Europea quiere reforzar la Directiva de Eficiencia Energ\u00e9tica para que contribuya de la mejor manera posible a la consecuci\u00f3n del mayor objetivo clim\u00e1tico de reducir al menos un 55% las emisiones de gases de efecto invernadero para 2030. El \u00faltimo proyecto, publicado en 2012, se basaba en un objetivo de reducci\u00f3n del 40%. Los Estados miembros deben <strong>definir las pol\u00edticas y medidas nacionales para contribuir a este objetivo com\u00fan, as\u00ed como el desglose por sectores.<\/strong> Los transportes, los edificios y las tecnolog\u00edas de la informaci\u00f3n y la comunicaci\u00f3n son los principales objetivos.<\/p>\n<p>El texto tambi\u00e9n propone imponer un <strong>sistema de gesti\u00f3n energ\u00e9tica<\/strong> certificado a las empresas cuyo consumo medio anual de energ\u00eda supere los 100 terajulios (TJ) en los \u00faltimos tres a\u00f1os. Las empresas que superen las 10 TJ y no dispongan de un sistema de gesti\u00f3n energ\u00e9tica tendr\u00e1n que realizar una <strong>auditor\u00eda energ\u00e9tica<\/strong>. Las empresas con un contrato de rendimiento energ\u00e9tico (EPC) estar\u00edan exentas.<\/p>\n<ol start=\"5\">\n<li><strong>Aumento del rendimiento energ\u00e9tico en los edificios<\/strong><\/li>\n<\/ol>\n<p>Tambi\u00e9n est\u00e1 prevista una refundici\u00f3n de la Directiva de Eficiencia Energ\u00e9tica de los Edificios, con el objetivo de reducir las emisiones de gases de efecto invernadero y el consumo final de energ\u00eda de los edificios para 2030, y luego lograr la neutralidad clim\u00e1tica en toda la UE para 2050. Se otorga un papel central a la <strong>renovaci\u00f3n de los edificios<\/strong>. La estrategia de la \u00abola de renovaci\u00f3n\u00bb, fijada en octubre de 2020, ya establec\u00eda la intenci\u00f3n de al menos <strong>duplicar la tasa anual de renovaci\u00f3n energ\u00e9tica de aqu\u00ed a 2030, y de estimular la renovaci\u00f3n profunda.<\/strong><\/p>\n<p>La revisi\u00f3n de la Directiva propone que cada Estado miembro tenga un plan para acelerarlas. Tambi\u00e9n se establecer\u00edan unas <strong>normas m\u00ednimas de rendimiento energ\u00e9tico que exigir\u00edan<\/strong>, por ejemplo, la renovaci\u00f3n de los edificios menos eficientes (clase G o F). Por \u00faltimo, las autoridades europeas est\u00e1n trabajando en <strong>la relaci\u00f3n con el r\u00e9gimen de comercio de derechos de emisi\u00f3n y el fondo social del clima.<\/strong><\/p>\n<ol start=\"6\">\n<li><strong>Evoluci\u00f3n de la fiscalidad de la energ\u00eda<\/strong><\/li>\n<\/ol>\n<p>La Directiva sobre fiscalidad de la energ\u00eda, revisada por \u00faltima vez en 2003, define <strong>la fiscalidad de los productos energ\u00e9ticos y la electricidad<\/strong>, es decir, qu\u00e9 productos y usos energ\u00e9ticos est\u00e1n sujetos a impuestos, los umbrales m\u00ednimos de imposici\u00f3n aplicables y las exenciones.<\/p>\n<p>La propuesta de remodelaci\u00f3n pretende fomentar el cambio hacia una energ\u00eda m\u00e1s limpia y una industria m\u00e1s sostenible. <strong>La fiscalidad se basar\u00eda en el contenido energ\u00e9tico y el rendimiento medioambiental, en lugar de los vol\u00famenes.<\/strong> Tambi\u00e9n se eliminar\u00edan las exenciones para determinados productos y la calefacci\u00f3n dom\u00e9stica. Est\u00e1 previsto apoyar la prevenci\u00f3n de la pobreza energ\u00e9tica en los hogares vulnerables.<\/p>\n<ol start=\"7\">\n<li><strong>Despliegue de estaciones de carga el\u00e9ctrica y de hidr\u00f3geno<\/strong><\/li>\n<\/ol>\n<p>El proyecto de reglamento sobre la infraestructura de combustibles alternativos tiene por objeto aumentar la capacidad de recarga en todos los Estados miembros, en respuesta a la creciente adopci\u00f3n de veh\u00edculos de emisiones cero. Prev\u00e9 <strong>el despliegue de puntos de recarga para veh\u00edculos el\u00e9ctricos<\/strong>, de modo que la distancia entre dos puntos de recarga no supere los 60 km a finales de 2025. Adem\u00e1s, para 2030, <strong>las estaciones de recarga de hidr\u00f3geno<\/strong> deber\u00e1n estar disponibles cada 150 km.<\/p>\n<p>La otra tem\u00e1tica de este texto es <strong>la informaci\u00f3n de los usuarios<\/strong>, que deben tener acceso a datos est\u00e1ticos y din\u00e1micos, como la ubicaci\u00f3n de los puntos de recarga o repostaje, su disponibilidad, el tipo de conector, la corriente, el precio, etc.<\/p>\n<ol start=\"8\">\n<li><strong>Dise\u00f1o y etiquetado ecol\u00f3gico de productos relacionados con la energ\u00eda<\/strong><\/li>\n<\/ol>\n<p>La Comisi\u00f3n Europea est\u00e1 estudiando una revisi\u00f3n de los requisitos de dise\u00f1o ecol\u00f3gico para los acondicionadores de aire, las bombas de calor aire-aire, los ventiladores de confort y las bombas de agua. El objetivo es reforzar los requisitos de<strong> rendimiento energ\u00e9tico m\u00ednimo, eficiencia de los recursos y etiquetado energ\u00e9tico.<\/strong><\/p>\n    <\/div>\n<\/section>\n\n\n\n<section id=\"disko-component-image-text-block_418fc35402f388eab0c30c094e693816\" class=\"disko-component disko-component-image-text dark reversed\">\n    \n    <div class=\"image-text-wrapper\">\n        <div class=\"image-text-col\">\n              <div class=\"image-text-container \">\n                  <img width=\"1280\" height=\"853\" src=\"https:\/\/www.greenflex.oteis.fr\/wp-content\/uploads\/2022\/08\/fit-55-descarbonizacion-empresas-greenflex.jpg\" class=\"image-text-image\" alt=\"\" decoding=\"async\" loading=\"lazy\" sizes=\"40vw,(max-width:480px) 80vw\" srcset=\"https:\/\/www.greenflex.oteis.fr\/wp-content\/uploads\/2022\/08\/fit-55-descarbonizacion-empresas-greenflex.jpg 1280w, https:\/\/www.greenflex.oteis.fr\/wp-content\/uploads\/2022\/08\/fit-55-descarbonizacion-empresas-greenflex-480x320.jpg 480w, https:\/\/www.greenflex.oteis.fr\/wp-content\/uploads\/2022\/08\/fit-55-descarbonizacion-empresas-greenflex-1024x682.jpg 1024w, https:\/\/www.greenflex.oteis.fr\/wp-content\/uploads\/2022\/08\/fit-55-descarbonizacion-empresas-greenflex-768x512.jpg 768w\" \/>              <\/div>\n        <\/div>\n        <div class=\"image-text-col text-container\">\n            <h2>Fit for 55: novedades que deben anticipar las empresas<\/h2>\n<p>Los debates sobre los textos han comenzado a intensificarse en el Parlamento Europeo. El mi\u00e9rcoles 8 de junio, los eurodiputados paralizaron las reformas en torno al mercado del carbono, con una nueva votaci\u00f3n prevista para el 22 de junio. Las propuestas sobre eficiencia energ\u00e9tica y renovaci\u00f3n se debatir\u00e1n en septiembre. <strong>La ambici\u00f3n final de este \u00abpaquete clim\u00e1tico\u00bb es decisiva para la credibilidad de la Uni\u00f3n Europea en la lucha contra el calentamiento global.<\/strong><\/p>\n<p>Evidentemente, los agentes econ\u00f3micos deben seguir estos debates y es de esperar que desemboquen en un acuerdo hist\u00f3rico. Sin embargo, <strong>la eficiencia energ\u00e9tica, la sobriedad y una trayectoria baja en carbono se hacen indispensables en todo caso, y a las empresas les interesa prepararse. Pasar de los anuncios de \u00abneutralidad del carbono en 2050\u00bb a 2030 o incluso antes requiere esfuerzos significativos y necesarios por su parte, empezando ahora.<\/strong><\/p>\n            \n                    <\/div>\n    <\/div>\n\n<\/section>\n","protected":false},"excerpt":{"rendered":"","protected":false},"author":3,"featured_media":10121,"parent":0,"menu_order":0,"comment_status":"closed","ping_status":"closed","template":"","meta":{"content-type":"","inline_featured_image":false},"sector_type":[],"offer_type":[],"acf":[],"yoast_head":"<!-- This site is optimized with the Yoast SEO Premium plugin v21.8 (Yoast SEO v21.8.1) - https:\/\/yoast.com\/wordpress\/plugins\/seo\/ -->\n<title>Fit for 55: 8 propuestas clave para descarbonizar<\/title>\n<meta name=\"description\" content=\"\u00bfCuales son las directivas para descarbonizar la Uni\u00f3n Europea que se aplicar\u00e1n a las empresas? \u00bfY c\u00f3mo anticiparlas?\" \/>\n<meta name=\"robots\" content=\"index, follow, max-snippet:-1, max-image-preview:large, max-video-preview:-1\" \/>\n<link rel=\"canonical\" href=\"https:\/\/www.greenflex.oteis.fr\/es\/fit-for-55-propuestas-clave\/\" \/>\n<meta property=\"og:locale\" content=\"es_ES\" \/>\n<meta property=\"og:type\" content=\"article\" \/>\n<meta property=\"og:title\" content=\"Fit For 55 : propuestas clave\" \/>\n<meta property=\"og:description\" content=\"\u00bfCuales son las directivas para descarbonizar la Uni\u00f3n Europea que se aplicar\u00e1n a las empresas? \u00bfY c\u00f3mo anticiparlas?\" \/>\n<meta property=\"og:url\" content=\"https:\/\/www.greenflex.oteis.fr\/es\/fit-for-55-propuestas-clave\/\" \/>\n<meta property=\"og:site_name\" content=\"GreenFlex\" \/>\n<meta property=\"article:modified_time\" content=\"2024-12-09T16:00:04+00:00\" \/>\n<meta property=\"og:image\" content=\"https:\/\/www.greenflex.oteis.fr\/wp-content\/uploads\/2022\/08\/fit-55-paquete-climatico-propuestas-greenflex.jpg\" \/>\n\t<meta property=\"og:image:width\" content=\"1279\" \/>\n\t<meta property=\"og:image:height\" content=\"853\" \/>\n\t<meta property=\"og:image:type\" content=\"image\/jpeg\" \/>\n<meta name=\"twitter:card\" content=\"summary_large_image\" \/>\n<meta name=\"twitter:site\" content=\"@GreenFlex\" \/>\n<meta name=\"twitter:label1\" content=\"Tiempo de lectura\" \/>\n\t<meta name=\"twitter:data1\" content=\"1 minuto\" \/>\n<script type=\"application\/ld+json\" class=\"yoast-schema-graph\">{\"@context\":\"https:\/\/schema.org\",\"@graph\":[{\"@type\":\"WebPage\",\"@id\":\"https:\/\/www.greenflex.oteis.fr\/es\/fit-for-55-propuestas-clave\/\",\"url\":\"https:\/\/www.greenflex.oteis.fr\/es\/fit-for-55-propuestas-clave\/\",\"name\":\"Fit for 55: 8 propuestas clave para descarbonizar\",\"isPartOf\":{\"@id\":\"https:\/\/www.greenflex.oteis.fr\/es\/#website\"},\"datePublished\":\"2022-08-03T15:51:52+00:00\",\"dateModified\":\"2024-12-09T16:00:04+00:00\",\"description\":\"\u00bfCuales son las directivas para descarbonizar la Uni\u00f3n Europea que se aplicar\u00e1n a las empresas? \u00bfY c\u00f3mo anticiparlas?\",\"breadcrumb\":{\"@id\":\"https:\/\/www.greenflex.oteis.fr\/es\/fit-for-55-propuestas-clave\/#breadcrumb\"},\"inLanguage\":\"es\",\"potentialAction\":[{\"@type\":\"ReadAction\",\"target\":[\"https:\/\/www.greenflex.oteis.fr\/es\/fit-for-55-propuestas-clave\/\"]}]},{\"@type\":\"BreadcrumbList\",\"@id\":\"https:\/\/www.greenflex.oteis.fr\/es\/fit-for-55-propuestas-clave\/#breadcrumb\",\"itemListElement\":[{\"@type\":\"ListItem\",\"position\":1,\"name\":\"GreenFlex\",\"item\":\"https:\/\/www.greenflex.oteis.fr\/es\/\"},{\"@type\":\"ListItem\",\"position\":2,\"name\":\"Fit For 55 : propuestas clave\"}]},{\"@type\":\"WebSite\",\"@id\":\"https:\/\/www.greenflex.oteis.fr\/es\/#website\",\"url\":\"https:\/\/www.greenflex.oteis.fr\/es\/\",\"name\":\"GreenFlex\",\"description\":\"Changeons de trajectoire\",\"potentialAction\":[{\"@type\":\"SearchAction\",\"target\":{\"@type\":\"EntryPoint\",\"urlTemplate\":\"https:\/\/www.greenflex.oteis.fr\/es\/?s={search_term_string}\"},\"query-input\":\"required name=search_term_string\"}],\"inLanguage\":\"es\"}]}<\/script>\n<!-- \/ Yoast SEO Premium plugin. -->","yoast_head_json":{"title":"Fit for 55: 8 propuestas clave para descarbonizar","description":"\u00bfCuales son las directivas para descarbonizar la Uni\u00f3n Europea que se aplicar\u00e1n a las empresas? \u00bfY c\u00f3mo anticiparlas?","robots":{"index":"index","follow":"follow","max-snippet":"max-snippet:-1","max-image-preview":"max-image-preview:large","max-video-preview":"max-video-preview:-1"},"canonical":"https:\/\/www.greenflex.oteis.fr\/es\/fit-for-55-propuestas-clave\/","og_locale":"es_ES","og_type":"article","og_title":"Fit For 55 : propuestas clave","og_description":"\u00bfCuales son las directivas para descarbonizar la Uni\u00f3n Europea que se aplicar\u00e1n a las empresas? \u00bfY c\u00f3mo anticiparlas?","og_url":"https:\/\/www.greenflex.oteis.fr\/es\/fit-for-55-propuestas-clave\/","og_site_name":"GreenFlex","article_modified_time":"2024-12-09T16:00:04+00:00","og_image":[{"width":1279,"height":853,"url":"https:\/\/www.greenflex.oteis.fr\/wp-content\/uploads\/2022\/08\/fit-55-paquete-climatico-propuestas-greenflex.jpg","type":"image\/jpeg"}],"twitter_card":"summary_large_image","twitter_site":"@GreenFlex","twitter_misc":{"Tiempo de lectura":"1 minuto"},"schema":{"@context":"https:\/\/schema.org","@graph":[{"@type":"WebPage","@id":"https:\/\/www.greenflex.oteis.fr\/es\/fit-for-55-propuestas-clave\/","url":"https:\/\/www.greenflex.oteis.fr\/es\/fit-for-55-propuestas-clave\/","name":"Fit for 55: 8 propuestas clave para descarbonizar","isPartOf":{"@id":"https:\/\/www.greenflex.oteis.fr\/es\/#website"},"datePublished":"2022-08-03T15:51:52+00:00","dateModified":"2024-12-09T16:00:04+00:00","description":"\u00bfCuales son las directivas para descarbonizar la Uni\u00f3n Europea que se aplicar\u00e1n a las empresas? \u00bfY c\u00f3mo anticiparlas?","breadcrumb":{"@id":"https:\/\/www.greenflex.oteis.fr\/es\/fit-for-55-propuestas-clave\/#breadcrumb"},"inLanguage":"es","potentialAction":[{"@type":"ReadAction","target":["https:\/\/www.greenflex.oteis.fr\/es\/fit-for-55-propuestas-clave\/"]}]},{"@type":"BreadcrumbList","@id":"https:\/\/www.greenflex.oteis.fr\/es\/fit-for-55-propuestas-clave\/#breadcrumb","itemListElement":[{"@type":"ListItem","position":1,"name":"GreenFlex","item":"https:\/\/www.greenflex.oteis.fr\/es\/"},{"@type":"ListItem","position":2,"name":"Fit For 55 : propuestas clave"}]},{"@type":"WebSite","@id":"https:\/\/www.greenflex.oteis.fr\/es\/#website","url":"https:\/\/www.greenflex.oteis.fr\/es\/","name":"GreenFlex","description":"Changeons de trajectoire","potentialAction":[{"@type":"SearchAction","target":{"@type":"EntryPoint","urlTemplate":"https:\/\/www.greenflex.oteis.fr\/es\/?s={search_term_string}"},"query-input":"required name=search_term_string"}],"inLanguage":"es"}]}},"_links":{"self":[{"href":"https:\/\/www.greenflex.oteis.fr\/es\/wp-json\/wp\/v2\/pages\/10112"}],"collection":[{"href":"https:\/\/www.greenflex.oteis.fr\/es\/wp-json\/wp\/v2\/pages"}],"about":[{"href":"https:\/\/www.greenflex.oteis.fr\/es\/wp-json\/wp\/v2\/types\/page"}],"author":[{"embeddable":true,"href":"https:\/\/www.greenflex.oteis.fr\/es\/wp-json\/wp\/v2\/users\/3"}],"replies":[{"embeddable":true,"href":"https:\/\/www.greenflex.oteis.fr\/es\/wp-json\/wp\/v2\/comments?post=10112"}],"version-history":[{"count":6,"href":"https:\/\/www.greenflex.oteis.fr\/es\/wp-json\/wp\/v2\/pages\/10112\/revisions"}],"predecessor-version":[{"id":19086,"href":"https:\/\/www.greenflex.oteis.fr\/es\/wp-json\/wp\/v2\/pages\/10112\/revisions\/19086"}],"wp:featuredmedia":[{"embeddable":true,"href":"https:\/\/www.greenflex.oteis.fr\/es\/wp-json\/wp\/v2\/media\/10121"}],"wp:attachment":[{"href":"https:\/\/www.greenflex.oteis.fr\/es\/wp-json\/wp\/v2\/media?parent=10112"}],"wp:term":[{"taxonomy":"sector_type","embeddable":true,"href":"https:\/\/www.greenflex.oteis.fr\/es\/wp-json\/wp\/v2\/sector_type?post=10112"},{"taxonomy":"offer_type","embeddable":true,"href":"https:\/\/www.greenflex.oteis.fr\/es\/wp-json\/wp\/v2\/offer_type?post=10112"}],"curies":[{"name":"wp","href":"https:\/\/api.w.org\/{rel}","templated":true}]}}